{"id":52,"date":"2013-11-17T15:12:20","date_gmt":"2013-11-17T15:12:20","guid":{"rendered":"http:\/\/blog.espol.edu.ec\/ssegovia95\/?page_id=52"},"modified":"2013-11-20T00:45:18","modified_gmt":"2013-11-20T00:45:18","slug":"anatomia-de-los-caballos","status":"publish","type":"page","link":"https:\/\/blog.espol.edu.ec\/ssegovia95\/anatomia-de-los-caballos\/","title":{"rendered":"ANATOMIA DE LOS CABALLOS"},"content":{"rendered":"<p>La mayor\u00eda de los caballos tienen aproximadamente 175 huesos en todo su cuerpo, tienen 2 puntos ciegos, uno directamente detr\u00e1s y otro directamente en frente de ellos, no obstante pueden ver en 2 direcciones al mismo tiempo.<\/p>\n<p>Un caballo completamente desarrollado puede pesar hasta 1000 libras, conteniendo alrededor de 13,2 litros de sangre en su cuerpo.<\/p>\n<p>Estos animales pueden necesitar hasta 10 litros de agua potable cada d\u00eda, su temperatura corporal var\u00eda entre 100 y 101,5 grados Fahrenheit, las orejas pueden girar casi 360 grados y son controladas por 13 m\u00fasculos.<\/p>\n<p>&nbsp;<\/p>\n<p>&nbsp;<\/p>\n<p>&nbsp;<\/p>\n<p>&nbsp;<\/p>\n<p>&nbsp;<\/p>\n<p>El coraz\u00f3n de un caballo pesa alrededor de 10 libras, un caballo sano puede presentar un ritmo card\u00edaco entre los 36 y 40 latidos por minuto en estado de reposo.<\/p>\n<p>Por otra parte, el labio superior de un caballo es prensil. Esto significa que est\u00e1 adaptado para sujetar objetos y es muy\u00a0sensible, lo que le permite sentir peque\u00f1as diferencias en la textura de un objeto.<\/p>\n<p>Los cascos de un caballo crecen alrededor de un cuarto de pulgada cada mes y el registro de la cola de caballo m\u00e1s larga corresponde a un Chinook estadounidense llamado Palomino.<\/p>\n<p>Aquellos caballos que presentan\u00a0grandes manchas\u00a0blancas y de otros colores son conocidos como pintos. Cualquier marca en la frente de un caballo se denomina estrella, incluso cuando la mancha tenga una forma diferente, de hecho, la mayor\u00eda de las estrellas tienen forma de diamante.<\/p>\n<p>Contrariamente a algunas creencias, el caballo s\u00ed distingue\u00a0los colores.<\/p>\n<p>Las plumas de caballo son largos pelos en la parte posterior de los tobillos que los ayudan a mantener el agua lejos de sus cascos. Un casco es similar a una u\u00f1a, crece constantemente y se debe cortar antes de que sea demasiado grande y cause angustia al caballo.<\/p>\n<p>&nbsp;<\/p>\n<p><em>Partes del cuerpo de un caballo<\/em><\/p>\n<p>Orejas: ubicadas a ambos lados de la cabeza, \u00f3rganos para la audici\u00f3n.<\/p>\n<p>Frente: La frente es la prominencia \u00f3sea que se encuentra entre las orejas. A excepci\u00f3n de las orejas, es el punto m\u00e1s alto del cuerpo de los caballos cuando est\u00e1n de pie con su cabeza en alto.<\/p>\n<p>Nuca: es la parte trasera del cuello<\/p>\n<p>Garganta: es la parte delantera del cuello.<\/p>\n<p>Crin: es el conjunto de pelos en el cuello del caballo.<\/p>\n<p>Cuello: es la parte del caballo situada entre la cabeza, la cruz y el pecho. Los caballos ligeros deben tener cuellos largos para una buena apariencia y un equilibrio adecuado.<\/p>\n<p>Cruz: parte del caballo delimitada por el lomo, cuello y la superficie de las paletillas. La altura de un caballo se mide verticalmente desde la cruz hasta el suelo, porque la cruz es punto constante m\u00e1s alto en los caballos.<\/p>\n<p>Lomo: es la\u00a0parte superior\u00a0del tronco del caballo.<\/p>\n<p>Mama: la mama es una masa muscular entre las patas delanteras, que cubre la parte frontal del pecho.<\/p>\n<p>Anca: es la articulaci\u00f3n que une las patas traseras a la pelvis.<\/p>\n<p>Grupa: es la parte trasera del caballo.<\/p>\n<p>Nalga: es la parte carnosa ubicada bajo la cola.<\/p>\n<p>Cola: es la prolongaci\u00f3n de la columna vertebral.<\/p>\n<p>Muslo: es la parte superior de la pata trasera.<\/p>\n<p>Pierna: es la parte entre el muslo y el\u00a0extremo\u00a0del corvej\u00f3n de la pata trasera.<\/p>\n<p>Extremo del corvej\u00f3n: es el extremo de la parte de la pierna situada detr\u00e1s la rodilla.<\/p>\n<p>Corvej\u00f3n: es la parte de la pierna situada detr\u00e1s la rodilla.<\/p>\n<p>Espol\u00f3n: es el mech\u00f3n de pelos situado detr\u00e1s el menudillo.<\/p>\n<p>Cuartilla: es la parte del caballo que corresponde a la primera falange.<\/p>\n<p>Babilla: es la parte de la pata del caballo situada entre el muslo y la r\u00f3tula.<\/p>\n<p>Ijar: es la parte lateral del tronco del caballo.<\/p>\n<p>Menudillo: articulaci\u00f3n situada entre la ca\u00f1a y la cuartilla, la articulaci\u00f3n del menudillo debe ser grande y limpia.<\/p>\n<p>U\u00f1a: parte delantera del casco.<\/p>\n<p>Casco: u\u00f1a desarrollado que envuelve el extremo de los dedos del caballo.<\/p>\n<p>Corona: es la parte superior del casco del caballo, banda alrededor de la parte superior de la pezu\u00f1a de la cual crece el casco.<\/p>\n<p>Ca\u00f1a: es la parte del miembro delantero situado entre el corvej\u00f3n y le menudillo.<\/p>\n<p>Rodilla: articulaci\u00f3n de la pata.<\/p>\n<p>Espalda: articulaci\u00f3n que une el miembro antes al cuerpo.<\/p>\n<p>Pecho: antes del cuerpo del caballo. Un pecho ideal es profundo y contiene el espacio necesario para los \u00f3rganos vitales. Un pecho estrecho puede dar lugar a la interferencia con las patas delanteras. Los m\u00fasculos del pecho deben estar bien desarrollados y formando una \u201cV\u201d invertida. La prominencia de la musculatura del pecho depende de la raza.<\/p>\n<p>Garganta: es la parte delantera del cuello.<\/p>\n<p>Carrillo: es la parte lateral de la cabeza.<\/p>\n<p>Quijada: es la parte lateral trasera de la mandibula del caballo.<\/p>\n<p>Labio inferior: parte carnosa que cubre y preserve los dientes inferiores, no debe tener la tendencia a ceder.<\/p>\n<p>Boca: es el orificio del tubo digestivo.<\/p>\n<p>Labio superior: es la parte carnosa que cubre y preserva los dientes superiores.<\/p>\n<p>Orificio nasal: orificio del sistema respiratorio. Las fosas nasales deben ser capaces de dilatarse al m\u00e1ximo para permitir la inhalaci\u00f3n del aire.<\/p>\n<p>: extremo de la nariz.<\/p>\n<p>Testuz: es la parte delantera de la cabeza del caballo, situada encima de la nariz.<\/p>\n<p>Ojos: est\u00e1n situados a ambos lados de la cabeza del caballo.<img decoding=\"async\" alt=\"url.gif\" src=\"\/\/08A4CF3F-AA24-406D-B0F4-115BCF55CBDD\/url.gif\" \/><\/p>\n","protected":false},"excerpt":{"rendered":"<p>La mayor\u00eda de los caballos tienen aproximadamente 175 huesos en todo su cuerpo, tienen 2 puntos ciegos, uno directamente detr\u00e1s y otro directamente en frente de ellos, no obstante pueden ver en 2 direcciones al mismo tiempo. Un caballo completamente &hellip; <a href=\"https:\/\/blog.espol.edu.ec\/ssegovia95\/anatomia-de-los-caballos\/\">Sigue leyendo <span class=\"meta-nav\">&rarr;<\/span><\/a><\/p>\n","protected":false},"author":8861,"featured_media":0,"parent":0,"menu_order":0,"comment_status":"open","ping_status":"open","template":"","meta":{"footnotes":""},"class_list":["post-52","page","type-page","status-publish","hentry"],"_links":{"self":[{"href":"https:\/\/blog.espol.edu.ec\/ssegovia95\/wp-json\/wp\/v2\/pages\/52","targetHints":{"allow":["GET"]}}],"collection":[{"href":"https:\/\/blog.espol.edu.ec\/ssegovia95\/wp-json\/wp\/v2\/pages"}],"about":[{"href":"https:\/\/blog.espol.edu.ec\/ssegovia95\/wp-json\/wp\/v2\/types\/page"}],"author":[{"embeddable":true,"href":"https:\/\/blog.espol.edu.ec\/ssegovia95\/wp-json\/wp\/v2\/users\/8861"}],"replies":[{"embeddable":true,"href":"https:\/\/blog.espol.edu.ec\/ssegovia95\/wp-json\/wp\/v2\/comments?post=52"}],"version-history":[{"count":4,"href":"https:\/\/blog.espol.edu.ec\/ssegovia95\/wp-json\/wp\/v2\/pages\/52\/revisions"}],"predecessor-version":[{"id":70,"href":"https:\/\/blog.espol.edu.ec\/ssegovia95\/wp-json\/wp\/v2\/pages\/52\/revisions\/70"}],"wp:attachment":[{"href":"https:\/\/blog.espol.edu.ec\/ssegovia95\/wp-json\/wp\/v2\/media?parent=52"}],"curies":[{"name":"wp","href":"https:\/\/api.w.org\/{rel}","templated":true}]}}