{"id":55,"date":"2013-11-17T15:20:43","date_gmt":"2013-11-17T15:20:43","guid":{"rendered":"http:\/\/blog.espol.edu.ec\/ssegovia95\/?page_id=55"},"modified":"2013-11-20T23:34:17","modified_gmt":"2013-11-20T23:34:17","slug":"clubs-para-equitacion","status":"publish","type":"page","link":"https:\/\/blog.espol.edu.ec\/ssegovia95\/clubs-para-equitacion\/","title":{"rendered":"CLUBS DE EQUITACION"},"content":{"rendered":"<p>Quieres ser parte de esto, Unete y ven y difruta del Nuevo club que Queda en la Ciudad de GUAYAQUIL, \u00a0Country Club\u00a0tiene clases de equitaci\u00f3n que han sido pensadas para personas que reci\u00e9n empiezan a montar a caballo. Est\u00e1n abiertas todo el a\u00f1o.<\/p>\n<p><img decoding=\"async\" alt=\"\" src=\"http:\/\/www.marymaragroturismo.es\/irudiak\/equitacion-04.jpg\" \/><\/p>\n<p>Bajo la direcci\u00f3n de Gabriela Castro Jalil y con el apoyo de Alfredo Mor\u00e1n se han organizado las clases de equitaci\u00f3n b\u00e1sica en el club. Las mismas, tienen un sistema que busca ense\u00f1ar aspectos b\u00e1sicos sobre la h\u00edpica a personas que reci\u00e9n comienzan. Estas, seg\u00fan explica Gabriela, pueden ser desde ni\u00f1os de 3 a\u00f1os que acuden al\u00a0Pony Club\u00a0o incluso, personas adultas que nunca han montado a caballo y les interesa comenzar.<\/p>\n<div>Seg\u00fan se\u00f1ala, cada clase tiene como objetivo que el alumno consiga dominar aspectos b\u00e1sicos de la t\u00e9cnica sobre el caballo. Ya sea esto algo simple\u00a0como conseguir\u00a0el equilibrio necesario o aprender a manera al caballo \u2013como sucede con los m\u00e1s chiquitos- hasta comenzar a experimentar los primeros movimientos sobre el animal. Es decir, pasar de un paso lento al trote y finalmente a un buen galope. Con estas bases, lo que se busca es que cada alumno pueda tener la seguridad necesaria para poder avanzar a otras etapas de la h\u00edpica.<\/div>\n<div>En las clases con Gabriela y Alfredo se podr\u00e1 aprender incluso a dar los primeros pasos en salto ecuestre. Seg\u00fan nos dice, todo este sistema presenta resultados importantes en los alumnos,sobre todo\u00a0en los m\u00e1s chiquitos, \u201cconsiguen mayor equilibrio, desarrollan su motricidad, y en general, muestran un mejor desenvolvimiento\u201d, nos dice. Si los alumnos posteriormente desean aprender m\u00e1s y suben de nivel, pueden pasar a las clases con Carlos Cola donde ya podr\u00e1n perfeccionar su nivel de salto y optar por otras alternativas como el adiestramiento.Las clases se realizan tres veces por semana y cada hora tiene una duraci\u00f3n de 45 minutos.\u00a0 La escuela est\u00e1 abierta durante todo el a\u00f1o y para m\u00e1s\u00a0informaci\u00f3n sobre\u00a0las inscripciones se pueden comunicar directamente con Gabriela al 093107563 o v\u00eda mail a gabrielacastrojalil@hotmail.com. EL club recuerda que las clases est\u00e1n abiertas tanto para socios como para quienes no lo son.<\/p>\n<\/div>\n<div><img decoding=\"async\" alt=\"Clases de h\u00edpica para los m\u00e1s chiquitos\" src=\"http:\/\/www.revistaclubes.com.ec\/frontEnd\/images\/objetos\/2Peque_20110318125541.jpg\" \/><img decoding=\"async\" alt=\"Clases de h\u00edpica para los m\u00e1s chiquitos\" src=\"http:\/\/www.revistaclubes.com.ec\/frontEnd\/images\/objetos\/6Peque_20110318125609.jpg\" \/><\/div>\n","protected":false},"excerpt":{"rendered":"<p>Quieres ser parte de esto, Unete y ven y difruta del Nuevo club que Queda en la Ciudad de GUAYAQUIL, \u00a0Country Club\u00a0tiene clases de equitaci\u00f3n que han sido pensadas para personas que reci\u00e9n empiezan a montar a caballo. Est\u00e1n abiertas &hellip; <a href=\"https:\/\/blog.espol.edu.ec\/ssegovia95\/clubs-para-equitacion\/\">Sigue leyendo <span class=\"meta-nav\">&rarr;<\/span><\/a><\/p>\n","protected":false},"author":8861,"featured_media":0,"parent":0,"menu_order":8,"comment_status":"open","ping_status":"closed","template":"","meta":{"footnotes":""},"class_list":["post-55","page","type-page","status-publish","hentry"],"_links":{"self":[{"href":"https:\/\/blog.espol.edu.ec\/ssegovia95\/wp-json\/wp\/v2\/pages\/55","targetHints":{"allow":["GET"]}}],"collection":[{"href":"https:\/\/blog.espol.edu.ec\/ssegovia95\/wp-json\/wp\/v2\/pages"}],"about":[{"href":"https:\/\/blog.espol.edu.ec\/ssegovia95\/wp-json\/wp\/v2\/types\/page"}],"author":[{"embeddable":true,"href":"https:\/\/blog.espol.edu.ec\/ssegovia95\/wp-json\/wp\/v2\/users\/8861"}],"replies":[{"embeddable":true,"href":"https:\/\/blog.espol.edu.ec\/ssegovia95\/wp-json\/wp\/v2\/comments?post=55"}],"version-history":[{"count":2,"href":"https:\/\/blog.espol.edu.ec\/ssegovia95\/wp-json\/wp\/v2\/pages\/55\/revisions"}],"predecessor-version":[{"id":69,"href":"https:\/\/blog.espol.edu.ec\/ssegovia95\/wp-json\/wp\/v2\/pages\/55\/revisions\/69"}],"wp:attachment":[{"href":"https:\/\/blog.espol.edu.ec\/ssegovia95\/wp-json\/wp\/v2\/media?parent=55"}],"curies":[{"name":"wp","href":"https:\/\/api.w.org\/{rel}","templated":true}]}}