{"id":68,"date":"2013-11-20T03:53:29","date_gmt":"2013-11-20T03:53:29","guid":{"rendered":"http:\/\/blog.espol.edu.ec\/ssegovia95\/?page_id=68"},"modified":"2013-11-21T00:08:45","modified_gmt":"2013-11-21T00:08:45","slug":"deportes","status":"publish","type":"page","link":"https:\/\/blog.espol.edu.ec\/ssegovia95\/deportes\/","title":{"rendered":"DEPORTES"},"content":{"rendered":"<p>EQUITACION<\/p>\n<p>El jinete debe guiar a su caballo dentro de un recorrido, en el que se hallan distribuidos una serie de obst\u00e1culos, cada uno de ellos con caracter\u00edsticas diferentes. Caballo y jinete deben franquear \u00e9stos correctamente.<\/p>\n<p>VAULTING<\/p>\n<p>El Vaulting se describe como la gimnasia o la ejecuci\u00f3n de ejercicios sobre un caballo en movimiento, puede ser practicado como un arte no competitivo o de recreaci\u00f3n, como un deporte competitivo, como inicio para cualquiera de las otras disciplinas ecuestres y adem\u00e1s puede ser terap\u00e9utico, utiliz\u00e1ndolo como una actividad para que los ni\u00f1os o adultos mejoren el equilibrio, la atenci\u00f3n y concentraci\u00f3n, la habilidad motora, etc.<\/p>\n<p>DOMA<\/p>\n<p>La\u00a0<b>doma<\/b>\u00a0es una especialidad dentro del deporte de la h\u00edpica, en la cual se exige una completa compenetraci\u00f3n entre el caballo y el jinete.Durante las pruebas de doma, el animal debe realizar todos aquellos movimientos que le indiquen quien lo monta, sin interrupciones y con la mayor naturalidad y fluidez posible.<\/p>\n<p>CARRERAS<\/p>\n<p>Las carreras ocurren en pistas de vuelta cerrada conocidos tambi\u00e9n por hip\u00f3dromos , por lo general\u00a0<i>\u00f3valos<\/i>, o m\u00e1s raras, tri\u00e1ngulos . Tambi\u00e9n hay pistas abiertas.\u00a0El piso es de arena o c\u00e9sped. Adem\u00e1s de las pistas los hip\u00f3dromos poseen pabellones con vista panor\u00e1mica de las carreras para los aficionados y ventanillas para venta de apuestas.<\/p>\n<p>POLO<\/p>\n<p><span style=\"color: #000000\">El\u00a0<b>polo<\/b>\u00a0es un\u00a0deporte\u00a0en el que dos equipos contrarios de cuatro jugadores cada uno, montados a caballo, intentan llevar una peque\u00f1a pelota de madera o pl\u00e1stico hacia la porter\u00eda del rival, formada por dos postes de mimbre, por medio de un taco o mazo. El objetivo consiste en marcar tantos o goles.<\/span><\/p>\n","protected":false},"excerpt":{"rendered":"<p>EQUITACION El jinete debe guiar a su caballo dentro de un recorrido, en el que se hallan distribuidos una serie de obst\u00e1culos, cada uno de ellos con caracter\u00edsticas diferentes. Caballo y jinete deben franquear \u00e9stos correctamente. VAULTING El Vaulting se &hellip; <a href=\"https:\/\/blog.espol.edu.ec\/ssegovia95\/deportes\/\">Sigue leyendo <span class=\"meta-nav\">&rarr;<\/span><\/a><\/p>\n","protected":false},"author":8861,"featured_media":0,"parent":0,"menu_order":0,"comment_status":"open","ping_status":"closed","template":"","meta":{"footnotes":""},"class_list":["post-68","page","type-page","status-publish","hentry"],"_links":{"self":[{"href":"https:\/\/blog.espol.edu.ec\/ssegovia95\/wp-json\/wp\/v2\/pages\/68","targetHints":{"allow":["GET"]}}],"collection":[{"href":"https:\/\/blog.espol.edu.ec\/ssegovia95\/wp-json\/wp\/v2\/pages"}],"about":[{"href":"https:\/\/blog.espol.edu.ec\/ssegovia95\/wp-json\/wp\/v2\/types\/page"}],"author":[{"embeddable":true,"href":"https:\/\/blog.espol.edu.ec\/ssegovia95\/wp-json\/wp\/v2\/users\/8861"}],"replies":[{"embeddable":true,"href":"https:\/\/blog.espol.edu.ec\/ssegovia95\/wp-json\/wp\/v2\/comments?post=68"}],"version-history":[{"count":2,"href":"https:\/\/blog.espol.edu.ec\/ssegovia95\/wp-json\/wp\/v2\/pages\/68\/revisions"}],"predecessor-version":[{"id":74,"href":"https:\/\/blog.espol.edu.ec\/ssegovia95\/wp-json\/wp\/v2\/pages\/68\/revisions\/74"}],"wp:attachment":[{"href":"https:\/\/blog.espol.edu.ec\/ssegovia95\/wp-json\/wp\/v2\/media?parent=68"}],"curies":[{"name":"wp","href":"https:\/\/api.w.org\/{rel}","templated":true}]}}