{"id":75,"date":"2013-11-20T01:13:51","date_gmt":"2013-11-20T01:13:51","guid":{"rendered":"http:\/\/blog.espol.edu.ec\/ssegovia95\/?page_id=75"},"modified":"2013-11-21T00:00:15","modified_gmt":"2013-11-21T00:00:15","slug":"alimentacion","status":"publish","type":"page","link":"https:\/\/blog.espol.edu.ec\/ssegovia95\/alimentacion\/","title":{"rendered":"ALIMENTACION"},"content":{"rendered":"<p>Los caballos son animales que se alimentan fundamentalmente mediante el pastoreo y tienen un sistema digestivo delicado, el est\u00f3mago solo es capaz de procesar peque\u00f1as cantidades de comida debido al tama\u00f1o tan peque\u00f1o que tienen.\u00a0 Cuando alimentamos a los caballos con cantidades de comida relativamente grandes debemos tener mucho cuidado con lo que le damos y c\u00f3mo lo hacemos. La cantidad de alimentos que un caballo necesita var\u00eda de acuerdo a la actividad, la edad, la raza\u00a0el clima, la calidad de los alimentos, la calidad de la vivienda y la condici\u00f3n de los dientes.<\/p>\n<p><a href=\"http:\/\/www.caballopedia.com\/wp-content\/uploads\/2012\/10\/header.jpg\"><img loading=\"lazy\" decoding=\"async\" title=\"header\" alt=\"caballos\" src=\"http:\/\/www.caballopedia.com\/wp-content\/uploads\/2012\/10\/header.jpg\" width=\"533\" height=\"108\" \/><\/a><\/p>\n<p><strong><em>\u00bfCon qu\u00e9 debo alimentar a mi caballo?<\/em><\/strong><\/p>\n<p>De acuerdo a su prop\u00f3sito, la alimentaci\u00f3n de los caballos puede dividirse \u00a0en tres categor\u00edas: con pastos, con heno y con concentrados.<\/p>\n<p><span style=\"text-decoration: underline\"><strong><em>Pasto<\/em><\/strong><\/span><\/p>\n<p>La comida m\u00e1s natural para los caballos es el pasto de buena calidad. Ellos son animales herb\u00edvoros muy selectivos y necesitan una gran superficie para satisfacer sus necesidades nutricionales. El hecho de que un campo est\u00e9 verde, no quiere decir que contiene pasto suficiente para un caballo, y dependiendo del lugar, en ocasiones durante gran parte del a\u00f1o no hay pasto disponible. Una forma para optimizar la cantidad de pasto disponible es dividir el \u00e1rea en secciones e ir pasando a los caballos por cada una de ellas, de esta manera tendr\u00e1 oportunidad de que la hierba vuelva a crecer en cada zona y de limpiar el esti\u00e9rcol.<\/p>\n<p><span style=\"text-decoration: underline\"><strong><em>Heno<\/em><\/strong><\/span><\/p>\n<p>El heno es el alimento b\u00e1sico de los caballos dom\u00e9sticos, pero antes de comprarlo, debe ser inspeccionado cuidadosamente. Siempre aseg\u00farese de que las pacas est\u00e9n verdes y libres de polvo y moho, adem\u00e1s introduzca una mano hacia el centro de una paca y compruebe que no est\u00e9 caliente. Alimentar a un caballo con heno mohoso puede provocar c\u00f3licos y el heno polvoriento puede causar problemas respiratorios. Una buena idea para evitar el polvo es apartando los copos y agitarlos bien antes de suministrarlos. Como medida de precauci\u00f3n, tambi\u00e9n puede remojar el heno antes de la alimentaci\u00f3n.<\/p>\n<p>El tipo de heno disponible var\u00eda seg\u00fan la zona en la que se vive, existen tres tipos b\u00e1sicos de heno: el heno de hierba, el heno de alfalfa y la mezcla de hierba con alfalfa. Las hierbas m\u00e1s comunes son la timotea y el bromo, pero la alfalfa tiene un contenido de prote\u00ednas superior al pasto. Muchas personas consideran que para alimentar a un caballo lo mejor es combinar la alfalfa y el pasto, de ah\u00ed que la hierba timotea, el bromo y la alfalfa sea una combinaci\u00f3n muy frecuente.<\/p>\n<p>La alfalfa tambi\u00e9n est\u00e1 disponible en forma de cubos y granos, sin embargo los caballos necesitan tiempo para masticar, por lo que, salvo por motivos veterinarios, la mayor\u00eda de las personas alimentan a sus caballos con heno debido a que algunos caballos tienen tendencia a ahogarse con los cubos. Para estar seguro, se puede suavizar los cubos con agua antes de que el caballo los coma. Tampoco es recomendable alimentarlos con hierba cortada.<\/p>\n<p><span style=\"text-decoration: underline\"><strong><em>Concentrados<\/em><\/strong><\/span><\/p>\n<p>El heno por s\u00ed solo no puede proporcionar una nutrici\u00f3n suficiente para aquellos caballos que hacen trabajos forzados, para las yeguas pre\u00f1adas o que est\u00e1n amamantando, ni para los potros en crecimiento. En estos casos se necesitan concentrados para complementar el heno, aunque este debe constituir la mayor parte de la dieta, ya que una alimentaci\u00f3n con granos en exceso puede causar problemas.<\/p>\n<p>Los concentrados son los cereales, alimentos dulces y alimentos manufacturados. Esta comida\u00a0 se puede comprar en bolsas formuladas para cada etapa de la vida de un caballo, ya sean piensos para potros en desarrollo o para equinos adultos.<\/p>\n<p>La pulpa de remolacha es un alimento que brinda volumen adicional. Las bolitas de remolacha deben ser empapadas antes de la alimentaci\u00f3n ,si para ello se utiliza agua caliente, las bolitas se expandir\u00e1n en una hora aproximadamente, pero con agua fr\u00eda se pueden dejar toda la noche en remojo. Solo debe prepararse la cantidad necesaria para alimentar al caballo durante un d\u00eda.<\/p>\n<p><strong><em>\u00bfMi caballo necesita algo m\u00e1s?<\/em><\/strong><\/p>\n<p>Los caballos tambi\u00e9n necesitan grandes cantidades de agua potable, as\u00ed como una cantidad adecuada de sal y minerales.<\/p>\n<p><span style=\"text-decoration: underline\"><strong><em>Agua<\/em><\/strong><\/span><\/p>\n<p>El agua dulce es una parte vital en la dieta de cualquier caballo. Los caballos beben de 5 a 10 galones por d\u00eda, as\u00ed que en todo momento deben tener agua limpia a su disposici\u00f3n, excepto cuando el caballo est\u00e1 muy caliente despu\u00e9s del trabajo. En estos casos se le debe permitir tomar peque\u00f1as cantidades poco a poco, en vez de darle libre acceso al agua.<\/p>\n<p>A pesar de que los caballos pueden sobrevivir en la nieve durante el invierno, este clima est\u00e1 lejos de ser ideal para ellos. El cuerpo del caballo\u00a0tiene que derretir una gran cantidad de nieve para obtener agua suficiente, desperdiciando as\u00ed el calor corporal. Un caballo que no toma suficiente agua es m\u00e1s propenso a los c\u00f3licos, por tanto la opci\u00f3n de instalar un calentador en el tanque de agua puede ayudar a evitar que haya hielo en la bandeja donde tomar\u00e1 agua el caballo.<\/p>\n<p><span style=\"text-decoration: underline\"><strong><em>Sal y Minerales<\/em><\/strong><\/span><\/p>\n<p>El caballo debe disponer de sales mineralizadas disponibles a su libre elecci\u00f3n. Tambi\u00e9n se le pueden ofrecer otros suplementos de vitaminas, minerales y hierbas, luego de consultarlo con un veterinario.<\/p>\n<p><strong><em>\u00bfCu\u00e1nta comida necesita mi caballo?<\/em><\/strong><\/p>\n<p>La cantidad de alimentos que necesita un caballo depender\u00e1 de factores como el tama\u00f1o, la raza, la edad y la actividad f\u00edsica. Adem\u00e1s si el clima es fr\u00edo y el caballo vive afuera, entonces necesitar\u00e1 m\u00e1s comida s\u00f3lo para mantener el calor.<\/p>\n<p>Como regla general, un caballo necesita de 2 a 2,2 libras de alimento por cada 100 libras de peso corporal, por ejemplo, para un promedio de 1000 libras, el caballo necesitar\u00eda entre 20 y 25 libras de alimento al d\u00eda. La mayor parte de la alimentaci\u00f3n debe ser a base de heno, una dieta t\u00edpica de un caballo que es montado por una hora, cinco d\u00edas a la semana, ser\u00eda de 2 a 5 libras de grano y de 15 a 20 libras de heno diariamente, divididas en al menos 2 comidas.<\/p>\n<p>El sentido com\u00fan, la supervisi\u00f3n continua de la salud y las condiciones corporales de su caballo le permitir\u00e1n saber si se deben hacer cambios. Para estos fines se puede utilizar una cinta de peso sobre una base regular y mantener un registro, si su caballo est\u00e1 ganando o perdiendo peso, entonces debe ajustar su alimentaci\u00f3n pues el peso de su caballo debe permanecer estable, independientemente de la cantidad de trabajo que est\u00e1 haciendo o cu\u00e1n fr\u00edo est\u00e9 el clima. \u00a0En invierno, debe estar a\u00fan m\u00e1s atento, ya que un abrigo de invierno pesado puede esconder f\u00e1cilmente la p\u00e9rdida de peso del caballo. De cualquier forma, si no est\u00e1 seguro de c\u00f3mo alimentarlo, consulte con un veterinario.<\/p>\n<p><strong><em>\u00bfCon qu\u00e9 frecuencia debo alimentar a mi caballo?<\/em><\/strong><\/p>\n<p>La regla b\u00e1sica para alimentar a los caballos es alimentar poco a poco y con frecuencia, mientras m\u00e1s se dividan las comidas al d\u00eda, ser\u00e1 mejor para su caballo. Por razones pr\u00e1cticas, la mayor\u00eda de las personas lo hacen 2 o 3 veces al d\u00eda, lo m\u00e1s recomendable es mantener un horario regular y permitir que el caballo tenga una hora entre el trabajo y la alimentaci\u00f3n.<\/p>\n<p><strong><em>\u00bfPuede un caballo comer demasiado?<\/em><\/strong><\/p>\n<p>La sobrealimentaci\u00f3n puede ser un problema, mientras que algunos caballos comen s\u00f3lo lo que necesitan, si se les da la oportunidad son capaces de comer con impaciencia y en exceso, lo que puede provocarles la enfermedad conocida como laminitis. Mant\u00e9ngase siempre atento al peso de su caballo y ajuste la cantidad de comida seg\u00fan sea necesario. No lo alimente con concentrados a menos que su caballo lo necesite y si est\u00e1 pastando, debe encerrarlo en un corral de tierra en alg\u00fan momento del d\u00eda. De cierto modo, un caballo gordo es tan insalubre como uno delgado.<\/p>\n<p><strong><em>\u00bfC\u00f3mo puedo saber si mi caballo tiene el peso adecuado?<\/em><\/strong><\/p>\n<p>\u201cPuntuaci\u00f3n de la condici\u00f3n corporal\u201d es el nombre de un sistema que ha sido desarrollado para determinar qu\u00e9 tan gordo o delgado est\u00e1 un animal, fundamentalmente se basa en la observaci\u00f3n de la cantidad de carne en las costillas, en la base de la cola, entre las caderas y en las prominencias \u00f3seas. Estos son los huesos que sobresalen de la columna vertebral por detr\u00e1s de la caja tor\u00e1cica.<\/p>\n<p>En un caballo que tenga el peso ideal, los nervios deben tener una capa de grasa leve, pero sin dejar de sentirse si se tocan, la base de la cola debe tener una forma lisa, tambi\u00e9n cubierta de grasa levemente y el cuello debe ser firme, pero a excepci\u00f3n de los sementales, sin cresta.<\/p>\n<p>Pudiera darse el caso de que una persona tenga varios caballos y quiera saber c\u00f3mo hacer para asegurarse de que todos est\u00e1n recibiendo su parte durante la alimentaci\u00f3n. Esto es algo muy importante y efectivamente si se tiene m\u00e1s de un caballo, el due\u00f1o debe asegurarse de que cada uno est\u00e1 recibiendo suficiente alimento. Los caballos tienen un orden social fuerte y los mejores caballos comer\u00e1n m\u00e1s que el resto. Para darles la oportunidad a los otros, se puede extender el heno en un n\u00famero de pilas mayor al n\u00famero de caballos y en caso de que la alimentaci\u00f3n sea a base de granos, lo mejor ser\u00e1 separar f\u00edsicamente a los caballos o al menos, utilizar recipientes separados entre s\u00ed. Si no se hace de esta forma, hay un alto riesgo de que ocurran lesiones, ya que cada caballo lucha por mantener su lugar y es posible que alg\u00fan caballo quede alejado completamente de la comida.<\/p>\n","protected":false},"excerpt":{"rendered":"<p>Los caballos son animales que se alimentan fundamentalmente mediante el pastoreo y tienen un sistema digestivo delicado, el est\u00f3mago solo es capaz de procesar peque\u00f1as cantidades de comida debido al tama\u00f1o tan peque\u00f1o que tienen.\u00a0 Cuando alimentamos a los caballos &hellip; <a href=\"https:\/\/blog.espol.edu.ec\/ssegovia95\/alimentacion\/\">Sigue leyendo <span class=\"meta-nav\">&rarr;<\/span><\/a><\/p>\n","protected":false},"author":8861,"featured_media":0,"parent":0,"menu_order":5,"comment_status":"open","ping_status":"closed","template":"","meta":{"footnotes":""},"class_list":["post-75","page","type-page","status-publish","hentry"],"_links":{"self":[{"href":"https:\/\/blog.espol.edu.ec\/ssegovia95\/wp-json\/wp\/v2\/pages\/75","targetHints":{"allow":["GET"]}}],"collection":[{"href":"https:\/\/blog.espol.edu.ec\/ssegovia95\/wp-json\/wp\/v2\/pages"}],"about":[{"href":"https:\/\/blog.espol.edu.ec\/ssegovia95\/wp-json\/wp\/v2\/types\/page"}],"author":[{"embeddable":true,"href":"https:\/\/blog.espol.edu.ec\/ssegovia95\/wp-json\/wp\/v2\/users\/8861"}],"replies":[{"embeddable":true,"href":"https:\/\/blog.espol.edu.ec\/ssegovia95\/wp-json\/wp\/v2\/comments?post=75"}],"version-history":[{"count":1,"href":"https:\/\/blog.espol.edu.ec\/ssegovia95\/wp-json\/wp\/v2\/pages\/75\/revisions"}],"predecessor-version":[{"id":76,"href":"https:\/\/blog.espol.edu.ec\/ssegovia95\/wp-json\/wp\/v2\/pages\/75\/revisions\/76"}],"wp:attachment":[{"href":"https:\/\/blog.espol.edu.ec\/ssegovia95\/wp-json\/wp\/v2\/media?parent=75"}],"curies":[{"name":"wp","href":"https:\/\/api.w.org\/{rel}","templated":true}]}}