{"id":79,"date":"2013-11-20T01:03:02","date_gmt":"2013-11-20T01:03:02","guid":{"rendered":"http:\/\/blog.espol.edu.ec\/ssegovia95\/?page_id=79"},"modified":"2013-11-21T01:03:19","modified_gmt":"2013-11-21T01:03:19","slug":"preguntas-frecuentes","status":"publish","type":"page","link":"https:\/\/blog.espol.edu.ec\/ssegovia95\/preguntas-frecuentes\/","title":{"rendered":"PREGUNTAS FRECUENTES"},"content":{"rendered":"<p>\u00bfPARA QUE SE DEBE CASTRAR A UN CABALLO?<\/p>\n<p>cuando el animal no es elegido para reproducci\u00f3n por sus excelentes cualidades, es preferible castrarlo porque al bajar dr\u00e1sticamente el nivel de testosterona, disminuye much\u00edsimo su agresividad, su \"temperamento\", es mucho tranquilo, mas d\u00f3cil con los humanos y con los otros animales.<\/p>\n<p>\u00bfA QUIENES LLAMAMOS CABALLOS DE SANGRE CALIENTE?<\/p>\n<p>Los sangre caliente son caballos mas estilizados con cabaza mas fina y peque\u00f1a,patas mas finas,son mas nerviosos,con chipa,mas caracter,mas sangre,son los empleados generalmente para montar y para los deportes ecuestres,tienen origenes de zonas calidas,son menos resistentes al frio y mas al calor,mas delicados en general<\/p>\n<p>\u00bfA QUIENES LLAMAMOS CABALLOS DE SANGRE FRIA?<\/p>\n<p>caballo\u00a0de\u00a0sangre fria\u00a0son\u00a0razas\u00a0que proceden de centro y norte europa son caballos fuertes anchos y pesados con cabeza grande y mas tosca,son tranquilos de temperamento y genralmente mas lentos y con menos sangre y chispa que los otros,son caballos mas rusticos y resistentes al frio y mas manejables,ejemplos: percheron, bret\u00f3n, iri... cob, shire, clydesdale.<\/p>\n<p>\u00bfDE QUE DEPENDE EL PRECIO DE UN CABALLO?<\/p>\n<p>Depende de la raza, la edad, la condici\u00f3n f\u00edsica, la genealog\u00eda, los premios. Un caballo que cumpla satisfactoriamente todos estos requerimientos llega a costar hasta $20000.<\/p>\n<p>&nbsp;<\/p>\n","protected":false},"excerpt":{"rendered":"<p>\u00bfPARA QUE SE DEBE CASTRAR A UN CABALLO? cuando el animal no es elegido para reproducci\u00f3n por sus excelentes cualidades, es preferible castrarlo porque al bajar dr\u00e1sticamente el nivel de testosterona, disminuye much\u00edsimo su agresividad, su \"temperamento\", es mucho tranquilo, &hellip; <a href=\"https:\/\/blog.espol.edu.ec\/ssegovia95\/preguntas-frecuentes\/\">Sigue leyendo <span class=\"meta-nav\">&rarr;<\/span><\/a><\/p>\n","protected":false},"author":8861,"featured_media":0,"parent":0,"menu_order":0,"comment_status":"open","ping_status":"closed","template":"","meta":{"footnotes":""},"class_list":["post-79","page","type-page","status-publish","hentry"],"_links":{"self":[{"href":"https:\/\/blog.espol.edu.ec\/ssegovia95\/wp-json\/wp\/v2\/pages\/79","targetHints":{"allow":["GET"]}}],"collection":[{"href":"https:\/\/blog.espol.edu.ec\/ssegovia95\/wp-json\/wp\/v2\/pages"}],"about":[{"href":"https:\/\/blog.espol.edu.ec\/ssegovia95\/wp-json\/wp\/v2\/types\/page"}],"author":[{"embeddable":true,"href":"https:\/\/blog.espol.edu.ec\/ssegovia95\/wp-json\/wp\/v2\/users\/8861"}],"replies":[{"embeddable":true,"href":"https:\/\/blog.espol.edu.ec\/ssegovia95\/wp-json\/wp\/v2\/comments?post=79"}],"version-history":[{"count":2,"href":"https:\/\/blog.espol.edu.ec\/ssegovia95\/wp-json\/wp\/v2\/pages\/79\/revisions"}],"predecessor-version":[{"id":104,"href":"https:\/\/blog.espol.edu.ec\/ssegovia95\/wp-json\/wp\/v2\/pages\/79\/revisions\/104"}],"wp:attachment":[{"href":"https:\/\/blog.espol.edu.ec\/ssegovia95\/wp-json\/wp\/v2\/media?parent=79"}],"curies":[{"name":"wp","href":"https:\/\/api.w.org\/{rel}","templated":true}]}}