{"id":85,"date":"2013-11-20T09:08:18","date_gmt":"2013-11-20T09:08:18","guid":{"rendered":"http:\/\/blog.espol.edu.ec\/ssegovia95\/?page_id=85"},"modified":"2013-11-21T00:09:20","modified_gmt":"2013-11-21T00:09:20","slug":"enfermedades","status":"publish","type":"page","link":"https:\/\/blog.espol.edu.ec\/ssegovia95\/enfermedades\/","title":{"rendered":"ENFERMEDADES"},"content":{"rendered":"<p>La salud del caballo, se considera una funci\u00f3n normal, poseer la capacidad de cumplir los fines para los que se tiene. Un animal al encontrarse sano trabaja bien al no encontrarse en \u00f3ptimas condiciones, disminuye su rendimiento al estar enfermo.<\/p>\n<p>El caballo puede tener infecciones leves o trastornos del hueso, tal es el caso del espig\u00f3n, sin embargo es capaz de realizar las tareas.<\/p>\n<p><img loading=\"lazy\" decoding=\"async\" alt=\"foto\" src=\"http:\/\/www.caballomania.com\/enciclopedia_veterinaria\/imagenes\/vet2.jpg\" width=\"107\" height=\"110\" align=\"right\" \/>Enfermedad es la situaci\u00f3n en la que se altera la estructura del cuerpo. Dicha alteraci\u00f3n tiene una causa (etiolog\u00eda), con un ciclo de evoluci\u00f3n y restablecimiento (pat\u00f3gena), el desenlace (pron\u00f3stico) y medios de tratamiento o control, criterios que son aplicables a todo tipo de afecciones, pudi\u00e9ndose hacer subdivisiones, cuando se plantean dudas acerca de los diversos or\u00edgenes de la afecci\u00f3n.<\/p>\n<p>Las enfermedades son clasificadas en diferentes grupos para obtener un mayor entendimiento.<\/p>\n<p>Las posibles enfermedades son del tipo: de los huesos, parasitarias, digestivas, infecciosas, del h\u00edgado, esterilidad, de los \u00f3rganos genitales, enfermedades de pre\u00f1ez, de los ojos, del potro de un a\u00f1o y mayor, del sistema urinario, del potro reci\u00e9n nacido, del sistema cardiovascular, del sistema nervioso, del aparato respiratorio, y de la piel.<\/p>\n<div><\/div>\n","protected":false},"excerpt":{"rendered":"<p>La salud del caballo, se considera una funci\u00f3n normal, poseer la capacidad de cumplir los fines para los que se tiene. Un animal al encontrarse sano trabaja bien al no encontrarse en \u00f3ptimas condiciones, disminuye su rendimiento al estar enfermo. &hellip; <a href=\"https:\/\/blog.espol.edu.ec\/ssegovia95\/enfermedades\/\">Sigue leyendo <span class=\"meta-nav\">&rarr;<\/span><\/a><\/p>\n","protected":false},"author":8861,"featured_media":0,"parent":0,"menu_order":0,"comment_status":"open","ping_status":"closed","template":"","meta":{"footnotes":""},"class_list":["post-85","page","type-page","status-publish","hentry"],"_links":{"self":[{"href":"https:\/\/blog.espol.edu.ec\/ssegovia95\/wp-json\/wp\/v2\/pages\/85","targetHints":{"allow":["GET"]}}],"collection":[{"href":"https:\/\/blog.espol.edu.ec\/ssegovia95\/wp-json\/wp\/v2\/pages"}],"about":[{"href":"https:\/\/blog.espol.edu.ec\/ssegovia95\/wp-json\/wp\/v2\/types\/page"}],"author":[{"embeddable":true,"href":"https:\/\/blog.espol.edu.ec\/ssegovia95\/wp-json\/wp\/v2\/users\/8861"}],"replies":[{"embeddable":true,"href":"https:\/\/blog.espol.edu.ec\/ssegovia95\/wp-json\/wp\/v2\/comments?post=85"}],"version-history":[{"count":1,"href":"https:\/\/blog.espol.edu.ec\/ssegovia95\/wp-json\/wp\/v2\/pages\/85\/revisions"}],"predecessor-version":[{"id":86,"href":"https:\/\/blog.espol.edu.ec\/ssegovia95\/wp-json\/wp\/v2\/pages\/85\/revisions\/86"}],"wp:attachment":[{"href":"https:\/\/blog.espol.edu.ec\/ssegovia95\/wp-json\/wp\/v2\/media?parent=85"}],"curies":[{"name":"wp","href":"https:\/\/api.w.org\/{rel}","templated":true}]}}