{"id":87,"date":"2013-11-20T09:09:53","date_gmt":"2013-11-20T09:09:53","guid":{"rendered":"http:\/\/blog.espol.edu.ec\/ssegovia95\/?page_id=87"},"modified":"2013-11-21T00:10:55","modified_gmt":"2013-11-21T00:10:55","slug":"historia","status":"publish","type":"page","link":"https:\/\/blog.espol.edu.ec\/ssegovia95\/historia\/","title":{"rendered":"HISTORIA"},"content":{"rendered":"<table width=\"757\" border=\"0\" cellspacing=\"0\" cellpadding=\"0\" align=\"center\">\n<tbody>\n<tr>\n<td colspan=\"2\" valign=\"bottom\" height=\"24\"><strong><span style=\"font-family: Verdana, Arial, Helvetica, sans-serif\">Origen del Caballo<\/span><\/strong><\/td>\n<\/tr>\n<tr>\n<td align=\"left\" valign=\"top\" height=\"279\">Al origen del caballo se le conoce como\u00a0<i><b>Eohippus<\/b><\/i>, se calcula que tiene aproximadamente unos 55 millones de a\u00f1os de antig\u00fcedad. El f\u00f3sil de este ejemplar fue descubierto en Norteam\u00e9rica en 1867. Este ejemplar med\u00eda unos 30 cent\u00edmetros, con almohadillas en las patas (cuatro delante y tres detr\u00e1s) habitando en las zonas selv\u00e1ticas y en los pantanos. Este ejemplar se propag\u00f3 hacia Europa en el periodo denominado\u00a0<b><i>Eoceno<\/i><\/b>.<\/p>\n<table width=\"400\" border=\"0\" cellspacing=\"0\" cellpadding=\"0\" align=\"center\">\n<tbody>\n<tr valign=\"top\">\n<td height=\"184\"><img loading=\"lazy\" decoding=\"async\" alt=\"\" src=\"http:\/\/www.caballomania.com\/enciclopedia_historia_caballo\/imagenes\/evolucion1.jpg\" width=\"200\" height=\"63\" \/><br \/>\n<img loading=\"lazy\" decoding=\"async\" alt=\"\" src=\"http:\/\/www.caballomania.com\/enciclopedia_historia_caballo\/imagenes\/evolucion2.jpg\" width=\"200\" height=\"68\" \/><br \/>\n<img loading=\"lazy\" decoding=\"async\" alt=\"\" src=\"http:\/\/www.caballomania.com\/enciclopedia_historia_caballo\/imagenes\/evolucion3.jpg\" width=\"200\" height=\"66\" \/><\/td>\n<td align=\"center\" valign=\"middle\" height=\"184\"><img loading=\"lazy\" decoding=\"async\" alt=\"\" src=\"http:\/\/www.caballomania.com\/enciclopedia_historia_caballo\/imagenes\/evolucion4.jpg\" width=\"200\" height=\"64\" \/><br \/>\n<img loading=\"lazy\" decoding=\"async\" alt=\"\" src=\"http:\/\/www.caballomania.com\/enciclopedia_historia_caballo\/imagenes\/evolucion5.jpg\" width=\"200\" height=\"67\" \/><br \/>\n<img loading=\"lazy\" decoding=\"async\" alt=\"\" src=\"http:\/\/www.caballomania.com\/enciclopedia_historia_caballo\/imagenes\/evolucion6.jpg\" width=\"200\" height=\"66\" \/><\/td>\n<\/tr>\n<\/tbody>\n<\/table>\n<p>La especie evolucion\u00f3 debido a los cambios clim\u00e1ticos, dando como resultado diversos tipos como son: el\u00a0<b><i>Mesohippus<\/i><\/b>\u00a0descendiente del\u00a0<b><i>Eohippus<\/i><\/b>, que era un poco mayor, ten\u00eda tres dedos en cada pata y una dentadura m\u00e1s eficiente que le permit\u00eda comer una vegetaci\u00f3n m\u00e1s variada, existiendo hace 25 a 40 millones de a\u00f1os, el descendiente de este ejemplar es el\u00a0<b><i>Miohippus<\/i><\/b>, despu\u00e9s el\u00a0<b><i>Merychippus<\/i><\/b>, este ejemplar ten\u00eda cierto parecido al burro, con la diferencia de que pose\u00eda un dedo mayor en el centro, lo cual le ayudaba a alcanzar gran velocidad y recorrer mayores distancias. El\u00a0<b><i>Dinohippus<\/i><\/b>\u00a0y el\u00a0<b><i>Pliohippus<\/i><\/b>fueron las primeras especies que tuvieron los cascos formados, los dedos laterales hab\u00edan desaparecido, existi\u00f3 hace dos a cinco millones de a\u00f1os. En la era glacial, el n\u00famero de estos antecesores del caballo fue disminuyendo hasta quedar extintos del continente americano hace aproximadamente unos ocho mil a\u00f1os.<\/p>\n<p>Los ejemplares que sobrevivieron comenzaron a extenderse desde Asia hasta Europa y \u00c1frica siendo los antecesores del caballo que hoy en d\u00eda conocemos como<i><b>\u00a0Equus caballus<\/b><\/i>. Su evoluci\u00f3n corresponde principalmente a cuatro tipos b\u00e1sicos, de los cuales descienden las razas existentes; el\u00a0<b>caballo del bosque<\/b>\u00a0de tipo s\u00f3lido, con cabeza y cascos grandes, es muy posible que fuera el fundador de los caballos de sangre fr\u00eda y razas de tiro, el\u00a0<b>caballo de la meseta<\/b>, de tipo m\u00e1s fino, descienden los peque\u00f1os y resistentes caballos mongoles semisalvajes. El\u00a0<b>caballo de la estepa<\/b>, de un tipo m\u00e1s ligero, origin\u00f3 las razas orientales, como el \u00e1rabe y el barbo, los cuales son los antecesores de la pura sangre. El\u00a0<b>caballo de la tundra<\/b>\u00a0era de tipo grande y pesado, como el Yukat proveniente de las regiones polares, parece ser el \u00fanico descendiente.<\/p>\n<p>Existen evidencias que el caballo fue domesticado hace cinco o seis mil a\u00f1os, los primeros en incursionar en la domesticaci\u00f3n del caballo fueron las tribus n\u00f3madas, a medida que viajaban a trav\u00e9s de las regiones de los mares Caspio y Negro.<\/p>\n<p>En la clasificaci\u00f3n de los caballos posglaciares del Viejo mundo que manejaron los primeros domesticadores no se habla de\u00a0<i>especies<\/i>\u00a0sino de varios\u00a0<i>tipos<\/i>:<\/p>\n<p><img loading=\"lazy\" decoding=\"async\" alt=\"\" src=\"http:\/\/www.caballomania.com\/enciclopedia_razas_actuales\/imagenes\/exmoor.jpg\" width=\"200\" height=\"172\" align=\"right\" \/><\/p>\n<p>1. El pony celta de Ewart, mejor conocido como pony atl\u00e1ntico. Las razas modernas que m\u00e1s se le asemejan son la Exmoor y cierta subraza islandesa.<\/p>\n<p>2. El caballo escandinavo de Ewart, habit\u00f3 en el norte de Eurasia. Las razas modernas que m\u00e1s se asemejan son el pony de los fiordos noruegos, cierto tipo de pony de las Tierras Altas y el caballo de tiro pesado Noriker.<\/p>\n<p>3. El caballo de Asia central. Las razas modernas que m\u00e1s se le asemejan son el caballo portugu\u00e9s Soraya, de color arcilla, y con una forma m\u00e1s esterilizada, el Akhal- Tek\u00e9 de Asia Central y el Karabakh, ambos casta\u00f1o-dorados. Siendo los antecesores de las razas niseana y bactriana, las cuales contribuyeron un 59%, a trav\u00e9s de los caballos turco, bactriano y andaluz, a la creaci\u00f3n del pura sangre ingl\u00e9s.<\/p>\n<p>4. El caballo que habita en el oeste de Asia. La razamoderna que m\u00e1s se le asemeja es el pony caspiano, antecesor, al parecer, del \u00e1rabe y de un pu\u00f1ado de razas afines que se encuentran principalmente en Persia. Este tipo ha dado lugar a infinidad de razas dom\u00e9sticas, a las que ha legado muchas de sus cualidades, entre ellas su belleza.<\/p>\n<p><img loading=\"lazy\" decoding=\"async\" alt=\"\" src=\"http:\/\/www.caballomania.com\/enciclopedia_historia_caballo\/imagenes\/caspiano1.jpg\" width=\"200\" height=\"294\" align=\"right\" \/>El caballo Przewalski, se caracteriza por una estructura celular embrionaria, sus n\u00facleos celulares contienen un n\u00famero determinado de cromosomas, que se consideran portadoras de los factores hereditarios.<\/p>\n<p>La dotaci\u00f3n cromos\u00f3mica de este ejemplar, difiere num\u00e9ricamente de la que presentan los caballos dom\u00e9sticos.<\/p>\n<p>El Tarpan, caballo salvaje del este de Europa y el oeste de Rusia. Su extinci\u00f3n se da en el siglo pasado, ha sido &lt;&lt; reconstruido&gt;&gt; en las yeguadas polacas, es por naturaleza, h\u00edbrido. Utilizado por todos los pueblos del este del Mediterr\u00e1neo, abarcando desde las tribus celtas, los hititas hasta los griegos quienes ten\u00edan conocimiento del carro. Este ejemplar es el principal antepasado del\u00a0<i><b>caballo de campesino<\/b><\/i>\u00a0de Europa centro oriental y los Balcanes.<\/p>\n<p>Existen diversas razas que presentan similitudes como el H\u00fangaro Goral, el rumano Hucul, el polaco Konik, el bosnio de Yugoslavia, etc.<\/p>\n<p>Diversos vestigios muestran que el caballo existi\u00f3 en el periodo Paleol\u00edtico, de acuerdo a las pinturas rupestres.<\/td>\n<\/tr>\n<\/tbody>\n<\/table>\n","protected":false},"excerpt":{"rendered":"<p>Origen del Caballo Al origen del caballo se le conoce como\u00a0Eohippus, se calcula que tiene aproximadamente unos 55 millones de a\u00f1os de antig\u00fcedad. El f\u00f3sil de este ejemplar fue descubierto en Norteam\u00e9rica en 1867. Este ejemplar med\u00eda unos 30 cent\u00edmetros, &hellip; <a href=\"https:\/\/blog.espol.edu.ec\/ssegovia95\/historia\/\">Sigue leyendo <span class=\"meta-nav\">&rarr;<\/span><\/a><\/p>\n","protected":false},"author":8861,"featured_media":0,"parent":0,"menu_order":1,"comment_status":"open","ping_status":"closed","template":"","meta":{"footnotes":""},"class_list":["post-87","page","type-page","status-publish","hentry"],"_links":{"self":[{"href":"https:\/\/blog.espol.edu.ec\/ssegovia95\/wp-json\/wp\/v2\/pages\/87","targetHints":{"allow":["GET"]}}],"collection":[{"href":"https:\/\/blog.espol.edu.ec\/ssegovia95\/wp-json\/wp\/v2\/pages"}],"about":[{"href":"https:\/\/blog.espol.edu.ec\/ssegovia95\/wp-json\/wp\/v2\/types\/page"}],"author":[{"embeddable":true,"href":"https:\/\/blog.espol.edu.ec\/ssegovia95\/wp-json\/wp\/v2\/users\/8861"}],"replies":[{"embeddable":true,"href":"https:\/\/blog.espol.edu.ec\/ssegovia95\/wp-json\/wp\/v2\/comments?post=87"}],"version-history":[{"count":2,"href":"https:\/\/blog.espol.edu.ec\/ssegovia95\/wp-json\/wp\/v2\/pages\/87\/revisions"}],"predecessor-version":[{"id":93,"href":"https:\/\/blog.espol.edu.ec\/ssegovia95\/wp-json\/wp\/v2\/pages\/87\/revisions\/93"}],"wp:attachment":[{"href":"https:\/\/blog.espol.edu.ec\/ssegovia95\/wp-json\/wp\/v2\/media?parent=87"}],"curies":[{"name":"wp","href":"https:\/\/api.w.org\/{rel}","templated":true}]}}