{"id":24,"date":"2009-11-04T16:02:29","date_gmt":"2009-11-04T21:02:29","guid":{"rendered":"http:\/\/blog.espol.edu.ec\/stalyngines\/unos-poemas-y-frases-para-reflexionar\/"},"modified":"2009-11-09T15:05:39","modified_gmt":"2009-11-09T20:05:39","slug":"unos-poemas-y-frases-para-reflexionar","status":"publish","type":"page","link":"https:\/\/blog.espol.edu.ec\/stalyngines\/unos-poemas-y-frases-para-reflexionar\/","title":{"rendered":"Unos poemas y frases para reflexionar"},"content":{"rendered":"<p>\u00a0<\/p>\n<p style=\"text-align: center\"><strong><a title=\"PAULO COELHO\" href=\"http:\/\/es.wikipedia.org\/wiki\/Paulo_Coehlo\">PAULO COELHO<\/a><\/strong><\/p>\n<p>Las cosas simples son las m\u00e1s extraordinarias y s\u00f3lo los sabios consiguen verlas.<br \/>\nPaulo Coelho<\/p>\n<p class=\"fr\">Un ni\u00f1o siempre puede ense\u00f1ar tres cosas a un adulto: a ponerse contento sin motivo, a estar siempre ocupado con algo y a saber exigir con todas sus fuerzas aqu\u00e9llo que desea.<\/p>\n<p><span class=\"aut\"><a class=\"autor\" href=\"http:\/\/blog.espol.edu.ec\/autor\/paulo_coelho\/\">Paulo Coelho<\/a><\/span><\/p>\n<p>\u00a0<span class=\"aut\">Existen derrotas, pero nadie est\u00e1 a salvo de ellas. Por eso es mejor perder algunos combates en la lucha por nuestros sue\u00f1os que ser derrotados sin siquiera saber por qu\u00e9 se est\u00e1 luchando.<span class=\"aut\"><a title=\"PAULO COELHO\" href=\"http:\/\/www.literato.es\/poemas_de_paulo_coelho\/\" target=\"_blank\">Paulo Coelho<\/a><\/span><\/span><\/p>\n<p><span class=\"aut\"><a title=\"PAULO COELHO\" href=\"http:\/\/www.literato.es\/poemas_de_paulo_coelho\/\" target=\"_blank\"><\/a><\/span><\/p>\n<p style=\"text-align: center\"><strong><a href=\"http:\/\/http:\/\/es.wikipedia.org\/wiki\/Pablo_neruda\" target=\"_blank\">PABLO NERUDA<\/a><\/strong><\/p>\n<p style=\"text-align: center\">\u00a0<\/p>\n<div class=\"t\">En mi casa he reunido juguetes peque\u00f1os y grandes, sin los cuales no podr\u00eda vivir. El ni\u00f1o que no juega no es ni\u00f1o, pero el hombre que no juega perdi\u00f3 para siempre al ni\u00f1o que viv\u00eda en \u00e9l y que le har\u00e1 mucha falta. <a href=\"http:\/\/http:\/\/www.proverbia.net\/citasautor.asp?autor=704\" target=\"_blank\">PABLO NERUDA<\/a><\/div>\n<div class=\"t\">\n<div class=\"t\">\n<div class=\"t\">Podr\u00e1n cortar todas las flores, pero no podr\u00e1n detener la primavera. <a href=\"http:\/\/http:\/\/www.proverbia.net\/citasautor.asp?autor=704&amp;page=2\" target=\"_blank\">PABLO NERUDA<\/a><\/div>\n<div class=\"t\" style=\"text-align: center\"><strong>\u00a0<\/p>\n<p>Alg\u00fan d\u00eda en cualquier parte, en cualquier lugar indefectiblemente te encontrar\u00e1s a ti mismo, y \u00e9sa, s\u00f3lo \u00e9sa, puede ser la m\u00e1s feliz o la m\u00e1s amarga de tus horas. <a href=\"http:\/\/http:\/\/www.proverbia.net\/citasautor.asp?autor=704\" target=\"_blank\">PABLO NERUDA<\/a><\/p>\n<p><\/strong><\/div>\n<\/div>\n<\/div>\n","protected":false},"excerpt":{"rendered":"<p>\u00a0 PAULO COELHO Las cosas simples son las m\u00e1s extraordinarias y s\u00f3lo los sabios consiguen verlas. Paulo Coelho Un ni\u00f1o siempre puede ense\u00f1ar tres cosas a un adulto: a ponerse contento sin motivo, a estar siempre ocupado con algo y a saber exigir con todas sus fuerzas aqu\u00e9llo que desea. Paulo Coelho \u00a0Existen derrotas, pero [&hellip;]<\/p>\n","protected":false},"author":3080,"featured_media":0,"parent":0,"menu_order":0,"comment_status":"open","ping_status":"open","template":"","meta":{"footnotes":""},"class_list":["post-24","page","type-page","status-publish","hentry"],"_links":{"self":[{"href":"https:\/\/blog.espol.edu.ec\/stalyngines\/wp-json\/wp\/v2\/pages\/24","targetHints":{"allow":["GET"]}}],"collection":[{"href":"https:\/\/blog.espol.edu.ec\/stalyngines\/wp-json\/wp\/v2\/pages"}],"about":[{"href":"https:\/\/blog.espol.edu.ec\/stalyngines\/wp-json\/wp\/v2\/types\/page"}],"author":[{"embeddable":true,"href":"https:\/\/blog.espol.edu.ec\/stalyngines\/wp-json\/wp\/v2\/users\/3080"}],"replies":[{"embeddable":true,"href":"https:\/\/blog.espol.edu.ec\/stalyngines\/wp-json\/wp\/v2\/comments?post=24"}],"version-history":[{"count":10,"href":"https:\/\/blog.espol.edu.ec\/stalyngines\/wp-json\/wp\/v2\/pages\/24\/revisions"}],"predecessor-version":[{"id":42,"href":"https:\/\/blog.espol.edu.ec\/stalyngines\/wp-json\/wp\/v2\/pages\/24\/revisions\/42"}],"wp:attachment":[{"href":"https:\/\/blog.espol.edu.ec\/stalyngines\/wp-json\/wp\/v2\/media?parent=24"}],"curies":[{"name":"wp","href":"https:\/\/api.w.org\/{rel}","templated":true}]}}