{"id":56,"date":"2012-07-07T12:46:09","date_gmt":"2012-07-07T17:46:09","guid":{"rendered":"http:\/\/blog.espol.edu.ec\/steanleo\/?page_id=56"},"modified":"2012-07-11T19:31:34","modified_gmt":"2012-07-12T00:31:34","slug":"sabias-que","status":"publish","type":"page","link":"https:\/\/blog.espol.edu.ec\/steanleo\/sabias-que\/","title":{"rendered":"\u00bfSab\u00edas que...?"},"content":{"rendered":"<p>El <strong>d\u00eda mundial del reciclaje se celebra el 17 de mayo<\/strong>, un d\u00eda pensado para que todos los seres humanos tomemos conciencia de la importancia que tiene tratar los desechos como corresponden, para no contribuir al cambio clim\u00e1tico, y as\u00ed proteger el medio ambiente.<\/p>\n<p><img loading=\"lazy\" decoding=\"async\" class=\"alignnone\" src=\"http:\/\/1.bp.blogspot.com\/_K3eHF3UzErQ\/S_KPMViv0vI\/AAAAAAAABgI\/ukm4-2yg69c\/s1600\/Dia+del+reciclaje.jpg\" alt=\"\" width=\"801\" height=\"602\" \/><\/p>\n<p><strong>\u00bfSab\u00edas que...?<\/strong><\/p>\n<p>1. El reciclaje no es algo nuevo, \u00e9ste se viene haciendo desde los tiempos antiguos.<\/p>\n<p>2. El 58% de los peri\u00f3dicos se reciclan, si se reciclaran todos los peri\u00f3dicos se preservar\u00edan 250'000'000 de \u00e1rboles cada a\u00f1o.<\/p>\n<p>3. El 80% del material que compone un veh\u00edculo es reciclable<\/p>\n<p><strong>\u00bfSab\u00edas que...?<\/strong><\/p>\n<p>Cada botella que acaba en el contenedor amarillo evita consumir la electricidad que necesitar\u00eda una bombilla de 100 vatios durante cuatro horas, mientras que con cuatro botellas recicladas se ahorra la electricidad necesaria para mantener encendido un frigor\u00edfico todo el d\u00eda.<\/p>\n","protected":false},"excerpt":{"rendered":"<p>El d\u00eda mundial del reciclaje se celebra el 17 de mayo, un d\u00eda pensado para que todos los seres humanos tomemos conciencia de la importancia que tiene tratar los desechos como corresponden, para no contribuir al cambio clim\u00e1tico, y as\u00ed proteger el medio ambiente. \u00bfSab\u00edas que...? 1. El reciclaje no es algo nuevo, \u00e9ste se [&hellip;]<\/p>\n","protected":false},"author":7590,"featured_media":0,"parent":0,"menu_order":0,"comment_status":"open","ping_status":"open","template":"","meta":{"footnotes":""},"class_list":["post-56","page","type-page","status-publish","hentry"],"_links":{"self":[{"href":"https:\/\/blog.espol.edu.ec\/steanleo\/wp-json\/wp\/v2\/pages\/56","targetHints":{"allow":["GET"]}}],"collection":[{"href":"https:\/\/blog.espol.edu.ec\/steanleo\/wp-json\/wp\/v2\/pages"}],"about":[{"href":"https:\/\/blog.espol.edu.ec\/steanleo\/wp-json\/wp\/v2\/types\/page"}],"author":[{"embeddable":true,"href":"https:\/\/blog.espol.edu.ec\/steanleo\/wp-json\/wp\/v2\/users\/7590"}],"replies":[{"embeddable":true,"href":"https:\/\/blog.espol.edu.ec\/steanleo\/wp-json\/wp\/v2\/comments?post=56"}],"version-history":[{"count":7,"href":"https:\/\/blog.espol.edu.ec\/steanleo\/wp-json\/wp\/v2\/pages\/56\/revisions"}],"predecessor-version":[{"id":61,"href":"https:\/\/blog.espol.edu.ec\/steanleo\/wp-json\/wp\/v2\/pages\/56\/revisions\/61"}],"wp:attachment":[{"href":"https:\/\/blog.espol.edu.ec\/steanleo\/wp-json\/wp\/v2\/media?parent=56"}],"curies":[{"name":"wp","href":"https:\/\/api.w.org\/{rel}","templated":true}]}}