{"id":6,"date":"2011-01-18T16:12:18","date_gmt":"2011-01-18T16:12:18","guid":{"rendered":"http:\/\/blog.espol.edu.ec\/stecorte\/?page_id=6"},"modified":"2011-01-20T16:28:00","modified_gmt":"2011-01-20T16:28:00","slug":"el-amor-mas-grande","status":"publish","type":"page","link":"https:\/\/blog.espol.edu.ec\/stecorte\/el-amor-mas-grande\/","title":{"rendered":"***El amor m\u00e1s grande***"},"content":{"rendered":"<p style=\"text-align: center\">\u00a0<img loading=\"lazy\" decoding=\"async\" src=\"http:\/\/t0.gstatic.com\/images?q=tbn:ANd9GcR1waHafoDu_mS026upUnMYNIjp4Y8V_EPyCxtuKsQEzutnZyf4\" alt=\"\" width=\"61\" height=\"50\" \/>\u00a0 Un d\u00eda, temprano por la ma\u00f1ana, me levant\u00e9 para observar la salida del Sol. \u00a1Oh, la belleza de la Creaci\u00f3n de Dios queda m\u00e1s all\u00e1 de la descripci\u00f3n! Mientras observaba, alababa a Dios por su bella obra. Mientras estaba sentado ah\u00ed, sent\u00ed la presencia del Se\u00f1or conmigo. Entonces, \u00c9l me pregunt\u00f3, <strong><em>\"\u00bfMe amas?\"\u00a0 <\/em><\/strong><\/p>\n<p>Yo contest\u00e9, \"\u00a1Por supuesto, Dios! \u00a1T\u00fa eres mi Se\u00f1or y Salvador!\"<\/p>\n<p>Entonces me pregunt\u00f3 <strong><em>\"Si estuvieras f\u00edsicamente incapacitado, \u00bfa\u00fan me amar\u00edas?\"\u00a0\u00a0\u00a0\u00a0 <img loading=\"lazy\" decoding=\"async\" src=\"http:\/\/www.elmundonewspaper.com\/uploaded_pictures\/9580_1.jpg\" alt=\"\" width=\"61\" height=\"69\" \/><\/em><\/strong><\/p>\n<p>Me qued\u00e9 perplejo. Mir\u00e9 abajo. Mis brazos, piernas y el resto de mi cuerpo y me pregunt\u00e9 cu\u00e1ntas cosas ser\u00eda incapaz de hacer. Las cosas que hoy me parecen tan sencillas.\u00a0 Y contest\u00e9, \"Seria dif\u00edcil, Se\u00f1or, pero a\u00fan as\u00ed te amar\u00eda\"<\/p>\n<p>Entonces el Se\u00f1or dijo<strong><em>, \"Si estuvieras ciego, \u00bfamar\u00edas a\u00fan mi creaci\u00f3n?\"\u00a0\u00a0\u00a0\u00a0 <img loading=\"lazy\" decoding=\"async\" src=\"http:\/\/1.bp.blogspot.com\/_5-fhyscblYo\/S1ZWPVML7xI\/AAAAAAAAAEI\/-0557WMg3QU\/s400\/ciego.jpg\" alt=\"\" width=\"65\" height=\"74\" \/><\/em><\/strong><\/p>\n<p>\u00a1C\u00f3mo podr\u00eda amar algo, siendo incapaz de verlo!\u00a0 Entonces pens\u00e9 en toda esa gente ciega en el mundo entero y cu\u00e1ntos de ellos a\u00fan aman a Dios y a su Creaci\u00f3n. As\u00ed que contest\u00e9, \"Es dif\u00edcil pensarlo, pero a\u00fan te amar\u00eda.\"<\/p>\n<p>El Se\u00f1or entonces me pregunt\u00f3, <strong><em>\"Si fueses sordo, \u00bfoir\u00edas a\u00fan mi Palabra?\"<img loading=\"lazy\" decoding=\"async\" src=\"http:\/\/t2.gstatic.com\/images?q=tbn:ANd9GcQzBg5VQGrLrrLrc5LBNjqk_L1o3Q-HnKQHPS8VujPm04waGGB_TQ&amp;t=1\" alt=\"\" width=\"81\" height=\"57\" \/><\/em><\/strong><\/p>\n<p>\u00bfC\u00f3mo podr\u00eda o\u00edr algo siendo sordo? Entonces comprend\u00ed.<\/p>\n<p>Escuchar la Palabra de Dios no es meramente usar nuestros o\u00eddos, sino nuestros corazones.\u00a0<\/p>\n<p>Contest\u00e9, \"Ser\u00eda dif\u00edcil, pero a\u00fan oir\u00eda tu Palabra\".<\/p>\n<p>El Se\u00f1or entonces pregunt\u00f3, <strong><em>\"Si estuvieses mudo, \u00bfAlabar\u00edas a\u00fan mi nombre?\"<img loading=\"lazy\" decoding=\"async\" src=\"http:\/\/www.jmasoc.com\/media\/fotos\/mudo_G.jpg\" alt=\"\" width=\"68\" height=\"73\" \/><\/em><\/strong><\/p>\n<p>\u00a1Pero c\u00f3mo puedo alabar sin voz! Entonces se me ocurri\u00f3 que Dios desea que le cantemos desde nuestra alma y coraz\u00f3n. No le importa c\u00f3mo sonamos.\u00a0 Y cuando alabamos a Dios no lo hacemos siempre con un c\u00e1ntico, pero cuando somos perseguidos, le damos alabanza a Dios con nuestras palabras de gratitud. Entonces contest\u00e9, \"Aunque no pudiera cantarte f\u00edsicamente, alabar\u00eda a\u00fan tu Nombre\"<\/p>\n<p>Y el Se\u00f1or pregunt\u00f3, <strong><em>\"\u00bfEn realidad me amas?\"\u00a0 <\/em><\/strong><\/p>\n<p>Con valor y profunda convicci\u00f3n, le contest\u00e9 resueltamente, \"\u00a1S\u00ed Se\u00f1or! \u00a1Te amo por que T\u00fa eres el Dios \u00fanico y verdadero!\"\u00a0 Pens\u00e9 que hab\u00eda contestado correctamente, pero Dios pregunt\u00f3:<\/p>\n<p><strong><em>\"\u00bfENTONCES POR QU\u00c9 PECAS?\" <\/em><\/strong><\/p>\n<p>Contest\u00e9, \"\u00a1Porque soy s\u00f3lo un humano, y no soy perfecto!\"<\/p>\n<p><strong><em>\"ENTONCES \u00bfPOR QU\u00c9 EN TIEMPOS DE PAZ TE DESCARR\u00cdAS TAN LEJOS DE M\u00cd? \u00bfPOR QU\u00c9 S\u00d3LO EN TIEMPOS DE ANGUSTIA ORAS SINCERAMENTE?\" <\/em><\/strong><\/p>\n<p>No hubo respuestas. S\u00f3lo l\u00e1grimas.<\/p>\n<p>El Se\u00f1or continu\u00f3, <strong><em>\"\u00bfPor qu\u00e9 solamente cantas en la congregaci\u00f3n y en los retiros espirituales? \u00bfPor qu\u00e9 me buscas s\u00f3lo en tiempos de adoraci\u00f3n? \u00bfPor qu\u00e9 pides cosas tan ego\u00edstas? \u00bfPor qu\u00e9 pides sin tener fe?\" <img loading=\"lazy\" decoding=\"async\" src=\"http:\/\/www.jevson.com\/juventuddeimpacto.jevson.com\/articulos\/gde\/lejos%20de%20Dios.jpg\" alt=\"\" width=\"99\" height=\"71\" \/><\/em><\/strong><\/p>\n<p>Las l\u00e1grimas continuaron rodando sobre mis mejillas.<\/p>\n<p><strong><em>\"\u00bfPor qu\u00e9 te averg\u00fcenzas de m\u00ed? \u00bfPor qu\u00e9 no estas esparciendo las buenas nuevas? \u00bfPor qu\u00e9 en tiempos de persecuci\u00f3n, lloras con otros cuando te ofrezco mi hombro para que llores? \u00bfPor qu\u00e9 pones pretextos cuando te doy la oportunidad de servir en Mi Nombre?\"<\/em><\/strong><\/p>\n<p>\u00a0Intent\u00e9 contestar, pero no hubo respuesta que dar.<\/p>\n<p><strong><em>\"Eres bendecido con la vida. No te hice para que desperdiciaras este regalo. Te he bendecido con talentos para servirme, pero contin\u00faas d\u00e1ndome la espalda. Te he revelado mi Palabra, pero no obtienes el conocimiento de ella. Te he hablado pero tus o\u00eddos estaban cerrados. Te he mostrado mis bendiciones, pero tus ojos nunca las vieron. Te he mandado mis siervos, pero permaneciste sentado inm\u00f3vil mientras<br \/>\nellos eran rechazados. He o\u00eddo tus oraciones y las he contestado todas.\"\u00a0 \"\u00bfEn verdad me amas?\" <\/em><\/strong><\/p>\n<p>No pod\u00eda contestar.\u00a0 \u00bfC\u00f3mo podr\u00eda hacerlo? Estaba incre\u00edblemente apenado. No tuve excusa. \u00bfQu\u00e9 pod\u00eda decir a esto?\u00a0 Cuando mi coraz\u00f3n hubo llorado y las l\u00e1grimas hab\u00edan fluido, dije\u00a0 \"\u00a1Por favor perd\u00f3name Se\u00f1or! \u00a1Soy indigno de ser tu hijo!\"<\/p>\n<p>El Se\u00f1or contest\u00f3, <strong><em>\"Esa es mi Gracia, mi Hijo\" <\/em><\/strong><\/p>\n<p>Entonces le pregunt\u00e9, \"\u00bfEntonces por qu\u00e9 contin\u00faas perdon\u00e1ndome? \u00bfPor qu\u00e9 me amas tanto?\"<\/p>\n<p>El Se\u00f1or contest\u00f3, <strong><em>\"Por qu\u00e9 t\u00fa eres mi creaci\u00f3n. T\u00fa eres mi hijo. Nunca te abandonar\u00e9. Cuando llores, tendr\u00e9 compasi\u00f3n y llorar\u00e9 contigo. Cuando est\u00e9s gozoso, me alegrar\u00e9 contigo. Cuando est\u00e9s deprimido, te animar\u00e9. Cuando caigas, te levantar\u00e9. Cuando te sientas cansado, te llevar\u00e9 sobre mis hombros. Estar\u00e9 contigo hasta el fin de los d\u00edas,\u00a0 y te amar\u00e9 por siempre.\"<\/em><\/strong><\/p>\n<p><strong><em>\u00a0\u00a0\u00a0\u00a0\u00a0\u00a0\u00a0\u00a0\u00a0\u00a0\u00a0\u00a0\u00a0\u00a0\u00a0\u00a0\u00a0\u00a0\u00a0\u00a0\u00a0\u00a0\u00a0\u00a0\u00a0\u00a0\u00a0\u00a0\u00a0\u00a0\u00a0\u00a0\u00a0\u00a0\u00a0\u00a0\u00a0\u00a0\u00a0\u00a0\u00a0\u00a0\u00a0\u00a0\u00a0\u00a0\u00a0\u00a0\u00a0\u00a0\u00a0\u00a0\u00a0\u00a0\u00a0\u00a0\u00a0\u00a0\u00a0\u00a0\u00a0\u00a0\u00a0\u00a0\u00a0\u00a0\u00a0\u00a0\u00a0\u00a0\u00a0\u00a0\u00a0\u00a0\u00a0\u00a0\u00a0\u00a0\u00a0\u00a0\u00a0\u00a0\u00a0\u00a0\u00a0\u00a0\u00a0\u00a0\u00a0\u00a0\u00a0\u00a0\u00a0 <img loading=\"lazy\" decoding=\"async\" src=\"http:\/\/t2.gstatic.com\/images?q=tbn:ANd9GcTcNoojI0rYIVT9lYhIzmr53jiTlNXEfhqewo-1sgFNECK5KxDSew&amp;t=1\" alt=\"\" width=\"286\" height=\"176\" \/><\/em><\/strong><\/p>\n<p>Nunca antes hab\u00eda llorado como en ese momento. \u00a1C\u00f3mo pude haber sido tan fr\u00edo! \u00a1C\u00f3mo pude lastimar a Dios con todo lo que hice! Le pregunt\u00e9 a Dios, \"\u00bfCu\u00e1nto me amas?\"<\/p>\n<p>El Se\u00f1or me estrech\u00f3 en sus brazos, y contempl\u00e9 sus manos cicatrizadas por los clavos. Me inclin\u00e9 a los pies de Cristo, mi Salvador. Y por primera vez, en verdad or\u00e9<\/p>\n","protected":false},"excerpt":{"rendered":"<p>\u00a0\u00a0 Un d\u00eda, temprano por la ma\u00f1ana, me levant\u00e9 para observar la salida del Sol. \u00a1Oh, la belleza de la Creaci\u00f3n de Dios queda m\u00e1s all\u00e1 de la descripci\u00f3n! Mientras observaba, alababa a Dios por su bella obra. Mientras estaba sentado ah\u00ed, sent\u00ed la presencia del Se\u00f1or conmigo. Entonces, \u00c9l me pregunt\u00f3, \"\u00bfMe amas?\"\u00a0 Yo [&hellip;]<\/p>\n","protected":false},"author":5608,"featured_media":0,"parent":0,"menu_order":0,"comment_status":"open","ping_status":"open","template":"","meta":{"footnotes":""},"class_list":["post-6","page","type-page","status-publish","hentry"],"_links":{"self":[{"href":"https:\/\/blog.espol.edu.ec\/stecorte\/wp-json\/wp\/v2\/pages\/6","targetHints":{"allow":["GET"]}}],"collection":[{"href":"https:\/\/blog.espol.edu.ec\/stecorte\/wp-json\/wp\/v2\/pages"}],"about":[{"href":"https:\/\/blog.espol.edu.ec\/stecorte\/wp-json\/wp\/v2\/types\/page"}],"author":[{"embeddable":true,"href":"https:\/\/blog.espol.edu.ec\/stecorte\/wp-json\/wp\/v2\/users\/5608"}],"replies":[{"embeddable":true,"href":"https:\/\/blog.espol.edu.ec\/stecorte\/wp-json\/wp\/v2\/comments?post=6"}],"version-history":[{"count":7,"href":"https:\/\/blog.espol.edu.ec\/stecorte\/wp-json\/wp\/v2\/pages\/6\/revisions"}],"predecessor-version":[{"id":8,"href":"https:\/\/blog.espol.edu.ec\/stecorte\/wp-json\/wp\/v2\/pages\/6\/revisions\/8"}],"wp:attachment":[{"href":"https:\/\/blog.espol.edu.ec\/stecorte\/wp-json\/wp\/v2\/media?parent=6"}],"curies":[{"name":"wp","href":"https:\/\/api.w.org\/{rel}","templated":true}]}}