{"id":39,"date":"2012-06-27T21:09:05","date_gmt":"2012-06-27T21:09:05","guid":{"rendered":"http:\/\/blog.espol.edu.ec\/stedquir\/?page_id=39"},"modified":"2012-07-10T21:14:27","modified_gmt":"2012-07-10T21:14:27","slug":"flora-del-parque-nacional-yasuni","status":"publish","type":"page","link":"https:\/\/blog.espol.edu.ec\/stedquir\/flora-del-parque-nacional-yasuni\/","title":{"rendered":"Stefy :)"},"content":{"rendered":"<div style=\"width:425px\"> <strong><a href=\"http:\/\/www.slideshare.net\/stefyquiroz\/stefanny-quiroz\" title=\"Stefanny quiroz\" target=\"_blank\">Stefanny quiroz<\/a><\/strong> <iframe loading=\"lazy\" src=\"http:\/\/www.slideshare.net\/slideshow\/embed_code\/13475946\" width=\"425\" height=\"355\" frameborder=\"0\" allowfullscreen><\/iframe> <\/p>\n<div style=\"padding:5px 0 12px\"> View more <a href=\"http:\/\/www.slideshare.net\/thecroaker\/death-by-powerpoint\" target=\"_blank\">PowerPoint<\/a> from <a href=\"http:\/\/www.slideshare.net\/stefyquiroz\" target=\"_blank\">stefyquiroz<\/a> <\/div>\n<\/p><\/div>\n<p>Mi nombre es Stefanny Quiroz tengo 17 a\u00f1os, me gradu\u00e9 en la Unidad Educativa Experimental FAE n.-3 \"Taura\" en la especializac\u00f3n de F\u00edsico-Matem\u00e1tico :).<br \/>\nVivo con mis padres y mis hermanos, mi mami Francisca (aunque todos le dicen Panchita), mi pap\u00e1 Robert, mi hermano Andr\u00e9s que tiene 12 a\u00f1os y mi hermana Britanny que tiene 6 a\u00f1os.<br \/>\nActualmente estoy cursando el primer semestre en la ESPOL, en Ing. Oce\u00e1nica y Ciencias Ambientales.<\/p>\n","protected":false},"excerpt":{"rendered":"<p>Stefanny quiroz View more PowerPoint from stefyquiroz Mi nombre es Stefanny Quiroz tengo 17 a\u00f1os, me gradu\u00e9 en la Unidad Educativa Experimental FAE n.-3 \"Taura\" en la especializac\u00f3n de F\u00edsico-Matem\u00e1tico :). Vivo con mis padres y mis hermanos, mi mami Francisca (aunque todos le dicen Panchita), mi pap\u00e1 Robert, mi hermano Andr\u00e9s que tiene 12 [&hellip;]<\/p>\n","protected":false},"author":7538,"featured_media":0,"parent":0,"menu_order":0,"comment_status":"open","ping_status":"open","template":"","meta":{"footnotes":""},"class_list":["post-39","page","type-page","status-publish","hentry"],"_links":{"self":[{"href":"https:\/\/blog.espol.edu.ec\/stedquir\/wp-json\/wp\/v2\/pages\/39","targetHints":{"allow":["GET"]}}],"collection":[{"href":"https:\/\/blog.espol.edu.ec\/stedquir\/wp-json\/wp\/v2\/pages"}],"about":[{"href":"https:\/\/blog.espol.edu.ec\/stedquir\/wp-json\/wp\/v2\/types\/page"}],"author":[{"embeddable":true,"href":"https:\/\/blog.espol.edu.ec\/stedquir\/wp-json\/wp\/v2\/users\/7538"}],"replies":[{"embeddable":true,"href":"https:\/\/blog.espol.edu.ec\/stedquir\/wp-json\/wp\/v2\/comments?post=39"}],"version-history":[{"count":9,"href":"https:\/\/blog.espol.edu.ec\/stedquir\/wp-json\/wp\/v2\/pages\/39\/revisions"}],"predecessor-version":[{"id":163,"href":"https:\/\/blog.espol.edu.ec\/stedquir\/wp-json\/wp\/v2\/pages\/39\/revisions\/163"}],"wp:attachment":[{"href":"https:\/\/blog.espol.edu.ec\/stedquir\/wp-json\/wp\/v2\/media?parent=39"}],"curies":[{"name":"wp","href":"https:\/\/api.w.org\/{rel}","templated":true}]}}