{"id":25,"date":"2014-11-04T14:55:23","date_gmt":"2014-11-04T14:55:23","guid":{"rendered":"http:\/\/blog.espol.edu.ec\/steelmen\/?page_id=25"},"modified":"2014-11-10T23:02:43","modified_gmt":"2014-11-10T23:02:43","slug":"suenos-de-caracol","status":"publish","type":"page","link":"https:\/\/blog.espol.edu.ec\/steelmen\/suenos-de-caracol\/","title":{"rendered":"Sue\u00f1os de Caracol"},"content":{"rendered":"<div class=\"title\"><span style=\"color: #008000\"><a style=\"color: #008000;text-decoration: underline\" title=\"Preludio\/Real academia de la lengua espa\u00f1ola\" href=\"http:\/\/buscon.rae.es\/drae\/srv\/search?val=preludios\" target=\"_blank\" rel=\"bookmark\"><span style=\"color: #000000\">Mi<\/span><\/a><\/span><span style=\"text-decoration: underline\"><span style=\"color: #008000\"><a style=\"color: #008000;text-decoration: underline\" title=\"Preludio\/Real academia de la lengua espa\u00f1ola\" href=\"http:\/\/buscon.rae.es\/drae\/srv\/search?val=preludios\" target=\"_blank\" rel=\"bookmark\"> Preludio<\/a><\/span><\/span><\/div>\n<div class=\"entry\">\n<p>\u00a1Hola Compa\u00f1eros!<br \/>\nLes saluda Elizabeth Mendoza, una chica con sue\u00f1os de carac\u00f3l.<br \/>\n<span style=\"color: #008000\"><a style=\"color: #008000\" title=\"Escuela superior polit\u00e9cnica de litoral\" href=\"http:\/\/www.espol.edu.ec\/indexeng.aspx\" target=\"_blank\">Estudiante de la Escuela Superior Polit\u00e9cnica del Litoral<\/a>,<\/span> aspirante a <span style=\"color: #008000\"><a style=\"color: #008000\" title=\"Ingenier\u00eda en petr\u00f3leo\" href=\"http:\/\/es.wikipedia.org\/wiki\/Ingenier%C3%ADa_del_petr%C3%B3leo\" target=\"_blank\">Ingenier\u00eda en Petr\u00f3leos<\/a>.<\/span><br \/>\n19 Inviernos han pasado ya, y esto soy.<\/p>\n<p><a href=\"http:\/\/blog.espol.edu.ec\/steelmen\/files\/2014\/11\/316098_10200569006740552_1757153959_n.jpg\"><img loading=\"lazy\" decoding=\"async\" class=\" wp-image-92 aligncenter\" src=\"http:\/\/blog.espol.edu.ec\/steelmen\/files\/2014\/11\/316098_10200569006740552_1757153959_n-300x300.jpg\" alt=\"316098_10200569006740552_1757153959_n\" width=\"214\" height=\"214\" srcset=\"https:\/\/blog.espol.edu.ec\/steelmen\/files\/2014\/11\/316098_10200569006740552_1757153959_n-300x300.jpg 300w, https:\/\/blog.espol.edu.ec\/steelmen\/files\/2014\/11\/316098_10200569006740552_1757153959_n-150x150.jpg 150w, https:\/\/blog.espol.edu.ec\/steelmen\/files\/2014\/11\/316098_10200569006740552_1757153959_n.jpg 612w\" sizes=\"auto, (max-width: 214px) 100vw, 214px\" \/><\/a><\/p>\n<\/div>\n<p>\"Esta secci\u00f3n es escrita, gracias a los que pueden juzgar mi <span style=\"color: #008000\"><a style=\"color: #008000\" title=\"Juicio moral\" href=\"http:\/\/definicion.de\/juicio-moral\/\" target=\"_blank\">juicio<\/a><\/span> al tener sue\u00f1os como los de un animal tan peque\u00f1o como aquel que tan solo se desplaza 50\u00a0cent\u00edmetros\u00a0en una hora. Ellos se preguntan \u00bfqu\u00e9 tan lejos querr\u00e9 llegar en mi vida? \u00bfqu\u00e9 sue\u00f1os podr\u00eda tener un caracol?. Pero ahora yo me pregunto \u00bfqu\u00e9 sabemos nosotros de sue\u00f1os?. Acaso no son los sue\u00f1os, esa<span style=\"color: #008000\"> <a style=\"color: #008000\" title=\"Cumbre\" href=\"http:\/\/es.wikipedia.org\/wiki\/Cumbre\" target=\"_blank\">cumbre<\/a><\/span> que no puedes mirar. As\u00ed como el tiempo es <span style=\"color: #008000\"><a style=\"color: #008000\" title=\"relatividad\" href=\"http:\/\/es.wikipedia.org\/wiki\/Teor%C3%ADa_de_la_relatividad\" target=\"_blank\">relativo<\/a><\/span>, el espacio tambi\u00e9n lo es, y en medio de la selva, donde ning\u00fan humano a aparecido nunca, lo que para nosotros es una monta\u00f1a con una cumbre que desde all\u00ed no podemos mirar, para un caracol es exactamente lo mismo. Y ese peque\u00f1o animal solo conoce otros peque\u00f1os animales, unos mucho m\u00e1s peque\u00f1os, otros un poco m\u00e1s grandes. al igual que nosotros con nuestras amenazas y nuestros amenazados. Y ese caracol se cree due\u00f1o del mundo, y mira esa monta\u00f1a desde tan lejos, pero es su sue\u00f1o, es su tiempo perdido, es su triunfo ganado. Y si yo como persona sue\u00f1o escalar esa monta\u00f1a, lo conseguir\u00e9 y ser\u00e1 una cumbre descubierta, y aunque el recuerdo ser\u00e1 eterno, el triunfo ser\u00e1\u00a0moment\u00e1neo, tal vez ese tiempo perdido no valga la pena. De que te sirve gastar tu tiempo en realizar sue\u00f1os posibles, si tendr\u00e1s que volver a bajar de esa cima, si lo descubierto nunca \u00a0ser\u00e1 m\u00e1s interesante que lo imposible. Pero y \u00bfs\u00ed yo fuera un caracol? \u00bfrealmente podr\u00e9, \u00a0llegar hasta esa cima? No podr\u00e9, pero es mi sue\u00f1o, y cada luna que aparezca en mi cielo ser\u00e1 parte de mi triunfo y me har\u00e1 m\u00e1s feliz ,y as\u00ed cada que me sienta en la gloria pensando que llegu\u00e9 a la cima, tendr\u00e9 que seguir subiendo, y no tendr\u00e9 prisa por que ahora te das cuenta que no es una obligaci\u00f3n es tu vida el alcanzar un sue\u00f1o, es un motor,\u00a0y el triunfo no ser\u00e1\u00a0moment\u00e1neo \u00a0y el tiempo si valdr\u00e1 la pena, porque cuando mi alma se separ\u00e9 de mi cuerpo y se eleve, yo ver\u00e9 esa cima, y solo ah\u00ed confirmar\u00e9 que esa felicidad que me daba la luna, el amanecer, el paisaje, el amor, la <span style=\"color: #008000\"><a style=\"color: #008000\" title=\"utop\u00eda\" href=\"http:\/\/es.wikipedia.org\/wiki\/Utop%C3%ADa\" target=\"_blank\">utop\u00eda<\/a><\/span>, es lo \u00fanico que llega a importar al final del camino. Y El triunfo eterno ser\u00e1 este: So\u00f1ar tan grande como puedas, con una cumbre que nunca puedas mirar, y ser feliz con cada astro en el cielo, con cada gota de lluvia en el suelo, con cada ca\u00edda y cada paso de hierro, porque al final del camino, la felicidad ser\u00e1 lo \u00fanico que importa.\"<\/p>\n","protected":false},"excerpt":{"rendered":"<p>Mi Preludio \u00a1Hola Compa\u00f1eros! Les saluda Elizabeth Mendoza, una chica con sue\u00f1os de carac\u00f3l. Estudiante de la Escuela Superior Polit\u00e9cnica del Litoral, aspirante a Ingenier\u00eda en Petr\u00f3leos. 19 Inviernos han pasado ya, y esto soy. \"Esta secci\u00f3n es escrita, gracias a los que pueden juzgar mi juicio al tener sue\u00f1os como los de un animal [&hellip;]<\/p>\n","protected":false},"author":9368,"featured_media":0,"parent":0,"menu_order":0,"comment_status":"open","ping_status":"open","template":"","meta":{"footnotes":""},"class_list":["post-25","page","type-page","status-publish","hentry"],"_links":{"self":[{"href":"https:\/\/blog.espol.edu.ec\/steelmen\/wp-json\/wp\/v2\/pages\/25","targetHints":{"allow":["GET"]}}],"collection":[{"href":"https:\/\/blog.espol.edu.ec\/steelmen\/wp-json\/wp\/v2\/pages"}],"about":[{"href":"https:\/\/blog.espol.edu.ec\/steelmen\/wp-json\/wp\/v2\/types\/page"}],"author":[{"embeddable":true,"href":"https:\/\/blog.espol.edu.ec\/steelmen\/wp-json\/wp\/v2\/users\/9368"}],"replies":[{"embeddable":true,"href":"https:\/\/blog.espol.edu.ec\/steelmen\/wp-json\/wp\/v2\/comments?post=25"}],"version-history":[{"count":14,"href":"https:\/\/blog.espol.edu.ec\/steelmen\/wp-json\/wp\/v2\/pages\/25\/revisions"}],"predecessor-version":[{"id":122,"href":"https:\/\/blog.espol.edu.ec\/steelmen\/wp-json\/wp\/v2\/pages\/25\/revisions\/122"}],"wp:attachment":[{"href":"https:\/\/blog.espol.edu.ec\/steelmen\/wp-json\/wp\/v2\/media?parent=25"}],"curies":[{"name":"wp","href":"https:\/\/api.w.org\/{rel}","templated":true}]}}