{"id":31,"date":"2014-11-04T15:04:50","date_gmt":"2014-11-04T15:04:50","guid":{"rendered":"http:\/\/blog.espol.edu.ec\/steelmen\/?page_id=31"},"modified":"2014-11-10T23:41:24","modified_gmt":"2014-11-10T23:41:24","slug":"frases-especiales","status":"publish","type":"page","link":"https:\/\/blog.espol.edu.ec\/steelmen\/frases-especiales\/","title":{"rendered":"Frases Especiales"},"content":{"rendered":"<address id=\"frase\" class=\"ptsans\" style=\"text-align: center\"><span style=\"color: #008000\"><strong>\"Si me preguntan qu\u00e9 es mi poes\u00eda debo decirles no s\u00e9; pero si le preguntan a mi poes\u00eda, ella les dir\u00e1 qui\u00e9n soy yo\"<\/strong><\/span><br \/>\n<a title=\"Pablo Neruda\" href=\"http:\/\/es.wikipedia.org\/wiki\/Pablo_Neruda\" target=\"_blank\"><span style=\"color: #008000\"> <strong> PABLO NERUDA<\/strong><\/span><\/a><\/address>\n<address class=\"ptsans\" style=\"text-align: center\">\u00a0<strong style=\"color: #008000\"><a href=\"http:\/\/blog.espol.edu.ec\/steelmen\/files\/2014\/11\/1073316_10200903569264406_1096810682_o.jpg\"><img loading=\"lazy\" decoding=\"async\" class=\"alignnone size-thumbnail wp-image-112\" src=\"http:\/\/blog.espol.edu.ec\/steelmen\/files\/2014\/11\/1073316_10200903569264406_1096810682_o-150x150.jpg\" alt=\"1073316_10200903569264406_1096810682_o\" width=\"150\" height=\"150\" srcset=\"https:\/\/blog.espol.edu.ec\/steelmen\/files\/2014\/11\/1073316_10200903569264406_1096810682_o-150x150.jpg 150w, https:\/\/blog.espol.edu.ec\/steelmen\/files\/2014\/11\/1073316_10200903569264406_1096810682_o-298x300.jpg 298w, https:\/\/blog.espol.edu.ec\/steelmen\/files\/2014\/11\/1073316_10200903569264406_1096810682_o.jpg 954w\" sizes=\"auto, (max-width: 150px) 100vw, 150px\" \/><\/a><\/strong><\/address>\n<address class=\"ptsans\" style=\"text-align: center\">\n<ul>\n<li style=\"text-align: left\">\u00a0<span style=\"color: #000000\">\"Eran amantes eternos, buscarse y encontrarse una y otra vez era su <span style=\"color: #008000\"><a style=\"color: #008000\" title=\"Karma\" href=\"http:\/\/buscon.rae.es\/drae\/srv\/search?val=karma\" target=\"_blank\">karma<\/a><\/span>.\"<br \/>\n<\/span><span style=\"color: #000000;text-align: center\"><span style=\"color: #000000;text-align: center\"><span style=\"color: #000000;text-align: center\"><span style=\"color: #000000;text-align: center\"><span style=\"color: #99cc00\"><a style=\"color: #99cc00\" title=\"Isabel Allende\" href=\"http:\/\/es.wikipedia.org\/wiki\/Isabel_Allende\" target=\"_blank\">ISABEL ALLENDE<\/a><\/span><\/span><\/span><\/span><\/span>&nbsp;<\/li>\n<li style=\"text-align: left\"><span style=\"color: #000000;text-align: center\">\"Extra\u00f1ar es el precio que se paga por vivir momentos inolvidables\"<br \/>\n<\/span><span style=\"color: #000000;text-align: center\">AN\u00d3NIMO<\/span><\/li>\n<\/ul>\n<ul>\n<li style=\"text-align: left\"><span style=\"color: #000000;text-align: center\">\"No te vayas a morir sin probar la maravilla de tirar con amor\"<br \/>\n<\/span><span style=\"color: #99cc00\"><a style=\"color: #99cc00\" title=\"Gabriel Garc\u00eda M\u00e1rquez\" href=\"http:\/\/es.wikipedia.org\/wiki\/Gabriel_Garc%C3%ADa_M%C3%A1rquez\" target=\"_blank\"><span style=\"text-align: center\">GABRIEL GARC\u00cdA M\u00c1RQUEZ<\/span><\/a><\/span><\/li>\n<\/ul>\n<ul>\n<li style=\"text-align: left\">\"Si vienes, por ejemplo, a las cuatro de la tarde, comenzar\u00e9 a ser feliz desde las tres\"<br \/>\n<span style=\"color: #99cc00\"><a style=\"color: #99cc00\" title=\"Antonie de Saint-Exupery\" href=\"http:\/\/es.wikipedia.org\/wiki\/Antoine_de_Saint-Exup%C3%A9ry\" target=\"_blank\"><em>ANTOINE DE SAINT-EXUPERY<\/em><\/a><\/span><\/li>\n<\/ul>\n<\/address>\n<address class=\"ptsans\" style=\"text-align: center\">\n<ul>\n<li style=\"text-align: left\">\"Encuentra lo que amas y deja que te mate\"<br \/>\n<span style=\"color: #99cc00\"><a style=\"color: #99cc00\" title=\"Charles Bukowski\" href=\"http:\/\/es.wikipedia.org\/wiki\/Charles_Bukowski\" target=\"_blank\"><span style=\"text-align: center\">CHARLES BUKOWSKI<\/span><\/a><\/span><\/li>\n<\/ul>\n<ul>\n<li style=\"text-align: left\">\"Desde que despertamos juntos aprend\u00ed que no todas las soledades son <span style=\"color: #008000\"><a style=\"color: #008000\" title=\"Perpetua\" href=\"http:\/\/buscon.rae.es\/drae\/srv\/search?val=perpetuas\" target=\"_blank\">perpetuas<\/a><\/span>\"<br \/>\n<span style=\"text-align: center\">AN\u00d3NIMO<\/span><\/li>\n<\/ul>\n<ul>\n<li style=\"text-align: left\">\"Yo era un aburrido sin remedio y ella era fascinante hasta el infinito\"<br \/>\n<span style=\"color: #99cc00\"><a style=\"color: #99cc00\" title=\"JOHN GREEN\" href=\"http:\/\/es.wikipedia.org\/wiki\/John_Green\" target=\"_blank\"><span style=\"text-align: center\">JOHN GREEN<\/span><\/a><\/span><\/li>\n<\/ul>\n<ul>\n<li style=\"text-align: left\">\"Recordar es f\u00e1cil para el que tiene memoria. Olvidar es dif\u00edcil para el que tiene coraz\u00f3n\"<br \/>\n<span style=\"color: #99cc00\"><a style=\"color: #99cc00\" title=\"Gabriel Garc\u00eda M\u00e1rquez\" href=\"http:\/\/es.wikipedia.org\/wiki\/Gabriel_Garc%C3%ADa_M%C3%A1rquez\" target=\"_blank\"><span style=\"text-align: center\">GABRIEL GARC\u00cdA M\u00c1RQUEZ<\/span><\/a><\/span><\/li>\n<\/ul>\n<ul>\n<li style=\"text-align: left\">\"Los seres humanos no nacen para siempre el d\u00eda en que sus madres los alumbran, sino que la vida la vida los obliga a parirse a s\u00ed mismos una y otra vez\"<br \/>\n<span style=\"color: #99cc00\"><a style=\"color: #99cc00\" title=\"Gabriel Garc\u00eda M\u00e1rquez\" href=\"http:\/\/es.wikipedia.org\/wiki\/Gabriel_Garc%C3%ADa_M%C3%A1rquez\" target=\"_blank\"><span style=\"text-align: center\">GABRIEL GARC\u00cdA M\u00c1RQUEZ<\/span><\/a><\/span><\/li>\n<\/ul>\n<ul>\n<li style=\"text-align: left\">\"El \u00fanico amor <span style=\"color: #008000\"><a style=\"color: #008000\" title=\"consecuente\" href=\"http:\/\/lema.rae.es\/drae\/srv\/search?key=consecuente\" target=\"_blank\">consecuente<\/a><\/span>, fiel, comprensivo, que todo lo perdona, que nunca nos defrauda, y nos acompa\u00f1a hasta la muerte es el amor propio\"<br \/>\n<span style=\"color: #99cc00\"><a style=\"color: #99cc00\" title=\"Oscar Wilde\" href=\"http:\/\/es.wikipedia.org\/wiki\/Oscar_Wilde\" target=\"_blank\"><span style=\"text-align: center\">OSCAR WILDE<\/span><\/a><\/span><\/li>\n<\/ul>\n<ul>\n<li style=\"text-align: left\">\"He amado hasta llegar a la locura; y eso a lo que llaman locura, para m\u00ed, es la \u00fanica forma <span style=\"color: #008000\"><a style=\"color: #008000\" title=\"sensata\" href=\"http:\/\/lema.rae.es\/drae\/srv\/search?id=OetwKtR1yDXX2UrrUNwh\" target=\"_blank\">sensata<\/a><\/span> de amar.\"<br \/>\n<span style=\"color: #99cc00\"><a style=\"color: #99cc00\" title=\"FRANCOISE SAGAN\" href=\"http:\/\/es.wikipedia.org\/wiki\/Fran%C3%A7oise_Sagan\" target=\"_blank\"><span style=\"text-align: center\">FRANCOISE SAGAN<\/span><\/a><\/span><\/li>\n<\/ul>\n<ul>\n<li style=\"text-align: left\">\"\u00c1ndate con cuidado cuando expulses tus demonios. No vayas a desechar lo mejor de t\u00ed\"<br \/>\n<span style=\"color: #99cc00\"><a style=\"color: #99cc00\" title=\"NIETZSCHE\" href=\"http:\/\/es.wikipedia.org\/wiki\/Friedrich_Nietzsche\" target=\"_blank\"><span style=\"text-align: center\">NIETZSCHE<\/span><\/a><\/span><\/li>\n<\/ul>\n<ul>\n<li style=\"text-align: left\">\"M\u00e1s que besarla, m\u00e1s que acostarnos juntos, m\u00e1s que ninguna otra cosa, ella me daba la mano y eso era amor\"<br \/>\n<span style=\"color: #99cc00\"><a style=\"color: #99cc00\" title=\"MARIO BENEDETTI\" href=\"http:\/\/es.wikipedia.org\/wiki\/Mario_Benedetti\" target=\"_blank\"><span style=\"text-align: center\">MARIO BENEDETTI<\/span><\/a><\/span><\/li>\n<\/ul>\n<ul>\n<li style=\"text-align: left\">\"Por una mirada, un mundo, por una sonrisa, un cielo, por un beso.. yo no s\u00e9 qu\u00e9 te diera por un beso\"<br \/>\n<span style=\"color: #99cc00\"><a style=\"color: #99cc00\" title=\"GUSTAVO ADOLFO B\u00c9CQuER\" href=\"http:\/\/es.wikipedia.org\/wiki\/Gustavo_Adolfo_B%C3%A9cquer\" target=\"_blank\"><span style=\"text-align: center\">GUSTAVO ADOLFO B\u00c9CQUER<\/span><\/a><\/span><\/li>\n<\/ul>\n<ul>\n<li style=\"text-align: left\">\"Donde no puedas amar no te demores\"<br \/>\n<span style=\"color: #99cc00\"><a style=\"color: #99cc00\" title=\"Frida Khalo\" href=\"http:\/\/es.wikipedia.org\/wiki\/Frida_Kahlo\" target=\"_blank\"><span style=\"text-align: center\">FRIDA KHALO<\/span><\/a><\/span><\/li>\n<\/ul>\n<ul>\n<li style=\"text-align: left\">\"Es muy posible que lo que le voy a decir le parezca una locura. Si es as\u00ed, me lo dice no m\u00e1s. Pero no quiero andar con rodeos: creo que estoy enamorado de usted\"<br \/>\n<span style=\"color: #99cc00\"><a style=\"color: #99cc00\" title=\"MARIO BENEDETTI\" href=\"http:\/\/es.wikipedia.org\/wiki\/Mario_Benedetti\" target=\"_blank\"><span style=\"text-align: center\">MARIO BENEDETTI<\/span><\/a><\/span><\/li>\n<\/ul>\n<ul>\n<li style=\"text-align: left\">\"Bastante trabajo me ha costado cometer mis pecados como para <span style=\"color: #008000\"><a style=\"color: #008000\" title=\"Malbaratar\" href=\"http:\/\/buscon.rae.es\/drae\/srv\/search?val=malbarate\" target=\"_blank\">malbaratarlos<\/a><\/span> en arrepentimientos <span style=\"color: #008000\"><a style=\"color: #008000\" title=\"vano\" href=\"http:\/\/buscon.rae.es\/drae\/srv\/search?id=oL49tZ2ygDXX2TD7ZamL\" target=\"_blank\">vanos<\/a><\/span>\"<br \/>\n<span style=\"color: #99cc00\"><a style=\"color: #99cc00\" title=\"JOAQU\u00cdN SABINA\" href=\"http:\/\/es.wikipedia.org\/wiki\/Joaqu%C3%ADn_Sabina\" target=\"_blank\"><span style=\"text-align: center\">JOAQU\u00cdN SABINA<\/span><\/a><\/span><\/li>\n<\/ul>\n<ul>\n<li style=\"text-align: left\">\"\u00bf'Se pueden inventar verbos? Quiero decirte uno: Yo te cielo, as\u00ed mis alas se extienden enormes para amarte sin medida.\"<br \/>\n<span style=\"color: #99cc00\"><a style=\"color: #99cc00\" title=\"FRIDA KHALO\" href=\"http:\/\/es.wikipedia.org\/wiki\/Frida_Kahlo\" target=\"_blank\"><span style=\"text-align: center\">FRIDA KAHLO<\/span><\/a><\/span><\/li>\n<\/ul>\n<ul>\n<li style=\"text-align: left\">\"Y dicen que por muy corto que sea el camino, quien pisa fuerte, deja huella.\"<br \/>\n<span style=\"color: #99cc00\"><a style=\"color: #99cc00\" title=\"KURT COBAIN\" href=\"http:\/\/es.wikipedia.org\/wiki\/Kurt_Cobain\" target=\"_blank\"><span style=\"text-align: center\">KURT COBAIN<\/span><\/a><\/span><\/li>\n<\/ul>\n<ul>\n<li style=\"text-align: left\">\"Si no te aman como mereces, decl\u00e1rate en \"desobediencia afectiva\", vete, ni\u00e9gate a seguir; el buen amor es rec\u00edproco\"<br \/>\n<span style=\"color: #99cc00\"><a style=\"color: #99cc00\" title=\"WALTER RISO\" href=\"http:\/\/www.walter-riso.com\/\" target=\"_blank\"><span style=\"text-align: center\">WALTER RISO<\/span><\/a><\/span><\/li>\n<\/ul>\n<ul>\n<li style=\"text-align: left\">\"Como si se pudiese elegir en el amor, como si no fuera un rayo que te parte los huesos y te deja <span style=\"color: #008000\"><a style=\"color: #008000\" title=\"estaqueado\" href=\"http:\/\/buscon.rae.es\/drae\/srv\/search?id=iiesZjXSqDXX2EAW5Mtg\" target=\"_blank\">estaqueado<\/a><\/span> en la mitad del patio\"<br \/>\n<span style=\"color: #99cc00\"><a style=\"color: #99cc00\" title=\"JULIO CORT\u00c1ZAR\" href=\"http:\/\/es.wikipedia.org\/wiki\/Julio_Cort%C3%A1zar\" target=\"_blank\"><span style=\"text-align: center\">JULIO CORT\u00c1ZAR<\/span><\/a><\/span><\/li>\n<\/ul>\n<ul>\n<li style=\"text-align: left\">\"Nadie muere de amor, ni por falta ni por sobra.\"<br \/>\n<span style=\"color: #99cc00\"><a style=\"color: #99cc00\" title=\"CHAVELA VARGAS\" href=\"http:\/\/es.wikipedia.org\/wiki\/Chavela_Vargas\" target=\"_blank\"><span style=\"text-align: center\">CHAVELA VARGAS<\/span><\/a><\/span><\/li>\n<\/ul>\n<ul>\n<li style=\"text-align: left\">\"Tus ojos en mis ojos detienen el tiempo, \u00a1\u00a1M\u00edrame!! m\u00edrame solo un segundo y hazme inmortal para siempre.\"<br \/>\n<span style=\"color: #99cc00\"><a style=\"color: #99cc00\" title=\"Julio Cort\u00e1zar\" href=\"http:\/\/es.wikipedia.org\/wiki\/Julio_Cort%C3%A1zar\" target=\"_blank\"><span style=\"text-align: center\">JULIO CORT\u00c1ZAR<\/span><\/a><\/span><\/li>\n<\/ul>\n<ul>\n<li style=\"text-align: left\">\"El coraz\u00f3n es como un hotel de putas\"<br \/>\n<span style=\"color: #99cc00\"><a style=\"color: #99cc00\" title=\"Gabriel Garc\u00eda M\u00e1rquez\" href=\"http:\/\/es.wikipedia.org\/wiki\/Gabriel_Garc%C3%ADa_M%C3%A1rquez\" target=\"_blank\"><span style=\"text-align: center\">GABRIEL GARC\u00cdA M\u00c1RQUEZ<\/span><\/a><\/span><\/li>\n<\/ul>\n<ul>\n<li style=\"text-align: left\">\"\u00bfQu\u00e9 significa domesticar? -Es algo demasiado olvidado -dijo el zorro. -Significa crear lazos\"<br \/>\n<span style=\"color: #99cc00\"><a style=\"color: #99cc00\" title=\"ANTOINE DE SAINT-EXUPERY\" href=\"http:\/\/es.wikipedia.org\/wiki\/Antoine_de_Saint-Exup%C3%A9ry\" target=\"_blank\"><em style=\"text-align: center\">ANTOINE DE SAINT-EXUPERY<\/em><\/a><\/span><\/li>\n<\/ul>\n<ul>\n<li style=\"text-align: left\">\"Ir\u00f3nicamente, la obsesi\u00f3n de querer dormir contigo, es la que hoy no me deja dormir\"<br \/>\n<span style=\"color: #99cc00\"><a style=\"color: #99cc00\" title=\"ENRIQUE MORA\" href=\"https:\/\/www.facebook.com\/EnriqueMoraCa?fref=nf\" target=\"_blank\"><span style=\"text-align: center\">ENRIQUE MORA<\/span><\/a><\/span><\/li>\n<\/ul>\n<ul>\n<li style=\"text-align: left\">\"-De algo hay que morir- dijo el gato rom\u00e1ntico cuando se enamor\u00f3 por s\u00e9ptima vez.\"<br \/>\n<span style=\"text-align: center\">AN\u00d3NIMO<\/span><\/li>\n<\/ul>\n<ul>\n<li style=\"text-align: left\">\"No me tientes, que si nos tentamos no nos podremos olvidar.\"<br \/>\n<span style=\"color: #99cc00\"><a style=\"color: #99cc00\" title=\"MARIO BENEDETTI\" href=\"http:\/\/es.wikipedia.org\/wiki\/Mario_Benedetti\" target=\"_blank\"><span style=\"text-align: center\">MARIO BENEDETTI<\/span><\/a><\/span><\/li>\n<\/ul>\n<ul>\n<li style=\"text-align: left\">\"Amar a alguien es una cosa. Que alguien te ame es otra. \u00a0Pero que te ame la misma persona que amas, lo es todo.\"<br \/>\n<span style=\"color: #99cc00\"><a style=\"color: #99cc00\" title=\"PAULO COELHO\" href=\"http:\/\/es.wikipedia.org\/wiki\/Paulo_Coelho\" target=\"_blank\"><span style=\"text-align: center\">PAULO COELHO<\/span><\/a><\/span><\/li>\n<\/ul>\n<\/address>\n","protected":false},"excerpt":{"rendered":"<p>\"Si me preguntan qu\u00e9 es mi poes\u00eda debo decirles no s\u00e9; pero si le preguntan a mi poes\u00eda, ella les dir\u00e1 qui\u00e9n soy yo\" PABLO NERUDA \u00a0 \u00a0\"Eran amantes eternos, buscarse y encontrarse una y otra vez era su karma.\" ISABEL ALLENDE&nbsp; \"Extra\u00f1ar es el precio que se paga por vivir momentos inolvidables\" AN\u00d3NIMO \"No [&hellip;]<\/p>\n","protected":false},"author":9368,"featured_media":0,"parent":0,"menu_order":0,"comment_status":"open","ping_status":"open","template":"","meta":{"footnotes":""},"class_list":["post-31","page","type-page","status-publish","hentry"],"_links":{"self":[{"href":"https:\/\/blog.espol.edu.ec\/steelmen\/wp-json\/wp\/v2\/pages\/31","targetHints":{"allow":["GET"]}}],"collection":[{"href":"https:\/\/blog.espol.edu.ec\/steelmen\/wp-json\/wp\/v2\/pages"}],"about":[{"href":"https:\/\/blog.espol.edu.ec\/steelmen\/wp-json\/wp\/v2\/types\/page"}],"author":[{"embeddable":true,"href":"https:\/\/blog.espol.edu.ec\/steelmen\/wp-json\/wp\/v2\/users\/9368"}],"replies":[{"embeddable":true,"href":"https:\/\/blog.espol.edu.ec\/steelmen\/wp-json\/wp\/v2\/comments?post=31"}],"version-history":[{"count":15,"href":"https:\/\/blog.espol.edu.ec\/steelmen\/wp-json\/wp\/v2\/pages\/31\/revisions"}],"predecessor-version":[{"id":125,"href":"https:\/\/blog.espol.edu.ec\/steelmen\/wp-json\/wp\/v2\/pages\/31\/revisions\/125"}],"wp:attachment":[{"href":"https:\/\/blog.espol.edu.ec\/steelmen\/wp-json\/wp\/v2\/media?parent=31"}],"curies":[{"name":"wp","href":"https:\/\/api.w.org\/{rel}","templated":true}]}}