{"id":101,"date":"2010-08-08T07:13:29","date_gmt":"2010-08-08T07:13:29","guid":{"rendered":"http:\/\/blog.espol.edu.ec\/steffych\/?page_id=101"},"modified":"2010-08-10T13:42:11","modified_gmt":"2010-08-10T13:42:11","slug":"manifestaciones-de-amor","status":"publish","type":"page","link":"https:\/\/blog.espol.edu.ec\/steffych\/manifestaciones-de-amor\/","title":{"rendered":"-Manifestaciones de Amor*"},"content":{"rendered":"<p><a href=\"http:\/\/blog.espol.edu.ec\/steffych\/files\/2010\/08\/imag.jpg\"><img loading=\"lazy\" decoding=\"async\" class=\"alignleft size-full wp-image-102\" title=\"Amor\" src=\"http:\/\/blog.espol.edu.ec\/steffych\/files\/2010\/08\/imag.jpg\" alt=\"\" width=\"167\" height=\"167\" srcset=\"https:\/\/blog.espol.edu.ec\/steffych\/files\/2010\/08\/imag.jpg 167w, https:\/\/blog.espol.edu.ec\/steffych\/files\/2010\/08\/imag-150x150.jpg 150w\" sizes=\"auto, (max-width: 167px) 100vw, 167px\" \/><\/a><\/p>\n<h3><span style=\"text-decoration: underline\"><span style=\"color: #33cccc\">En las relaciones de la persona con su medio, el amor puede presentar una o m\u00e1s de una de las manifestaciones siguientes:<\/span><\/span><\/h3>\n<h3><a href=\"http:\/\/blog.espol.edu.ec\/steffych\/files\/2010\/08\/images4.jpg\"><img loading=\"lazy\" decoding=\"async\" class=\"aligncenter size-full wp-image-103\" title=\"Amor\" src=\"http:\/\/blog.espol.edu.ec\/steffych\/files\/2010\/08\/images4.jpg\" alt=\"\" width=\"256\" height=\"197\" \/><\/a>\u00a0<\/h3>\n<p>\u00a0<\/p>\n<ul>\n<li>\n<h3><span style=\"text-decoration: underline\"><span style=\"color: #ff6600\">Amor autopersonal:<\/span><\/span> La <a title=\"Autoestima\" href=\"http:\/\/es.wikipedia.org\/wiki\/Autoestima\">autoestima<\/a> o amor propio es el amor hacia uno mismo. Es algo positivo para el desarrollo personal e indispensable para las buenas relaciones interpersonales. Se basa en la aceptaci\u00f3n de las virtudes y defectos propios y la percepci\u00f3n de \u00e9stos en su justa medida. No debe confundirse con el <a title=\"Narcisismo\" href=\"http:\/\/es.wikipedia.org\/wiki\/Narcisismo\">narcisismo<\/a>, que conlleva <a title=\"Egocentrismo\" href=\"http:\/\/es.wikipedia.org\/wiki\/Egocentrismo\">egocentrismo<\/a> y que suele existir como consecuencia de una autoestima baja. Vulgarmente y con frecuencia se malinterpreta el concepto de autoestima al referirse al narcisismo patol\u00f3gico como \u00abautoestima demasiado alta\u00bb o \u00abdemasiado amor propio\u00bb. La autoestima es el requisito necesario para que exista amor real en cualquiera de sus manifestaciones.<\/h3>\n<\/li>\n<\/ul>\n<h4>\u00a0<a href=\"http:\/\/blog.espol.edu.ec\/steffych\/files\/2010\/08\/22.jpg\"><img loading=\"lazy\" decoding=\"async\" class=\"aligncenter size-full wp-image-104\" title=\"amor autopersonal\" src=\"http:\/\/blog.espol.edu.ec\/steffych\/files\/2010\/08\/22.jpg\" alt=\"\" width=\"110\" height=\"85\" \/><\/a><\/h4>\n<h4>\u00a0<\/h4>\n<p>\u00a0<\/p>\n<h4>\u00a0<\/h4>\n<ul>\n<li>\n<h4><span style=\"color: #ff6600\"><span style=\"text-decoration: underline\">Amor incondicional:<\/span><\/span> Es el que se profesa sin esperar nada a cambio. El amor espiritual, predicado por las diferentes religiones, es el amor incondicional por antonomasia. El amor maternal, o amor de madre a hijo, se reconoce tambi\u00e9n como amor de este tipo; este \u00faltimo, por tradici\u00f3n, se considera motivado por un fuerte instinto que lo hace especialmente intenso; no obstante, hay tambi\u00e9n quien cuestiona la existencia de dicho instinto.<\/h4>\n<\/li>\n<\/ul>\n<h4><a href=\"http:\/\/blog.espol.edu.ec\/steffych\/files\/2010\/08\/fafaf.jpg\"><img loading=\"lazy\" decoding=\"async\" class=\"aligncenter size-full wp-image-106\" title=\"Amor incondicional\" src=\"http:\/\/blog.espol.edu.ec\/steffych\/files\/2010\/08\/fafaf.jpg\" alt=\"\" width=\"259\" height=\"194\" \/><\/a><\/h4>\n<h4>\u00a0<\/h4>\n<h4>\u00a0<\/h4>\n<h4>\u00a0<\/h4>\n<p>\u00a0<\/p>\n<ul>\n<li>\n<h4><span style=\"text-decoration: underline\"><span style=\"color: #ff6600\">Amor filial:<\/span><\/span>Entre hijos y padres (y, por extensi\u00f3n, entre descendientes y ancestros).<\/h4>\n<\/li>\n<\/ul>\n<h4>\u00a0<a href=\"http:\/\/blog.espol.edu.ec\/steffych\/files\/2010\/08\/ddddd.jpg\"><img loading=\"lazy\" decoding=\"async\" class=\"alignleft size-full wp-image-107\" title=\"Amor filial\" src=\"http:\/\/blog.espol.edu.ec\/steffych\/files\/2010\/08\/ddddd.jpg\" alt=\"\" width=\"118\" height=\"89\" \/><\/a><\/h4>\n<p>\u00a0<a href=\"http:\/\/blog.espol.edu.ec\/steffych\/files\/2010\/08\/dd.jpg\"><img loading=\"lazy\" decoding=\"async\" class=\"alignright size-full wp-image-108\" title=\"amor filial\" src=\"http:\/\/blog.espol.edu.ec\/steffych\/files\/2010\/08\/dd.jpg\" alt=\"\" width=\"105\" height=\"111\" \/><\/a><\/p>\n<h4>\u00a0<\/h4>\n<h4>\u00a0<\/h4>\n<h4>\u00a0<\/h4>\n<ul>\n<li>\n<h4><span style=\"color: #ff6600\"><span style=\"text-decoration: underline\">Amor fraternal:<\/span><\/span> En su sentido estricto, es el afecto entre hermanos, aunque puede extenderse a otros parientes exceptuados los padres y los descendientes. Nace de un sentimiento profundo de gratitud y reconocimiento a la familia, y se manifiesta por emociones que apuntan a la convivencia, la colaboraci\u00f3n y la identificaci\u00f3n de cada sujeto dentro de una estructura de <a title=\"Parentesco\" href=\"http:\/\/es.wikipedia.org\/wiki\/Parentesco\">parentesco<\/a>. Lo mismo que el amor filial, y desde el punto de vista del <a title=\"Psicoan\u00e1lisis\" href=\"http:\/\/es.wikipedia.org\/wiki\/Psicoan%C3%A1lisis\">psicoan\u00e1lisis<\/a>, el fraternal es <a title=\"Sublimaci\u00f3n (psicolog\u00eda)\" href=\"http:\/\/es.wikipedia.org\/wiki\/Sublimaci%C3%B3n_(psicolog%C3%ADa)\">sublimado<\/a>, ya que est\u00e1 fundado en la interdicci\u00f3n del <a title=\"Incesto\" href=\"http:\/\/es.wikipedia.org\/wiki\/Incesto\">incesto<\/a>.<strong>[9]<\/strong><\/h4>\n<\/li>\n<\/ul>\n<h4><a href=\"http:\/\/blog.espol.edu.ec\/steffych\/files\/2010\/08\/kkkkk.jpg\"><img loading=\"lazy\" decoding=\"async\" class=\"alignleft size-full wp-image-109\" title=\"Amor fraternal\" src=\"http:\/\/blog.espol.edu.ec\/steffych\/files\/2010\/08\/kkkkk.jpg\" alt=\"\" width=\"116\" height=\"77\" \/><\/a><\/h4>\n<h4>\u00a0<\/h4>\n<p>\u00a0<\/p>\n<p><a title=\"Amistad\" href=\"http:\/\/es.wikipedia.org\/wiki\/Amistad\"><span style=\"color: #ffffff\">Amistad<\/span><\/a><span style=\"color: #ffffff\">: Cercano al amor fraternal, es un sentimiento que nace de la necesidad de los seres humanos de socializar.<\/span><\/p>\n","protected":false},"excerpt":{"rendered":"<p>En las relaciones de la persona con su medio, el amor puede presentar una o m\u00e1s de una de las manifestaciones siguientes: \u00a0 \u00a0 Amor autopersonal: La autoestima o amor propio es el amor hacia uno mismo. Es algo positivo para el desarrollo personal e indispensable para las buenas relaciones interpersonales. Se basa en la [&hellip;]<\/p>\n","protected":false},"author":3992,"featured_media":0,"parent":0,"menu_order":0,"comment_status":"open","ping_status":"open","template":"","meta":{"footnotes":""},"class_list":["post-101","page","type-page","status-publish","hentry"],"_links":{"self":[{"href":"https:\/\/blog.espol.edu.ec\/steffych\/wp-json\/wp\/v2\/pages\/101","targetHints":{"allow":["GET"]}}],"collection":[{"href":"https:\/\/blog.espol.edu.ec\/steffych\/wp-json\/wp\/v2\/pages"}],"about":[{"href":"https:\/\/blog.espol.edu.ec\/steffych\/wp-json\/wp\/v2\/types\/page"}],"author":[{"embeddable":true,"href":"https:\/\/blog.espol.edu.ec\/steffych\/wp-json\/wp\/v2\/users\/3992"}],"replies":[{"embeddable":true,"href":"https:\/\/blog.espol.edu.ec\/steffych\/wp-json\/wp\/v2\/comments?post=101"}],"version-history":[{"count":3,"href":"https:\/\/blog.espol.edu.ec\/steffych\/wp-json\/wp\/v2\/pages\/101\/revisions"}],"predecessor-version":[{"id":180,"href":"https:\/\/blog.espol.edu.ec\/steffych\/wp-json\/wp\/v2\/pages\/101\/revisions\/180"}],"wp:attachment":[{"href":"https:\/\/blog.espol.edu.ec\/steffych\/wp-json\/wp\/v2\/media?parent=101"}],"curies":[{"name":"wp","href":"https:\/\/api.w.org\/{rel}","templated":true}]}}