{"id":2,"date":"2010-05-25T19:09:58","date_gmt":"2010-05-25T19:09:58","guid":{"rendered":""},"modified":"2019-10-22T15:26:23","modified_gmt":"2019-10-22T15:26:23","slug":"about","status":"publish","type":"page","link":"https:\/\/blog.espol.edu.ec\/steffych\/about\/","title":{"rendered":"** My life **"},"content":{"rendered":"<h1 style=\"text-align: center\"><span style=\"text-decoration: underline\">Name:<\/span><\/h1>\n<h3 style=\"text-align: center\"><span style=\"color: #0000ff\">Stephanie Ch\u00e9rrez Murillo<\/span><\/h3>\n<p style=\"text-align: center\"><a href=\"http:\/\/blog.espol.edu.ec\/steffych\/files\/2010\/05\/DSC03175.jpg\"><img loading=\"lazy\" decoding=\"async\" class=\"size-medium wp-image-28 aligncenter\" title=\"Linda... IO\" src=\"http:\/\/blog.espol.edu.ec\/steffych\/files\/2010\/05\/DSC03175-200x300.jpg\" alt=\"Io la m\u00e1s lindap=)\" width=\"200\" height=\"300\" srcset=\"https:\/\/blog.espol.edu.ec\/steffych\/files\/2010\/05\/DSC03175-200x300.jpg 200w, https:\/\/blog.espol.edu.ec\/steffych\/files\/2010\/05\/DSC03175-682x1024.jpg 682w\" sizes=\"auto, (max-width: 200px) 100vw, 200px\" \/><\/a><\/p>\n<p><strong><span style=\"color: #ff00ff\">Years<\/span><\/strong>: 17 a\u00f1itus...<\/p>\n<p><strong><span style=\"color: #ff00ff\">My BiRThdaY:<\/span><\/strong> 26 de Agosto<\/p>\n<p><span style=\"color: #ff0000\">***EsTuDiIOs\u00a0 ReALizAdOs***<\/span><\/p>\n<p><span style=\"color: #00ff00\">La primaria la ReaLiCe En la EsCuElA: MarThA BuCaRam De RolDos<\/span><\/p>\n<p><span style=\"color: #00ff00\">La SeCuNdArIa: En El InStItUto TEcNoL\u00f3GiCo\u00a0 SuPeRiOr GuAyAqUil<\/span><\/p>\n<p><strong><span style=\"color: #9932cc\">&gt;&gt;&gt;&gt;&lt;&lt;&lt;AcTuAlMeNte&gt;&gt;&gt;&gt;&lt;&lt;&lt;&lt;&lt;<\/span><\/strong><\/p>\n<p><span style=\"color: #993300\">EsTuDio En lA UniversiDad<\/span><\/p>\n<p><span style=\"color: #800080\">EscUeLa SuPeRiOr PolIt\u00e9Cnica DeL LiToRaL<\/span><\/p>\n<p><span style=\"color: #ff69b4\">FAcUlTaD: InStiTuTo De CienCias Matem\u00e1tIcAs<\/span><\/p>\n<p><span style=\"color: #008080\">CaRrEra: Ing. en Auditoria y Contaduria P\u00fablica<\/span><\/p>\n<p><a href=\"http:\/\/blog.espol.edu.ec\/steffych\/files\/2010\/05\/ESPOL-300x287.gif\"><img loading=\"lazy\" decoding=\"async\" class=\"alignleft size-full wp-image-165\" title=\"ESPOL-300x287\" src=\"http:\/\/blog.espol.edu.ec\/steffych\/files\/2010\/05\/ESPOL-300x287.gif\" alt=\"\" width=\"180\" height=\"172\" \/><\/a><\/p>\n<blockquote><p><strong><span style=\"color: #ff6600\">\u00a0<\/span><\/strong><\/p>\n<p><a href=\"http:\/\/blog.espol.edu.ec\/steffych\/files\/2010\/05\/ICM.jpg\"><img loading=\"lazy\" decoding=\"async\" class=\"size-full wp-image-167 alignleft\" title=\"ICM\" src=\"http:\/\/blog.espol.edu.ec\/steffych\/files\/2010\/05\/ICM.jpg\" alt=\"\" width=\"120\" height=\"62\" \/><\/a><\/p>\n<p><strong><span style=\"color: #ff6600\">\u00a0<\/span><\/strong><\/p>\n<p><strong><span style=\"color: #ff6600\">\u00a0<\/span><\/strong><\/p>\n<p><strong><span style=\"color: #ff6600\">Acerca de mi????<\/span><\/strong><\/p><\/blockquote>\n<p><span style=\"color: #ff00ff\"><strong>Pues ahora soy una chica dedicada a mis estudios.... jejeje<br \/>\nMe gusta ir al cine, my family , salir con mis amigos(as).<br \/>\n<\/strong><\/span><\/p>\n<p><span style=\"color: #ff00ff\"><strong>Me gusta todo tipo de MuSICs..<\/strong><\/span><\/p>\n<p><span style=\"color: #ff00ff\"><strong>Soy muy sincera y por ende me gusta la sinceridad...<br \/>\nMe gusta Tener AmIGos..<\/strong> <\/span><\/p>\n<p><span style=\"color: #993300\"><strong>DIRECIONES ELECTRONICAS<\/strong>\u00a0<\/span><\/p>\n<p>E-mails: <a href=\"mailto:princesita-stephanie26@hotmail.com\">princesita-stephanie26@hotmail.com<\/a><\/p>\n<p><a href=\"mailto:glascher@espol.edu.ec\">glascher@espol.edu.ec<\/a><\/p>\n<p><span style=\"color: #99cc00\">Blog: <\/span><a href=\"http:\/\/www.blog.espol.edu.ec\/steffych\">www.blog.espol.edu.ec\/steffych<\/a><\/p>\n<p><span style=\"color: #99cc00\">TWITTER:<\/span> <a href=\"http:\/\/www.twitter.com\/Steffy_ch92\">www.twitter.com\/Steffy_ch92<\/a><\/p>\n<p style=\"text-align: center\"><span style=\"color: #ff00ff\"><span style=\"color: #ff6600\"><strong>My FamiLy<\/strong><\/span><\/span><\/p>\n<p style=\"text-align: center\"><span style=\"color: #008b8b\"><strong>Ayuda idonea en todo momento...<\/strong><\/span><\/p>\n<p style=\"text-align: center\"><span style=\"color: #ff00ff\"><span style=\"color: #ff6600\"><strong><span style=\"color: #008b8b\">Un Pilar fundamental N Mi Vi<span style=\"color: #008b8b\">d<\/span><\/span><span style=\"color: #008b8b\">a<\/span><br \/>\n<\/strong><\/span><\/span><\/p>\n<p style=\"text-align: center\"><a href=\"http:\/\/blog.espol.edu.ec\/steffych\/files\/2010\/05\/DSC003582.jpg\"><img loading=\"lazy\" decoding=\"async\" class=\"size-medium wp-image-31 \" title=\"mi familia\" src=\"http:\/\/blog.espol.edu.ec\/steffych\/files\/2010\/05\/DSC003582-225x300.jpg\" alt=\"\" width=\"225\" height=\"300\" srcset=\"https:\/\/blog.espol.edu.ec\/steffych\/files\/2010\/05\/DSC003582-225x300.jpg 225w, https:\/\/blog.espol.edu.ec\/steffych\/files\/2010\/05\/DSC003582-768x1024.jpg 768w\" sizes=\"auto, (max-width: 225px) 100vw, 225px\" \/><\/a><\/p>\n<address><span style=\"color: #ff00ff\"><span style=\"color: #ff6600\"><strong>Mamita&gt;&gt; Damiana Murillo<\/strong><\/span><\/span>\u00a0\u00a0<\/address>\n<address><span style=\"color: #ff00ff\"><span style=\"color: #ff6600\"><strong>Papi&gt;&gt;&gt; Rodolfo Seminario<\/strong><\/span><\/span>\u00a0\u00a0<\/address>\n<blockquote><p><span style=\"color: #ff00ff\"><span style=\"color: #ff6600\"><strong>\u00a0<\/strong><\/span><\/span><\/p>\n<div id=\"attachment_34\" style=\"width: 526px\" class=\"wp-caption aligncenter\"><a href=\"http:\/\/blog.espol.edu.ec\/steffych\/files\/2010\/05\/DSC04344.jpg\"><img loading=\"lazy\" decoding=\"async\" aria-describedby=\"caption-attachment-34\" class=\"size-large wp-image-34 \" title=\"Mi \u00f1a\u00f1o hermoso\" src=\"http:\/\/blog.espol.edu.ec\/steffych\/files\/2010\/05\/DSC04344-1024x768.jpg\" alt=\"\" width=\"516\" height=\"387\" srcset=\"https:\/\/blog.espol.edu.ec\/steffych\/files\/2010\/05\/DSC04344-1024x768.jpg 1024w, https:\/\/blog.espol.edu.ec\/steffych\/files\/2010\/05\/DSC04344-300x225.jpg 300w, https:\/\/blog.espol.edu.ec\/steffych\/files\/2010\/05\/DSC04344.jpg 1632w\" sizes=\"auto, (max-width: 516px) 100vw, 516px\" \/><\/a><p id=\"caption-attachment-34\" class=\"wp-caption-text\">Te &gt;Amo \u00d1a\u00f1ituPs<\/p><\/div>\n<address><span style=\"color: #ffcc00\"><strong>Ups no podia faltar... Mi \u00d1a\u00d1itUps..=)=)<\/strong>\u00a0\u00a0<\/span><\/address>\n<p style=\"text-align: center\"><span style=\"color: #ff00ff\"><span style=\"color: #ff6600\"><strong>**Damian Seminario**<br \/>\n<\/strong><\/span><\/span><\/p>\n<p><span style=\"text-decoration: underline\"><strong><span style=\"color: #cc99ff\">Me encanta compartir mucho con mis AmIgAs(os) juju<\/span><\/strong><\/span><\/p>\n<p><span style=\"color: #99cc00\"><strong>Gracias a aquellos que han marcado la diferencia en mi ViDa los KierO MillOn<\/strong><\/span><\/p>\n<h1 style=\"text-align: center\"><span style=\"color: #000000\"><strong><span style=\"text-decoration: underline\"><span style=\"color: #008080\">Friends<\/span><\/span><br \/>\n<\/strong><\/span><\/h1>\n<p style=\"text-align: center\"><span style=\"color: #000000\"><strong><a href=\"http:\/\/blog.espol.edu.ec\/steffych\/files\/2010\/05\/DSC04064.jpg\"><img loading=\"lazy\" decoding=\"async\" class=\"aligncenter size-large wp-image-35\" title=\"Amigutos.. Auditoria\" src=\"http:\/\/blog.espol.edu.ec\/steffych\/files\/2010\/05\/DSC04064-1024x682.jpg\" alt=\"Mia Amix=)=)\" width=\"458\" height=\"306\" srcset=\"https:\/\/blog.espol.edu.ec\/steffych\/files\/2010\/05\/DSC04064-1024x682.jpg 1024w, https:\/\/blog.espol.edu.ec\/steffych\/files\/2010\/05\/DSC04064-300x200.jpg 300w\" sizes=\"auto, (max-width: 458px) 100vw, 458px\" \/><\/a><\/strong><\/span><\/p>\n<h3 style=\"text-align: center\"><span style=\"color: #000000\"><strong><span style=\"color: #cc3399\">Mis amigos preciosos en la u...!!!! juju<\/span><\/strong><\/span><\/h3>\n<p style=\"text-align: center\"><span style=\"color: #000000\"><strong><span style=\"color: #cc3399\"><a href=\"http:\/\/blog.espol.edu.ec\/steffych\/files\/2010\/05\/DSC03427.jpg\"><img loading=\"lazy\" decoding=\"async\" class=\"size-full wp-image-41 alignleft\" title=\"Ksa abierta de mi cole\" src=\"http:\/\/blog.espol.edu.ec\/steffych\/files\/2010\/05\/DSC03427.jpg\" alt=\"\" width=\"455\" height=\"127\" srcset=\"https:\/\/blog.espol.edu.ec\/steffych\/files\/2010\/05\/DSC03427.jpg 631w, https:\/\/blog.espol.edu.ec\/steffych\/files\/2010\/05\/DSC03427-300x83.jpg 300w\" sizes=\"auto, (max-width: 455px) 100vw, 455px\" \/><\/a><\/span><\/strong><\/span><\/p>\n<p style=\"text-align: center\"><span style=\"color: #000000\"><strong><span style=\"color: #cc3399\">Momentos Imnolvidables.. DeL CoLe=)<\/span><\/strong><\/span><\/p>\n<div id=\"attachment_42\" style=\"width: 338px\" class=\"wp-caption aligncenter\"><a href=\"http:\/\/blog.espol.edu.ec\/steffych\/files\/2010\/05\/Baby-0348.jpg\"><img loading=\"lazy\" decoding=\"async\" aria-describedby=\"caption-attachment-42\" class=\"size-full wp-image-42 \" title=\"Baby-0348\" src=\"http:\/\/blog.espol.edu.ec\/steffych\/files\/2010\/05\/Baby-0348.jpg\" alt=\"\" width=\"328\" height=\"246\" srcset=\"https:\/\/blog.espol.edu.ec\/steffych\/files\/2010\/05\/Baby-0348.jpg 640w, https:\/\/blog.espol.edu.ec\/steffych\/files\/2010\/05\/Baby-0348-300x225.jpg 300w\" sizes=\"auto, (max-width: 328px) 100vw, 328px\" \/><\/a><p id=\"caption-attachment-42\" class=\"wp-caption-text\">En la Ksa abierta de mi cole...<\/p><\/div>\n<p><span style=\"color: #40e0d0\"><span style=\"text-decoration: underline\"><br \/>\n<\/span><\/span><\/p><\/blockquote>\n","protected":false},"excerpt":{"rendered":"<p>Name: Stephanie Ch\u00e9rrez Murillo Years: 17 a\u00f1itus... My BiRThdaY: 26 de Agosto ***EsTuDiIOs\u00a0 ReALizAdOs*** La primaria la ReaLiCe En la EsCuElA: MarThA BuCaRam De RolDos La SeCuNdArIa: En El InStItUto TEcNoL\u00f3GiCo\u00a0 SuPeRiOr GuAyAqUil &gt;&gt;&gt;&gt;&lt;&lt;&lt;AcTuAlMeNte&gt;&gt;&gt;&gt;&lt;&lt;&lt;&lt;&lt; EsTuDio En lA UniversiDad EscUeLa SuPeRiOr PolIt\u00e9Cnica DeL LiToRaL FAcUlTaD: InStiTuTo De CienCias Matem\u00e1tIcAs CaRrEra: Ing. en Auditoria y Contaduria P\u00fablica [&hellip;]<\/p>\n","protected":false},"author":3992,"featured_media":0,"parent":0,"menu_order":0,"comment_status":"open","ping_status":"open","template":"","meta":{"footnotes":""},"class_list":["post-2","page","type-page","status-publish","hentry"],"_links":{"self":[{"href":"https:\/\/blog.espol.edu.ec\/steffych\/wp-json\/wp\/v2\/pages\/2","targetHints":{"allow":["GET"]}}],"collection":[{"href":"https:\/\/blog.espol.edu.ec\/steffych\/wp-json\/wp\/v2\/pages"}],"about":[{"href":"https:\/\/blog.espol.edu.ec\/steffych\/wp-json\/wp\/v2\/types\/page"}],"author":[{"embeddable":true,"href":"https:\/\/blog.espol.edu.ec\/steffych\/wp-json\/wp\/v2\/users\/3992"}],"replies":[{"embeddable":true,"href":"https:\/\/blog.espol.edu.ec\/steffych\/wp-json\/wp\/v2\/comments?post=2"}],"version-history":[{"count":26,"href":"https:\/\/blog.espol.edu.ec\/steffych\/wp-json\/wp\/v2\/pages\/2\/revisions"}],"predecessor-version":[{"id":211,"href":"https:\/\/blog.espol.edu.ec\/steffych\/wp-json\/wp\/v2\/pages\/2\/revisions\/211"}],"wp:attachment":[{"href":"https:\/\/blog.espol.edu.ec\/steffych\/wp-json\/wp\/v2\/media?parent=2"}],"curies":[{"name":"wp","href":"https:\/\/api.w.org\/{rel}","templated":true}]}}