{"id":50,"date":"2009-03-02T14:53:10","date_gmt":"2009-03-02T19:53:10","guid":{"rendered":"http:\/\/blog.espol.edu.ec\/sud1479\/?page_id=50"},"modified":"2009-03-02T14:53:11","modified_gmt":"2009-03-02T19:53:11","slug":"los-poligonos","status":"publish","type":"page","link":"https:\/\/blog.espol.edu.ec\/sud1479\/los-poligonos\/","title":{"rendered":"Los pol\u00edgonos"},"content":{"rendered":"<p class=\"Estilo1\" align=\"justify\">Los pol\u00edgonos son figuras formadas por varias l\u00edneas a las que llamamos lados. Para que una figura formada por l\u00edneas se considere un pol\u00edgono es indispensable que estas l\u00edneas formen una figura cerrada. Por ejemplo, dos l\u00edneas que se cruzan no pueden formar un pol\u00edgono porque no encierran un \u00e1rea, por eso el pol\u00edgono con el menor n\u00famero de lados es el tri\u00e1ngulo.<\/p>\n<p class=\"Estilo1\" align=\"justify\">La palabra pol\u00edgono viene del griego <em>polygonos <\/em>. De <em>polys <\/em>que significa muchos y de <em>gonia <\/em>que significa \u00e1ngulos. Digamos que la \"traducci\u00f3n\" m\u00e1s precisa de la palabra pol\u00edgono ser\u00eda \"figura que tiene muchos \u00e1ngulos\".<\/p>\n<p class=\"Estilo1\" align=\"justify\">\u00c9stos son los nombres de los pol\u00edgonos de menos de veinte lados.<\/p>\n<div>\n<table border=\"1\" cellspacing=\"0\" cellpadding=\"0\" align=\"center\">\n<tbody>\n<tr>\n<td width=\"141\" valign=\"top\">\n<p align=\"center\"><strong>N\u00famero de lados <\/strong><\/p>\n<\/td>\n<td width=\"168\" valign=\"top\">\n<p align=\"center\"><strong>Nombre del pol\u00edgono <\/strong><\/p>\n<\/td>\n<\/tr>\n<tr>\n<td width=\"141\" valign=\"top\">\n<p align=\"center\">3<\/p>\n<\/td>\n<td width=\"168\" valign=\"top\">\n<p align=\"center\">Tri\u00e1ngulo<\/p>\n<\/td>\n<\/tr>\n<tr>\n<td width=\"141\" valign=\"top\">\n<p align=\"center\">4<\/p>\n<\/td>\n<td width=\"168\" valign=\"top\">\n<p align=\"center\">Cuadril\u00e1tero<\/p>\n<\/td>\n<\/tr>\n<tr>\n<td width=\"141\" valign=\"top\">\n<p align=\"center\">5<\/p>\n<\/td>\n<td width=\"168\" valign=\"top\">\n<p align=\"center\">Pent\u00e1gono<\/p>\n<\/td>\n<\/tr>\n<tr>\n<td width=\"141\" valign=\"top\">\n<p align=\"center\">6<\/p>\n<\/td>\n<td width=\"168\" valign=\"top\">\n<p align=\"center\">Hex\u00e1gono<\/p>\n<\/td>\n<\/tr>\n<tr>\n<td width=\"141\" valign=\"top\">\n<p align=\"center\">7<\/p>\n<\/td>\n<td width=\"168\" valign=\"top\">\n<p align=\"center\">Hept\u00e1gono<\/p>\n<\/td>\n<\/tr>\n<tr>\n<td width=\"141\" valign=\"top\">\n<p align=\"center\">8<\/p>\n<\/td>\n<td width=\"168\" valign=\"top\">\n<p align=\"center\">Oct\u00e1gono<\/p>\n<\/td>\n<\/tr>\n<tr>\n<td width=\"141\" valign=\"top\">\n<p align=\"center\">9<\/p>\n<\/td>\n<td width=\"168\" valign=\"top\">\n<p align=\"center\">Ene\u00e1gono o Non\u00e1gono<\/p>\n<\/td>\n<\/tr>\n<tr>\n<td width=\"141\" valign=\"top\">\n<p align=\"center\">10<\/p>\n<\/td>\n<td width=\"168\" valign=\"top\">\n<p align=\"center\">Dec\u00e1gono<\/p>\n<\/td>\n<\/tr>\n<tr>\n<td width=\"141\" valign=\"top\">\n<p align=\"center\">11<\/p>\n<\/td>\n<td width=\"168\" valign=\"top\">\n<p align=\"center\">Endec\u00e1gono<\/p>\n<\/td>\n<\/tr>\n<tr>\n<td width=\"141\" valign=\"top\">\n<p align=\"center\">12<\/p>\n<\/td>\n<td width=\"168\" valign=\"top\">\n<p align=\"center\">Dodec\u00e1gono<\/p>\n<\/td>\n<\/tr>\n<tr>\n<td width=\"141\" valign=\"top\">\n<p align=\"center\">13<\/p>\n<\/td>\n<td width=\"168\" valign=\"top\">\n<p align=\"center\">Triskaidec\u00e1gono<\/p>\n<\/td>\n<\/tr>\n<tr>\n<td width=\"141\" valign=\"top\">\n<p align=\"center\">14<\/p>\n<\/td>\n<td width=\"168\" valign=\"top\">\n<p align=\"center\">Tetradec\u00e1gono<\/p>\n<\/td>\n<\/tr>\n<tr>\n<td width=\"141\" valign=\"top\">\n<p align=\"center\">15<\/p>\n<\/td>\n<td width=\"168\" valign=\"top\">\n<p align=\"center\">Pentadec\u00e1gono<\/p>\n<\/td>\n<\/tr>\n<tr>\n<td width=\"141\" valign=\"top\">\n<p align=\"center\">16<\/p>\n<\/td>\n<td width=\"168\" valign=\"top\">\n<p align=\"center\">Hexadec\u00e1gono<\/p>\n<\/td>\n<\/tr>\n<tr>\n<td width=\"141\" valign=\"top\">\n<p align=\"center\">17<\/p>\n<\/td>\n<td width=\"168\" valign=\"top\">\n<p align=\"center\">Heptadec\u00e1gono<\/p>\n<\/td>\n<\/tr>\n<tr>\n<td width=\"141\" valign=\"top\">\n<p align=\"center\">18<\/p>\n<\/td>\n<td width=\"168\" valign=\"top\">\n<p align=\"center\">Octadec\u00e1gono<\/p>\n<\/td>\n<\/tr>\n<tr>\n<td width=\"141\" valign=\"top\">\n<p align=\"center\">19<\/p>\n<\/td>\n<td width=\"168\" valign=\"top\">\n<p align=\"center\">Eneadec\u00e1gono<\/p>\n<\/td>\n<\/tr>\n<\/tbody>\n<\/table>\n<\/div>\n<p class=\"Estilo1\" align=\"justify\">Para saber c\u00f3mo se llama un pol\u00edgono de menos de cien lados podemos hacer lo siguiente. Primero contamos el n\u00famero de lados que tiene, hacemos una combinaci\u00f3n de prefijos como se muestra a continuaci\u00f3n y agregamos la terminaci\u00f3n <em>gono<\/em>.<\/p>\n<div>\n<table border=\"1\" cellspacing=\"0\" cellpadding=\"0\" align=\"center\">\n<tbody>\n<tr>\n<td colspan=\"2\" height=\"27\" valign=\"top\">\n<p align=\"center\"><strong>Decenas <\/strong><\/p>\n<\/td>\n<td width=\"93\" valign=\"top\">\n<div><strong>y <\/strong><\/div>\n<\/td>\n<td colspan=\"2\" valign=\"top\">\n<p align=\"center\"><strong>Unidades<\/strong><\/p>\n<\/td>\n<td valign=\"top\">\n<div><strong>Terminaci\u00f3n<\/strong><\/div>\n<\/td>\n<\/tr>\n<tr>\n<td colspan=\"2\" height=\"14\" valign=\"top\">\u00a0<\/td>\n<td rowspan=\"9\" width=\"93\" valign=\"top\">\n<div>\n-kai-<\/div>\n<\/td>\n<td width=\"81\" valign=\"top\">\n<p align=\"center\">1<\/p>\n<\/td>\n<td width=\"76\" valign=\"top\">\n<p align=\"center\">-hen\u00e1-<\/p>\n<\/td>\n<td rowspan=\"9\" width=\"100\" valign=\"top\">\n<div>\n-gono<\/div>\n<\/td>\n<\/tr>\n<tr>\n<td width=\"43\" valign=\"top\">20<\/td>\n<td width=\"104\" valign=\"top\">Icosa-<\/td>\n<td width=\"81\" valign=\"top\">\n<p align=\"center\">2<\/p>\n<\/td>\n<td width=\"76\" valign=\"top\">\n<p align=\"center\">-d\u00ed-<\/p>\n<\/td>\n<\/tr>\n<tr>\n<td width=\"43\" valign=\"top\">30<\/td>\n<td width=\"104\" valign=\"top\">Triaconta-<\/td>\n<td width=\"81\" valign=\"top\">\n<p align=\"center\">3<\/p>\n<\/td>\n<td width=\"76\" valign=\"top\">\n<p align=\"center\">-tr\u00ed-<\/p>\n<\/td>\n<\/tr>\n<tr>\n<td width=\"43\" valign=\"top\">40<\/td>\n<td width=\"104\" valign=\"top\">Tetraconta-<\/td>\n<td width=\"81\" valign=\"top\">\n<p align=\"center\">4<\/p>\n<\/td>\n<td width=\"76\" valign=\"top\">\n<p align=\"center\">-tetr\u00e1-<\/p>\n<\/td>\n<\/tr>\n<tr>\n<td width=\"43\" valign=\"top\">50<\/td>\n<td width=\"104\" valign=\"top\">Pentaconta-<\/td>\n<td width=\"81\" valign=\"top\">\n<p align=\"center\">5<\/p>\n<\/td>\n<td width=\"76\" valign=\"top\">\n<p align=\"center\">-pent\u00e1-<\/p>\n<\/td>\n<\/tr>\n<tr>\n<td width=\"43\" valign=\"top\">60<\/td>\n<td width=\"104\" valign=\"top\">Hexaconta-<\/td>\n<td width=\"81\" valign=\"top\">\n<p align=\"center\">6<\/p>\n<\/td>\n<td width=\"76\" valign=\"top\">\n<p align=\"center\">-hex\u00e1-<\/p>\n<\/td>\n<\/tr>\n<tr>\n<td width=\"43\" valign=\"top\">70<\/td>\n<td width=\"104\" valign=\"top\">Heptaconta-<\/td>\n<td width=\"81\" valign=\"top\">\n<p align=\"center\">7<\/p>\n<\/td>\n<td width=\"76\" valign=\"top\">\n<p align=\"center\">-hept\u00e1-<\/p>\n<\/td>\n<\/tr>\n<tr>\n<td width=\"43\" valign=\"top\">80<\/td>\n<td width=\"104\" valign=\"top\">Octaconta-<\/td>\n<td width=\"81\" valign=\"top\">\n<p align=\"center\">8<\/p>\n<\/td>\n<td width=\"76\" valign=\"top\">\n<p align=\"center\">-oct\u00e1-<\/p>\n<\/td>\n<\/tr>\n<tr>\n<td width=\"43\" height=\"14\" valign=\"top\">90<\/td>\n<td width=\"104\" valign=\"top\">Eneaconta-<\/td>\n<td width=\"81\" valign=\"top\">\n<p align=\"center\">9<\/p>\n<\/td>\n<td width=\"76\" valign=\"top\">\n<p align=\"center\">-ene\u00e1-<\/p>\n<\/td>\n<\/tr>\n<\/tbody>\n<\/table>\n<\/div>\n<p class=\"Estilo1\" align=\"justify\">Por ejemplo, un pol\u00edgono de 30 lados se llama <strong>triacont\u00e1gono<\/strong>, mientras que uno de 63 lados se llama <strong>hexacontakaitr\u00edgono<\/strong>.<\/p>\n<p class=\"Estilo1\" style=\"text-align: center\" align=\"justify\">\u00a0<img loading=\"lazy\" decoding=\"async\" class=\"aligncenter\" src=\"http:\/\/www.aplicaciones.info\/decimales\/geopla11.jpg\" border=\"0\" alt=\"\" width=\"400\" height=\"153\" \/><\/p>\n<p><strong><span style=\"font-size: x-small;font-family: Verdana\">\u00a0\u00a0 1. Pol\u00edgono convexo y c\u00f3ncavo<\/span><\/strong><\/p>\n<p align=\"left\"><span style=\"font-size: x-small;font-family: Verdana\">\u00a0\u00a0 Llamamos pol\u00edgono a una parte del plano limitado por una l\u00ednea quebrada cerrada.<\/span><\/p>\n<p align=\"left\">\u00a0\u00a0\u00a0<span style=\"font-size: x-small;font-family: Verdana\"> En el dibujo hay dos pol\u00edgonos: el A y el B.<\/span><\/p>\n<p align=\"left\">\u00a0\u00a0\u00a0<span style=\"font-size: x-small;font-family: Verdana\"> El pol\u00edgono A tiene todos los \u00e1ngulos menores de 180\u00ba y se llama convexo.<\/span><\/p>\n<p align=\"left\">\u00a0\u00a0\u00a0<span style=\"font-size: x-small;font-family: Verdana\"> El pol\u00edgono B tiene un \u00e1ngulo mayor de 180\u00ba y se llama c\u00f3ncavo.<\/span><\/p>\n<p align=\"center\"><img loading=\"lazy\" decoding=\"async\" src=\"http:\/\/www.aplicaciones.info\/decimales\/geopla12.jpg\" border=\"0\" alt=\"\" width=\"700\" height=\"139\" \/><\/p>\n<p align=\"left\"><strong><span style=\"font-size: x-small;font-family: Verdana\">\u00a0\u00a0\u00a0 2. Clases de pol\u00edgonos por el n\u00famero de lados<\/span><\/strong><\/p>\n<p align=\"left\"><span style=\"font-size: x-small;font-family: Verdana\">\u00a0\u00a0\u00a0 El pol\u00edgono de 3 lados se llama tri\u00e1ngulo; de 4 cuadril\u00e1tero; de 5 pent\u00e1gono; de 6 ex\u00e1gono; de 7 hept\u00e1gono; de 8 oct\u00f3gono; de 9 ene\u00e1gono y de 10 lados dec\u00e1gono.<\/span><\/p>\n<p align=\"center\"><img loading=\"lazy\" decoding=\"async\" src=\"http:\/\/www.aplicaciones.info\/decimales\/geopla13.jpg\" border=\"0\" alt=\"\" width=\"700\" height=\"102\" \/><\/p>\n<p align=\"left\"><span style=\"font-size: x-small;font-family: Verdana\">\u00a0\u00a0\u00a0<\/span>\u00a0<\/p>\n<form action=\"http:\/\/www.aplicaciones.info\/php\/cab.php\" accept-charset=\"UNKNOWN\" enctype=\"application\/x-www-form-urlencoded\" method=\"post\">\n<p align=\"center\"><strong><span style=\"font-size: x-small;font-family: Verdana\"><img loading=\"lazy\" decoding=\"async\" src=\"http:\/\/www.aplicaciones.info\/decimales\/geopla14.jpg\" border=\"0\" alt=\"\" width=\"700\" height=\"114\" \/><\/span> <\/strong><\/p>\n<p align=\"left\"><strong><span style=\"font-size: x-small;font-family: Verdana\">\u00a0\u00a0 3.- Pol\u00edgonos irregulares<\/span><\/strong><\/p>\n<p align=\"left\">\u00a0\u00a0\u00a0<span style=\"font-size: x-small;font-family: Verdana\"> Observa que los pol\u00edgonos F a K tienen los lados de distinta longitud y sus \u00e1ngulos\u00a0 tampoco son iguales. Estos pol\u00edgonos se llaman irregulares.<\/span><\/p>\n<p align=\"left\">\u00a0\u00a0\u00a0<span style=\"font-size: x-small;font-family: Verdana\"> <\/span><strong><strong><span style=\"font-size: x-small;font-family: Verdana\"><img loading=\"lazy\" decoding=\"async\" src=\"http:\/\/www.aplicaciones.info\/decimales\/geopla15.jpg\" border=\"0\" alt=\"\" width=\"700\" height=\"120\" \/><\/span> <\/strong><\/strong><\/p>\n<p align=\"left\"><strong><span style=\"font-size: x-small;font-family: Verdana\">\u00a0\u00a0\u00a0 4.- Pol\u00edgonos regulares<\/span><\/strong><\/p>\n<p align=\"left\">\u00a0\u00a0\u00a0<span style=\"font-size: x-small;font-family: Verdana\"> A los pol\u00edgonos que tienen sus lados y sus \u00e1ngulos iguales los llamamos pol\u00edgonos regulares.<\/span><\/p>\n<p align=\"center\"><strong><strong><span style=\"font-size: x-small;font-family: Verdana\"><img loading=\"lazy\" decoding=\"async\" src=\"http:\/\/www.aplicaciones.info\/decimales\/geopla16.jpg\" border=\"0\" alt=\"\" width=\"275\" height=\"233\" \/><\/span> <\/strong><\/strong><\/p>\n<p align=\"left\"><strong><span style=\"font-size: x-small;font-family: Verdana\">\u00a0\u00a0 5.- Elementos de un pol\u00edgono<\/span><\/strong><\/p>\n<p align=\"left\"><span style=\"font-size: x-small;font-family: Verdana\">\u00a0\u00a0 Observa el pol\u00edgono ABCDE. Cada uno de los puntos es un v\u00e9rtice. En el dibujo hay 5 v\u00e9rtices: A, B, C, D y C. Los lados son los segmentos que componen el contorno. En este caso tenemos 5 lados: AB, BC, CD, DE y EA.<\/span><\/p>\n<p align=\"left\">\u00a0\u00a0\u00a0<span style=\"font-size: x-small;font-family: Verdana\"> La diagonal es toda recta que une dos v\u00e9rtices no consecutivos. En el dibujo, de cada v\u00e9rtice salen 2 diagonales. En el dibujo hay 5 diagonales: AC, AD, BD, BE y CE.<\/span><\/p>\n<p class=\"Estilo1\" align=\"justify\">\u00a0<\/p>\n<\/form>\n","protected":false},"excerpt":{"rendered":"<p>Los pol\u00edgonos son figuras formadas por varias l\u00edneas a las que llamamos lados. Para que una figura formada por l\u00edneas se considere un pol\u00edgono es indispensable que estas l\u00edneas formen una figura cerrada. Por ejemplo, dos l\u00edneas que se cruzan no pueden formar un pol\u00edgono porque no encierran un \u00e1rea, por eso el pol\u00edgono con [&hellip;]<\/p>\n","protected":false},"author":515,"featured_media":0,"parent":0,"menu_order":0,"comment_status":"open","ping_status":"open","template":"","meta":{"footnotes":""},"class_list":["post-50","page","type-page","status-publish","hentry"],"_links":{"self":[{"href":"https:\/\/blog.espol.edu.ec\/sud1479\/wp-json\/wp\/v2\/pages\/50","targetHints":{"allow":["GET"]}}],"collection":[{"href":"https:\/\/blog.espol.edu.ec\/sud1479\/wp-json\/wp\/v2\/pages"}],"about":[{"href":"https:\/\/blog.espol.edu.ec\/sud1479\/wp-json\/wp\/v2\/types\/page"}],"author":[{"embeddable":true,"href":"https:\/\/blog.espol.edu.ec\/sud1479\/wp-json\/wp\/v2\/users\/515"}],"replies":[{"embeddable":true,"href":"https:\/\/blog.espol.edu.ec\/sud1479\/wp-json\/wp\/v2\/comments?post=50"}],"version-history":[{"count":3,"href":"https:\/\/blog.espol.edu.ec\/sud1479\/wp-json\/wp\/v2\/pages\/50\/revisions"}],"predecessor-version":[{"id":65,"href":"https:\/\/blog.espol.edu.ec\/sud1479\/wp-json\/wp\/v2\/pages\/50\/revisions\/65"}],"wp:attachment":[{"href":"https:\/\/blog.espol.edu.ec\/sud1479\/wp-json\/wp\/v2\/media?parent=50"}],"curies":[{"name":"wp","href":"https:\/\/api.w.org\/{rel}","templated":true}]}}