{"id":55,"date":"2009-03-02T14:53:22","date_gmt":"2009-03-02T19:53:22","guid":{"rendered":"http:\/\/blog.espol.edu.ec\/sud1479\/?page_id=55"},"modified":"2009-03-02T14:53:25","modified_gmt":"2009-03-02T19:53:25","slug":"circunferencia-y-circulo","status":"publish","type":"page","link":"https:\/\/blog.espol.edu.ec\/sud1479\/circunferencia-y-circulo\/","title":{"rendered":"Circunferencia y circulo"},"content":{"rendered":"<p align=\"center\"><strong><span style=\"color: #0000cc\">CIRCUNFERENCIA y CIRCULO<br \/>\n<\/span><\/strong><\/p>\n<table border=\"0\" cellspacing=\"0\" cellpadding=\"0\" width=\"100%\">\n<tbody>\n<tr>\n<td><strong><span style=\"color: #0000cc;font-family: Times New Roman, Times, serif\">S<span style=\"color: #000000\">e llama circunferencia al conjunto de puntos cuya distancia a otro punto llamado <span style=\"color: #0000cc\">centro<\/span> es siempre la misma. Los puntos de la circunferencia y los que se encuentran dentro de ella forman una superficie llamada <span style=\"color: #0000cc\">c\u00edrculo<\/span>. <\/span><\/span><\/strong><\/td>\n<\/tr>\n<tr>\n<td height=\"76\">\n<div><img loading=\"lazy\" decoding=\"async\" src=\"http:\/\/www.escolar.com\/geometr\/04DIAM.gif\" border=\"0\" alt=\"\" width=\"426\" height=\"69\" \/><\/div>\n<\/td>\n<\/tr>\n<\/tbody>\n<\/table>\n<table border=\"0\" cellspacing=\"0\" cellpadding=\"0\" width=\"100%\">\n<tbody>\n<tr>\n<td width=\"30%\" height=\"242\" valign=\"middle\">\n<div><strong>Si medimos con un hilo la longitud de la circunferencia, veremos que es igual a 3,14 su diametro. A este n\u00famero decimal se lo define con la letra griega \u201c<span style=\"color: #cc0000\">pi<\/span>\u201d:<br \/>\n\u00a0\u00a0 <img loading=\"lazy\" decoding=\"async\" src=\"http:\/\/www.escolar.com\/geometr\/04PI.gif\" alt=\"\" width=\"151\" height=\"85\" \/> <\/strong><\/div>\n<\/td>\n<td width=\"70%\" height=\"242\">\n<div><img loading=\"lazy\" decoding=\"async\" src=\"http:\/\/www.escolar.com\/geometr\/04GRAND.gif\" border=\"0\" alt=\"\" width=\"402\" height=\"204\" \/><\/div>\n<\/td>\n<\/tr>\n<\/tbody>\n<\/table>\n<table id=\"table5\" border=\"0\" width=\"100%\">\n<tbody>\n<tr>\n<td colspan=\"2\">\n<p align=\"center\"><span style=\"color: #800000\"><strong>El centro y el radio son los elementos caracter\u00edsticos de la circunferencia y del c\u00edrculo.<\/strong><\/span><\/p>\n<\/td>\n<\/tr>\n<\/tbody>\n<\/table>\n<table id=\"table6\" border=\"0\" width=\"100%\">\n<tbody>\n<tr>\n<td valign=\"top\">\n<p align=\"justify\">\u00a0<\/p>\n<p align=\"justify\"><strong><span style=\"color: #800000\">Di\u00e1metro<\/span><\/strong> es el segmento que tiene por extremos puntos de la circunferencia y pasa por el centro. El di\u00e1metro es de longitud dos veces el radio. D = 2R<\/p>\n<p align=\"justify\">La longitud de la circunferencia dividida entre la longitud del di\u00e1metro es una constante que se llama Pi =<span style=\"font-family: Arial\"> \u03a0 = 3,14159....<\/span><\/p>\n<p>\u00a0<\/p>\n<p>\u00a0<\/td>\n<td><\/td>\n<\/tr>\n<\/tbody>\n<\/table>\n<p align=\"center\">Otros objetos geom\u00e9tricos ligados circunferencia y circulo:<\/p>\n<table id=\"table7\" border=\"0\" cellspacing=\"8\" width=\"100%\">\n<tbody>\n<tr>\n<td colspan=\"2\" align=\"center\"><span style=\"color: #0000ff\"><strong>CIRCUNFERENCIA<\/strong><\/span><\/td>\n<td colspan=\"2\" align=\"center\"><span style=\"color: #0000ff\"><strong>C\u00cdRCULO<\/strong><\/span><\/td>\n<\/tr>\n<tr>\n<td><\/td>\n<td align=\"justify\" valign=\"top\"><span style=\"font-size: x-small\"><span style=\"color: #800000\"><strong>Arco<\/strong><\/span>, parte de la circunferencia comprendida entre dos puntos.<\/span><\/td>\n<td align=\"justify\" valign=\"bottom\"><span style=\"font-size: x-small\"><strong><span style=\"color: #800000\">Sector circular<\/span>,<\/strong> regi\u00f3n del c\u00edrculo comprendida entre dos radios y el arco correspondiente.<\/span><\/td>\n<td><\/td>\n<\/tr>\n<tr>\n<td><\/td>\n<td align=\"justify\" valign=\"top\"><span style=\"font-size: x-small\"><span style=\"color: #800000\"><strong>Cuerda,<\/strong><\/span> segmento que une dos puntos cualesquiera de la circunferencia.<\/span><\/td>\n<td align=\"justify\" valign=\"bottom\"><span style=\"font-size: x-small\"><span style=\"color: #800000\"><strong>Segmento circular<\/strong>,<\/span> regi\u00f3n del c\u00edrculo comprendido entre un arco y su cuerda.<\/span><\/td>\n<td><\/td>\n<\/tr>\n<tr>\n<td><\/td>\n<td align=\"justify\" valign=\"top\"><span style=\"font-size: x-small\"><span style=\"color: #800000\"><strong>Semicircunferencia<\/strong><\/span>: cada una de las partes que un di\u00e1metro divide a la circunferencia.<\/span><\/td>\n<td align=\"justify\" valign=\"bottom\"><span style=\"font-size: x-small\"><strong>S<span style=\"color: #800000\">emic\u00edrculo,<\/span><\/strong> regi\u00f3n limitada por un di\u00e1metro y su arco. Mitad del c\u00edrculo.<\/span><\/td>\n<td><\/td>\n<\/tr>\n<\/tbody>\n<\/table>\n<p>\u00a0<\/p>\n<table id=\"table8\" border=\"0\" width=\"100%\">\n<tbody>\n<tr>\n<td valign=\"top\">\u00a0\u00a0<\/p>\n<p align=\"justify\"><span style=\"font-size: x-small\">En dos circunferencias con el mismo centro (conc\u00e9ntricas), se llama <strong><span style=\"color: #800000\">corona circular<\/span> <\/strong>a la regi\u00f3n del plano comprendida entre ellas<\/span><\/p>\n<\/td>\n<\/tr>\n<\/tbody>\n<\/table>\n","protected":false},"excerpt":{"rendered":"<p>CIRCUNFERENCIA y CIRCULO Se llama circunferencia al conjunto de puntos cuya distancia a otro punto llamado centro es siempre la misma. Los puntos de la circunferencia y los que se encuentran dentro de ella forman una superficie llamada c\u00edrculo. Si medimos con un hilo la longitud de la circunferencia, veremos que es igual a 3,14 [&hellip;]<\/p>\n","protected":false},"author":515,"featured_media":0,"parent":0,"menu_order":0,"comment_status":"open","ping_status":"open","template":"","meta":{"footnotes":""},"class_list":["post-55","page","type-page","status-publish","hentry"],"_links":{"self":[{"href":"https:\/\/blog.espol.edu.ec\/sud1479\/wp-json\/wp\/v2\/pages\/55","targetHints":{"allow":["GET"]}}],"collection":[{"href":"https:\/\/blog.espol.edu.ec\/sud1479\/wp-json\/wp\/v2\/pages"}],"about":[{"href":"https:\/\/blog.espol.edu.ec\/sud1479\/wp-json\/wp\/v2\/types\/page"}],"author":[{"embeddable":true,"href":"https:\/\/blog.espol.edu.ec\/sud1479\/wp-json\/wp\/v2\/users\/515"}],"replies":[{"embeddable":true,"href":"https:\/\/blog.espol.edu.ec\/sud1479\/wp-json\/wp\/v2\/comments?post=55"}],"version-history":[{"count":3,"href":"https:\/\/blog.espol.edu.ec\/sud1479\/wp-json\/wp\/v2\/pages\/55\/revisions"}],"predecessor-version":[{"id":67,"href":"https:\/\/blog.espol.edu.ec\/sud1479\/wp-json\/wp\/v2\/pages\/55\/revisions\/67"}],"wp:attachment":[{"href":"https:\/\/blog.espol.edu.ec\/sud1479\/wp-json\/wp\/v2\/media?parent=55"}],"curies":[{"name":"wp","href":"https:\/\/api.w.org\/{rel}","templated":true}]}}