{"id":58,"date":"2009-03-02T14:53:48","date_gmt":"2009-03-02T19:53:48","guid":{"rendered":"http:\/\/blog.espol.edu.ec\/sud1479\/?page_id=58"},"modified":"2009-03-02T14:53:50","modified_gmt":"2009-03-02T19:53:50","slug":"areas-y-perimetros","status":"publish","type":"page","link":"https:\/\/blog.espol.edu.ec\/sud1479\/areas-y-perimetros\/","title":{"rendered":"\u00c1reas y per\u00edmetros"},"content":{"rendered":"<p><strong><span style=\"color: #3333ff\"><span style=\"font-size: medium\">TRI\u00c1NGULO<\/span><\/span><\/strong><img loading=\"lazy\" decoding=\"async\" src=\"http:\/\/thales.cica.es\/rd\/Recursos\/rd99\/ed99-0263-02\/geometria\/barra_an.gif\" alt=\"\" width=\"600\" height=\"1\" \/><\/p>\n<p><img loading=\"lazy\" decoding=\"async\" src=\"http:\/\/thales.cica.es\/rd\/Recursos\/rd99\/ed99-0263-02\/geometria\/triang1.JPG\" alt=\"Tri\u00e1ngulo\" width=\"200\" height=\"107\" align=\"left\" \/><strong><span style=\"font-size: xx-small\">\u00a0 El tri\u00e1ngulo es un <a href=\"http:\/\/thales.cica.es\/rd\/Recursos\/rd99\/ed99-0263-02\/geometria\/poligono.html\"><span style=\"color: #009900\">pol\u00edgono<\/span><\/a> formado por tres lados y tres \u00e1ngulos.<\/span><\/strong><\/p>\n<p><strong><span style=\"font-size: xx-small\">\u00a0 La suma de sus tres \u00e1ngulos siempre es 180 grados.<\/span><\/strong><\/p>\n<p><strong><span style=\"font-size: xx-small\">\u00a0 Para calcular el <a href=\"http:\/\/thales.cica.es\/rd\/Recursos\/rd99\/ed99-0263-02\/geometria\/area.html\"><span style=\"color: #009900\">\u00e1rea<\/span><\/a> se emplea la siguiente formula:<\/span><\/strong><br \/>\n\u00a6lt;br \/&gt;<br \/>\n\u00a0<\/p>\n<table border=\"1\" width=\"116\" bgcolor=\"#ffcc33\">\n<tbody>\n<tr>\n<td><strong><span style=\"font-size: xx-small\">A = (b \u00b7 h) \/ 2<\/span><\/strong><\/td>\n<\/tr>\n<\/tbody>\n<\/table>\n<p><strong><span style=\"font-size: xx-small\"><span style=\"color: #666666\">(Es decir, la <a href=\"http:\/\/thales.cica.es\/rd\/Recursos\/rd99\/ed99-0263-02\/geometria\/base.html\"><span style=\"color: #009900\">base<\/span><\/a><\/span><span style=\"color: #ff6600\"> (b) <\/span><span style=\"color: #666666\">multiplicado por la <a href=\"http:\/\/thales.cica.es\/rd\/Recursos\/rd99\/ed99-0263-02\/geometria\/altura.html\"><span style=\"color: #009900\">altura<\/span><\/a><\/span><span style=\"color: #ff6600\"> (h)<\/span><span style=\"color: #666666\"> y dividido entre dos)<\/span><\/span><\/strong><\/p>\n<p><strong><span style=\"color: #3333ff\"><span style=\"font-size: medium\">CUADRADO<\/span><\/span><\/strong><strong><span style=\"color: #3333ff\"><\/span><\/strong><img loading=\"lazy\" decoding=\"async\" src=\"http:\/\/thales.cica.es\/rd\/Recursos\/rd99\/ed99-0263-02\/geometria\/barra_an.gif\" alt=\"\" width=\"600\" height=\"1\" \/><\/p>\n<p><img loading=\"lazy\" decoding=\"async\" src=\"http:\/\/thales.cica.es\/rd\/Recursos\/rd99\/ed99-0263-02\/geometria\/cuadrado.JPG\" alt=\"Cuadrado\" width=\"170\" height=\"152\" align=\"left\" \/> <strong><span style=\"font-size: xx-small\">El cuadrado es un <a href=\"http:\/\/thales.cica.es\/rd\/Recursos\/rd99\/ed99-0263-02\/geometria\/poligono.html\"><span style=\"color: #009900\">pol\u00edgono<\/span><\/a> que tiene los cuatro lados y los cuatro<\/span><\/strong><br \/>\n<strong><span style=\"font-size: xx-small\">\u00e1ngulos iguales. Los\u00a0 cuatro \u00e1ngulos son rectos.<\/span><\/strong><br \/>\n\u00a0<\/p>\n<p><strong><span style=\"font-size: xx-small\">\u00a0\u00a0 La suma de los cuatro \u00e1ngulos es 360 grados.<\/span><\/strong><br \/>\n\u00a0<\/p>\n<p><strong><span style=\"font-size: xx-small\">\u00a0\u00a0 Para hallar el <a href=\"http:\/\/thales.cica.es\/rd\/Recursos\/rd99\/ed99-0263-02\/geometria\/area.html\"><span style=\"color: #009900\">\u00e1rea<\/span><\/a>\u00a0 se utiliza la siguiente formula:<\/span><\/strong><br \/>\n\u00a6lt;br \/&gt;<br \/>\n\u00a0<\/p>\n<table border=\"1\" width=\"78\" bgcolor=\"#ffcc33\">\n<tbody>\n<tr>\n<td><span style=\"font-size: xx-small\"><strong>A = l \u00b7<\/strong><em> <\/em><strong>l<\/strong><\/span><\/td>\n<\/tr>\n<\/tbody>\n<\/table>\n<p><strong><span style=\"font-size: xx-small\"><span style=\"color: #666666\">(Es decir, el \u00e1rea es igual al valor de un lado <\/span><span style=\"color: #ff9900\">( l )<\/span><span style=\"color: #666666\"> multiplicado por si mismo. )<\/span><\/span><\/strong><\/p>\n<p><strong><span style=\"color: #3333ff\"><span style=\"font-size: medium\">RECT\u00c1NGULO<\/span><\/span><\/strong><img loading=\"lazy\" decoding=\"async\" src=\"http:\/\/thales.cica.es\/rd\/Recursos\/rd99\/ed99-0263-02\/geometria\/barra_an.gif\" alt=\"\" width=\"600\" height=\"1\" \/><\/p>\n<p><img loading=\"lazy\" decoding=\"async\" src=\"http:\/\/thales.cica.es\/rd\/Recursos\/rd99\/ed99-0263-02\/geometria\/rectan1.JPG\" alt=\"Rect\u00e1ngulo\" width=\"170\" height=\"99\" align=\"left\" \/><strong><span style=\"font-size: xx-small\">El rect\u00e1ngulo es un <a href=\"http:\/\/thales.cica.es\/rd\/Recursos\/rd99\/ed99-0263-02\/geometria\/poligono.html\"><span style=\"color: #009900\">pol\u00edgono<\/span><\/a> de 4 lados, que son iguales dos a dos.<\/span><\/strong><\/p>\n<p><strong><span style=\"font-size: xx-small\">\u00a0 Los \u00e1ngulos de un rect\u00e1ngulo son todos iguales y rectos. Suman en total 360 grados.<\/span><\/strong><\/p>\n<p><strong><span style=\"font-size: xx-small\">\u00a0 Para hallar el <a href=\"http:\/\/thales.cica.es\/rd\/Recursos\/rd99\/ed99-0263-02\/geometria\/area.html\"><span style=\"color: #009900\">\u00e1rea<\/span><\/a> de un rect\u00e1ngulo se utiliza la siguiente formula:<\/span><\/strong><br \/>\n\u00a6lt;br \/&gt;<br \/>\n\u00a0<\/p>\n<table border=\"1\" width=\"81\" bgcolor=\"#ff9900\">\n<tbody>\n<tr>\n<td><strong><span style=\"font-size: xx-small\">A = a \u00b7 b<\/span><\/strong><\/td>\n<\/tr>\n<\/tbody>\n<\/table>\n<p><strong><span style=\"font-size: xx-small\"><span style=\"color: #999999\">(Es decir, el \u00e1rea es igual a multiplicar el valor de la base<\/span><span style=\"color: #333333\"> <\/span><span style=\"color: #ff6600\">(a) <\/span><span style=\"color: #999999\">por el valor de la altura<\/span><span style=\"color: #ff6600\"> (b)<\/span><span style=\"color: #333333\">.)<\/span><\/span><\/strong><\/p>\n","protected":false},"excerpt":{"rendered":"<p>TRI\u00c1NGULO \u00a0 El tri\u00e1ngulo es un pol\u00edgono formado por tres lados y tres \u00e1ngulos. \u00a0 La suma de sus tres \u00e1ngulos siempre es 180 grados. \u00a0 Para calcular el \u00e1rea se emplea la siguiente formula: \u00a6lt;br \/&gt; \u00a0 A = (b \u00b7 h) \/ 2 (Es decir, la base (b) multiplicado por la altura (h) [&hellip;]<\/p>\n","protected":false},"author":515,"featured_media":0,"parent":0,"menu_order":0,"comment_status":"open","ping_status":"open","template":"","meta":{"footnotes":""},"class_list":["post-58","page","type-page","status-publish","hentry"],"_links":{"self":[{"href":"https:\/\/blog.espol.edu.ec\/sud1479\/wp-json\/wp\/v2\/pages\/58","targetHints":{"allow":["GET"]}}],"collection":[{"href":"https:\/\/blog.espol.edu.ec\/sud1479\/wp-json\/wp\/v2\/pages"}],"about":[{"href":"https:\/\/blog.espol.edu.ec\/sud1479\/wp-json\/wp\/v2\/types\/page"}],"author":[{"embeddable":true,"href":"https:\/\/blog.espol.edu.ec\/sud1479\/wp-json\/wp\/v2\/users\/515"}],"replies":[{"embeddable":true,"href":"https:\/\/blog.espol.edu.ec\/sud1479\/wp-json\/wp\/v2\/comments?post=58"}],"version-history":[{"count":3,"href":"https:\/\/blog.espol.edu.ec\/sud1479\/wp-json\/wp\/v2\/pages\/58\/revisions"}],"predecessor-version":[{"id":69,"href":"https:\/\/blog.espol.edu.ec\/sud1479\/wp-json\/wp\/v2\/pages\/58\/revisions\/69"}],"wp:attachment":[{"href":"https:\/\/blog.espol.edu.ec\/sud1479\/wp-json\/wp\/v2\/media?parent=58"}],"curies":[{"name":"wp","href":"https:\/\/api.w.org\/{rel}","templated":true}]}}