{"id":142,"date":"2014-11-10T22:51:59","date_gmt":"2014-11-10T22:51:59","guid":{"rendered":"http:\/\/blog.espol.edu.ec\/sweetcolors\/?page_id=142"},"modified":"2014-11-12T22:15:12","modified_gmt":"2014-11-12T22:15:12","slug":"inicio-de-la-ciencia-del-chocolate","status":"publish","type":"page","link":"https:\/\/blog.espol.edu.ec\/sweetcolors\/inicio-de-la-ciencia-del-chocolate\/","title":{"rendered":"Inicio de la ciencia del Chocolate"},"content":{"rendered":"<p><img loading=\"lazy\" decoding=\"async\" class=\"alignnone  wp-image-143\" src=\"http:\/\/blog.espol.edu.ec\/sweetcolors\/files\/2014\/11\/Write-chocolate2-300x225.jpg\" alt=\"Write-chocolate2\" width=\"375\" height=\"281\" srcset=\"https:\/\/blog.espol.edu.ec\/sweetcolors\/files\/2014\/11\/Write-chocolate2-300x225.jpg 300w, https:\/\/blog.espol.edu.ec\/sweetcolors\/files\/2014\/11\/Write-chocolate2.jpg 400w\" sizes=\"auto, (max-width: 375px) 100vw, 375px\" \/><a href=\"http:\/\/blog.espol.edu.ec\/sweetcolors\/files\/2014\/11\/chocol.jpg\"><img loading=\"lazy\" decoding=\"async\" class=\"alignnone  wp-image-144\" src=\"http:\/\/blog.espol.edu.ec\/sweetcolors\/files\/2014\/11\/chocol-300x187.jpg\" alt=\"chocol\" width=\"449\" height=\"280\" srcset=\"https:\/\/blog.espol.edu.ec\/sweetcolors\/files\/2014\/11\/chocol-300x187.jpg 300w, https:\/\/blog.espol.edu.ec\/sweetcolors\/files\/2014\/11\/chocol-1024x640.jpg 1024w\" sizes=\"auto, (max-width: 449px) 100vw, 449px\" \/><\/a><\/p>\n<p>En 1841 se aisla en laboratorio uno de los componentes del cacao: la <a title=\"Teobromina\" href=\"http:\/\/es.wikipedia.org\/wiki\/Teobromina\">teobromina<\/a> que se trata de un <a title=\"Alcaloide\" href=\"http:\/\/es.wikipedia.org\/wiki\/Alcaloide\">alcaloide<\/a> existente en las granas del cacao. El autor del descubrimiento fue el qu\u00edmico ruso <a class=\"new\" title=\"Alexander Woskresensky (a\u00fan no redactado)\" href=\"http:\/\/es.wikipedia.org\/w\/index.php?title=Alexander_Woskresensky&amp;action=edit&amp;redlink=1\">Alexander Woskresensky<\/a> que defini\u00f3 su f\u00f3rmula como: C<sub>9<\/sub> H<sub>5<\/sub> N<sub>3<\/sub> O<sub>2<\/sub> (investigaciones posteriores mostraron una composici\u00f3n diferente como: C<sub>7<\/sub> H<sub>8<\/sub> N<sub>4<\/sub>O<sub>2<\/sub>).<sup id=\"cite_ref-40\" class=\"reference\"><a href=\"http:\/\/es.wikipedia.org\/wiki\/Historia_del_chocolate#cite_note-40\">40<\/a><\/sup> La teobromina se sintetiz\u00f3 a partir de la <a title=\"Xantina\" href=\"http:\/\/es.wikipedia.org\/wiki\/Xantina\">xantina<\/a> en 1882 por <a title=\"Hermann Emil Fischer\" href=\"http:\/\/es.wikipedia.org\/wiki\/Hermann_Emil_Fischer\">Hermann Emil Fischer<\/a>.<sup id=\"cite_ref-historicalchemistry_41-0\" class=\"reference\"><a href=\"http:\/\/es.wikipedia.org\/wiki\/Historia_del_chocolate#cite_note-historicalchemistry-41\">41<\/a><\/sup> <sup id=\"cite_ref-42\" class=\"reference\"><a href=\"http:\/\/es.wikipedia.org\/wiki\/Historia_del_chocolate#cite_note-42\">42<\/a><\/sup> Se descubre igualmente en otras frutas como es el caso de la <a title=\"Cola acuminata\" href=\"http:\/\/es.wikipedia.org\/wiki\/Cola_acuminata\">nuez cola<\/a> (<i>Cola acuminata<\/i>). Se emplea la teobromina por primera vez en la famaceutica en 1916, aconsejado por la <i>The American Journal of Clinical Nutrition<\/i>. Otras investigaciones posteriores mostraron ciertas similitudes entre las mol\u00e9culas de la <a class=\"mw-redirect\" title=\"Cafeina\" href=\"http:\/\/es.wikipedia.org\/wiki\/Cafeina\">cafeina<\/a> y de la teobromina, siendo esta \u00faltima un <a title=\"Metabolito\" href=\"http:\/\/es.wikipedia.org\/wiki\/Metabolito\">metabolito<\/a> de la cafeina generada posiblemente durante la fase de fermentaci\u00f3n de las granas de cacao. Ambos alcaloides pertenecen a la familia de las <a title=\"Metilxantina\" href=\"http:\/\/es.wikipedia.org\/wiki\/Metilxantina\">metilxantinas<\/a>. Otro de los compuestos qu\u00edmicos existentes en el cacao es la<a title=\"Feniletilamina\" href=\"http:\/\/es.wikipedia.org\/wiki\/Feniletilamina\">feniletilamina<\/a> (abreviado en la literatura qu\u00edmica como <i>PEA<\/i>), su descubrimiento en el cacao fue posterior ya que se aisl\u00f3 en 1982.<sup id=\"cite_ref-NAK_43-0\" class=\"reference\"><a href=\"http:\/\/es.wikipedia.org\/wiki\/Historia_del_chocolate#cite_note-NAK-43\">43<\/a><\/sup> Otros compuestos qu\u00edmicos, y nutricionales como el <a title=\"Magnesio\" href=\"http:\/\/es.wikipedia.org\/wiki\/Magnesio\">magnesio<\/a>, que contiene el cacamo como son las <a title=\"Anandamida\" href=\"http:\/\/es.wikipedia.org\/wiki\/Anandamida\">anandamidas<\/a> (aislado del cacao por la neurocient\u00edfica <i>Daniele Piomelli<\/i> en 1996), <a title=\"Tript\u00f3fano\" href=\"http:\/\/es.wikipedia.org\/wiki\/Tript%C3%B3fano\">tript\u00f3fanos<\/a>,<a title=\"Antioxidante\" href=\"http:\/\/es.wikipedia.org\/wiki\/Antioxidante\">antioxidantes<\/a> diversos fueron descubiertos por la qu\u00edmica anal\u00edtica desarrollada durante el siglo XX. La levadura que produce la fermentaci\u00f3n ha sido investigada e intentado ser detectada desde que Preyer en 1913 la describiera como de la especie <i>Saccharomyces theobroma<\/i>,<sup id=\"cite_ref-44\" class=\"reference\"><a href=\"http:\/\/es.wikipedia.org\/wiki\/Historia_del_chocolate#cite_note-44\">44<\/a><\/sup> posteriormente fue reclasificada por Knapp (1937) como <i>Torulopsis theobroma<\/i>,<sup id=\"cite_ref-45\" class=\"reference\"><a href=\"http:\/\/es.wikipedia.org\/wiki\/Historia_del_chocolate#cite_note-45\">45<\/a><\/sup> pero no identificada por otros autores posteriores. La especie detectada por Martelli en la c\u00e1scara del cacao fue reclasificada posteriormente como la<a title=\"Saccharomyces carlsbergensis\" href=\"http:\/\/es.wikipedia.org\/wiki\/Saccharomyces_carlsbergensis\">Saccharomyces carlsbergensis<\/a>.<\/p>\n<p>Uno de los descubrimientos m\u00e1s importantes en la ciencia del chocolate, vino de la mano de qu\u00edmicos de la <a title=\"Procter &amp; Gamble\" href=\"http:\/\/es.wikipedia.org\/wiki\/Procter_%26_Gamble\">Procter &amp; Gamble<\/a> cuando se estudi\u00f3 en detalle las <a title=\"Estructura cristalina\" href=\"http:\/\/es.wikipedia.org\/wiki\/Estructura_cristalina\">fases cristalinas<\/a> de la manteca de cacao y sus transiciones. Descubriendo en 1966 seis fases cristalinas en un estrecho rango de veinte grados cent\u00edgrados (17<sup>o<\/sup>C hasta los 36<sup>o<\/sup>C).<sup id=\"cite_ref-CrisB_46-0\" class=\"reference\"><a href=\"http:\/\/es.wikipedia.org\/wiki\/Historia_del_chocolate#cite_note-CrisB-46\">46<\/a><\/sup> Este complejo fen\u00f3meno se vio que era gen\u00e9rico a los dem\u00e1s <a title=\"Triglic\u00e9rido\" href=\"http:\/\/es.wikipedia.org\/wiki\/Triglic%C3%A9rido\">triglic\u00e9ridos<\/a>. La comprensi\u00f3n de la naturaleza polim\u00f3rfica de la manteca de cacao, favoreci\u00f3 la reposter\u00eda creativa de finales del siglo XX, fen\u00f3menos como el temperado del chocolate se comprendieron mejor, logrando un mayor control de algunos procesos industriales y nuevas presentaciones y productos basados en el chocolate.<\/p>\n<p>FUENTE:\u00a0http:\/\/es.wikipedia.org\/wiki\/Historia_del_chocolate<\/p>\n","protected":false},"excerpt":{"rendered":"<p>En 1841 se aisla en laboratorio uno de los componentes del cacao: la teobromina que se trata de un alcaloide existente en las granas del cacao. El autor del descubrimiento fue el qu\u00edmico ruso Alexander Woskresensky que defini\u00f3 su f\u00f3rmula como: C9 H5 N3 O2 (investigaciones posteriores mostraron una composici\u00f3n diferente como: C7 H8 N4O2).40 [&hellip;]<\/p>\n","protected":false},"author":9315,"featured_media":0,"parent":0,"menu_order":3,"comment_status":"open","ping_status":"closed","template":"","meta":{"footnotes":""},"class_list":["post-142","page","type-page","status-publish","hentry"],"_links":{"self":[{"href":"https:\/\/blog.espol.edu.ec\/sweetcolors\/wp-json\/wp\/v2\/pages\/142","targetHints":{"allow":["GET"]}}],"collection":[{"href":"https:\/\/blog.espol.edu.ec\/sweetcolors\/wp-json\/wp\/v2\/pages"}],"about":[{"href":"https:\/\/blog.espol.edu.ec\/sweetcolors\/wp-json\/wp\/v2\/types\/page"}],"author":[{"embeddable":true,"href":"https:\/\/blog.espol.edu.ec\/sweetcolors\/wp-json\/wp\/v2\/users\/9315"}],"replies":[{"embeddable":true,"href":"https:\/\/blog.espol.edu.ec\/sweetcolors\/wp-json\/wp\/v2\/comments?post=142"}],"version-history":[{"count":3,"href":"https:\/\/blog.espol.edu.ec\/sweetcolors\/wp-json\/wp\/v2\/pages\/142\/revisions"}],"predecessor-version":[{"id":168,"href":"https:\/\/blog.espol.edu.ec\/sweetcolors\/wp-json\/wp\/v2\/pages\/142\/revisions\/168"}],"wp:attachment":[{"href":"https:\/\/blog.espol.edu.ec\/sweetcolors\/wp-json\/wp\/v2\/media?parent=142"}],"curies":[{"name":"wp","href":"https:\/\/api.w.org\/{rel}","templated":true}]}}