{"id":147,"date":"2014-11-10T22:57:56","date_gmt":"2014-11-10T22:57:56","guid":{"rendered":"http:\/\/blog.espol.edu.ec\/sweetcolors\/?page_id=147"},"modified":"2014-11-10T22:59:06","modified_gmt":"2014-11-10T22:59:06","slug":"la-reposteria","status":"publish","type":"page","link":"https:\/\/blog.espol.edu.ec\/sweetcolors\/la-reposteria\/","title":{"rendered":"La reposter\u00eda"},"content":{"rendered":"<p><a href=\"http:\/\/blog.espol.edu.ec\/sweetcolors\/files\/2014\/11\/10376041_10204045414604464_764296231116910100_n.jpg\"><img loading=\"lazy\" decoding=\"async\" class=\"alignnone size-medium wp-image-53\" src=\"http:\/\/blog.espol.edu.ec\/sweetcolors\/files\/2014\/11\/10376041_10204045414604464_764296231116910100_n-300x300.jpg\" alt=\"10376041_10204045414604464_764296231116910100_n\" width=\"300\" height=\"300\" srcset=\"https:\/\/blog.espol.edu.ec\/sweetcolors\/files\/2014\/11\/10376041_10204045414604464_764296231116910100_n-300x300.jpg 300w, https:\/\/blog.espol.edu.ec\/sweetcolors\/files\/2014\/11\/10376041_10204045414604464_764296231116910100_n-150x150.jpg 150w, https:\/\/blog.espol.edu.ec\/sweetcolors\/files\/2014\/11\/10376041_10204045414604464_764296231116910100_n.jpg 640w\" sizes=\"auto, (max-width: 300px) 100vw, 300px\" \/><\/a><a href=\"http:\/\/blog.espol.edu.ec\/sweetcolors\/files\/2014\/11\/1617691_427150904090174_9209591981472770448_o.jpg\"><img loading=\"lazy\" decoding=\"async\" class=\"alignnone size-medium wp-image-38\" src=\"http:\/\/blog.espol.edu.ec\/sweetcolors\/files\/2014\/11\/1617691_427150904090174_9209591981472770448_o-300x300.jpg\" alt=\"1617691_427150904090174_9209591981472770448_o\" width=\"300\" height=\"300\" srcset=\"https:\/\/blog.espol.edu.ec\/sweetcolors\/files\/2014\/11\/1617691_427150904090174_9209591981472770448_o-300x300.jpg 300w, https:\/\/blog.espol.edu.ec\/sweetcolors\/files\/2014\/11\/1617691_427150904090174_9209591981472770448_o-150x150.jpg 150w, https:\/\/blog.espol.edu.ec\/sweetcolors\/files\/2014\/11\/1617691_427150904090174_9209591981472770448_o.jpg 991w\" sizes=\"auto, (max-width: 300px) 100vw, 300px\" \/><\/a><a href=\"http:\/\/blog.espol.edu.ec\/sweetcolors\/files\/2014\/11\/10329043_444770995661498_1503688000710139579_n.jpg\"><img loading=\"lazy\" decoding=\"async\" class=\"alignnone size-medium wp-image-52\" src=\"http:\/\/blog.espol.edu.ec\/sweetcolors\/files\/2014\/11\/10329043_444770995661498_1503688000710139579_n-300x300.jpg\" alt=\"10329043_444770995661498_1503688000710139579_n\" width=\"300\" height=\"300\" srcset=\"https:\/\/blog.espol.edu.ec\/sweetcolors\/files\/2014\/11\/10329043_444770995661498_1503688000710139579_n-300x300.jpg 300w, https:\/\/blog.espol.edu.ec\/sweetcolors\/files\/2014\/11\/10329043_444770995661498_1503688000710139579_n-150x150.jpg 150w, https:\/\/blog.espol.edu.ec\/sweetcolors\/files\/2014\/11\/10329043_444770995661498_1503688000710139579_n.jpg 919w\" sizes=\"auto, (max-width: 300px) 100vw, 300px\" \/><\/a><a href=\"http:\/\/blog.espol.edu.ec\/sweetcolors\/files\/2014\/11\/10687013_10204731863645261_2848571607806942378_n.jpg\"><img loading=\"lazy\" decoding=\"async\" class=\"alignnone size-medium wp-image-73\" src=\"http:\/\/blog.espol.edu.ec\/sweetcolors\/files\/2014\/11\/10687013_10204731863645261_2848571607806942378_n-300x300.jpg\" alt=\"10687013_10204731863645261_2848571607806942378_n\" width=\"300\" height=\"300\" srcset=\"https:\/\/blog.espol.edu.ec\/sweetcolors\/files\/2014\/11\/10687013_10204731863645261_2848571607806942378_n-300x300.jpg 300w, https:\/\/blog.espol.edu.ec\/sweetcolors\/files\/2014\/11\/10687013_10204731863645261_2848571607806942378_n-150x150.jpg 150w, https:\/\/blog.espol.edu.ec\/sweetcolors\/files\/2014\/11\/10687013_10204731863645261_2848571607806942378_n.jpg 895w\" sizes=\"auto, (max-width: 300px) 100vw, 300px\" \/><\/a><\/p>\n<p>La <b>reposter\u00eda<\/b>, <b>confiter\u00eda<\/b> o <b>pasteler\u00eda<\/b> es el arte de preparar o decorar <a class=\"mw-redirect\" title=\"Pastel (gastronom\u00eda)\" href=\"http:\/\/es.wikipedia.org\/wiki\/Pastel_(gastronom%C3%ADa)\">pasteles<\/a> u otros <a title=\"Postre\" href=\"http:\/\/es.wikipedia.org\/wiki\/Postre\">postres<\/a>. El t\u00e9rmino reposter\u00eda es el que se utiliza para denominar al tipo de gastronom\u00eda que se basa en la preparaci\u00f3n, cocci\u00f3n y decoraci\u00f3n de platos y piezas dulces tales como <a class=\"new\" title=\"Tortas (a\u00fan no redactado)\" href=\"http:\/\/es.wikipedia.org\/w\/index.php?title=Tortas&amp;action=edit&amp;redlink=1\">tortas<\/a>, pasteles, <a class=\"mw-redirect\" title=\"Galletas\" href=\"http:\/\/es.wikipedia.org\/wiki\/Galletas\">galletas<\/a>, <a class=\"mw-redirect\" title=\"Budines\" href=\"http:\/\/es.wikipedia.org\/wiki\/Budines\">budines<\/a> y muchos m\u00e1s.<\/p>\n<h2><span id=\"Recetas_antiguas_y_modernas\" class=\"mw-headline\">Recetas antiguas y modernas<\/span><\/h2>\n<p>La Gran parte de los actuales recetarios de reposter\u00eda parten de f\u00f3rmulas antiguas o modernas, fruto del gusto de la gente, frente a los cambios posteriores a que fueron sometidas las artes culinarias con la adici\u00f3n de nuevos ingredientes para la producci\u00f3n de una nueva serie. Entre los escasos que, respecto a los dulces, han llegado a nuestros d\u00edas destaca el escrito a fines del siglo XIV por el juez municipal y buen repostero Carlos Pay\u00e1n Romero (Camas, 1845-1931), de gran inter\u00e9s por cuanto aporta las recetas reposteras que hered\u00f3 o recre\u00f3, algunas de las cuales (por ejemplo la del <i>tocino del cielo<\/i>), por la raz\u00f3n apuntada, nada tienen que ver, salvo en el nombre, con las actuales. As\u00ed, el aficionado a los gustos originales podr\u00e1 elaborar, con la metrolog\u00eda decimon\u00f3nica, y entre un cent\u00f3n de recetas, las tortillas de leche, el pan de rey, las torrijas de bizcocho,las puchinas, el alfajor, el polvor\u00f3n, la cuajada de bizcochos, los mostachones, el dulce de c\u00e1scara de sand\u00eda, los pelluscos, el bienmesabe, las manzanas en pobre, la rosa de dulces, los bizcochos mexicanos, el pan franc\u00e9s o las tortas de aceite. Actualmente hay reposteros mundialmente conocidos por su gran \u00e9xito culinario.<\/p>\n<h2><span id=\"Preparaci.C3.B3n\" class=\"mw-headline\">Preparaci\u00f3n<\/span><\/h2>\n<div class=\"thumb tright\">\n<div class=\"thumbinner\">\n<div class=\"thumbcaption\">\n<div class=\"magnify\">\u00a0Elaboraci\u00f3n de <a title=\"Merengue (alimento)\" href=\"http:\/\/es.wikipedia.org\/wiki\/Merengue_(alimento)\">merengue<\/a>montando <a title=\"Clara de huevo\" href=\"http:\/\/es.wikipedia.org\/wiki\/Clara_de_huevo\">claras de huevo<\/a>.<\/div>\n<\/div>\n<\/div>\n<\/div>\n<p>A diferencia de otros alimentos preparados con <a title=\"Harina\" href=\"http:\/\/es.wikipedia.org\/wiki\/Harina\">harina<\/a> de <a class=\"mw-redirect\" title=\"Trigo\" href=\"http:\/\/es.wikipedia.org\/wiki\/Trigo\">trigo<\/a> como el <a class=\"mw-redirect\" title=\"Pan (alimento)\" href=\"http:\/\/es.wikipedia.org\/wiki\/Pan_(alimento)\">pan<\/a>, donde el objetivo es amasar la mezcla explotando las propiedades el\u00e1sticas del <a title=\"Gluten\" href=\"http:\/\/es.wikipedia.org\/wiki\/Gluten\">gluten<\/a>, los preparados en reposter\u00eda suelen tratar de mantener al m\u00ednimo la agitaci\u00f3n de la masa, una vez agregada la harina. Los reposteros optan por usar ingredientes como la<a title=\"Levadura\" href=\"http:\/\/es.wikipedia.org\/wiki\/Levadura\">levadura<\/a> o el <a class=\"mw-redirect\" title=\"Bicarbonato s\u00f3dico\" href=\"http:\/\/es.wikipedia.org\/wiki\/Bicarbonato_s%C3%B3dico\">bicarbonato s\u00f3dico<\/a>(<i>polvo de hornear<\/i>) cuando quieren generar burbujas de aire en el alimento. Esto causa que los pasteles sean tradicionalmente esponjosos en vez de gomosos.<\/p>\n<p>Suele usarse, para casi todos los alimentos de la reposter\u00eda,<\/p>\n<ul>\n<li><a title=\"Az\u00facar\" href=\"http:\/\/es.wikipedia.org\/wiki\/Az%C3%BAcar\">az\u00facar<\/a><\/li>\n<li><a title=\"Huevo (alimento)\" href=\"http:\/\/es.wikipedia.org\/wiki\/Huevo_(alimento)\">huevos<\/a><\/li>\n<li><a title=\"Harina\" href=\"http:\/\/es.wikipedia.org\/wiki\/Harina\">harina<\/a><\/li>\n<li><a title=\"Mantequilla\" href=\"http:\/\/es.wikipedia.org\/wiki\/Mantequilla\">mantequilla<\/a><\/li>\n<li><a class=\"mw-redirect\" title=\"Vainilla\" href=\"http:\/\/es.wikipedia.org\/wiki\/Vainilla\">vainilla<\/a><\/li>\n<li><a title=\"Chocolate\" href=\"http:\/\/es.wikipedia.org\/wiki\/Chocolate\">chocolate<\/a><\/li>\n<li><a title=\"Crema de leche\" href=\"http:\/\/es.wikipedia.org\/wiki\/Crema_de_leche\">crema<\/a><\/li>\n<li><a title=\"Levadura\" href=\"http:\/\/es.wikipedia.org\/wiki\/Levadura\">levadura<\/a><\/li>\n<\/ul>\n<p>Algunos postres llevan adentro trozos de <a title=\"Fruta\" href=\"http:\/\/es.wikipedia.org\/wiki\/Fruta\">fruta<\/a>. Otros pueden llevar en su lugar, o adicionalmente, una capa de <a title=\"Crema pastelera\" href=\"http:\/\/es.wikipedia.org\/wiki\/Crema_pastelera\">crema decorativa<\/a> sobre su exterior.<\/p>\n<h3><span id=\"Pasteles_con_capas\" class=\"mw-headline\">Pasteles con capas<\/span><\/h3>\n<h3>Porci\u00f3n de tarta de <a title=\"Chocolate\" href=\"http:\/\/es.wikipedia.org\/wiki\/Chocolate\">chocolate<\/a> con capas.<\/h3>\n<p>Los pasteles de varias capas suelen prepararse utilizando varios pasteles delgados que luego son colocados uno sobre el otro formando las capas, con crema o fruta entre cada capa. El producto terminado suele cubrirse con crema u otra decoraci\u00f3n. Suele cortarse y servirse como si la separaci\u00f3n entre capas no existiera.<\/p>\n<p>En algunas ocasiones se pueden agregar los ingredientes separando las capas antes de meter el pastel al <a title=\"Horno\" href=\"http:\/\/es.wikipedia.org\/wiki\/Horno\">horno<\/a>. A veces tambi\u00e9n se corta un pastel grande horizontalmente para crear las capas con el objetivo de introducir crema o fruta entre ellas.<\/p>\n<p>Cuando las capas est\u00e1n separadas por columnas (como sucede en un pastel de <a title=\"Boda\" href=\"http:\/\/es.wikipedia.org\/wiki\/Boda\">bodas<\/a>) o cuando cada capa tiene un di\u00e1metro distinto (generalmente d\u00e1ndole al pastel una apariencia de pir\u00e1mide escalonada) se le llama piso a cada capa y suelen comerse por separado.<\/p>\n<h2><span id=\"Decoraci.C3.B3n\" class=\"mw-headline\">Decoraci\u00f3n<\/span><\/h2>\n<div class=\"thumb tright\">\n<div class=\"thumbinner\">\n<div class=\"thumbcaption\">\n<div class=\"magnify\">\u00a0Tarta decorada con crema de chocolate, p\u00e9talos de rosa comestibles y hojas de chocolate.<\/div>\n<\/div>\n<\/div>\n<\/div>\n<p>Una vez que se termina de hornear un pastel, se le suele decorar con diversas cubiertas cremosas o de az\u00facar y elementos que aporten tanto sabor como dise\u00f1o, entre estos \u00faltimos tenemos a las frutas, nueces, chispas de chocolate o de dulce, entre otros.<\/p>\n<p>Entre las cubiertas m\u00e1s populares se encuentra el bet\u00fan de mantequilla, la crema batida, la crema chantilly, cobertura de chocolate, bet\u00fan de queso crema y la pasta de az\u00facar o fondant. \u00c9sta es la parte m\u00e1s c\u00e9lebre del proceso, incluso al punto de que aparte de las clases de pasteler\u00eda existen cursos especiales para la decoraci\u00f3n de pasteles.<\/p>\n<p>En cuanto a las cremas, betunes o glaseados, est\u00e1s se realizan con materia grasa y az\u00facar y dependiendo de la textura, el sabor y el color se agregan m\u00e1s ingredientes. Algunos ejemplo de materia grasa son mantequilla, manteca vegetal, queso crema, chocolate, entre otros. El az\u00facar que se usa en la mayor\u00eda de los casos es az\u00facar glass o de reposter\u00eda, que no es m\u00e1s que az\u00facar normal molida hasta que est\u00e9 extremadamente fina para que as\u00ed pueda tener una m\u00ednima o nula sensaci\u00f3n granulosa o ser espolvoreada o dejada caer en forma de nieve sobre el pastel. Para el sabor se utiliza la cocoa, vainilla, frutas, licores o saborizantes artificiales.<\/p>\n<p>El color puede ser agregado por los mismos ingredientes o en su defecto se le agrega color artificial. Para aplicar este tipo de cubierta al pastel se utilizan las esp\u00e1tulas, pueden ser rectas o en forma de \u201cL\u201d, existen de diversos tama\u00f1os y espesores, dependiendo del tipo de cubierta a aplicar y de lo prolijo que se requiera el dise\u00f1o de decoraci\u00f3n.<\/p>\n<p>En cuanto a los detalles se aplican con equipo espacial, tales como injectadoras o mangas con boquillas especiales. Los distintos colores de las cremas se usan para hacer formas sobre la superficie del pastel, tales como para escribir \"Feliz Cumplea\u00f1os\" o dibujar un personaje de dibujos animados.<\/p>\n<p>A finales del siglo XX, se hicieron disponibles al p\u00fablico nuevos productos para la decoraci\u00f3n de pasteles. Estos incluyen esparcidores especiales de chispas y m\u00e9todos para transferir una imagen impresa a un pastel. A veces se le agregan adornos pre-hechos al pastel como n\u00fameros o figuras pl\u00e1sticas o comestibles. Tambi\u00e9n existen hojas de chocolate que pueden ser colocadas donde se desee.<\/p>\n<p>El fondant es una alternativa m\u00e1s para la decoraci\u00f3n de pasteles es una pasta laminada hecha a base de agua y az\u00facar, su nombre proviene del franc\u00e9s y significa: \u201cque se funde\u201d y hace referencia a la sensaci\u00f3n f\u00edsica al momento de comerlo. Este material es completamente moldeable, se pueden crear figuras, flores o cualquier cosa por lo es una de las grandes ventajas ya que abre la puerta a la creatividad. Para hacer Fondant existen varias recetas y sabores, lo que s\u00ed es un hecho es que hay que tener paciencia y dedicaci\u00f3n para trabajarlo y esperar hasta que est\u00e9 completamente seco para poder manipularle mejor.<\/p>\n<h2><span id=\"Establecimientos\" class=\"mw-headline\">Establecimientos<\/span><\/h2>\n<p>Las <a class=\"extiw\" title=\"wikt:pasteler\u00eda\" href=\"http:\/\/es.wiktionary.org\/wiki\/pasteler%C3%ADa\">pasteler\u00eda<\/a>s, son negocios extremadamente comunes. Cuando venden tartas, tambi\u00e9n se denominan confiter\u00edas y cuando s\u00f3lo tienen tartas se denominan tarteria. A menudo las pasteler\u00edas tambi\u00e9n venden pan y otros alimentos salados. En estos casos se llaman <a class=\"extiw\" title=\"wikt:panader\u00eda\" href=\"http:\/\/es.wiktionary.org\/wiki\/panader%C3%ADa\">panader\u00eda<\/a>s.<\/p>\n<p>Hoy en d\u00eda, tambi\u00e9n pueden vender numerosos otros art\u00edculos como refrescos o cereal, sirviendo de <a title=\"Tienda de conveniencia\" href=\"http:\/\/es.wikipedia.org\/wiki\/Tienda_de_conveniencia\">tienda de conveniencia<\/a>, <a class=\"extiw\" title=\"wikt:cafeter\u00eda\" href=\"http:\/\/es.wiktionary.org\/wiki\/cafeter%C3%ADa\">wikt:cafeter\u00eda<\/a> y\/o restaurante de<\/p>\n<div class=\"thumb tright\">\n<div class=\"thumbinner\">\n<div class=\"thumbcaption\">\n<div class=\"magnify\">\u00a0Manga pastelera compuesta de bolsa poco costosa y boquillas pl\u00e1sticas.<\/div>\n<\/div>\n<\/div>\n<\/div>\n<p>paso.<\/p>\n<p>Las pasteler\u00edas a menudo se especializan en hacer pasteles para bodas, cumplea\u00f1os o santos. Tambi\u00e9n pueden recibir encargos de hoteles o centros de convenciones que buscan conseguir postres de buena calidad en eventos donde pueden reunirse personas de varios pa\u00edses.<\/p>\n<p>Las panader\u00edas\/pasteler\u00edas se pueden dividir en:<\/p>\n<ul>\n<li><b>F\u00e1bricas<\/b>. A menudo producen los pasteles para luego transportarlos a numerosos puntos de venta a lo largo de una regi\u00f3n. Normalmente trabajan para tiendas similares.<\/li>\n<li><b>Negocios familiares<\/b>. Pueden especializarse en productos de un tipo espec\u00edfico, tales como pasteles con recetas originarias de una zona espec\u00edfica del mundo.<\/li>\n<li><b>Franquicias<\/b>. Forman parte de cadenas de pasteler\u00edas. Sus pasteleros y\/o panaderos suelen seguir recetas predeterminadas por la compa\u00f1\u00eda, que es la que establece la gama de productos.<\/li>\n<\/ul>\n<p>Las pasteler\u00edas pueden ser asimismo <a class=\"mw-redirect\" title=\"Artesana\" href=\"http:\/\/es.wikipedia.org\/wiki\/Artesana\">artesanales<\/a>.<\/p>\n<p>FUENTE:\u00a0http:\/\/es.wikipedia.org\/wiki\/Reposter%C3%ADa<\/p>\n","protected":false},"excerpt":{"rendered":"<p>La reposter\u00eda, confiter\u00eda o pasteler\u00eda es el arte de preparar o decorar pasteles u otros postres. El t\u00e9rmino reposter\u00eda es el que se utiliza para denominar al tipo de gastronom\u00eda que se basa en la preparaci\u00f3n, cocci\u00f3n y decoraci\u00f3n de platos y piezas dulces tales como tortas, pasteles, galletas, budines y muchos m\u00e1s. Recetas antiguas [&hellip;]<\/p>\n","protected":false},"author":9315,"featured_media":0,"parent":0,"menu_order":4,"comment_status":"open","ping_status":"closed","template":"","meta":{"footnotes":""},"class_list":["post-147","page","type-page","status-publish","hentry"],"_links":{"self":[{"href":"https:\/\/blog.espol.edu.ec\/sweetcolors\/wp-json\/wp\/v2\/pages\/147","targetHints":{"allow":["GET"]}}],"collection":[{"href":"https:\/\/blog.espol.edu.ec\/sweetcolors\/wp-json\/wp\/v2\/pages"}],"about":[{"href":"https:\/\/blog.espol.edu.ec\/sweetcolors\/wp-json\/wp\/v2\/types\/page"}],"author":[{"embeddable":true,"href":"https:\/\/blog.espol.edu.ec\/sweetcolors\/wp-json\/wp\/v2\/users\/9315"}],"replies":[{"embeddable":true,"href":"https:\/\/blog.espol.edu.ec\/sweetcolors\/wp-json\/wp\/v2\/comments?post=147"}],"version-history":[{"count":2,"href":"https:\/\/blog.espol.edu.ec\/sweetcolors\/wp-json\/wp\/v2\/pages\/147\/revisions"}],"predecessor-version":[{"id":149,"href":"https:\/\/blog.espol.edu.ec\/sweetcolors\/wp-json\/wp\/v2\/pages\/147\/revisions\/149"}],"wp:attachment":[{"href":"https:\/\/blog.espol.edu.ec\/sweetcolors\/wp-json\/wp\/v2\/media?parent=147"}],"curies":[{"name":"wp","href":"https:\/\/api.w.org\/{rel}","templated":true}]}}