{"id":2,"date":"2010-05-25T19:07:58","date_gmt":"2010-05-25T19:07:58","guid":{"rendered":""},"modified":"2010-09-13T17:04:48","modified_gmt":"2010-09-13T17:04:48","slug":"about","status":"publish","type":"page","link":"https:\/\/blog.espol.edu.ec\/tatyapo\/about\/","title":{"rendered":"Acerca de m\u00ed!!"},"content":{"rendered":"<p><span style=\"color: #000000\"> <\/span><\/p>\n<p style=\"text-align: justify\"><img loading=\"lazy\" decoding=\"async\" style=\"width: 0px;height: 0px\" src=\"http:\/\/counters.gigya.com\/wildfire\/IMP\/CXNID=2000002.0NXC\/bT*xJmx*PTEyODEzMTkzODI1NjImcHQ9MTI4MTMxOTM5MjEwOSZwPTExOTMxJmQ9c2tldGNocGFkcyZnPTEmbz1iMGZkYmM4MDAx\/MDE*YmJhYmU4NWZjMzk4MzgyMmE3MA==.gif\" border=\"0\" alt=\"\" width=\"0\" height=\"0\" \/><a href=\"http:\/\/www.imagechef.com\/\" target=\"_blank\"><\/a><span style=\"color: #ff99cc\"><strong>Nombres:<\/strong><span style=\"color: #000000\"> <\/span><span style=\"color: #000000\"><span style=\"color: #ffffff\">Tatiana Jessenia<\/span><\/span><strong><span style=\"color: #000000\"><span style=\"color: #ff99cc\"> <\/span><\/span><\/strong><\/span><\/p>\n<p style=\"text-align: justify\"><span style=\"color: #ff99cc\"><strong><span style=\"color: #000000\"><span style=\"color: #ff99cc\">Apellido<span style=\"color: #ff99cc\">s<\/span><\/span><span style=\"color: #ff99cc\">:<\/span><\/span><\/strong><span style=\"color: #000000\"> <\/span><span style=\"color: #ffffff\">Apolinario Alfonzo<\/span><\/span><\/p>\n<p style=\"text-align: justify\"><span style=\"color: #ff99cc\"><strong><span style=\"color: #ff99cc\">Fecha d<\/span><\/strong><\/span><span style=\"color: #ff99cc\"><strong><span style=\"color: #ff99cc\">e Nac<\/span><\/strong><\/span><strong><span style=\"color: #ff99cc\">imient<\/span><\/strong><strong><span style=\"color: #ff99cc\">o:<\/span><\/strong><span style=\"color: #ffffff\">9\/Febrero\/1992<\/span><\/p>\n<p style=\"text-align: justify\"><span style=\"color: #000000\"> <\/span><span style=\"color: #ff99cc\"><strong><span style=\"color: #ff99cc\">Ciudad natal:<\/span><\/strong><span style=\"color: #000000\"> <\/span><span style=\"color: #000000\"><span style=\"color: #ffffff\">Guayaquil <\/span> <\/span><\/span><\/p>\n<p style=\"text-align: justify\"><span style=\"color: #ff99cc\"><strong><span style=\"color: #ff99cc\">Hobbies:<\/span><\/strong><strong><span style=\"color: #000000\"> <\/span><\/strong><span style=\"color: #ffffff\">Bailar, cantar, leer, estudiar, incluso cuando me aburro cojo un libro de matem\u00e1ticas.. jaja<\/span><\/span><\/p>\n<p style=\"text-align: justify\"><span style=\"color: #ff99cc\"><strong><span style=\"color: #000000\"><span style=\"color: #ff99cc\">Intereses:<\/span><span style=\"color: #ffffff\"> <\/span><\/span><\/strong><span style=\"color: #000000\"><span style=\"color: #ffffff\">t<\/span><span style=\"color: #ffffff\">ener muchos amigos, y obtener mi t\u00edtulo en Espol<\/span><\/span><\/span><\/p>\n<p style=\"text-align: justify\"><span style=\"color: #ff99cc\"><strong><span style=\"color: #000000\"><span style=\"color: #ff99cc\">Correo electr\u00f3nico:<\/span> <\/span><\/strong><span style=\"color: #ffffff\"><a href=\"mailto:tatihontas_29@hotmail.com\"><span style=\"color: #ffffff\">tatihontas_29@hotmail.com<\/span><\/a><\/span><\/span><\/p>\n<p style=\"text-align: justify\"><span style=\"text-decoration: underline\"><strong><span style=\"color: #ff99cc\">EDUCACI\u00d3N<\/span><\/strong><\/span><\/p>\n<p style=\"text-align: justify\"><span style=\"color: #ffffff\">Primaria:<\/span><\/p>\n<ul style=\"text-align: justify\">\n<li><span style=\"color: #ffffff\">Escuela Particular \"Casita de Sorpresas\"<\/span><\/li>\n<li><span style=\"color: #ffffff\">Unidad Educativa \"Rosario S\u00e1nchez Bruno\"<\/span><\/li>\n<\/ul>\n<p style=\"text-align: justify\"><span style=\"color: #ffffff\">Secundaria:<\/span><\/p>\n<ul>\n<li><span style=\"color: #ffffff\">Unidad Educativa \"Rosario S\u00e1nchez Bruno\"<\/span><\/li>\n<\/ul>\n<p style=\"text-align: justify\"><span style=\"color: #ffffff\">Universidad:<\/span><\/p>\n<ul style=\"text-align: justify\">\n<li><span style=\"color: #ffffff\">Escuela Superior Polit\u00e9cnica del Litoral<\/span><\/li>\n<\/ul>\n<p style=\"text-align: justify\"><span style=\"color: #ffffff\"><span style=\"color: #ffffff\"> <\/span><span style=\"color: #ffffff\"><span style=\"color: #ffffff\"> Ingenier\u00eda en Auditor\u00eda y Contadur\u00eda P\u00fablica A<\/span><span style=\"color: #ffffff\">uto<\/span>rizada<\/span><\/span><\/p>\n<p style=\"text-align: justify\"><span style=\"color: #000000\"><span style=\"text-decoration: underline\"><strong><span style=\"color: #ff99cc\">BIOGRAF\u00cdA:<\/span><\/strong><\/span><\/span><\/p>\n<p style=\"text-align: justify\"><span style=\"color: #ffffff\">Hola!! Mi nombre es Tatiana.. pero me dicen Taty!! incluso algunos me dicen pi\u00f1ita!! bueno fue porque en una Feria de mi cole tuve que disfrazarme de pi\u00f1a apetitosa!! <\/span><\/p>\n<p style=\"text-align: justify\"><span style=\"color: #ffffff\">Bueno soy una persona muy alegre, me encanta bailar, cantar.. obvio todo el mundo me quiere ahorcar cuando canto!!! jajaja pero igual creo que asi me quieren... soy muy rom\u00e1ntica, sincera, cuando me gusta algo, lucho por conseguirlo!!\u00a0\u00a0estoy muy contenta de pertenecer a esta Universidad tan prestigiosa como es la Espol, mis desesos se cumplieron!! aunque todav\u00eda falta por cumplir muchos m\u00e1s!!! <\/span><\/p>\n<p style=\"text-align: justify\"><span style=\"color: #ffffff\"> Estoy super feliz!! porque ademas puedo decir que tengo un grupo increible de amigos a quienes quiero mucho!!!<\/span><\/p>\n<p style=\"text-align: justify\"><span style=\"color: #ffffff\"> <\/span><\/p>\n","protected":false},"excerpt":{"rendered":"<p>Nombres: Tatiana Jessenia Apellidos: Apolinario Alfonzo Fecha de Nacimiento:9\/Febrero\/1992 Ciudad natal: Guayaquil Hobbies: Bailar, cantar, leer, estudiar, incluso cuando me aburro cojo un libro de matem\u00e1ticas.. jaja Intereses: tener muchos amigos, y obtener mi t\u00edtulo en Espol Correo electr\u00f3nico: tatihontas_29@hotmail.com EDUCACI\u00d3N Primaria: Escuela Particular \"Casita de Sorpresas\" Unidad Educativa \"Rosario S\u00e1nchez Bruno\" Secundaria: Unidad Educativa [&hellip;]<\/p>\n","protected":false},"author":3973,"featured_media":0,"parent":0,"menu_order":0,"comment_status":"open","ping_status":"open","template":"page_fullwidth.php","meta":{"footnotes":""},"class_list":["post-2","page","type-page","status-publish","hentry"],"_links":{"self":[{"href":"https:\/\/blog.espol.edu.ec\/tatyapo\/wp-json\/wp\/v2\/pages\/2","targetHints":{"allow":["GET"]}}],"collection":[{"href":"https:\/\/blog.espol.edu.ec\/tatyapo\/wp-json\/wp\/v2\/pages"}],"about":[{"href":"https:\/\/blog.espol.edu.ec\/tatyapo\/wp-json\/wp\/v2\/types\/page"}],"author":[{"embeddable":true,"href":"https:\/\/blog.espol.edu.ec\/tatyapo\/wp-json\/wp\/v2\/users\/3973"}],"replies":[{"embeddable":true,"href":"https:\/\/blog.espol.edu.ec\/tatyapo\/wp-json\/wp\/v2\/comments?post=2"}],"version-history":[{"count":20,"href":"https:\/\/blog.espol.edu.ec\/tatyapo\/wp-json\/wp\/v2\/pages\/2\/revisions"}],"predecessor-version":[{"id":214,"href":"https:\/\/blog.espol.edu.ec\/tatyapo\/wp-json\/wp\/v2\/pages\/2\/revisions\/214"}],"wp:attachment":[{"href":"https:\/\/blog.espol.edu.ec\/tatyapo\/wp-json\/wp\/v2\/media?parent=2"}],"curies":[{"name":"wp","href":"https:\/\/api.w.org\/{rel}","templated":true}]}}