{"id":32,"date":"2010-06-08T13:51:09","date_gmt":"2010-06-08T13:51:09","guid":{"rendered":"http:\/\/blog.espol.edu.ec\/tealvill\/?page_id=32"},"modified":"2010-06-08T13:55:13","modified_gmt":"2010-06-08T13:55:13","slug":"no-c-m-ocurre-nadaaaaaa","status":"publish","type":"page","link":"https:\/\/blog.espol.edu.ec\/tealvill\/no-c-m-ocurre-nadaaaaaa\/","title":{"rendered":"No c M oCurRe NaDaAaAaA"},"content":{"rendered":"<p><a><a>object&gt;<\/a>topoyiyo<\/a>Topo Gigio<\/p>\n<p>Topo Gigio es una marioneta de televisi\u00f3n infantil que interpreta a un ratoncito italiano.<\/p>\n<p>Fue creado por Maria Perego en 1958, su primera aparici\u00f3n televisiva fue en 1959 en el programa italiano, Canzonissima y su voz original fue interpretada por el actor, Peppino Mazzullo.<\/p>\n<p>Debido a su nombre, algunos espectadores de habla hispana cre\u00edan que Topo Gigio era un topo en lugar de un rat\u00f3n, sin considerar que rat\u00f3n en italiano se dice topo.[1]<\/p>\n<p>El trabajo de animaci\u00f3n de este personaje fue famoso, como lo fue su \"ca\u00edda de ojos\", cuando le daba verg\u00fcenza o quer\u00eda conseguir algo.<\/p>\n<p>En sus apariciones televisivas, el Topo Gigio dialogaba con su contraparte humana, y contaba historias y cantaba canciones, como lo son:<\/p>\n<p>* \"A la camita...\".<br \/>\n* \"En un bosque de la China\".<br \/>\n* \"\u00a1Lo dije yo primero, lo dije yo primero!!\".<br \/>\n* \"Quiero ser como mi pap\u00e1\".<\/p>\n<p>Entre algunas caracter\u00edsticas que ha mostrado se encuentran que:<\/p>\n<p>* Topo Gigio se considera un ratoncito pac\u00edfico.<br \/>\n* Dice oraciones, incluyendo las dirigidas a \"San Peppino\".<br \/>\n* Ha sido un gran admirador de Brigitte Bardot.<\/p>\n<p>Cuando Topo Gigio apareci\u00f3 originalmente en televisi\u00f3n, sus programas fueron vistos en blanco y negro, y posteriormente a color. Sus programas han sido grabados en DVD.<\/p>\n<p>Se llegaron a crear mu\u00f1ecos en su forma para venta comercial.<\/p>\n","protected":false},"excerpt":{"rendered":"<p>object&gt;topoyiyoTopo Gigio Topo Gigio es una marioneta de televisi\u00f3n infantil que interpreta a un ratoncito italiano. Fue creado por Maria Perego en 1958, su primera aparici\u00f3n televisiva fue en 1959 en el programa italiano, Canzonissima y su voz original fue interpretada por el actor, Peppino Mazzullo. Debido a su nombre, algunos espectadores de habla hispana [&hellip;]<\/p>\n","protected":false},"author":4164,"featured_media":0,"parent":0,"menu_order":0,"comment_status":"open","ping_status":"open","template":"","meta":{"footnotes":""},"class_list":["post-32","page","type-page","status-publish","hentry"],"_links":{"self":[{"href":"https:\/\/blog.espol.edu.ec\/tealvill\/wp-json\/wp\/v2\/pages\/32","targetHints":{"allow":["GET"]}}],"collection":[{"href":"https:\/\/blog.espol.edu.ec\/tealvill\/wp-json\/wp\/v2\/pages"}],"about":[{"href":"https:\/\/blog.espol.edu.ec\/tealvill\/wp-json\/wp\/v2\/types\/page"}],"author":[{"embeddable":true,"href":"https:\/\/blog.espol.edu.ec\/tealvill\/wp-json\/wp\/v2\/users\/4164"}],"replies":[{"embeddable":true,"href":"https:\/\/blog.espol.edu.ec\/tealvill\/wp-json\/wp\/v2\/comments?post=32"}],"version-history":[{"count":4,"href":"https:\/\/blog.espol.edu.ec\/tealvill\/wp-json\/wp\/v2\/pages\/32\/revisions"}],"predecessor-version":[{"id":34,"href":"https:\/\/blog.espol.edu.ec\/tealvill\/wp-json\/wp\/v2\/pages\/32\/revisions\/34"}],"wp:attachment":[{"href":"https:\/\/blog.espol.edu.ec\/tealvill\/wp-json\/wp\/v2\/media?parent=32"}],"curies":[{"name":"wp","href":"https:\/\/api.w.org\/{rel}","templated":true}]}}