{"id":59,"date":"2010-08-17T15:14:52","date_gmt":"2010-08-17T15:14:52","guid":{"rendered":"http:\/\/blog.espol.edu.ec\/tealvill\/?page_id=59"},"modified":"2010-08-17T15:39:43","modified_gmt":"2010-08-17T15:39:43","slug":"south-park","status":"publish","type":"page","link":"https:\/\/blog.espol.edu.ec\/tealvill\/south-park\/","title":{"rendered":"SoUtH PaRk -.-"},"content":{"rendered":"<p><a href=\"http:\/\/blog.espol.edu.ec\/tealvill\/files\/2010\/08\/SouthParkHD1.png\"><img loading=\"lazy\" decoding=\"async\" class=\"alignnone size-medium wp-image-62\" title=\"SouthParkHD\" src=\"http:\/\/blog.espol.edu.ec\/tealvill\/files\/2010\/08\/SouthParkHD1-300x168.png\" alt=\"\" width=\"300\" height=\"168\" srcset=\"https:\/\/blog.espol.edu.ec\/tealvill\/files\/2010\/08\/SouthParkHD1-300x168.png 300w, https:\/\/blog.espol.edu.ec\/tealvill\/files\/2010\/08\/SouthParkHD1.png 640w\" sizes=\"auto, (max-width: 300px) 100vw, 300px\" \/><\/a><\/p>\n<p>South Park es una serie estadounidense de animaci\u00f3n, creada por Trey Parker y Matt Stone para el canal de televisi\u00f3n Comedy Central. La serie est\u00e1 destinada a un p\u00fablico adulto, y se caracteriza por satirizar con humor negro la sociedad, actualidad y cultura estadounidense a trav\u00e9s de las historias y situaciones surrealistas que les suceden a sus protagonistas, cuatro ni\u00f1os (Stan, Kyle, Eric y Kenny) residentes en un pueblo ficticio de Colorado que se llama South Park.<\/p>\n<p>Esta serie se estren\u00f3 el 13 de agosto de 1997 en Estados Unidos. Desde entonces se han emitido 202 cap\u00edtulos en 14 temporadas y la serie ha sido comercializada internacionalmente, incluyendo a los mercados de Espa\u00f1a y Latinoam\u00e9rica. En 1999 se estren\u00f3 un largometraje de South Park, titulado South Park: Bigger, Longer &amp; Uncut. A lo largo de sus temporadas, el programa ha cosechado tres premios Primetime Emmy y un premio Peabody entre otros galardones.<\/p>\n<p>El uso de lenguaje obsceno y violencia por parte de South Park, su estilo de humor irreverente y el tratamiento de diferentes episodios de la actualidad estadounidense y mundial (como satirizar el episodio de las caricaturas de Mahoma o las burlas hacia la Iglesia de la Cienciolog\u00eda) le ha valido a la serie numerosas pol\u00e9micas a lo largo de sus 14 temporadas.<\/p>\n<p><strong>PERSONAJES<\/strong><\/p>\n<p><a href=\"http:\/\/blog.espol.edu.ec\/tealvill\/files\/2010\/08\/south-park.jpg\"><img loading=\"lazy\" decoding=\"async\" class=\"alignnone size-medium wp-image-60\" title=\"south-park\" src=\"http:\/\/blog.espol.edu.ec\/tealvill\/files\/2010\/08\/south-park-300x221.jpg\" alt=\"\" width=\"300\" height=\"221\" srcset=\"https:\/\/blog.espol.edu.ec\/tealvill\/files\/2010\/08\/south-park-300x221.jpg 300w, https:\/\/blog.espol.edu.ec\/tealvill\/files\/2010\/08\/south-park.jpg 539w\" sizes=\"auto, (max-width: 300px) 100vw, 300px\" \/><\/a><\/p>\n<p>Los protagonistas son cuatro ni\u00f1os: Stan Marsh, Kyle Broflovski, Eric Cartman y Kenny McCormick. A lo largo de la serie se siguen sus aventuras en South Park, un peque\u00f1o pueblo monta\u00f1oso de Colorado en el que viven el resto de personajes: estudiantes, familias, personal del colegio y otros residentes. En las primeras temporadas cursan tercero de primaria, y a partir de la cuarta temporada est\u00e1n en cuarto curso.<\/p>\n<p>Stan Marsh suele ser el l\u00edder del grupo y es representado como un personaje normal y maduro. Kyle Broflovski es su mejor amigo, es jud\u00edo y es el personaje con mayor ingenio de los cuatro. Los creadores declararon que idearon a Stan pensando en Trey Parker, mientras que Kyle se hizo a semejanza de Matt Stone. Eric Cartman se presenta como el antagonista de ambos; un ni\u00f1o ego\u00edsta, gordo, racista, antisemita y xen\u00f3fobo que adem\u00e1s rivaliza con Kyle. Aunque cuando se lo propone, logra burlarlos y salirse con la suya demostrando su gran capacidad, normalmente es atrapado despu\u00e9s ya que pierde el control de sus proyectos. El cuarto ni\u00f1o, Kenny McCormick, procede de una familia muy pobre y debido a que su anorak le tapa la boca, el espectador no entiende lo que dice. Durante las primeras cinco temporadas Kenny mor\u00eda en cada cap\u00edtulo, para regresar en el siguiente sin una explicaci\u00f3n l\u00f3gica. Los chicos suelen utilizar un lenguaje vulgar, ya que los creadores quer\u00edan mostrar c\u00f3mo hablan los ni\u00f1os cuando realmente est\u00e1n solos.<\/p>\n<p>Los guiones reflejan historias y eventos -muchas veces sobrenaturales y extraordinarios- que rompen con la monoton\u00eda del pueblo. Los chicos suelen ser la voz de la raz\u00f3n, mientras que el resto de personajes (y especialmente los adultos) suelen actuar de forma irracional. De hecho, Stan y Kyle suelen tener un pensamiento m\u00e1s l\u00f3gico que el de los adultos en la mayor\u00eda de cap\u00edtulos. Su rol trata de criticar muchas veces el comportamiento contradictorio e hip\u00f3crita de buena parte de la sociedad.<\/p>\n<p><strong>GENERO Y TEMATICA<\/strong><\/p>\n<p>South Park funciona como una sitcom de animaci\u00f3n, centrada en las historias que les suceden a los habitantes de la villa de South Park y especialmente a los cuatro chicos protagonistas. Los chistes de la serie suelen ser irreverentes y sat\u00edricos, y para ello usan parodias, referencias a la cultura popular, humor negro, escatolog\u00eda, violencia y situaciones surrealistas entre otras t\u00e9cnicas. Los primeros cap\u00edtulos de la serie mostraban un humor que atacaba a valores tradicionales de la sociedad norteamericana, y, manteniendo esas caracter\u00edsticas, se pas\u00f3 a satirizar a\u00fan m\u00e1s temas ligados a la actualidad en las subsiguientes temporadas. En muchas ocasiones, suele utilizarse un lenguaje grosero u ofensivo.<\/p>\n<p>Con el paso de las temporadas, las tramas que conciernen los personajes secundarios comenzaron a desarrollarse m\u00e1s a fondo, y empez\u00f3 a apreciarse una mayor presencia de temas religiosos y pol\u00edticos, con la intenci\u00f3n de poder parodiar las posiciones m\u00e1s polarizadas y extremas de la sociedad ante determinadas situaciones. En ese sentido, los creadores afirmaron no tener ninguna ideolog\u00eda en particular a la que parodiar u ofender, ya que su intenci\u00f3n es \"divertir\".<\/p>\n<p><object width=\"480\" height=\"385\"><param name=\"movie\" value=\"http:\/\/www.youtube.com\/v\/EAUmkEbAwms?fs=1&amp;hl=es_ES\"><\/param><param name=\"allowFullScreen\" value=\"true\"><\/param><param name=\"allowscriptaccess\" value=\"always\"><\/param><embed src=\"http:\/\/www.youtube.com\/v\/EAUmkEbAwms?fs=1&amp;hl=es_ES\" type=\"application\/x-shockwave-flash\" allowscriptaccess=\"always\" allowfullscreen=\"true\" width=\"480\" height=\"385\"><\/embed><\/object><\/p>\n<p><object width=\"480\" height=\"385\"><param name=\"movie\" value=\"http:\/\/www.youtube.com\/v\/otfpwiGKVSs?fs=1&amp;hl=es_ES\"><\/param><param name=\"allowFullScreen\" value=\"true\"><\/param><param name=\"allowscriptaccess\" value=\"always\"><\/param><embed src=\"http:\/\/www.youtube.com\/v\/otfpwiGKVSs?fs=1&amp;hl=es_ES\" type=\"application\/x-shockwave-flash\" allowscriptaccess=\"always\" allowfullscreen=\"true\" width=\"480\" height=\"385\"><\/embed><\/object><\/p>\n","protected":false},"excerpt":{"rendered":"<p>South Park es una serie estadounidense de animaci\u00f3n, creada por Trey Parker y Matt Stone para el canal de televisi\u00f3n Comedy Central. La serie est\u00e1 destinada a un p\u00fablico adulto, y se caracteriza por satirizar con humor negro la sociedad, actualidad y cultura estadounidense a trav\u00e9s de las historias y situaciones surrealistas que les suceden [&hellip;]<\/p>\n","protected":false},"author":4164,"featured_media":0,"parent":0,"menu_order":0,"comment_status":"open","ping_status":"open","template":"","meta":{"footnotes":""},"class_list":["post-59","page","type-page","status-publish","hentry"],"_links":{"self":[{"href":"https:\/\/blog.espol.edu.ec\/tealvill\/wp-json\/wp\/v2\/pages\/59","targetHints":{"allow":["GET"]}}],"collection":[{"href":"https:\/\/blog.espol.edu.ec\/tealvill\/wp-json\/wp\/v2\/pages"}],"about":[{"href":"https:\/\/blog.espol.edu.ec\/tealvill\/wp-json\/wp\/v2\/types\/page"}],"author":[{"embeddable":true,"href":"https:\/\/blog.espol.edu.ec\/tealvill\/wp-json\/wp\/v2\/users\/4164"}],"replies":[{"embeddable":true,"href":"https:\/\/blog.espol.edu.ec\/tealvill\/wp-json\/wp\/v2\/comments?post=59"}],"version-history":[{"count":7,"href":"https:\/\/blog.espol.edu.ec\/tealvill\/wp-json\/wp\/v2\/pages\/59\/revisions"}],"predecessor-version":[{"id":69,"href":"https:\/\/blog.espol.edu.ec\/tealvill\/wp-json\/wp\/v2\/pages\/59\/revisions\/69"}],"wp:attachment":[{"href":"https:\/\/blog.espol.edu.ec\/tealvill\/wp-json\/wp\/v2\/media?parent=59"}],"curies":[{"name":"wp","href":"https:\/\/api.w.org\/{rel}","templated":true}]}}