{"id":2,"date":"2016-05-24T19:13:03","date_gmt":"2016-05-24T19:13:03","guid":{"rendered":"http:\/\/blog.espol.edu.ec\/tecnomark\/?page_id=2"},"modified":"2016-05-30T19:45:47","modified_gmt":"2016-05-30T19:45:47","slug":"quienes-somos","status":"publish","type":"page","link":"https:\/\/blog.espol.edu.ec\/tecnomark\/quienes-somos\/","title":{"rendered":"Quienes Somos"},"content":{"rendered":"<p><img loading=\"lazy\" decoding=\"async\" class=\"size-medium wp-image-6 aligncenter\" src=\"http:\/\/blog.espol.edu.ec\/tecnomark\/files\/2016\/05\/tecnomark-aplicaciones-y-herramientas-300x225.jpg\" alt=\"tecnomark aplicaciones y herramientas\" width=\"300\" height=\"225\" srcset=\"https:\/\/blog.espol.edu.ec\/tecnomark\/files\/2016\/05\/tecnomark-aplicaciones-y-herramientas-300x225.jpg 300w, https:\/\/blog.espol.edu.ec\/tecnomark\/files\/2016\/05\/tecnomark-aplicaciones-y-herramientas-768x576.jpg 768w, https:\/\/blog.espol.edu.ec\/tecnomark\/files\/2016\/05\/tecnomark-aplicaciones-y-herramientas.jpg 1000w\" sizes=\"auto, (max-width: 300px) 100vw, 300px\" \/>Un grupo de estudiantes que se junt\u00f3 con la idea de sacarle el m\u00e1ximo provecho a cada una de las herramientas, aplicaciones y recursos que existen para beneficio estudiantil, negocios, proyectos y emprendimientos, partiendo desde la idea de que cada recurso o herramienta tiene un proceso de desarrollo con un fin a desarrollar exponer y explotar todo el potencial de una herramienta puede facilitar el proceso de trabajo en cualquier tipo de proyecto, al menos la idea es esa. En el camino, como es usual, nos hemos encontrado con un sin fin de herramientas que no aportan un valor real y que sus creadores o dise\u00f1adores no siempre tienen la raz\u00f3n cuando garantizan que ayuda en un 100% del trabajo a realizar.<\/p>\n<h1>Estudios Oportunidades y herramientas.<\/h1>\n<p>Proyectos, negocios, ensayos, Oportunidad a explotar gracias a \u00e9stas herramientas es lo que se busca analizar y exponer en \u00e9ste blog, una clara y sencilla manera de filtrar todo lo que puede o no merecer su utilizaci\u00f3n en un mercado tan competitivo como el de hoy, es v\u00e1lido el uso y aplicaci\u00f3n de \u00e9ste tipo de herramientas elaboradas justamente para beneficio nuestro. De lo destacado de \u00e9ste blog entran a an\u00e1lisis el curso de carreras rentables, aplicaciones para desarrollar proyectos, oportunidades laborales en los mercados relacionados (TODOS!!) y cualquier tema relacionado con \u00e9ste mercado en constante crecimiento, aplicaciones y tecnolog\u00eda aplicada a los estudios negocios y cualquier mercado que sea apto de an\u00e1lisis.<\/p>\n","protected":false},"excerpt":{"rendered":"<p>Un grupo de estudiantes que se junt\u00f3 con la idea de sacarle el m\u00e1ximo provecho a cada una de las herramientas, aplicaciones y recursos que existen para beneficio estudiantil, negocios, proyectos y emprendimientos, partiendo desde la idea de que cada recurso o herramienta tiene un proceso de desarrollo con un fin a desarrollar exponer y [&hellip;]<\/p>\n","protected":false},"author":10379,"featured_media":0,"parent":0,"menu_order":0,"comment_status":"closed","ping_status":"open","template":"","meta":{"footnotes":""},"class_list":["post-2","page","type-page","status-publish","hentry"],"aioseo_notices":[],"_links":{"self":[{"href":"https:\/\/blog.espol.edu.ec\/tecnomark\/wp-json\/wp\/v2\/pages\/2","targetHints":{"allow":["GET"]}}],"collection":[{"href":"https:\/\/blog.espol.edu.ec\/tecnomark\/wp-json\/wp\/v2\/pages"}],"about":[{"href":"https:\/\/blog.espol.edu.ec\/tecnomark\/wp-json\/wp\/v2\/types\/page"}],"author":[{"embeddable":true,"href":"https:\/\/blog.espol.edu.ec\/tecnomark\/wp-json\/wp\/v2\/users\/10379"}],"replies":[{"embeddable":true,"href":"https:\/\/blog.espol.edu.ec\/tecnomark\/wp-json\/wp\/v2\/comments?post=2"}],"version-history":[{"count":2,"href":"https:\/\/blog.espol.edu.ec\/tecnomark\/wp-json\/wp\/v2\/pages\/2\/revisions"}],"predecessor-version":[{"id":7,"href":"https:\/\/blog.espol.edu.ec\/tecnomark\/wp-json\/wp\/v2\/pages\/2\/revisions\/7"}],"wp:attachment":[{"href":"https:\/\/blog.espol.edu.ec\/tecnomark\/wp-json\/wp\/v2\/media?parent=2"}],"curies":[{"name":"wp","href":"https:\/\/api.w.org\/{rel}","templated":true}]}}