{"id":106,"date":"2009-08-31T16:45:50","date_gmt":"2009-08-31T20:45:50","guid":{"rendered":"http:\/\/blog.espol.edu.ec\/tefitozua\/?page_id=106"},"modified":"2009-08-31T16:45:50","modified_gmt":"2009-08-31T20:45:50","slug":"%c2%bfpor-que-deportes","status":"publish","type":"page","link":"https:\/\/blog.espol.edu.ec\/tefitozua\/%c2%bfpor-que-deportes\/","title":{"rendered":"\u00bfPor qu\u00e9 Deportes?"},"content":{"rendered":"<p>Bueno en realidad decid\u00ed hablar de este tema porque me gusta mucho la pr\u00e1ctica que requiere cada deporte, aunque no practico tanto deporte que digamos, me gusta conocer lo nuevo y ciertas notas interesantes acerca del deporte... Me gusta el Basketball y el volleyball.. Espero les guste mi blog y espero poder complacerlos con la publicaci\u00f3n de ciertas notas relacionadas con este tema... =)<\/p>\n","protected":false},"excerpt":{"rendered":"<p>Bueno en realidad decid\u00ed hablar de este tema porque me gusta mucho la pr\u00e1ctica que requiere cada deporte, aunque no practico tanto deporte que digamos, me gusta conocer lo nuevo y ciertas notas interesantes acerca del deporte... Me gusta el Basketball y el volleyball.. Espero les guste mi blog y espero poder complacerlos con la [&hellip;]<\/p>\n","protected":false},"author":1841,"featured_media":0,"parent":0,"menu_order":0,"comment_status":"open","ping_status":"open","template":"","meta":{"footnotes":""},"class_list":["post-106","page","type-page","status-publish","hentry"],"_links":{"self":[{"href":"https:\/\/blog.espol.edu.ec\/tefitozua\/wp-json\/wp\/v2\/pages\/106","targetHints":{"allow":["GET"]}}],"collection":[{"href":"https:\/\/blog.espol.edu.ec\/tefitozua\/wp-json\/wp\/v2\/pages"}],"about":[{"href":"https:\/\/blog.espol.edu.ec\/tefitozua\/wp-json\/wp\/v2\/types\/page"}],"author":[{"embeddable":true,"href":"https:\/\/blog.espol.edu.ec\/tefitozua\/wp-json\/wp\/v2\/users\/1841"}],"replies":[{"embeddable":true,"href":"https:\/\/blog.espol.edu.ec\/tefitozua\/wp-json\/wp\/v2\/comments?post=106"}],"version-history":[{"count":2,"href":"https:\/\/blog.espol.edu.ec\/tefitozua\/wp-json\/wp\/v2\/pages\/106\/revisions"}],"predecessor-version":[{"id":108,"href":"https:\/\/blog.espol.edu.ec\/tefitozua\/wp-json\/wp\/v2\/pages\/106\/revisions\/108"}],"wp:attachment":[{"href":"https:\/\/blog.espol.edu.ec\/tefitozua\/wp-json\/wp\/v2\/media?parent=106"}],"curies":[{"name":"wp","href":"https:\/\/api.w.org\/{rel}","templated":true}]}}