{"id":20,"date":"2009-06-10T17:26:07","date_gmt":"2009-06-10T21:26:07","guid":{"rendered":"http:\/\/blog.espol.edu.ec\/tefitozua\/?page_id=20"},"modified":"2009-08-10T16:25:32","modified_gmt":"2009-08-10T20:25:32","slug":"yo","status":"publish","type":"page","link":"https:\/\/blog.espol.edu.ec\/tefitozua\/yo\/","title":{"rendered":"Yo!!!"},"content":{"rendered":"<p class=\"MsoNormal\" style=\"margin: 0cm 0cm 0pt\"><span style=\"font-size: small;font-family: Times New Roman\">Hola!!!..<\/span><\/p>\n<p class=\"MsoNormal\" style=\"margin: 0cm 0cm 0pt\"><span style=\"font-size: small;font-family: Times New Roman\">Que les podr\u00e9 decir acerca de m\u00ed...<\/span><\/p>\n<p class=\"MsoNormal\" style=\"margin: 0cm 0cm 0pt\"><span style=\"font-size: small;font-family: Times New Roman\">Vamos a ver... Mmm....... Ya s\u00e9... Comencemos... =)<\/span><\/p>\n<p class=\"MsoNormal\" style=\"margin: 0cm 0cm 0pt\"><span style=\"font-size: small;font-family: Times New Roman\">\u00a0<\/span><\/p>\n<p class=\"MsoNormal\" style=\"margin: 0cm 0cm 0pt;text-align: justify\"><span style=\"font-size: small;font-family: Times New Roman\"><a href=\"http:\/\/blog.espol.edu.ec\/tefitozua\/files\/2009\/06\/foto-0058.jpg\"><img loading=\"lazy\" decoding=\"async\" class=\"size-medium wp-image-31 alignleft\" src=\"http:\/\/blog.espol.edu.ec\/tefitozua\/files\/2009\/06\/foto-0058-300x263.jpg\" alt=\"Estefania, Kathy\" width=\"300\" height=\"263\" srcset=\"https:\/\/blog.espol.edu.ec\/tefitozua\/files\/2009\/06\/foto-0058-300x263.jpg 300w, https:\/\/blog.espol.edu.ec\/tefitozua\/files\/2009\/06\/foto-0058-1024x898.jpg 1024w\" sizes=\"auto, (max-width: 300px) 100vw, 300px\" \/><\/a>Mi nombre completo es Estefan\u00eda Elizabeth Zu\u00f1a Quezada, nac\u00ed en Guayaquil un bello 8 de febrero de 1991, jeje... Mis papis se llaman: Jorge Zu\u00f1a V\u00e9lez y Blanca Quezada Abad.<span>\u00a0 <\/span>Por fortuna ellos me dieron tres hermanitos: Johanna que tiene 16, Javier que tiene 9 y el m\u00e1s peque\u00f1ito, Fabi\u00e1n que tiene 8 meses... \u00a1Qu\u00e9 ternurita!=).<\/span><\/p>\n<p class=\"MsoNormal\" style=\"margin: 0cm 0cm 0pt;text-align: justify\"><span style=\"font-size: small;font-family: Times New Roman\">\u00a0<\/span><\/p>\n<p class=\"MsoNormal\" style=\"margin: 0cm 0cm 0pt;text-align: justify\"><span style=\"font-size: small;font-family: Times New Roman\">Mis primeros pasitos en la vida estudiantil, los di en el jard\u00edn \u201cPedro Jos\u00e9 Huerta\u201d, luego ingres\u00e9 a la escuela \u201cPadre Cayetano Tarruell\u201d, lugar donde hice mi Primera Comuni\u00f3n y Confirmaci\u00f3n.<\/span><\/p>\n<p class=\"MsoNormal\" style=\"margin: 0cm 0cm 0pt;text-align: justify\"><span style=\"font-size: small;font-family: Times New Roman\">\u00a0<\/span><span style=\"font-size: small\"><span style=\"font-family: Times New Roman\">Ya un poco m\u00e1s grande ingres\u00e9 a mi querido colegio, \u201cSanta Mar\u00eda Mazzarello\u201d, en el mismo que pude formarme no solo en el h\u00e1mbito intelectual, sino tambi\u00e9n en lo espiritual.<\/span><\/span><\/p>\n<p class=\"MsoNormal\" style=\"margin: 0cm 0cm 0pt;text-align: justify\"><span style=\"font-size: small\"><\/span><\/p>\n<p class=\"MsoNormal\" style=\"margin: 0cm 0cm 0pt;text-align: justify\"><span style=\"font-size: small\"><span style=\"font-family: Times New Roman\"><span>En esta etapa \u00a0 puedo tambi\u00e9n decir que conoc\u00ed a unos amigos maravillosos, entre ellos est\u00e1n: Karencita (BFF), Joaqu\u00edn (BFF), Mar\u00eda, Lissette, Ambar, Andrea, Oswaldo, Richard, Karencita (honey),\u00a0jejeje entre otros...<\/span><\/span><\/span><\/p>\n<p class=\"MsoNormal\" style=\"margin: 0cm 0cm 0pt;text-align: justify\"><span style=\"font-size: small;font-family: Times New Roman\">\u00a0<\/span><\/p>\n<p class=\"MsoNormal\" style=\"margin: 0cm 0cm 0pt;text-align: justify\"><span style=\"font-size: small;font-family: Times New Roman\">Transcurrida esta etapa de mi vida, contin\u00fao estudiando, en la ESPOL y pertenezco a la carrera: Ingenier\u00eda en Auditor\u00eda y Contadur\u00eda P\u00fablica, jeje. Un poquito largo, \u00bfverdad?. Bueno en esta nueva etapa tambi\u00e9n he conocido personas maravillosas que a diario conviven conmigo... Los quiero mucho chicos!!!... (Cinthia, Raisa, Kevin,\u00a0Alan, Edwin, Ferna, J\u00e9ssica,\u00a0Carlos Pili, Jorge Luis, Humberto, Katty,\u00a0Jofo, Allison, Karen...y muchos otros..)<\/span><\/p>\n<p class=\"MsoNormal\" style=\"margin: 0cm 0cm 0pt;text-align: justify\"><span style=\"font-size: small;font-family: Times New Roman\">\u00a0<\/span><\/p>\n<p class=\"MsoNormal\" style=\"margin: 0cm 0cm 0pt;text-align: justify\">\u00a0<span style=\"font-size: small;font-family: Times New Roman\">Hablando un poquito m\u00e1s acerca de m\u00ed, podr\u00eda decir que soy una personita tranquila a la que le encanta estar siempre alegre.<span>\u00a0 <\/span>Me considero una ni\u00f1a de buenos sentimientos, a quien le gusta tener full amigos para poder pasar un momento agradable. =)<span>\u00a0 <\/span>Soy una mujer con mucha fe, que tiene un fuerte amor hacia Dios sobre todas las cosas.<\/span><\/p>\n<p class=\"MsoNormal\" style=\"margin: 0cm 0cm 0pt;text-align: justify\"><span style=\"font-size: small;font-family: Times New Roman\">\u00a0<\/span><\/p>\n<p class=\"MsoNormal\" style=\"margin: 0cm 0cm 0pt;text-align: justify\"><span style=\"font-size: small;font-family: Times New Roman\">Me gusta mucho escuchar m\u00fasica, bailar, estar con mis amigos, entre otras cositas... Lo que me disgusta o que no soporto es la mentira y la hipocres\u00eda. Por el momento no puedo contarles m\u00e1s, pues no se que me depare el destino... jeje.. CONTINUAR\u00c1...<\/span><\/p>\n<p class=\"MsoNormal\" style=\"margin: 0cm 0cm 0pt;text-align: justify\"><span style=\"font-size: small;font-family: Times New Roman\">\u00a0<\/span><\/p>\n<p class=\"MsoNormal\" style=\"margin: 0cm 0cm 0pt;text-align: justify\"><span style=\"font-size: small;font-family: Times New Roman\">Queridos lectores creo que es algo breve pero que en parte me describe, sin m\u00e1s que decirles en este art\u00edculo, me despido esperando les guste mi Blog... =)<\/span><\/p>\n","protected":false},"excerpt":{"rendered":"<p>Hola!!!.. Que les podr\u00e9 decir acerca de m\u00ed... Vamos a ver... Mmm....... Ya s\u00e9... Comencemos... =) \u00a0 Mi nombre completo es Estefan\u00eda Elizabeth Zu\u00f1a Quezada, nac\u00ed en Guayaquil un bello 8 de febrero de 1991, jeje... Mis papis se llaman: Jorge Zu\u00f1a V\u00e9lez y Blanca Quezada Abad.\u00a0 Por fortuna ellos me dieron tres hermanitos: Johanna [&hellip;]<\/p>\n","protected":false},"author":1841,"featured_media":0,"parent":0,"menu_order":0,"comment_status":"open","ping_status":"open","template":"","meta":{"footnotes":""},"class_list":["post-20","page","type-page","status-publish","hentry"],"_links":{"self":[{"href":"https:\/\/blog.espol.edu.ec\/tefitozua\/wp-json\/wp\/v2\/pages\/20","targetHints":{"allow":["GET"]}}],"collection":[{"href":"https:\/\/blog.espol.edu.ec\/tefitozua\/wp-json\/wp\/v2\/pages"}],"about":[{"href":"https:\/\/blog.espol.edu.ec\/tefitozua\/wp-json\/wp\/v2\/types\/page"}],"author":[{"embeddable":true,"href":"https:\/\/blog.espol.edu.ec\/tefitozua\/wp-json\/wp\/v2\/users\/1841"}],"replies":[{"embeddable":true,"href":"https:\/\/blog.espol.edu.ec\/tefitozua\/wp-json\/wp\/v2\/comments?post=20"}],"version-history":[{"count":7,"href":"https:\/\/blog.espol.edu.ec\/tefitozua\/wp-json\/wp\/v2\/pages\/20\/revisions"}],"predecessor-version":[{"id":23,"href":"https:\/\/blog.espol.edu.ec\/tefitozua\/wp-json\/wp\/v2\/pages\/20\/revisions\/23"}],"wp:attachment":[{"href":"https:\/\/blog.espol.edu.ec\/tefitozua\/wp-json\/wp\/v2\/media?parent=20"}],"curies":[{"name":"wp","href":"https:\/\/api.w.org\/{rel}","templated":true}]}}