{"id":2,"date":"2015-11-12T19:41:03","date_gmt":"2015-11-12T19:41:03","guid":{"rendered":"http:\/\/blog.espol.edu.ec\/teguerre\/?page_id=2"},"modified":"2015-11-24T06:51:25","modified_gmt":"2015-11-24T06:51:25","slug":"pagina-ejemplo","status":"publish","type":"page","link":"https:\/\/blog.espol.edu.ec\/teguerre\/pagina-ejemplo\/","title":{"rendered":"Rock Alternativo"},"content":{"rendered":"<p style=\"text-align: justify\">Genero musical que surgi\u00f3 en los a\u00f1os 80. Hace uso de m\u00fasica compuesta por elementos poco tradicionales. El t\u00e9rmino \"alternativo\" fue asignado para la descripci\u00f3n de una nueva forma de hacer Rock. Alcanz\u00f3 la popularidad en los a\u00f1os 90, al igual que los dem\u00e1s g\u00e9neros que surgieron a partir de este\u00a0en ese entonces.<\/p>\n<p style=\"text-align: justify\">El rock alternativo engloba algunos subg\u00e9neros los cu\u00e1les fueron influenciados por dem\u00e1s g\u00e9neros como el Flolk, Jazz entre otros. Lo que caracteriza el g\u00e9nero es que com\u00fanmente el ritmo de las canciones es lento y generalmente sobrepasan los 4 minutos de duraci\u00f3n m\u00ednima de una canci\u00f3n y no es frecuente el uso de solos de guitarra.<\/p>\n<p style=\"text-align: justify\"><strong><em>Britpop<\/em><\/strong><\/p>\n<p style=\"text-align: justify\">Uno de los subg\u00e9neros del Rock Alternativo, naci\u00f3 como una reacci\u00f3n frente a otros estilos de moda durante finales de la d\u00e9cada de los a\u00f1os 1980\u00a0y principios del a\u00f1o 1990.<\/p>\n<p style=\"text-align: justify\">Aunque los grupos <em>Britpop<\/em> no ten\u00edan un sonido \u00fanico que les caracterice, fue llamado un <em>movimiento cultural nacional\u00a0<\/em>y entre los principales grupos considerados parte del movimiento se encuentran Oasis, Blur, Ocean Colour Scene, Elastica, The Verve, Delirious?, Pulp, Supergrass y Sleeper.<\/p>\n<p><iframe loading=\"lazy\" title=\"Oasis - Stand By Me (Official Video)\" width=\"610\" height=\"343\" src=\"https:\/\/www.youtube.com\/embed\/maTP315XZCQ?feature=oembed\" frameborder=\"0\" allow=\"accelerometer; autoplay; clipboard-write; encrypted-media; gyroscope; picture-in-picture; web-share\" referrerpolicy=\"strict-origin-when-cross-origin\" allowfullscreen><\/iframe><\/p>\n<p style=\"text-align: justify\"><em>Oasis<\/em> fue uno de los grupos musicales considerado parte del movimiento musical <em>Britpop<\/em>.<\/p>\n<p>&nbsp;<\/p>\n<p>&nbsp;<\/p>\n","protected":false},"excerpt":{"rendered":"<p>Genero musical que surgi\u00f3 en los a\u00f1os 80. Hace uso de m\u00fasica compuesta por elementos poco tradicionales. El t\u00e9rmino \"alternativo\" fue asignado para la descripci\u00f3n de una nueva forma de hacer Rock. Alcanz\u00f3 la popularidad en los a\u00f1os 90, al igual que los dem\u00e1s g\u00e9neros que surgieron a partir de este\u00a0en ese entonces. El rock [&hellip;]<\/p>\n","protected":false},"author":10040,"featured_media":0,"parent":0,"menu_order":0,"comment_status":"closed","ping_status":"open","template":"","meta":{"footnotes":""},"class_list":["post-2","page","type-page","status-publish","hentry"],"_links":{"self":[{"href":"https:\/\/blog.espol.edu.ec\/teguerre\/wp-json\/wp\/v2\/pages\/2","targetHints":{"allow":["GET"]}}],"collection":[{"href":"https:\/\/blog.espol.edu.ec\/teguerre\/wp-json\/wp\/v2\/pages"}],"about":[{"href":"https:\/\/blog.espol.edu.ec\/teguerre\/wp-json\/wp\/v2\/types\/page"}],"author":[{"embeddable":true,"href":"https:\/\/blog.espol.edu.ec\/teguerre\/wp-json\/wp\/v2\/users\/10040"}],"replies":[{"embeddable":true,"href":"https:\/\/blog.espol.edu.ec\/teguerre\/wp-json\/wp\/v2\/comments?post=2"}],"version-history":[{"count":3,"href":"https:\/\/blog.espol.edu.ec\/teguerre\/wp-json\/wp\/v2\/pages\/2\/revisions"}],"predecessor-version":[{"id":26,"href":"https:\/\/blog.espol.edu.ec\/teguerre\/wp-json\/wp\/v2\/pages\/2\/revisions\/26"}],"wp:attachment":[{"href":"https:\/\/blog.espol.edu.ec\/teguerre\/wp-json\/wp\/v2\/media?parent=2"}],"curies":[{"name":"wp","href":"https:\/\/api.w.org\/{rel}","templated":true}]}}