{"id":24,"date":"2015-11-24T07:11:18","date_gmt":"2015-11-24T07:11:18","guid":{"rendered":"http:\/\/blog.espol.edu.ec\/teguerre\/?page_id=24"},"modified":"2015-11-24T07:12:24","modified_gmt":"2015-11-24T07:12:24","slug":"rock-psicodelico","status":"publish","type":"page","link":"https:\/\/blog.espol.edu.ec\/teguerre\/rock-psicodelico\/","title":{"rendered":"Rock Psicod\u00e9lico"},"content":{"rendered":"<p>El Rock psicod\u00e9lico es un subg\u00e9nero del Rock, se encuentra influenciado por la cultura\u00a0<a href=\"https:\/\/es.wikipedia.org\/wiki\/Psicodelia\">psicod\u00e9lica<\/a>, esta intenta hacer una r\u00e9plica de experiencias de la mente que han sido alteradas por drogas psicod\u00e9licas. Su inicio se dio gracias a m\u00fasicos como The Beatles, The Byrds y The Yardbirds, a mediados de los 60.\u00a0El rock psicod\u00e9lico influenci\u00f3 la creaci\u00f3n del pop psicod\u00e9lico y el\u00a0soul psicod\u00e9lico.<\/p>\n<p>Este estilo musical buscaba replicar las experiencias obtenidas de las drogas psicod\u00e9licas, con la incorporaci\u00f3n de nuevos efectos de grabaci\u00f3n y electr\u00f3nicos, solos extendidos e improvisaci\u00f3n y sus letras hacen relaci\u00f3n directa o indirecta las drogas.<\/p>\n<p>Jefferson Airplane con <em>White Rabbit<\/em> es un ejemplo.<\/p>\n<p><a href=\"http:\/\/www.youtube.com\/watch?v=XR8LFNUr3vw\">http:\/\/www.youtube.com\/watch?v=XR8LFNUr3vw<\/a><\/p>\n<p>En 1962 el entorno de la m\u00fasica Folk experiment\u00f3 influencias externas al igual que el Jazz y el Blues, muchos m\u00fasicos comenzaron a tomar drogas e incluyeron referencias a estas en sus canciones.<\/p>\n<p>Purple Haze -<em> Jimi Hendrix.<\/em><\/p>\n<p><iframe loading=\"lazy\" title=\"Jimi Hendrix  Purple Haze  Live  lyrics\" width=\"610\" height=\"458\" src=\"https:\/\/www.youtube.com\/embed\/VFHPgoZlSWY?feature=oembed\" frameborder=\"0\" allow=\"accelerometer; autoplay; clipboard-write; encrypted-media; gyroscope; picture-in-picture; web-share\" referrerpolicy=\"strict-origin-when-cross-origin\" allowfullscreen><\/iframe><\/p>\n<p>&nbsp;<\/p>\n","protected":false},"excerpt":{"rendered":"<p>El Rock psicod\u00e9lico es un subg\u00e9nero del Rock, se encuentra influenciado por la cultura\u00a0psicod\u00e9lica, esta intenta hacer una r\u00e9plica de experiencias de la mente que han sido alteradas por drogas psicod\u00e9licas. Su inicio se dio gracias a m\u00fasicos como The Beatles, The Byrds y The Yardbirds, a mediados de los 60.\u00a0El rock psicod\u00e9lico influenci\u00f3 la [&hellip;]<\/p>\n","protected":false},"author":10040,"featured_media":0,"parent":0,"menu_order":0,"comment_status":"closed","ping_status":"closed","template":"","meta":{"footnotes":""},"class_list":["post-24","page","type-page","status-publish","hentry"],"_links":{"self":[{"href":"https:\/\/blog.espol.edu.ec\/teguerre\/wp-json\/wp\/v2\/pages\/24","targetHints":{"allow":["GET"]}}],"collection":[{"href":"https:\/\/blog.espol.edu.ec\/teguerre\/wp-json\/wp\/v2\/pages"}],"about":[{"href":"https:\/\/blog.espol.edu.ec\/teguerre\/wp-json\/wp\/v2\/types\/page"}],"author":[{"embeddable":true,"href":"https:\/\/blog.espol.edu.ec\/teguerre\/wp-json\/wp\/v2\/users\/10040"}],"replies":[{"embeddable":true,"href":"https:\/\/blog.espol.edu.ec\/teguerre\/wp-json\/wp\/v2\/comments?post=24"}],"version-history":[{"count":3,"href":"https:\/\/blog.espol.edu.ec\/teguerre\/wp-json\/wp\/v2\/pages\/24\/revisions"}],"predecessor-version":[{"id":33,"href":"https:\/\/blog.espol.edu.ec\/teguerre\/wp-json\/wp\/v2\/pages\/24\/revisions\/33"}],"wp:attachment":[{"href":"https:\/\/blog.espol.edu.ec\/teguerre\/wp-json\/wp\/v2\/media?parent=24"}],"curies":[{"name":"wp","href":"https:\/\/api.w.org\/{rel}","templated":true}]}}