{"id":246,"date":"2011-10-19T12:19:59","date_gmt":"2011-10-19T17:19:59","guid":{"rendered":"http:\/\/blog.espol.edu.ec\/tema\/juegos-de-pc\/"},"modified":"2011-10-20T10:34:23","modified_gmt":"2011-10-20T15:34:23","slug":"juegos-de-pc","status":"publish","type":"page","link":"https:\/\/blog.espol.edu.ec\/tema\/juegos-de-pc\/","title":{"rendered":"Juegos de Pc"},"content":{"rendered":"<div>Pro Evolution Soccer 2012 Full-PC [Mediafire-Megaupload]Serial+Crack+Espa\u00f1ol<\/div>\n<div><img decoding=\"async\" src=\"http:\/\/www.gameprokey.com\/image\/cache\/data\/covers%20juegos\/PES-2012-PC-box-500x500.jpg\" border=\"0\" alt=\"\" \/><\/div>\n<div><img decoding=\"async\" src=\"http:\/\/www.standbygames.com\/cms\/images\/stories\/noticias\/pes2012logo250.gif\" border=\"0\" alt=\"\" \/><\/div>\n<div><img decoding=\"async\" src=\"http:\/\/www.muycomputer.com\/wp-content\/uploads\/2011\/08\/PES2012Demo.jpg\" border=\"0\" alt=\"\" \/><\/div>\n<div>Amigos Taringueros ,el objetivo principal en las pr\u00f3ximas ediciones de PES se basa en acercar toda la emoci\u00f3n de ir al campo o ver un partido de f\u00fatbol real con la experiencia que pueda tener con una <label>consola<\/label>.<\/p>\n<p>Bajo estas premisas, la determinaci\u00f3n de KONAMI contin\u00faa siendo trabajar muy de cerca con sus fans, pero no s\u00f3lo de PES sino del f\u00fatbol en general, para crear una versi\u00f3n cuya jugabilidad sea realista e inmersiva para sus jugadores.<\/p>\n<p>La inteligencia artificial ahora pensar\u00e1 como un equipo: contigo y contra ti<\/p>\n<p>El <label>juego<\/label> ofensivo es una de las principales claves en PES 2012, ya que esta edici\u00f3n se beneficia de un enfoque mucho m\u00e1s libre, que permitir\u00e1 a los usuarios poder controlar de manera m\u00e1s precisa el ritmo y movimientos en ataque; con los nuevos elementos de IA, los compa\u00f1eros del jugador en posesi\u00f3n del bal\u00f3n no s\u00f3lo se ofrecer\u00e1n con mayor frecuencia con desmarques, sino que tambi\u00e9n apoyar\u00e1n en las situaciones de uno contra uno. En este sentido, los desmarques en falso tambi\u00e9n ayudar\u00e1n a valorar muchas otras opciones de ataque, que permitir\u00e1n mover el bal\u00f3n con mayor facilidad a la vez que la defensa contraria vaya cerrando los espacios. En este tipo de situaciones se podr\u00e1 ver un <label>equipo<\/label> mucho m\u00e1s cohesionado, y que reaccionar\u00e1 a los movimientos del jugador con el bal\u00f3n, intentando forzar fallos para buscar oportunidades o recuperar la posesi\u00f3n. Tambi\u00e9n tendremos a nuestra disposici\u00f3n un nuevo sistema de cambio de jugador, m\u00e1s <label>r\u00e1pido<\/label>, m\u00e1s preciso para un control total.<\/p>\n<p>Cada uno de los jugadores ser\u00e1 \u00fanico. Los atributos f\u00edsicos y la forma en que \u00e9stos afectan a los jugadores y su juego seguir\u00e1 siendo un aspecto fundamental en PES 2012, como lo ha venido siendo en toda la serie desde sus inicios, aunque extendiendo el nivel de detalle de su predecesor. Los defensas contar\u00e1n con su fortaleza f\u00edsica y estatura para apartar a los delanteros rivales de cualquier ocasi\u00f3n de peligro. Este matiz de juego f\u00edsico se ver\u00e1 representado con una mayor precisi\u00f3n en las colisiones entre jugadores en la lucha por la posesi\u00f3n, ya que sus condiciones y caracter\u00edsticas f\u00edsicas influir\u00e1n en c\u00f3mo se comporten en este tipo de situaciones.<\/p>\n<p><!--more--><\/p>\n<p>A todas estas novedades en el plano t\u00e1ctico se unen mejoras muy significativas en las <label>animaciones<\/label> y movimientos, una t\u00e9cnica de iluminaci\u00f3n mucho m\u00e1s detallada, una enorme variedad de estilos de juego, situaciones de bal\u00f3n muerto mejoradas, y opciones de gesti\u00f3n y direcci\u00f3n t\u00e1ctica del equipo ampliadas, as\u00ed como un nuevo sistema de pases, que har\u00e1n que PES 2012 acerque la esencia del f\u00fatbol de primer nivel en todos sus aspectos.<\/p>\n<p>PES 2012 se centra en los elementos m\u00e1s importantes del f\u00fatbol de primer nivel: juego ofensivo, libertad de movimientos, creaci\u00f3n de espacios, y de los once jugadores sobre el terreno de juego, tanto en labores defensivas como en ataque. Combinando estos elementos tenemos un juego que respira f\u00fatbol real por todos lados, con apariciones individuales que desequilibrar\u00e1n el partido en momentos determinados, pero sin perder la filosof\u00eda del control total sobre el partido con un sistema de jugabilidad instintivo. PES 2012 har\u00e1 que los fans tengan sus cinco sentidos en el camp<br \/>\nLigas<br \/>\nLicenciadas<br \/>\nLigue 1<br \/>\nEredivisie<br \/>\nLiga BBVA<br \/>\nPARCIALMENTE LICENCIADAS:<br \/>\nBarclays Premier League<br \/>\nSerie A<br \/>\nLiga Sagres<\/p>\n<\/div>\n<div><img decoding=\"async\" src=\"http:\/\/www.gamerzona.com\/wp-content\/uploads\/2011\/08\/PES-2012-5.jpg\" border=\"0\" alt=\"\" \/><\/div>\n<div><img decoding=\"async\" src=\"http:\/\/www.gamerzona.com\/wp-content\/uploads\/2011\/08\/PES-2012-61.jpg\" border=\"0\" alt=\"\" \/><\/div>\n<div><img decoding=\"async\" src=\"http:\/\/4.bp.blogspot.com\/-ZEtuAHi828Y\/TkumTcNhVEI\/AAAAAAAAKOE\/vnzUxoEXib4\/s912\/PES2012_GERMANY.jpg\" border=\"0\" alt=\"\" \/><\/div>\n<div><img decoding=\"async\" src=\"http:\/\/2.bp.blogspot.com\/-gasmh14_EXg\/TkY_Kx1uSnI\/AAAAAAAAKNU\/_cJXzx8sB_A\/s1600\/face.jpg\" border=\"0\" alt=\"\" \/><\/div>\n<div><img decoding=\"async\" src=\"http:\/\/1.bp.blogspot.com\/-SDKLmz6-We4\/TkOtRF8bgFI\/AAAAAAAAKME\/UcXL-lPkhUA\/screens.jpg\" border=\"0\" alt=\"\" \/><\/div>\n<div><img decoding=\"async\" src=\"http:\/\/videojuegosadiario.com\/wp-content\/uploads\/2011\/09\/pes_2012_cover_080911b-600x274.jpg\" border=\"0\" alt=\"\" \/><\/div>\n<div><img decoding=\"async\" src=\"http:\/\/mm.consolas.com\/%2FEspa%C3%B1ol%2FOcio%2FConsolas%2FOtras%2F101792\/pes2012.jpg\" border=\"0\" alt=\"\" \/><\/div>\n<div>Requisitos m\u00ednimos<\/p>\n<p>* Sistema operativo: Windows XP Service Pack 3 y superior<br \/>\n* Tarjeta de Video: Nvidia GeForce 6600 en adelante, ATI Radeon X1300 o superior<br \/>\n* RAM: 1.5 GB como m\u00ednimo. Se recomiendan 2 GB<br \/>\n* Procesador: Pentium 2.4 GHz doble n\u00facleo<br \/>\n* Espacio libre en disco alrededor de 8 GB<br \/>\n* Tarjeta de Sonido: Compatible con DirectX 9c<\/p>\n<p>Requisitos recomendados<\/p>\n<p>- Sistema operativo: Windows XP Service Pack 2 o 3 \/ Windows Vista \/ Windows 7<br \/>\n- Tarjeta de Video: Nvidia GeForce 9400\/9600\/9800 o superior. ATI Radeon 8650 o superior<br \/>\n- Procesador: AMD Atlhon x2 250 en adelante; Phenom II en fin cualquier procesador doble n\u00facleo<br \/>\n- RAM: 4 GB DDR2 800 Mhz. \/ Para los que tengan DDR3 con 2GB es suficiente si es m\u00e1s mejor<br \/>\n- Espacio libre en disco alrededor de 8 GB<br \/>\n- Direcxt 10, 11.<\/p>\n<\/div>\n<div>Links Intercambiables<\/div>\n<div><a rel=\"nofollow\" href=\"http:\/\/www.mediafire.com\/?9zb5cnu556bw5on\" target=\"_blank\">http:\/\/www.mediafire.com\/?9zb5cnu556bw5on<\/a><br \/>\n<a rel=\"nofollow\" href=\"http:\/\/www.mediafire.com\/?lxdwu2u2iw5jzc3\" target=\"_blank\">http:\/\/www.mediafire.com\/?lxdwu2u2iw5jzc3<\/a><br \/>\n<a rel=\"nofollow\" href=\"http:\/\/www.mediafire.com\/?rrcuma3r410w8t6\" target=\"_blank\">http:\/\/www.mediafire.com\/?rrcuma3r410w8t6<\/a><br \/>\n<a rel=\"nofollow\" href=\"http:\/\/www.mediafire.com\/?556tu06g5nwbsnz\" target=\"_blank\">http:\/\/www.mediafire.com\/?556tu06g5nwbsnz<\/a><br \/>\n<a rel=\"nofollow\" href=\"http:\/\/www.mediafire.com\/?uzgblrdg6ykd9xd\" target=\"_blank\">http:\/\/www.mediafire.com\/?uzgblrdg6ykd9xd<\/a><br \/>\n<a rel=\"nofollow\" href=\"http:\/\/www.mediafire.com\/?30a4lj2q91lbci2\" target=\"_blank\">http:\/\/www.mediafire.com\/?30a4lj2q91lbci2<\/a><br \/>\n<a rel=\"nofollow\" href=\"http:\/\/www.mediafire.com\/?ct19n6drka4apo6\" target=\"_blank\">http:\/\/www.mediafire.com\/?ct19n6drka4apo6<\/a><br \/>\n<a rel=\"nofollow\" href=\"http:\/\/www.mediafire.com\/?6i9mcdr3ry587gz\" target=\"_blank\">http:\/\/www.mediafire.com\/?6i9mcdr3ry587gz<\/a><br \/>\n<a rel=\"nofollow\" href=\"http:\/\/www.mediafire.com\/?bbm5psdf7s4bmm4\" target=\"_blank\">http:\/\/www.mediafire.com\/?bbm5psdf7s4bmm4<\/a><br \/>\n<a rel=\"nofollow\" href=\"http:\/\/www.mediafire.com\/?c8s4qfvgfjfj3xx\" target=\"_blank\">http:\/\/www.mediafire.com\/?c8s4qfvgfjfj3xx<\/a><br \/>\n<a rel=\"nofollow\" href=\"http:\/\/www.mediafire.com\/?v1vdqgcxti57rif\" target=\"_blank\">http:\/\/www.mediafire.com\/?v1vdqgcxti57rif<\/a><br \/>\n<a rel=\"nofollow\" href=\"http:\/\/www.mediafire.com\/?1kahchnjof3cedu\" target=\"_blank\">http:\/\/www.mediafire.com\/?1kahchnjof3cedu<\/a><br \/>\n<a rel=\"nofollow\" href=\"http:\/\/www.mediafire.com\/?16ruq1p9nks09i1\" target=\"_blank\">http:\/\/www.mediafire.com\/?16ruq1p9nks09i1<\/a><br \/>\n<a rel=\"nofollow\" href=\"http:\/\/www.mediafire.com\/?m1804a8vw1qj7sc\" target=\"_blank\">http:\/\/www.mediafire.com\/?m1804a8vw1qj7sc<\/a><br \/>\n<a rel=\"nofollow\" href=\"http:\/\/www.mediafire.com\/?ekpkd4eokjzi87g\" target=\"_blank\">http:\/\/www.mediafire.com\/?ekpkd4eokjzi87g<\/a><br \/>\n<a rel=\"nofollow\" href=\"http:\/\/www.mediafire.com\/?xwmm7q2dp0x477b\" target=\"_blank\">http:\/\/www.mediafire.com\/?xwmm7q2dp0x477b<\/a><br \/>\n<a rel=\"nofollow\" href=\"http:\/\/www.mediafire.com\/?3t69ix9huamxa11\" target=\"_blank\">http:\/\/www.mediafire.com\/?3t69ix9huamxa11<\/a><br \/>\n<a rel=\"nofollow\" href=\"http:\/\/www.mediafire.com\/?wnencpbnwnwfw86\" target=\"_blank\">http:\/\/www.mediafire.com\/?wnencpbnwnwfw86<\/a><br \/>\n<a rel=\"nofollow\" href=\"http:\/\/www.mediafire.com\/?vgxttg315x40f6z\" target=\"_blank\">http:\/\/www.mediafire.com\/?vgxttg315x40f6z<\/a><br \/>\n<a rel=\"nofollow\" href=\"http:\/\/www.mediafire.com\/?9d1mptyymx18d2c\" target=\"_blank\">http:\/\/www.mediafire.com\/?9d1mptyymx18d2c<\/a><br \/>\n<a rel=\"nofollow\" href=\"http:\/\/www.mediafire.com\/?i2uffuefk3ercua\" target=\"_blank\">http:\/\/www.mediafire.com\/?i2uffuefk3ercua<\/a><br \/>\n<a rel=\"nofollow\" href=\"http:\/\/www.mediafire.com\/?u14t4y4kbrnl93b\" target=\"_blank\">http:\/\/www.mediafire.com\/?u14t4y4kbrnl93b<\/a><br \/>\n<a rel=\"nofollow\" href=\"http:\/\/www.mediafire.com\/?zg5vdfblk3kf9tb\" target=\"_blank\">http:\/\/www.mediafire.com\/?zg5vdfblk3kf9tb<\/a><br \/>\n<a rel=\"nofollow\" href=\"http:\/\/www.mediafire.com\/?qe0af686wn5tpmi\" target=\"_blank\">http:\/\/www.mediafire.com\/?qe0af686wn5tpmi<\/a><br \/>\n<a rel=\"nofollow\" href=\"http:\/\/www.mediafire.com\/?cqy613xs6ylc2y2\" target=\"_blank\">http:\/\/www.mediafire.com\/?cqy613xs6ylc2y2<\/a><br \/>\n<a rel=\"nofollow\" href=\"http:\/\/www.mediafire.com\/?14u7bw7dt6wrnj9\" target=\"_blank\">http:\/\/www.mediafire.com\/?14u7bw7dt6wrnj9<\/a><br \/>\n<a rel=\"nofollow\" href=\"http:\/\/www.mediafire.com\/?u0eqa287xlen3i5\" target=\"_blank\">http:\/\/www.mediafire.com\/?u0eqa287xlen3i5<\/a><br \/>\n<a rel=\"nofollow\" href=\"http:\/\/www.mediafire.com\/?w2b75sx6wrm8fgr\" target=\"_blank\">http:\/\/www.mediafire.com\/?w2b75sx6wrm8fgr<\/a><br \/>\n<a rel=\"nofollow\" href=\"http:\/\/www.mediafire.com\/?51o1vosslx67wy1\" target=\"_blank\">http:\/\/www.mediafire.com\/?51o1vosslx67wy1<\/a><br \/>\n<a rel=\"nofollow\" href=\"http:\/\/www.mediafire.com\/?amm1iq3jcu3dbym\" target=\"_blank\">http:\/\/www.mediafire.com\/?amm1iq3jcu3dbym<\/a><br \/>\n<a rel=\"nofollow\" href=\"http:\/\/www.mediafire.com\/?86zix13kn66sixj\" target=\"_blank\">http:\/\/www.mediafire.com\/?86zix13kn66sixj<\/a><br \/>\n<a rel=\"nofollow\" href=\"http:\/\/www.mediafire.com\/?c8jyo7p61211de7\" target=\"_blank\">http:\/\/www.mediafire.com\/?c8jyo7p61211de7<\/a><br \/>\n<a rel=\"nofollow\" href=\"http:\/\/www.mediafire.com\/?6r334mjk2bjhc8r\" target=\"_blank\">http:\/\/www.mediafire.com\/?6r334mjk2bjhc8r<\/a><\/div>\n<div>Son 32 links de 200 mb y el ultimo es de 97 mb, es una imagen iso que la pueden montar o grabar en un <label>DVD<\/label> 9.<\/div>\n<div>Links Megaupload:<\/p>\n<\/div>\n<div><a rel=\"nofollow\" href=\"http:\/\/www.megaupload.com\/?d=M652THGY\" target=\"_blank\">http:\/\/www.megaupload.com\/?d=M652THGY<\/a><br \/>\n<a rel=\"nofollow\" href=\"http:\/\/www.megaupload.com\/?d=IEQCS9OH\" target=\"_blank\">http:\/\/www.megaupload.com\/?d=IEQCS9OH<\/a><br \/>\n<a rel=\"nofollow\" href=\"http:\/\/www.megaupload.com\/?d=T4JBNUC0\" target=\"_blank\">http:\/\/www.megaupload.com\/?d=T4JBNUC0<\/a><br \/>\n<a rel=\"nofollow\" href=\"http:\/\/www.megaupload.com\/?d=RNZPQ0AY\" target=\"_blank\">http:\/\/www.megaupload.com\/?d=RNZPQ0AY<\/a><br \/>\n<a rel=\"nofollow\" href=\"http:\/\/www.megaupload.com\/?d=O3CI4DO6\" target=\"_blank\">http:\/\/www.megaupload.com\/?d=O3CI4DO6<\/a><br \/>\n<a rel=\"nofollow\" href=\"http:\/\/www.megaupload.com\/?d=94Z1BEQS\" target=\"_blank\">http:\/\/www.megaupload.com\/?d=94Z1BEQS<\/a><br \/>\n<a rel=\"nofollow\" href=\"http:\/\/www.megaupload.com\/?d=P45TSZ07\" target=\"_blank\">http:\/\/www.megaupload.com\/?d=P45TSZ07<\/a><\/div>\n<div>Traducci\u00f3n + Crack + Serial<\/p>\n<\/div>\n<div>Seriales:<\/p>\n<\/div>\n<div>7X9K-YYES-64AV-4HAN-3JRN<br \/>\nHJJN-XJ64-363X-99V5-KSJ4<br \/>\n7XFH-RLM2-ET5U-MWH5-RHFE<br \/>\n4VRE-P766-LL3F-MYLP-YUTT<br \/>\nS2D9-M3XC-HE3C-5R9P-TASM<br \/>\n9R9U-MUXR-JHTJ-2MFN-F329<br \/>\nXT44-6AV3-HLEC-23TC-67PR<br \/>\nSEHM-S2NT-24M7-9LJ4-VP6K<br \/>\n7TW2-TLXR-W7LS-KTPY-TWNE<br \/>\n33CF-3PS5-CH3F-CYWA-JERW<\/div>\n<div>Crack:<\/div>\n<div><a rel=\"nofollow\" href=\"http:\/\/www.megaupload.com\/?d=PDGKJ0J3\" target=\"_blank\">http:\/\/www.megaupload.com\/?d=PDGKJ0J3<\/a><\/div>\n<div>Quitar el efecto \"Blur\" (Copien el archivo ya que no se probo todavia)<\/div>\n<div><a rel=\"nofollow\" href=\"http:\/\/www.mediafire.com\/?h8z2bnz82h2mgg8\" target=\"_blank\">http:\/\/www.mediafire.com\/?h8z2bnz82h2mgg8<\/a><\/div>\n<div>Textos en espa\u00f1ol:<\/div>\n<div><a rel=\"nofollow\" href=\"http:\/\/www.mediafire.com\/?v7cw416sy5eewxc\" target=\"_blank\">http:\/\/www.mediafire.com\/?v7cw416sy5eewxc<\/a><\/div>\n<div>Copiar y pegar en directorio del juego (Default es C:\/Archivos de programa\/KONAMI\/Pro Evolution Soccer 2012\/Img)<\/div>\n<div>Si te sale este error en el crack hace esto:<\/div>\n<div>El antivirus te toma como virus el crack, desactiva el antivirus un rato y fue. suerte<\/div>\n<div><img decoding=\"async\" src=\"http:\/\/a1.sphotos.ak.fbcdn.net\/hphotos-ak-ash4\/317826_2388835050222_1531215225_2554532_1900197494_n.jpg\" border=\"0\" alt=\"\" \/><\/div>\n<form id=\"vozme_form_ff6e3f8331933cdfefc8e7409813b572\" method=\"post\" name=\"vozme_form_ff6e3f8331933cdfefc8e7409813b572\" target=\"ff6e3f8331933cdfefc8e7409813b572\" action=\"http:\/\/vozme.com\/text2voice.php\"><input name=\"text\" type=\"hidden\" value=\"Juegos de Pc. Pro Evolution Soccer 2012 Full-PC [Mediafire-Megaupload]Serial+Crack+Espa\u00f1ol\n\n\n\nAmigos Taringueros ,el objetivo principal en las pr\u00f3ximas ediciones de PES se basa en acercar toda la emoci\u00f3n de ir al campo o ver un partido de f\u00fatbol real con la experiencia que pueda tener con una consola.\nBajo estas premisas, la determinaci\u00f3n de KONAMI contin\u00faa siendo trabajar muy de cerca con sus fans, pero no s\u00f3lo de PES sino del f\u00fatbol en general, para crear una versi\u00f3n cuya jugabilidad sea realista e inmersiva para sus jugadores.\nLa inteligencia artificial ahora pensar\u00e1 como un equipo: contigo y contra ti\nEl juego ofensivo es una de las principales claves en PES 2012, ya que esta edici\u00f3n se beneficia de un enfoque mucho m\u00e1s libre, que permitir\u00e1 a los usuarios poder controlar de manera m\u00e1s precisa el ritmo y movimientos en ataque; con los nuevos elementos de IA, los compa\u00f1eros del jugador en posesi\u00f3n del bal\u00f3n no s\u00f3lo se ofrecer\u00e1n con mayor frecuencia con desmarques, sino que tambi\u00e9n apoyar\u00e1n en las situaciones de uno contra uno. En este sentido, los desmarques en falso tambi\u00e9n ayudar\u00e1n a valorar muchas otras opciones de ataque, que permitir\u00e1n mover el bal\u00f3n con mayor facilidad a la vez que la defensa contraria vaya cerrando los espacios. En este tipo de situaciones se podr\u00e1 ver un equipo mucho m\u00e1s cohesionado, y que reaccionar\u00e1 a los movimientos del jugador con el bal\u00f3n, intentando forzar fallos para buscar oportunidades o recuperar la posesi\u00f3n. Tambi\u00e9n tendremos a nuestra disposici\u00f3n un nuevo sistema de cambio de jugador, m\u00e1s r\u00e1pido, m\u00e1s preciso para un control total.\nCada uno de los jugadores ser\u00e1 \u00fanico. Los atributos f\u00edsicos y la forma en que \u00e9stos afectan a los jugadores y su juego seguir\u00e1 siendo un aspecto fundamental en PES 2012, como lo ha venido siendo en toda la serie desde sus inicios, aunque extendiendo el nivel de detalle de su predecesor. Los defensas contar\u00e1n con su fortaleza f\u00edsica y estatura para apartar a los delanteros rivales de cualquier ocasi\u00f3n de peligro. Este matiz de juego f\u00edsico se ver\u00e1 representado con una mayor precisi\u00f3n en las colisiones entre jugadores en la lucha por la posesi\u00f3n, ya que sus condiciones y caracter\u00edsticas f\u00edsicas influir\u00e1n en c\u00f3mo se comporten en este tipo de situaciones.\n\nA todas estas novedades en el plano t\u00e1ctico se unen mejoras muy significativas en las animaciones y movimientos, una t\u00e9cnica de iluminaci\u00f3n mucho m\u00e1s detallada, una enorme variedad de estilos de juego, situaciones de bal\u00f3n muerto mejoradas, y opciones de gesti\u00f3n y direcci\u00f3n t\u00e1ctica del equipo ampliadas, as\u00ed como un nuevo sistema de pases, que har\u00e1n que PES 2012 acerque la esencia del f\u00fatbol de primer nivel en todos sus aspectos.\nPES 2012 se centra en los elementos m\u00e1s importantes del f\u00fatbol de primer nivel: juego ofensivo, libertad de movimientos, creaci\u00f3n de espacios, y de los once jugadores sobre el terreno de juego, tanto en labores defensivas como en ataque. Combinando estos elementos tenemos un juego que respira f\u00fatbol real por todos lados, con apariciones individuales que desequilibrar\u00e1n el partido en momentos determinados, pero sin perder la filosof\u00eda del control total sobre el partido con un sistema de jugabilidad instintivo. PES 2012 har\u00e1 que los fans tengan sus cinco sentidos en el camp\nLigas\nLicenciadas\nLigue 1\nEredivisie\nLiga BBVA\nPARCIALMENTE LICENCIADAS:\nBarclays Premier League\nSerie A\nLiga Sagres\n\n\n\n\n\n\n\n\nRequisitos m\u00ednimos\n* Sistema operativo: Windows XP Service Pack 3 y superior\n* Tarjeta de Video: Nvidia GeForce 6600 en adelante, ATI Radeon X1300 o superior\n* RAM: 1.5 GB como m\u00ednimo. Se recomiendan 2 GB\n* Procesador: Pentium 2.4 GHz doble n\u00facleo\n* Espacio libre en disco alrededor de 8 GB\n* Tarjeta de Sonido: Compatible con DirectX 9c\nRequisitos recomendados\n- Sistema operativo: Windows XP Service Pack 2 o 3 \/ Windows Vista \/ Windows 7\n- Tarjeta de Video: Nvidia GeForce 9400\/9600\/9800 o superior. ATI Radeon 8650 o superior\n- Procesador: AMD Atlhon x2 250 en adelante; Phenom II en fin cualquier procesador doble n\u00facleo\n- RAM: 4 GB DDR2 800 Mhz. \/ Para los que tengan DDR3 con 2GB es suficiente si es m\u00e1s mejor\n- Espacio libre en disco alrededor de 8 GB\n- Direcxt 10, 11.\n\nLinks Intercambiables\nhttp:\/\/www.mediafire.com\/?9zb5cnu556bw5on\nhttp:\/\/www.mediafire.com\/?lxdwu2u2iw5jzc3\nhttp:\/\/www.mediafire.com\/?rrcuma3r410w8t6\nhttp:\/\/www.mediafire.com\/?556tu06g5nwbsnz\nhttp:\/\/www.mediafire.com\/?uzgblrdg6ykd9xd\nhttp:\/\/www.mediafire.com\/?30a4lj2q91lbci2\nhttp:\/\/www.mediafire.com\/?ct19n6drka4apo6\nhttp:\/\/www.mediafire.com\/?6i9mcdr3ry587gz\nhttp:\/\/www.mediafire.com\/?bbm5psdf7s4bmm4\nhttp:\/\/www.mediafire.com\/?c8s4qfvgfjfj3xx\nhttp:\/\/www.mediafire.com\/?v1vdqgcxti57rif\nhttp:\/\/www.mediafire.com\/?1kahchnjof3cedu\nhttp:\/\/www.mediafire.com\/?16ruq1p9nks09i1\nhttp:\/\/www.mediafire.com\/?m1804a8vw1qj7sc\nhttp:\/\/www.mediafire.com\/?ekpkd4eokjzi87g\nhttp:\/\/www.mediafire.com\/?xwmm7q2dp0x477b\nhttp:\/\/www.mediafire.com\/?3t69ix9huamxa11\nhttp:\/\/www.mediafire.com\/?wnencpbnwnwfw86\nhttp:\/\/www.mediafire.com\/?vgxttg315x40f6z\nhttp:\/\/www.mediafire.com\/?9d1mptyymx18d2c\nhttp:\/\/www.mediafire.com\/?i2uffuefk3ercua\nhttp:\/\/www.mediafire.com\/?u14t4y4kbrnl93b\nhttp:\/\/www.mediafire.com\/?zg5vdfblk3kf9tb\nhttp:\/\/www.mediafire.com\/?qe0af686wn5tpmi\nhttp:\/\/www.mediafire.com\/?cqy613xs6ylc2y2\nhttp:\/\/www.mediafire.com\/?14u7bw7dt6wrnj9\nhttp:\/\/www.mediafire.com\/?u0eqa287xlen3i5\nhttp:\/\/www.mediafire.com\/?w2b75sx6wrm8fgr\nhttp:\/\/www.mediafire.com\/?51o1vosslx67wy1\nhttp:\/\/www.mediafire.com\/?amm1iq3jcu3dbym\nhttp:\/\/www.mediafire.com\/?86zix13kn66sixj\nhttp:\/\/www.mediafire.com\/?c8jyo7p61211de7\nhttp:\/\/www.mediafire.com\/?6r334mjk2bjhc8r\nSon 32 links de 200 mb y el ultimo es de 97 mb, es una imagen iso que la pueden montar o grabar en un DVD 9.\nLinks Megaupload:\n\nhttp:\/\/www.megaupload.com\/?d=M652THGY\nhttp:\/\/www.megaupload.com\/?d=IEQCS9OH\nhttp:\/\/www.megaupload.com\/?d=T4JBNUC0\nhttp:\/\/www.megaupload.com\/?d=RNZPQ0AY\nhttp:\/\/www.megaupload.com\/?d=O3CI4DO6\nhttp:\/\/www.megaupload.com\/?d=94Z1BEQS\nhttp:\/\/www.megaupload.com\/?d=P45TSZ07\nTraducci\u00f3n + Crack + Serial\n\nSeriales:\n\n7X9K-YYES-64AV-4HAN-3JRN\nHJJN-XJ64-363X-99V5-KSJ4\n7XFH-RLM2-ET5U-MWH5-RHFE\n4VRE-P766-LL3F-MYLP-YUTT\nS2D9-M3XC-HE3C-5R9P-TASM\n9R9U-MUXR-JHTJ-2MFN-F329\nXT44-6AV3-HLEC-23TC-67PR\nSEHM-S2NT-24M7-9LJ4-VP6K\n7TW2-TLXR-W7LS-KTPY-TWNE\n33CF-3PS5-CH3F-CYWA-JERW\nCrack:\nhttp:\/\/www.megaupload.com\/?d=PDGKJ0J3\nQuitar el efecto &quot;Blur&quot; (Copien el archivo ya que no se probo todavia)\nhttp:\/\/www.mediafire.com\/?h8z2bnz82h2mgg8\nTextos en espa\u00f1ol:\nhttp:\/\/www.mediafire.com\/?v7cw416sy5eewxc\nCopiar y pegar en directorio del juego (Default es C:\/Archivos de programa\/KONAMI\/Pro Evolution Soccer 2012\/Img)\nSi te sale este error en el crack hace esto:\nEl antivirus te toma como virus el crack, desactiva el antivirus un rato y fue. suerte\n\n\" \/><input name=\"lang\" type=\"hidden\" value=\"en\" \/><input name=\"gn\" type=\"hidden\" value=\"ml\" \/><input type=\"hidden\" id=\"interface\" name=\"interface\" value=\"full\" \/>\n\t\t\t<div style=\"margin-left:40%;\">\n\t\t\t\n\t\t\t\t<input style=\"float:left;\" type=\"image\" width=\"40\" height=\"40\" src=\"http:\/\/blog.espol.edu.ec\/tema\/wp-content\/plugins\/vozme\/img\/megaphone40x40w.gif\" alt=\"Hear this post\" onclick=\"window.open('', 'ff6e3f8331933cdfefc8e7409813b572', 'width=600,height=370,scrollbars=yes,location=yes,menubar=yes,resizable=yes,status=yes,toolbar=yes');\">\n\t\t\t\t<div style=\"margin-left:48px; text-align:left;\"><a style=\"font-size:12px;\" href=\"javascript:void(0);\" onclick=\"window.open('', 'ff6e3f8331933cdfefc8e7409813b572', 'width=600,height=370,scrollbars=yes,location=yes,menubar=yes,resizable=yes,status=yes,toolbar=yes'); document.getElementById('vozme_form_ff6e3f8331933cdfefc8e7409813b572').submit();\">Hear<br\/>this post<\/a><\/div>\n\t\t\t<\/div><\/form>","protected":false},"excerpt":{"rendered":"<p>Pro Evolution Soccer 2012 Full-PC [Mediafire-Megaupload]Serial+Crack+Espa\u00f1ol Amigos Taringueros ,el objetivo principal en las pr\u00f3ximas ediciones de PES se basa en acercar toda la emoci\u00f3n de ir al campo o ver un partido de f\u00fatbol real con la experiencia que pueda tener con una consola. Bajo estas premisas, la determinaci\u00f3n de KONAMI contin\u00faa siendo trabajar muy [&hellip;]<\/p>\n","protected":false},"author":804,"featured_media":0,"parent":0,"menu_order":0,"comment_status":"open","ping_status":"open","template":"","meta":{"_monsterinsights_skip_tracking":false,"_monsterinsights_sitenote_active":false,"_monsterinsights_sitenote_note":"","_monsterinsights_sitenote_category":0,"footnotes":""},"class_list":["post-246","page","type-page","status-publish","hentry"],"aioseo_notices":[],"_links":{"self":[{"href":"https:\/\/blog.espol.edu.ec\/tema\/wp-json\/wp\/v2\/pages\/246","targetHints":{"allow":["GET"]}}],"collection":[{"href":"https:\/\/blog.espol.edu.ec\/tema\/wp-json\/wp\/v2\/pages"}],"about":[{"href":"https:\/\/blog.espol.edu.ec\/tema\/wp-json\/wp\/v2\/types\/page"}],"author":[{"embeddable":true,"href":"https:\/\/blog.espol.edu.ec\/tema\/wp-json\/wp\/v2\/users\/804"}],"replies":[{"embeddable":true,"href":"https:\/\/blog.espol.edu.ec\/tema\/wp-json\/wp\/v2\/comments?post=246"}],"version-history":[{"count":4,"href":"https:\/\/blog.espol.edu.ec\/tema\/wp-json\/wp\/v2\/pages\/246\/revisions"}],"predecessor-version":[{"id":247,"href":"https:\/\/blog.espol.edu.ec\/tema\/wp-json\/wp\/v2\/pages\/246\/revisions\/247"}],"wp:attachment":[{"href":"https:\/\/blog.espol.edu.ec\/tema\/wp-json\/wp\/v2\/media?parent=246"}],"curies":[{"name":"wp","href":"https:\/\/api.w.org\/{rel}","templated":true}]}}