{"id":35,"date":"2009-01-13T10:08:34","date_gmt":"2009-01-13T15:08:34","guid":{"rendered":"http:\/\/blog.espol.edu.ec\/tema\/uso-de-los-graficos-de-excel\/"},"modified":"2009-01-13T10:08:34","modified_gmt":"2009-01-13T15:08:34","slug":"uso-de-los-graficos-de-excel","status":"publish","type":"page","link":"https:\/\/blog.espol.edu.ec\/tema\/uso-de-los-graficos-de-excel\/","title":{"rendered":"Uso de los graficos de excel"},"content":{"rendered":"<p>Utilizaci\u00f3n de cada grafico de Excel<\/p>\n<p>Grafico de columna<\/p>\n<p>Este tipo de gr\u00e1fico es \u00fatil para mostrar cambios de datos en un per\u00edodo de tiempo o para ilustrar comparaciones entre elementos.<\/p>\n<p>Grafico de l\u00edneas<\/p>\n<p>Los gr\u00e1ficos de l\u00ednea pueden mostrar datos continuos en el tiempo, establecidos frente a una escala com\u00fan y, por tanto, son ideales para mostrar tendencias en datos a intervalos iguales. En un gr\u00e1fico de l\u00edneas, los datos de categor\u00eda se distribuyen uniformemente en el eje horizontal y todos los datos de valor se distribuyen uniformemente en el eje vertical.<\/p>\n<p>Gr\u00e1ficos circulares<\/p>\n<p>Los gr\u00e1ficos circulares muestran el tama\u00f1o de los elementos de una serie de datos (serie de datos: puntos de datos relacionados que se trazan en un gr\u00e1fico. Cada serie de datos de un gr\u00e1fico tiene una trama o color exclusivo y se representa en la leyenda del gr\u00e1fico. Puede trazar una o m\u00e1s series de datos en un gr\u00e1fico. Los gr\u00e1ficos circulares s\u00f3lo tienen una serie de datos.), en proporci\u00f3n a la suma de los elementos. Los puntos de datos (puntos de datos: valores individuales trazados en un gr\u00e1fico y representados con barras, columnas, l\u00edneas, sectores, puntos y otras formas denominadas marcadores de datos. Los marcadores de datos del mismo color constituyen una serie de datos.) de un gr\u00e1fico circular se muestran como porcentajes del total del gr\u00e1fico circular.<br \/>\nPiense en utilizar un gr\u00e1fico circular cuando:<br \/>\n\u2022\tS\u00f3lo tenga una serie de datos que desee trazar.<br \/>\n\u2022\tNinguno de los valores que desea trazar son negativos.<br \/>\n\u2022\tCasi ninguno de los valores que desea trazar son valores cero.<br \/>\n\u2022\tNo tiene m\u00e1s de siete categor\u00edas.<br \/>\n\u2022\tLas categor\u00edas representan partes de todo el gr\u00e1fico circular<\/p>\n<p>Gr\u00e1ficos de barras<\/p>\n<p>Los gr\u00e1ficos de barras muestran comparaciones entre elementos individuales.<br \/>\nPiense en utilizar un gr\u00e1fico de barras cuando:<br \/>\n\u2022\tLas etiquetas de eje son largas.<br \/>\n\u2022\tLos valores que se muestran son duraciones. <\/p>\n<p>Gr\u00e1ficos  de \u00e1rea<br \/>\nLos gr\u00e1ficos de \u00e1rea destacan la magnitud del cambio en el tiempo y se pueden utilizar para llamar la atenci\u00f3n hacia el valor total en una tendencia. Por ejemplo, se pueden trazar los datos que representan el beneficio en el tiempo en un gr\u00e1fico de \u00e1rea para destacar el beneficio total.<\/p>\n<p>Grafico de XY (dispersi\u00f3n)<br \/>\nLos gr\u00e1ficos de dispersi\u00f3n muestran la relaci\u00f3n entre los valores num\u00e9ricos de varias series de datos o trazan dos grupos de n\u00fameros como una serie de coordenadas XY.<br \/>\nLos gr\u00e1ficos de dispersi\u00f3n se utilizan normalmente para mostrar y comparar valores num\u00e9ricos, como datos cient\u00edficos, estad\u00edsticos y de ingenier\u00eda. <\/p>\n<p>Piense en utilizar un gr\u00e1fico de dispersi\u00f3n cuando:<br \/>\n\u2022\tDesea cambiar la escala del eje horizontal.<br \/>\n\u2022\tDesea convertir dicho eje en una escala logar\u00edtmica.<br \/>\n\u2022\tLos espacios entre los valores del eje horizontal no son uniformes.<br \/>\n\u2022\tHay muchos puntos de datos en el eje horizontal.<br \/>\n\u2022\tDesea mostrar eficazmente datos de hoja de c\u00e1lculo que incluyen pares o conjuntos de valores agrupados y ajustar las escalas independientes de un gr\u00e1fico de dispersi\u00f3n para revelar m\u00e1s informaci\u00f3n acerca de los valores agrupados.<br \/>\n\u2022\tDesea mostrar similitudes entre grandes conjuntos de datos en lugar de diferencias entre puntos de datos.<br \/>\n\u2022\tDesea comparar grandes n\u00fameros de puntos de datos sin tener en cuenta el tiempo; cuantos m\u00e1s datos incluye en un gr\u00e1fico de dispersi\u00f3n, mejores ser\u00e1n las comparaciones que puede realizar. <\/p>\n<p>Grafico de cotizaciones<br \/>\nComo su nombre implica, un gr\u00e1fico de cotizaciones se utiliza con mayor frecuencia para mostrar la fluctuaci\u00f3n de los precios de las acciones. Sin embargo, este gr\u00e1fico tambi\u00e9n se puede utilizar para datos cient\u00edficos. Por ejemplo, podr\u00eda utilizar un gr\u00e1fico de cotizaciones para indicar la fluctuaci\u00f3n de las temperaturas diarias o anuales. Debe organizar los datos en el orden correcto para crear gr\u00e1ficos de cotizaciones.<\/p>\n<p>Grafico de superficies<\/p>\n<p>Un gr\u00e1fico de superficie es \u00fatil cuando busca combinaciones \u00f3ptimas entre dos conjuntos de datos. Como en un mapa topogr\u00e1fico, los colores y las tramas indican \u00e1reas que est\u00e1n en el mismo rango de valores.<br \/>\nPuede utilizar un gr\u00e1fico de superficie cuando ambas categor\u00edas y series de datos sean valores num\u00e9ricos.<\/p>\n<p>Gr\u00e1ficos de Anillos<br \/>\nAl igual que un gr\u00e1fico circular, un gr\u00e1fico de anillos muestra la relaci\u00f3n de las partes con un todo pero puede contener m\u00e1s de una serie de datos (serie de datos: puntos de datos relacionados que se trazan en un gr\u00e1fico. Cada serie de datos de un gr\u00e1fico tiene una trama o color exclusivo y se representa en la leyenda del gr\u00e1fico. Puede trazar una o m\u00e1s series de datos en un gr\u00e1fico. Los gr\u00e1ficos circulares s\u00f3lo tienen una serie de datos.).<\/p>\n<p>Gr\u00e1ficos de burbujas<br \/>\nEn un gr\u00e1fico de burbujas, se pueden trazar los datos que se organizan en columnas en una hoja de c\u00e1lculo de manera que los valores x se muestran en la primera columna y los valores y correspondientes y los valores de tama\u00f1o de burbuja se muestran en columnas adyacentes<\/p>\n<p>Gr\u00e1ficos de radiales<br \/>\nLos gr\u00e1ficos radiales comparan los valores agregados de un n\u00famero de series de datos (serie de datos: puntos de datos relacionados que se trazan en un gr\u00e1fico. Cada serie de datos de un gr\u00e1fico tiene una trama o color exclusivo y se representa en la leyenda del gr\u00e1fico. Puede trazar una o m\u00e1s series de datos en un gr\u00e1fico. Los gr\u00e1ficos circulares s\u00f3lo tienen una serie de datos.). <\/p>\n<form id=\"vozme_form_d3f754feb5767aa49f0c3447965e9f9c\" method=\"post\" name=\"vozme_form_d3f754feb5767aa49f0c3447965e9f9c\" target=\"d3f754feb5767aa49f0c3447965e9f9c\" action=\"http:\/\/vozme.com\/text2voice.php\"><input name=\"text\" type=\"hidden\" value=\"Uso de los graficos de excel. Utilizaci\u00f3n de cada grafico de Excel\nGrafico de columna\nEste tipo de gr\u00e1fico es \u00fatil para mostrar cambios de datos en un per\u00edodo de tiempo o para ilustrar comparaciones entre elementos.\nGrafico de l\u00edneas\nLos gr\u00e1ficos de l\u00ednea pueden mostrar datos continuos en el tiempo, establecidos frente a una escala com\u00fan y, por tanto, son ideales para mostrar tendencias en datos a intervalos iguales. En un gr\u00e1fico de l\u00edneas, los datos de categor\u00eda se distribuyen uniformemente en el eje horizontal y todos los datos de valor se distribuyen uniformemente en el eje vertical.\nGr\u00e1ficos circulares\nLos gr\u00e1ficos circulares muestran el tama\u00f1o de los elementos de una serie de datos (serie de datos: puntos de datos relacionados que se trazan en un gr\u00e1fico. Cada serie de datos de un gr\u00e1fico tiene una trama o color exclusivo y se representa en la leyenda del gr\u00e1fico. Puede trazar una o m\u00e1s series de datos en un gr\u00e1fico. Los gr\u00e1ficos circulares s\u00f3lo tienen una serie de datos.), en proporci\u00f3n a la suma de los elementos. Los puntos de datos (puntos de datos: valores individuales trazados en un gr\u00e1fico y representados con barras, columnas, l\u00edneas, sectores, puntos y otras formas denominadas marcadores de datos. Los marcadores de datos del mismo color constituyen una serie de datos.) de un gr\u00e1fico circular se muestran como porcentajes del total del gr\u00e1fico circular.\nPiense en utilizar un gr\u00e1fico circular cuando:\n\u2022\tS\u00f3lo tenga una serie de datos que desee trazar.\n\u2022\tNinguno de los valores que desea trazar son negativos.\n\u2022\tCasi ninguno de los valores que desea trazar son valores cero.\n\u2022\tNo tiene m\u00e1s de siete categor\u00edas.\n\u2022\tLas categor\u00edas representan partes de todo el gr\u00e1fico circular\nGr\u00e1ficos de barras\nLos gr\u00e1ficos de barras muestran comparaciones entre elementos individuales.\nPiense en utilizar un gr\u00e1fico de barras cuando:\n\u2022\tLas etiquetas de eje son largas.\n\u2022\tLos valores que se muestran son duraciones. \nGr\u00e1ficos  de \u00e1rea\nLos gr\u00e1ficos de \u00e1rea destacan la magnitud del cambio en el tiempo y se pueden utilizar para llamar la atenci\u00f3n hacia el valor total en una tendencia. Por ejemplo, se pueden trazar los datos que representan el beneficio en el tiempo en un gr\u00e1fico de \u00e1rea para destacar el beneficio total.\nGrafico de XY (dispersi\u00f3n)\nLos gr\u00e1ficos de dispersi\u00f3n muestran la relaci\u00f3n entre los valores num\u00e9ricos de varias series de datos o trazan dos grupos de n\u00fameros como una serie de coordenadas XY.\nLos gr\u00e1ficos de dispersi\u00f3n se utilizan normalmente para mostrar y comparar valores num\u00e9ricos, como datos cient\u00edficos, estad\u00edsticos y de ingenier\u00eda. \nPiense en utilizar un gr\u00e1fico de dispersi\u00f3n cuando:\n\u2022\tDesea cambiar la escala del eje horizontal.\n\u2022\tDesea convertir dicho eje en una escala logar\u00edtmica.\n\u2022\tLos espacios entre los valores del eje horizontal no son uniformes.\n\u2022\tHay muchos puntos de datos en el eje horizontal.\n\u2022\tDesea mostrar eficazmente datos de hoja de c\u00e1lculo que incluyen pares o conjuntos de valores agrupados y ajustar las escalas independientes de un gr\u00e1fico de dispersi\u00f3n para revelar m\u00e1s informaci\u00f3n acerca de los valores agrupados.\n\u2022\tDesea mostrar similitudes entre grandes conjuntos de datos en lugar de diferencias entre puntos de datos.\n\u2022\tDesea comparar grandes n\u00fameros de puntos de datos sin tener en cuenta el tiempo; cuantos m\u00e1s datos incluye en un gr\u00e1fico de dispersi\u00f3n, mejores ser\u00e1n las comparaciones que puede realizar. \nGrafico de cotizaciones\nComo su nombre implica, un gr\u00e1fico de cotizaciones se utiliza con mayor frecuencia para mostrar la fluctuaci\u00f3n de los precios de las acciones. Sin embargo, este gr\u00e1fico tambi\u00e9n se puede utilizar para datos cient\u00edficos. Por ejemplo, podr\u00eda utilizar un gr\u00e1fico de cotizaciones para indicar la fluctuaci\u00f3n de las temperaturas diarias o anuales. Debe organizar los datos en el orden correcto para crear gr\u00e1ficos de cotizaciones.\nGrafico de superficies\nUn gr\u00e1fico de superficie es \u00fatil cuando busca combinaciones \u00f3ptimas entre dos conjuntos de datos. Como en un mapa topogr\u00e1fico, los colores y las tramas indican \u00e1reas que est\u00e1n en el mismo rango de valores.\nPuede utilizar un gr\u00e1fico de superficie cuando ambas categor\u00edas y series de datos sean valores num\u00e9ricos.\nGr\u00e1ficos de Anillos\nAl igual que un gr\u00e1fico circular, un gr\u00e1fico de anillos muestra la relaci\u00f3n de las partes con un todo pero puede contener m\u00e1s de una serie de datos (serie de datos: puntos de datos relacionados que se trazan en un gr\u00e1fico. Cada serie de datos de un gr\u00e1fico tiene una trama o color exclusivo y se representa en la leyenda del gr\u00e1fico. Puede trazar una o m\u00e1s series de datos en un gr\u00e1fico. Los gr\u00e1ficos circulares s\u00f3lo tienen una serie de datos.).\nGr\u00e1ficos de burbujas\nEn un gr\u00e1fico de burbujas, se pueden trazar los datos que se organizan en columnas en una hoja de c\u00e1lculo de manera que los valores x se muestran en la primera columna y los valores y correspondientes y los valores de tama\u00f1o de burbuja se muestran en columnas adyacentes\nGr\u00e1ficos de radiales\nLos gr\u00e1ficos radiales comparan los valores agregados de un n\u00famero de series de datos (serie de datos: puntos de datos relacionados que se trazan en un gr\u00e1fico. Cada serie de datos de un gr\u00e1fico tiene una trama o color exclusivo y se representa en la leyenda del gr\u00e1fico. Puede trazar una o m\u00e1s series de datos en un gr\u00e1fico. Los gr\u00e1ficos circulares s\u00f3lo tienen una serie de datos.). \n\" \/><input name=\"lang\" type=\"hidden\" value=\"en\" \/><input name=\"gn\" type=\"hidden\" value=\"ml\" \/><input type=\"hidden\" id=\"interface\" name=\"interface\" value=\"full\" \/>\n\t\t\t<div style=\"margin-left:40%;\">\n\t\t\t\n\t\t\t\t<input style=\"float:left;\" type=\"image\" width=\"40\" height=\"40\" src=\"http:\/\/blog.espol.edu.ec\/tema\/wp-content\/plugins\/vozme\/img\/megaphone40x40w.gif\" alt=\"Hear this post\" onclick=\"window.open('', 'd3f754feb5767aa49f0c3447965e9f9c', 'width=600,height=370,scrollbars=yes,location=yes,menubar=yes,resizable=yes,status=yes,toolbar=yes');\">\n\t\t\t\t<div style=\"margin-left:48px; text-align:left;\"><a style=\"font-size:12px;\" href=\"javascript:void(0);\" onclick=\"window.open('', 'd3f754feb5767aa49f0c3447965e9f9c', 'width=600,height=370,scrollbars=yes,location=yes,menubar=yes,resizable=yes,status=yes,toolbar=yes'); document.getElementById('vozme_form_d3f754feb5767aa49f0c3447965e9f9c').submit();\">Hear<br\/>this post<\/a><\/div>\n\t\t\t<\/div><\/form>","protected":false},"excerpt":{"rendered":"<p>Utilizaci\u00f3n de cada grafico de Excel Grafico de columna Este tipo de gr\u00e1fico es \u00fatil para mostrar cambios de datos en un per\u00edodo de tiempo o para ilustrar comparaciones entre elementos. Grafico de l\u00edneas Los gr\u00e1ficos de l\u00ednea pueden mostrar datos continuos en el tiempo, establecidos frente a una escala com\u00fan y, por tanto, son [&hellip;]<\/p>\n","protected":false},"author":804,"featured_media":0,"parent":0,"menu_order":0,"comment_status":"open","ping_status":"open","template":"","meta":{"_monsterinsights_skip_tracking":false,"_monsterinsights_sitenote_active":false,"_monsterinsights_sitenote_note":"","_monsterinsights_sitenote_category":0,"footnotes":""},"class_list":["post-35","page","type-page","status-publish","hentry"],"aioseo_notices":[],"_links":{"self":[{"href":"https:\/\/blog.espol.edu.ec\/tema\/wp-json\/wp\/v2\/pages\/35","targetHints":{"allow":["GET"]}}],"collection":[{"href":"https:\/\/blog.espol.edu.ec\/tema\/wp-json\/wp\/v2\/pages"}],"about":[{"href":"https:\/\/blog.espol.edu.ec\/tema\/wp-json\/wp\/v2\/types\/page"}],"author":[{"embeddable":true,"href":"https:\/\/blog.espol.edu.ec\/tema\/wp-json\/wp\/v2\/users\/804"}],"replies":[{"embeddable":true,"href":"https:\/\/blog.espol.edu.ec\/tema\/wp-json\/wp\/v2\/comments?post=35"}],"version-history":[{"count":1,"href":"https:\/\/blog.espol.edu.ec\/tema\/wp-json\/wp\/v2\/pages\/35\/revisions"}],"predecessor-version":[{"id":43,"href":"https:\/\/blog.espol.edu.ec\/tema\/wp-json\/wp\/v2\/pages\/35\/revisions\/43"}],"wp:attachment":[{"href":"https:\/\/blog.espol.edu.ec\/tema\/wp-json\/wp\/v2\/media?parent=35"}],"curies":[{"name":"wp","href":"https:\/\/api.w.org\/{rel}","templated":true}]}}