{"id":44,"date":"2009-02-03T12:24:29","date_gmt":"2009-02-03T17:24:29","guid":{"rendered":"http:\/\/blog.espol.edu.ec\/tema\/?page_id=44"},"modified":"2009-02-03T12:46:46","modified_gmt":"2009-02-03T17:46:46","slug":"excel-solver","status":"publish","type":"page","link":"https:\/\/blog.espol.edu.ec\/tema\/excel-solver\/","title":{"rendered":"EXCEL Solver"},"content":{"rendered":"<p class=\"MsoNormal\" style=\"margin: 0cm 0cm 0pt;text-align: center\"><strong><span style=\"font-size: 24pt;color: #000000;font-family: &quot;MKKMOI+TimesNewRoman,Bold&quot;,&quot;serif&amp;quot\"><a href=\"http:\/\/blog.espol.edu.ec\/tema\/files\/2009\/02\/dibujo1.jpg\"><\/a><a href=\"http:\/\/blog.espol.edu.ec\/tema\/files\/2009\/02\/dibujo2.jpg\"><\/a><a href=\"http:\/\/blog.espol.edu.ec\/tema\/files\/2009\/02\/dibujo.jpg\"><\/a>Instrucciones de EXCEL Solver <\/span><\/strong><\/p>\n<p class=\"MsoNormal\" style=\"margin: 0cm 0cm 10pt\"><span style=\"font-size: 11.5pt;color: #000000\"><span style=\"font-family: Calibri\">\u00a0<\/span><\/span><\/p>\n<p class=\"MsoNormal\" style=\"margin: 0cm 0cm 10pt\"><span style=\"font-size: 11.5pt;color: #000000\"><span style=\"font-family: Calibri\">\u00a0<\/span><\/span><\/p>\n<p class=\"MsoNormal\" style=\"margin: 0cm 0cm 10pt;text-align: justify\"><span style=\"font-size: 11.5pt;color: #000000\"><span style=\"font-family: Calibri\">La opci\u00f3n <\/span><\/span><strong><span style=\"font-size: 11.5pt;color: #000000;font-family: &quot;MKKMOI+TimesNewRoman,Bold&quot;,&quot;serif&amp;quot\">Solver <\/span><\/strong><span style=\"font-size: 11.5pt;color: #000000\"><span style=\"font-family: Calibri\">de EXCEL sirve para resolver problemas de optimizaci\u00f3n lineal y no lineal; tambi\u00e9n se pueden indicar restricciones enteras sobre las variables de decisi\u00f3n. Con <\/span><\/span><strong><span style=\"font-size: 11.5pt;color: #000000;font-family: &quot;MKKMOI+TimesNewRoman,Bold&quot;,&quot;serif&amp;quot\">Solver <\/span><\/strong><span style=\"font-size: 11.5pt;color: #000000\"><span style=\"font-family: Calibri\">es posible resolver problemas que tengan hasta 200 variables de decisi\u00f3n, 100 restricciones expl\u00edcitas y 400 simples (cotas superior e inferior o restricciones enteras sobre las variables de decisi\u00f3n). Para acceder a <\/span><\/span><strong><span style=\"font-size: 11.5pt;color: #000000;font-family: &quot;MKKMOI+TimesNewRoman,Bold&quot;,&quot;serif&amp;quot\">Solver, <\/span><\/strong><span style=\"font-size: 11.5pt;color: #000000\"><span style=\"font-family: Calibri\">seleccione <\/span><\/span><strong><span style=\"font-size: 11.5pt;color: #000000;font-family: &quot;MKKMOI+TimesNewRoman,Bold&quot;,&quot;serif&amp;quot\">Tools <\/span><\/strong><span style=\"font-size: 11.5pt;color: #000000\"><span style=\"font-family: Calibri\">en el men\u00fa principal y luego <\/span><\/span><strong><span style=\"font-size: 11.5pt;color: #000000;font-family: &quot;MKKMOI+TimesNewRoman,Bold&quot;,&quot;serif&amp;quot\">Solver. <\/span><\/strong><span style=\"font-size: 11.5pt;color: #000000\"><span style=\"font-family: Calibri\">La ventana con los par\u00e1metros de Solver aparecer\u00e1 tal y como se muestra a continuaci\u00f3n:<\/span><\/span><\/p>\n<p>\u00a0<\/p>\n<p>\u00a0<a href=\"http:\/\/blog.espol.edu.ec\/tema\/files\/2009\/02\/dibujo1.jpg\"><\/a><a href=\"http:\/\/blog.espol.edu.ec\/tema\/files\/2009\/02\/dibujo2.jpg\"><\/a><a href=\"http:\/\/blog.espol.edu.ec\/tema\/files\/2009\/02\/dibujo.jpg\"><img loading=\"lazy\" decoding=\"async\" class=\"alignnone size-full wp-image-45\" src=\"http:\/\/blog.espol.edu.ec\/tema\/files\/2009\/02\/dibujo.jpg\" alt=\"\" width=\"500\" height=\"366\" \/><\/a><\/p>\n<p class=\"MsoNormal\" style=\"margin: 0cm 0cm 0pt\"><strong><span style=\"font-size: 14.5pt;color: #000000;font-family: &quot;MKKMOI+TimesNewRoman,Bold&quot;,&quot;serif&amp;quot\">Cuadro de di\u00e1logo de los par\u00e1metros de Solver <\/span><\/strong><\/p>\n<p class=\"MsoNormal\" style=\"margin: 0cm 0cm 0pt\"><span style=\"font-size: 14.5pt;color: #000000;font-family: &quot;MKKMOI+TimesNewRoman,Bold&quot;,&quot;serif&amp;quot\">\u00a0<\/span><\/p>\n<p class=\"MsoNormal\" style=\"margin: 0cm 0cm 10pt;text-align: justify\"><span style=\"font-size: 11.5pt;color: #000000;font-family: &quot;MKKNCK+TimesNewRoman&quot;,&quot;serif&amp;quot\">La ventana <\/span><strong><span style=\"font-size: 11.5pt;color: #000000;font-family: &quot;MKKMOI+TimesNewRoman,Bold&quot;,&quot;serif&amp;quot\">Solver Parameters <\/span><\/strong><span style=\"font-size: 11.5pt;color: #000000;font-family: &quot;MKKNCK+TimesNewRoman&quot;,&quot;serif&amp;quot\">se utiliza para describir el problema de optimizaci\u00f3n a EXCEL. El campo <\/span><strong><span style=\"font-size: 11.5pt;color: #000000;font-family: &quot;MKKMOI+TimesNewRoman,Bold&quot;,&quot;serif&amp;quot\">Set Target Cell <\/span><\/strong><span style=\"font-size: 11.5pt;color: #000000;font-family: &quot;MKKNCK+TimesNewRoman&quot;,&quot;serif&amp;quot\">contiene la celda donde se encuentra la funci\u00f3n objetiva correspondiente al problema en cuesti\u00f3n. Si desea hallar el m\u00e1ximo o el m\u00ednimo, seleccione <\/span><strong><span style=\"font-size: 11.5pt;color: #000000;font-family: &quot;MKKMOI+TimesNewRoman,Bold&quot;,&quot;serif&amp;quot\">Max <\/span><\/strong><span style=\"font-size: 11.5pt;color: #000000;font-family: &quot;MKKNCK+TimesNewRoman&quot;,&quot;serif&amp;quot\">o <\/span><strong><span style=\"font-size: 11.5pt;color: #000000;font-family: &quot;MKKMOI+TimesNewRoman,Bold&quot;,&quot;serif&amp;quot\">Min. <\/span><\/strong><span style=\"font-size: 11.5pt;color: #000000;font-family: &quot;MKKNCK+TimesNewRoman&quot;,&quot;serif&amp;quot\">Si la casilla <\/span><strong><span style=\"font-size: 11.5pt;color: #000000;font-family: &quot;MKKMOI+TimesNewRoman,Bold&quot;,&quot;serif&amp;quot\">Value of <\/span><\/strong><span style=\"font-size: 11.5pt;color: #000000;font-family: &quot;MKKNCK+TimesNewRoman&quot;,&quot;serif&amp;quot\">est\u00e1 seleccionada, Solver tratar\u00e1 de hallar un valor de la celda igual al valor del campo que se encuentra a la derecha de la selecci\u00f3n. El cuadro de di\u00e1logo <\/span><strong><span style=\"font-size: 11.5pt;color: #000000;font-family: &quot;MKKMOI+TimesNewRoman,Bold&quot;,&quot;serif&amp;quot\">By Changing Cells <\/span><\/strong><span style=\"font-size: 11.5pt;color: #000000;font-family: &quot;MKKNCK+TimesNewRoman&quot;,&quot;serif&amp;quot\">contendr\u00e1 la ubicaci\u00f3n de las variables de decisi\u00f3n para el problema. Por \u00faltimo, las restricciones se deben especificar en el campo <\/span><strong><span style=\"font-size: 11.5pt;color: #000000;font-family: &quot;MKKMOI+TimesNewRoman,Bold&quot;,&quot;serif&amp;quot\">Subject to the Constraints <\/span><\/strong><span style=\"font-size: 11.5pt;color: #000000;font-family: &quot;MKKNCK+TimesNewRoman&quot;,&quot;serif&amp;quot\">haciendo clic en <\/span><strong><span style=\"font-size: 11.5pt;color: #000000;font-family: &quot;MKKMOI+TimesNewRoman,Bold&quot;,&quot;serif&amp;quot\">Add<\/span><\/strong><span style=\"font-size: 11.5pt;color: #000000;font-family: &quot;MKKNCK+TimesNewRoman&quot;,&quot;serif&amp;quot\">. El bot\u00f3n <\/span><strong><span style=\"font-size: 11.5pt;color: #000000;font-family: &quot;MKKMOI+TimesNewRoman,Bold&quot;,&quot;serif&amp;quot\">Change <\/span><\/strong><span style=\"font-size: 11.5pt;color: #000000;font-family: &quot;MKKNCK+TimesNewRoman&quot;,&quot;serif&amp;quot\">permite modificar las restricciones reci\u00e9n introducidas y <\/span><strong><span style=\"font-size: 11.5pt;color: #000000;font-family: &quot;MKKMOI+TimesNewRoman,Bold&quot;,&quot;serif&amp;quot\">Delete <\/span><\/strong><span style=\"font-size: 11.5pt;color: #000000;font-family: &quot;MKKNCK+TimesNewRoman&quot;,&quot;serif&amp;quot\">sirve para borrar las restricciones precedentes. <\/span><strong><span style=\"font-size: 11.5pt;color: #000000;font-family: &quot;MKKMOI+TimesNewRoman,Bold&quot;,&quot;serif&amp;quot\">Reset All <\/span><\/strong><span style=\"font-size: 11.5pt;color: #000000;font-family: &quot;MKKNCK+TimesNewRoman&quot;,&quot;serif&amp;quot\">borra el problema en curso y restablece todos los par\u00e1metros a sus valores por defecto. Con el bot\u00f3n <\/span><strong><span style=\"font-size: 11.5pt;color: #000000;font-family: &quot;MKKMOI+TimesNewRoman,Bold&quot;,&quot;serif&amp;quot\">Options <\/span><\/strong><span style=\"font-size: 11.5pt;color: #000000;font-family: &quot;MKKNCK+TimesNewRoman&quot;,&quot;serif&amp;quot\">se accede a las opciones de Solver (ver m\u00e1s adelante). El bot\u00f3n <\/span><strong><span style=\"font-size: 11.5pt;color: #000000;font-family: &quot;MKKMOI+TimesNewRoman,Bold&quot;,&quot;serif&amp;quot\">Guess <\/span><\/strong><span style=\"font-size: 11.5pt;color: #000000;font-family: &quot;MKKNCK+TimesNewRoman&quot;,&quot;serif&amp;quot\">carece de inter\u00e9s para nuestros fines y no se tratar\u00e1 en estas instrucciones. A continuaci\u00f3n, y para mayor claridad, se se\u00f1alan las partes m\u00e1s importantes del cuadro de di\u00e1logo de los par\u00e1metros de Solver.<\/span><\/p>\n<p>\u00a0<\/p>\n<p><img loading=\"lazy\" decoding=\"async\" class=\"size-medium wp-image-46 alignnone\" src=\"http:\/\/blog.espol.edu.ec\/tema\/files\/2009\/02\/dibujo1-300x219.jpg\" alt=\"\" width=\"455\" height=\"353\" \/><\/p>\n<p>\u00a0<\/p>\n<p>\u00a0<\/p>\n<p>\u00a0<\/p>\n<p class=\"MsoNormal\" style=\"margin: 0cm 0cm 10pt;text-align: justify\"><span style=\"font-size: 11.5pt;color: #000000\"><span style=\"font-family: Calibri\">Al hacer clic en el bot\u00f3n <\/span><\/span><strong><span style=\"font-size: 11.5pt;color: #000000;font-family: &quot;MKKMOI+TimesNewRoman,Bold&quot;,&quot;serif&amp;quot\">Add<\/span><\/strong><span style=\"font-size: 11.5pt;color: #000000\"><span style=\"font-family: Calibri\">, aparece la ventana Add Constraint.<\/span><\/span><\/p>\n<p class=\"MsoNormal\" style=\"margin: 0cm 0cm 10pt;text-align: justify\">\u00a0<\/p>\n<p class=\"MsoNormal\" style=\"margin: 0cm 0cm 10pt;text-align: justify\"><a href=\"http:\/\/blog.espol.edu.ec\/tema\/files\/2009\/02\/dibujo1.jpg\"><\/a><a href=\"http:\/\/blog.espol.edu.ec\/tema\/files\/2009\/02\/dibujo2.jpg\"><img loading=\"lazy\" decoding=\"async\" class=\"alignnone size-medium wp-image-49\" src=\"http:\/\/blog.espol.edu.ec\/tema\/files\/2009\/02\/dibujo2-300x219.jpg\" alt=\"\" width=\"479\" height=\"316\" \/><\/a><\/p>\n<p class=\"MsoNormal\" style=\"margin: 0cm 10.8pt 21.6pt 0cm;text-align: justify\">\u00a0<\/p>\n<p class=\"MsoNormal\" style=\"margin: 0cm 10.8pt 21.6pt 0cm;text-align: justify\">\u00a0<\/p>\n<p class=\"MsoNormal\" style=\"margin: 0cm 10.8pt 21.6pt 0cm;text-align: justify\"><span style=\"font-size: 11.5pt;color: #000000;font-family: &quot;MKKNCK+TimesNewRoman&quot;,&quot;serif&amp;quot\">Si hace clic en el campo <\/span><strong><span style=\"font-size: 11.5pt;color: #000000;font-family: &quot;MKKMOI+TimesNewRoman,Bold&quot;,&quot;serif&amp;quot\">Cell Reference <\/span><\/strong><span style=\"font-size: 11.5pt;color: #000000;font-family: &quot;MKKNCK+TimesNewRoman&quot;,&quot;serif&amp;quot\">podr\u00e1 especificar la ubicaci\u00f3n de una celda (por lo general, una celda con una f\u00f3rmula). Introduzca el tipo de restricci\u00f3n haciendo clic en la flecha del campo central desplegable (&lt;=, &gt;=, =, int, donde int se refiere a un n\u00famero entero, o bin, donde bin se refiere a binario). El campo <\/span><strong><span style=\"font-size: 11.5pt;color: #000000;font-family: &quot;MKKMOI+TimesNewRoman,Bold&quot;,&quot;serif&amp;quot\">Constraint <\/span><\/strong><span style=\"font-size: 11.5pt;color: #000000;font-family: &quot;MKKNCK+TimesNewRoman&quot;,&quot;serif&amp;quot\">puede llevar una f\u00f3rmula de celdas, una simple referencia a una celda o un valor num\u00e9rico. El bot\u00f3n <\/span><strong><span style=\"font-size: 11.5pt;color: #000000;font-family: &quot;MKKMOI+TimesNewRoman,Bold&quot;,&quot;serif&amp;quot\">Add <\/span><\/strong><span style=\"font-size: 11.5pt;color: #000000;font-family: &quot;MKKNCK+TimesNewRoman&quot;,&quot;serif&amp;quot\">a\u00f1ade la restricci\u00f3n especificada al modelo existente y vuelve a la ventana Add Constraint. El bot\u00f3n <\/span><strong><span style=\"font-size: 11.5pt;color: #000000;font-family: &quot;MKKMOI+TimesNewRoman,Bold&quot;,&quot;serif&amp;quot\">OK <\/span><\/strong><span style=\"font-size: 11.5pt;color: #000000;font-family: &quot;MKKNCK+TimesNewRoman&quot;,&quot;serif&amp;quot\">a\u00f1ade la restricci\u00f3n al modelo y vuelve a la ventana Solver<\/span><\/p>\n<p class=\"MsoNormal\" style=\"margin: 0cm 10.8pt 21.6pt 0cm;text-align: justify\"><span style=\"font-size: 11.5pt;color: #000000;font-family: &quot;MKKNCK+TimesNewRoman&quot;,&quot;serif&amp;quot\">Dialog. <\/span><span style=\"font-family: Calibri\"><strong><span style=\"font-size: 11.5pt;color: #000000;font-family: &quot;MKLABM+TimesNewRoman,BoldItalic&quot;,&quot;serif&amp;quot\">Nota: Solver no asume la no negatividad de las variables de decisi\u00f3n. En la ventana de opciones puede especificar que las variables han de ser no negativas. <\/span><\/strong><\/span><\/p>\n<p class=\"MsoNormal\" style=\"margin: 0cm 0cm 10pt;text-align: justify\"><span style=\"font-size: 11.5pt;color: #000000;font-family: &quot;MKKNCK+TimesNewRoman&quot;,&quot;serif&amp;quot\">Si en la ventana de los par\u00e1metros de Solver hacemos clic en el bot\u00f3n <\/span><strong><span style=\"font-size: 11.5pt;color: #000000;font-family: &quot;MKKMOI+TimesNewRoman,Bold&quot;,&quot;serif&amp;quot\">Options<\/span><\/strong><span style=\"font-size: 11.5pt;color: #000000;font-family: &quot;MKKNCK+TimesNewRoman&quot;,&quot;serif&amp;quot\">, aparece la ventana siguiente:<\/span><\/p>\n<p class=\"MsoNormal\" style=\"margin: 0cm 0cm 10pt;text-align: justify\">\u00a0<a href=\"http:\/\/blog.espol.edu.ec\/tema\/files\/2009\/02\/dibujo3.jpg\"><img loading=\"lazy\" decoding=\"async\" class=\"alignnone size-medium wp-image-51\" src=\"http:\/\/blog.espol.edu.ec\/tema\/files\/2009\/02\/dibujo3-300x219.jpg\" alt=\"\" width=\"300\" height=\"219\" \/><\/a><\/p>\n<form id=\"vozme_form_512a10034487165f9b52b8523a231ff1\" method=\"post\" name=\"vozme_form_512a10034487165f9b52b8523a231ff1\" target=\"512a10034487165f9b52b8523a231ff1\" action=\"http:\/\/vozme.com\/text2voice.php\"><input name=\"text\" type=\"hidden\" value=\"EXCEL Solver. Instrucciones de EXCEL Solver \n\u00a0\n\u00a0\nLa opci\u00f3n Solver de EXCEL sirve para resolver problemas de optimizaci\u00f3n lineal y no lineal; tambi\u00e9n se pueden indicar restricciones enteras sobre las variables de decisi\u00f3n. Con Solver es posible resolver problemas que tengan hasta 200 variables de decisi\u00f3n, 100 restricciones expl\u00edcitas y 400 simples (cotas superior e inferior o restricciones enteras sobre las variables de decisi\u00f3n). Para acceder a Solver, seleccione Tools en el men\u00fa principal y luego Solver. La ventana con los par\u00e1metros de Solver aparecer\u00e1 tal y como se muestra a continuaci\u00f3n:\n\u00a0\n\u00a0\nCuadro de di\u00e1logo de los par\u00e1metros de Solver \n\u00a0\nLa ventana Solver Parameters se utiliza para describir el problema de optimizaci\u00f3n a EXCEL. El campo Set Target Cell contiene la celda donde se encuentra la funci\u00f3n objetiva correspondiente al problema en cuesti\u00f3n. Si desea hallar el m\u00e1ximo o el m\u00ednimo, seleccione Max o Min. Si la casilla Value of est\u00e1 seleccionada, Solver tratar\u00e1 de hallar un valor de la celda igual al valor del campo que se encuentra a la derecha de la selecci\u00f3n. El cuadro de di\u00e1logo By Changing Cells contendr\u00e1 la ubicaci\u00f3n de las variables de decisi\u00f3n para el problema. Por \u00faltimo, las restricciones se deben especificar en el campo Subject to the Constraints haciendo clic en Add. El bot\u00f3n Change permite modificar las restricciones reci\u00e9n introducidas y Delete sirve para borrar las restricciones precedentes. Reset All borra el problema en curso y restablece todos los par\u00e1metros a sus valores por defecto. Con el bot\u00f3n Options se accede a las opciones de Solver (ver m\u00e1s adelante). El bot\u00f3n Guess carece de inter\u00e9s para nuestros fines y no se tratar\u00e1 en estas instrucciones. A continuaci\u00f3n, y para mayor claridad, se se\u00f1alan las partes m\u00e1s importantes del cuadro de di\u00e1logo de los par\u00e1metros de Solver.\n\u00a0\n\n\u00a0\n\u00a0\n\u00a0\nAl hacer clic en el bot\u00f3n Add, aparece la ventana Add Constraint.\n\u00a0\n\n\u00a0\n\u00a0\nSi hace clic en el campo Cell Reference podr\u00e1 especificar la ubicaci\u00f3n de una celda (por lo general, una celda con una f\u00f3rmula). Introduzca el tipo de restricci\u00f3n haciendo clic en la flecha del campo central desplegable (&lt;=, &gt;=, =, int, donde int se refiere a un n\u00famero entero, o bin, donde bin se refiere a binario). El campo Constraint puede llevar una f\u00f3rmula de celdas, una simple referencia a una celda o un valor num\u00e9rico. El bot\u00f3n Add a\u00f1ade la restricci\u00f3n especificada al modelo existente y vuelve a la ventana Add Constraint. El bot\u00f3n OK a\u00f1ade la restricci\u00f3n al modelo y vuelve a la ventana Solver\nDialog. Nota: Solver no asume la no negatividad de las variables de decisi\u00f3n. En la ventana de opciones puede especificar que las variables han de ser no negativas. \nSi en la ventana de los par\u00e1metros de Solver hacemos clic en el bot\u00f3n Options, aparece la ventana siguiente:\n\u00a0\n\" \/><input name=\"lang\" type=\"hidden\" value=\"en\" \/><input name=\"gn\" type=\"hidden\" value=\"ml\" \/><input type=\"hidden\" id=\"interface\" name=\"interface\" value=\"full\" \/>\n\t\t\t<div style=\"margin-left:40%;\">\n\t\t\t\n\t\t\t\t<input style=\"float:left;\" type=\"image\" width=\"40\" height=\"40\" src=\"http:\/\/blog.espol.edu.ec\/tema\/wp-content\/plugins\/vozme\/img\/megaphone40x40w.gif\" alt=\"Hear this post\" onclick=\"window.open('', '512a10034487165f9b52b8523a231ff1', 'width=600,height=370,scrollbars=yes,location=yes,menubar=yes,resizable=yes,status=yes,toolbar=yes');\">\n\t\t\t\t<div style=\"margin-left:48px; text-align:left;\"><a style=\"font-size:12px;\" href=\"javascript:void(0);\" onclick=\"window.open('', '512a10034487165f9b52b8523a231ff1', 'width=600,height=370,scrollbars=yes,location=yes,menubar=yes,resizable=yes,status=yes,toolbar=yes'); document.getElementById('vozme_form_512a10034487165f9b52b8523a231ff1').submit();\">Hear<br\/>this post<\/a><\/div>\n\t\t\t<\/div><\/form>","protected":false},"excerpt":{"rendered":"<p>Instrucciones de EXCEL Solver \u00a0 \u00a0 La opci\u00f3n Solver de EXCEL sirve para resolver problemas de optimizaci\u00f3n lineal y no lineal; tambi\u00e9n se pueden indicar restricciones enteras sobre las variables de decisi\u00f3n. Con Solver es posible resolver problemas que tengan hasta 200 variables de decisi\u00f3n, 100 restricciones expl\u00edcitas y 400 simples (cotas superior e inferior [&hellip;]<\/p>\n","protected":false},"author":804,"featured_media":0,"parent":0,"menu_order":0,"comment_status":"open","ping_status":"open","template":"","meta":{"_monsterinsights_skip_tracking":false,"_monsterinsights_sitenote_active":false,"_monsterinsights_sitenote_note":"","_monsterinsights_sitenote_category":0,"footnotes":""},"class_list":["post-44","page","type-page","status-publish","hentry"],"aioseo_notices":[],"_links":{"self":[{"href":"https:\/\/blog.espol.edu.ec\/tema\/wp-json\/wp\/v2\/pages\/44","targetHints":{"allow":["GET"]}}],"collection":[{"href":"https:\/\/blog.espol.edu.ec\/tema\/wp-json\/wp\/v2\/pages"}],"about":[{"href":"https:\/\/blog.espol.edu.ec\/tema\/wp-json\/wp\/v2\/types\/page"}],"author":[{"embeddable":true,"href":"https:\/\/blog.espol.edu.ec\/tema\/wp-json\/wp\/v2\/users\/804"}],"replies":[{"embeddable":true,"href":"https:\/\/blog.espol.edu.ec\/tema\/wp-json\/wp\/v2\/comments?post=44"}],"version-history":[{"count":7,"href":"https:\/\/blog.espol.edu.ec\/tema\/wp-json\/wp\/v2\/pages\/44\/revisions"}],"predecessor-version":[{"id":50,"href":"https:\/\/blog.espol.edu.ec\/tema\/wp-json\/wp\/v2\/pages\/44\/revisions\/50"}],"wp:attachment":[{"href":"https:\/\/blog.espol.edu.ec\/tema\/wp-json\/wp\/v2\/media?parent=44"}],"curies":[{"name":"wp","href":"https:\/\/api.w.org\/{rel}","templated":true}]}}