{"id":13,"date":"2016-11-08T19:42:00","date_gmt":"2016-11-08T19:42:00","guid":{"rendered":"http:\/\/blog.espol.edu.ec\/tngonzal\/?page_id=13"},"modified":"2016-11-15T02:56:26","modified_gmt":"2016-11-15T02:56:26","slug":"alimentacion","status":"publish","type":"page","link":"https:\/\/blog.espol.edu.ec\/tngonzal\/alimentacion\/","title":{"rendered":"Alimentaci\u00f3n"},"content":{"rendered":"<p style=\"text-align: left\">La alimentaci\u00f3n es la base fundamental de la vida , muchos factores como peso , talla, desempe\u00f1o \u00a0, y adquisici\u00f3n de enfermedades se ven \u00edntimamente ligadas a el consumo de alimento . Tanto as\u00ed que es considerado un derecho vital ya que satisface nuestra demanda de crecimiento , energ\u00eda y otras necesidades b\u00e1sicas .<\/p>\n<p style=\"text-align: left\">Para que exista una correcta alimentaci\u00f3n esta\u00a0debe ser rica , variada y en proporciones adecuadas , evitando abusos o limitaciones hacia los alimentos \u00a0.<\/p>\n","protected":false},"excerpt":{"rendered":"<p>La alimentaci\u00f3n es la base fundamental de la vida , muchos factores como peso , talla, desempe\u00f1o \u00a0, y adquisici\u00f3n de enfermedades se ven \u00edntimamente ligadas a el consumo de alimento . Tanto as\u00ed que es considerado un derecho vital ya que satisface nuestra demanda de crecimiento , energ\u00eda y otras necesidades b\u00e1sicas . Para &hellip; <\/p>\n<p><a class=\"more-link btn\" href=\"https:\/\/blog.espol.edu.ec\/tngonzal\/alimentacion\/\">Seguir leyendo<\/a><\/p>\n","protected":false},"author":10673,"featured_media":0,"parent":0,"menu_order":0,"comment_status":"closed","ping_status":"closed","template":"","meta":{"_monsterinsights_skip_tracking":false,"_monsterinsights_sitenote_active":false,"_monsterinsights_sitenote_note":"","_monsterinsights_sitenote_category":0,"footnotes":""},"class_list":["post-13","page","type-page","status-publish","hentry","nodate","item-wrap"],"_links":{"self":[{"href":"https:\/\/blog.espol.edu.ec\/tngonzal\/wp-json\/wp\/v2\/pages\/13","targetHints":{"allow":["GET"]}}],"collection":[{"href":"https:\/\/blog.espol.edu.ec\/tngonzal\/wp-json\/wp\/v2\/pages"}],"about":[{"href":"https:\/\/blog.espol.edu.ec\/tngonzal\/wp-json\/wp\/v2\/types\/page"}],"author":[{"embeddable":true,"href":"https:\/\/blog.espol.edu.ec\/tngonzal\/wp-json\/wp\/v2\/users\/10673"}],"replies":[{"embeddable":true,"href":"https:\/\/blog.espol.edu.ec\/tngonzal\/wp-json\/wp\/v2\/comments?post=13"}],"version-history":[{"count":2,"href":"https:\/\/blog.espol.edu.ec\/tngonzal\/wp-json\/wp\/v2\/pages\/13\/revisions"}],"predecessor-version":[{"id":98,"href":"https:\/\/blog.espol.edu.ec\/tngonzal\/wp-json\/wp\/v2\/pages\/13\/revisions\/98"}],"wp:attachment":[{"href":"https:\/\/blog.espol.edu.ec\/tngonzal\/wp-json\/wp\/v2\/media?parent=13"}],"curies":[{"name":"wp","href":"https:\/\/api.w.org\/{rel}","templated":true}]}}