{"id":38,"date":"2016-11-10T22:28:49","date_gmt":"2016-11-10T22:28:49","guid":{"rendered":"http:\/\/blog.espol.edu.ec\/tngonzal\/?page_id=38"},"modified":"2016-11-10T22:28:49","modified_gmt":"2016-11-10T22:28:49","slug":"obesidad","status":"publish","type":"page","link":"https:\/\/blog.espol.edu.ec\/tngonzal\/obesidad\/","title":{"rendered":"Obesidad"},"content":{"rendered":"<p style=\"text-align: left\"><em>La obesidad se define simplemente como un estado de salud anormal o una excesiva acumulaci\u00f3n de grasa en los tejidos grasos (tejido adiposo) del cuerpo, que puede llegar a constituir un serio peligro para la salud. La causa subyacente es un balance energ\u00e9tico positivo, que tienen como consecuencia el aumento de peso, es decir cuando las calor\u00edas consumidas exceden las calor\u00edas que se gastan.<\/em><\/p>\n<p style=\"text-align: left\"><em>Para que todo el mundo pueda determinar f\u00e1cilmente cu\u00e1l es su peso adecuado, se mide simplemente la relaci\u00f3n entre peso y altura, que se denomina \u00cdndice de Masa Corporal (IMC). El IMC es una \u00fatil herramienta que es utilizada com\u00fanmente por m\u00e9dicos y otros profesionales de la salud para determinar la prevalencia de peso por debajo de lo normal, exceso de peso y obesidad en adultos. Se obtiene dividiendo el peso en kilogramos de una persona entre el cuadrado de su altura en metros (kg\/m2). Por ejemplo, un adulto que pesa 70 kg y cuya altura es de 1,75 m tendr\u00e1 un IMC de 22,9 kg\/m2.<\/em><\/p>\n<p style=\"text-align: left\"><em>Se considera que hay exceso de peso y obesidad cuando el IMC es respectivamente igual o superior a 25 y 30. Normalmente, se considera que un IMC es 'saludable' cuando est\u00e1 entre 18,5 y 24,9, que es \"de riesgo\" cuando es de 25-29,9 y de \"alto riesgo\" cuando es igual o superior a 30 [1].<\/em><\/p>\n<p style=\"text-align: left\"><em>\u00cdNDICE DE MASA CORPORAL<\/em><br \/>\n<em>&lt;18,5 Desnutrici\u00f3n<\/em><br \/>\n<em>18,5 - 24,9\u00a0Normopeso <\/em><br \/>\n<em>25 -\u00a029,9\u00a0Sobrepeso <\/em><br \/>\n<em><span style=\"font-size: xx-small\">\u2265<\/span>30 Obesidad<\/em><\/p>\n","protected":false},"excerpt":{"rendered":"<p>La obesidad se define simplemente como un estado de salud anormal o una excesiva acumulaci\u00f3n de grasa en los tejidos grasos (tejido adiposo) del cuerpo, que puede llegar a constituir un serio peligro para la salud. La causa subyacente es un balance energ\u00e9tico positivo, que tienen como consecuencia el aumento de peso, es decir cuando &hellip; <\/p>\n<p><a class=\"more-link btn\" href=\"https:\/\/blog.espol.edu.ec\/tngonzal\/obesidad\/\">Seguir leyendo<\/a><\/p>\n","protected":false},"author":10673,"featured_media":0,"parent":0,"menu_order":0,"comment_status":"closed","ping_status":"closed","template":"","meta":{"_monsterinsights_skip_tracking":false,"_monsterinsights_sitenote_active":false,"_monsterinsights_sitenote_note":"","_monsterinsights_sitenote_category":0,"footnotes":""},"class_list":["post-38","page","type-page","status-publish","hentry","nodate","item-wrap"],"_links":{"self":[{"href":"https:\/\/blog.espol.edu.ec\/tngonzal\/wp-json\/wp\/v2\/pages\/38","targetHints":{"allow":["GET"]}}],"collection":[{"href":"https:\/\/blog.espol.edu.ec\/tngonzal\/wp-json\/wp\/v2\/pages"}],"about":[{"href":"https:\/\/blog.espol.edu.ec\/tngonzal\/wp-json\/wp\/v2\/types\/page"}],"author":[{"embeddable":true,"href":"https:\/\/blog.espol.edu.ec\/tngonzal\/wp-json\/wp\/v2\/users\/10673"}],"replies":[{"embeddable":true,"href":"https:\/\/blog.espol.edu.ec\/tngonzal\/wp-json\/wp\/v2\/comments?post=38"}],"version-history":[{"count":1,"href":"https:\/\/blog.espol.edu.ec\/tngonzal\/wp-json\/wp\/v2\/pages\/38\/revisions"}],"predecessor-version":[{"id":39,"href":"https:\/\/blog.espol.edu.ec\/tngonzal\/wp-json\/wp\/v2\/pages\/38\/revisions\/39"}],"wp:attachment":[{"href":"https:\/\/blog.espol.edu.ec\/tngonzal\/wp-json\/wp\/v2\/media?parent=38"}],"curies":[{"name":"wp","href":"https:\/\/api.w.org\/{rel}","templated":true}]}}