{"id":12,"date":"2016-05-12T13:47:11","date_gmt":"2016-05-12T13:47:11","guid":{"rendered":"http:\/\/blog.espol.edu.ec\/tpanta\/?page_id=12"},"modified":"2016-05-24T03:31:04","modified_gmt":"2016-05-24T03:31:04","slug":"mi-primer-power-point","status":"publish","type":"page","link":"https:\/\/blog.espol.edu.ec\/tpanta\/mi-primer-power-point\/","title":{"rendered":"Autores Cl\u00e1sicos"},"content":{"rendered":"<p>En estas diapositivas podr\u00e1n encontrar breves biograf\u00edas sobre algunos de los autores m\u00e1s conocidos.<\/p>\n<p>http:\/\/www.slideshare.net\/tamarapanta\/autores-clsicos-62326413<\/p>\n<p>&nbsp;<\/p>\n","protected":false},"excerpt":{"rendered":"<p>En estas diapositivas podr\u00e1n encontrar breves biograf\u00edas sobre algunos de los autores m\u00e1s conocidos. http:\/\/www.slideshare.net\/tamarapanta\/autores-clsicos-62326413 &nbsp;<\/p>\n","protected":false},"author":10177,"featured_media":0,"parent":0,"menu_order":0,"comment_status":"closed","ping_status":"closed","template":"","meta":{"footnotes":""},"class_list":["post-12","page","type-page","status-publish","hentry"],"_links":{"self":[{"href":"https:\/\/blog.espol.edu.ec\/tpanta\/wp-json\/wp\/v2\/pages\/12","targetHints":{"allow":["GET"]}}],"collection":[{"href":"https:\/\/blog.espol.edu.ec\/tpanta\/wp-json\/wp\/v2\/pages"}],"about":[{"href":"https:\/\/blog.espol.edu.ec\/tpanta\/wp-json\/wp\/v2\/types\/page"}],"author":[{"embeddable":true,"href":"https:\/\/blog.espol.edu.ec\/tpanta\/wp-json\/wp\/v2\/users\/10177"}],"replies":[{"embeddable":true,"href":"https:\/\/blog.espol.edu.ec\/tpanta\/wp-json\/wp\/v2\/comments?post=12"}],"version-history":[{"count":4,"href":"https:\/\/blog.espol.edu.ec\/tpanta\/wp-json\/wp\/v2\/pages\/12\/revisions"}],"predecessor-version":[{"id":27,"href":"https:\/\/blog.espol.edu.ec\/tpanta\/wp-json\/wp\/v2\/pages\/12\/revisions\/27"}],"wp:attachment":[{"href":"https:\/\/blog.espol.edu.ec\/tpanta\/wp-json\/wp\/v2\/media?parent=12"}],"curies":[{"name":"wp","href":"https:\/\/api.w.org\/{rel}","templated":true}]}}