{"id":8,"date":"2016-05-12T13:16:01","date_gmt":"2016-05-12T13:16:01","guid":{"rendered":"http:\/\/blog.espol.edu.ec\/tpanta\/?page_id=8"},"modified":"2016-05-24T03:34:20","modified_gmt":"2016-05-24T03:34:20","slug":"mi-primera-pagina","status":"publish","type":"page","link":"https:\/\/blog.espol.edu.ec\/tpanta\/mi-primera-pagina\/","title":{"rendered":"Libros Cl\u00e1sicos"},"content":{"rendered":"<p>Cortas rese\u00f1as sobre varios libros cl\u00e1sicos conocidos en el mundo.<\/p>\n<p>http:\/\/www.slideshare.net\/tamarapanta\/libros-clsicos<\/p>\n","protected":false},"excerpt":{"rendered":"<p>Cortas rese\u00f1as sobre varios libros cl\u00e1sicos conocidos en el mundo. http:\/\/www.slideshare.net\/tamarapanta\/libros-clsicos<\/p>\n","protected":false},"author":10177,"featured_media":0,"parent":0,"menu_order":0,"comment_status":"closed","ping_status":"closed","template":"","meta":{"footnotes":""},"class_list":["post-8","page","type-page","status-publish","hentry"],"_links":{"self":[{"href":"https:\/\/blog.espol.edu.ec\/tpanta\/wp-json\/wp\/v2\/pages\/8","targetHints":{"allow":["GET"]}}],"collection":[{"href":"https:\/\/blog.espol.edu.ec\/tpanta\/wp-json\/wp\/v2\/pages"}],"about":[{"href":"https:\/\/blog.espol.edu.ec\/tpanta\/wp-json\/wp\/v2\/types\/page"}],"author":[{"embeddable":true,"href":"https:\/\/blog.espol.edu.ec\/tpanta\/wp-json\/wp\/v2\/users\/10177"}],"replies":[{"embeddable":true,"href":"https:\/\/blog.espol.edu.ec\/tpanta\/wp-json\/wp\/v2\/comments?post=8"}],"version-history":[{"count":3,"href":"https:\/\/blog.espol.edu.ec\/tpanta\/wp-json\/wp\/v2\/pages\/8\/revisions"}],"predecessor-version":[{"id":29,"href":"https:\/\/blog.espol.edu.ec\/tpanta\/wp-json\/wp\/v2\/pages\/8\/revisions\/29"}],"wp:attachment":[{"href":"https:\/\/blog.espol.edu.ec\/tpanta\/wp-json\/wp\/v2\/media?parent=8"}],"curies":[{"name":"wp","href":"https:\/\/api.w.org\/{rel}","templated":true}]}}