{"id":204,"date":"2015-09-01T08:10:53","date_gmt":"2015-09-01T13:10:53","guid":{"rendered":"http:\/\/blog.espol.edu.ec\/turismoweb\/?page_id=204"},"modified":"2015-09-01T08:10:53","modified_gmt":"2015-09-01T13:10:53","slug":"sobre-el-blog","status":"publish","type":"page","link":"https:\/\/blog.espol.edu.ec\/turismoweb\/sobre-el-blog\/","title":{"rendered":"Sobre el blog"},"content":{"rendered":"<p><a href=\"http:\/\/blog.espol.edu.ec\/turismoweb\/files\/2015\/09\/photo.jpg\"><img loading=\"lazy\" decoding=\"async\" class=\"size-full wp-image-205 alignnone\" src=\"http:\/\/blog.espol.edu.ec\/turismoweb\/files\/2015\/09\/photo.jpg\" alt=\"Sobre este blog\" width=\"250\" height=\"205\" \/><\/a>Soy Javier y vivo en Guayaquil, Ecuador, en realidad \u00e9ste era un blog abandonado \ud83d\ude00 en alg\u00fan momento me di cuenta de lo f\u00e1cil que se me hace plasmar en texto ideas nuevas o escritos ya existentes y transcribirlos a mis propias palabras, lo mejor es siempre escribir algo o explicarlo paso a paso de la forma m\u00e1s sencilla. Todo inicio cuando trabaj\u00e9 para una empresa de turismo internacional, realizando ventas de sus productos comprend\u00ed lo bueno que era y que es lo que un cliente busca al comprar un producto o consumir un servicio. Cuando tienes un sistema de ventas por m\u00e1s sencillo que sea si para ti funciona deber\u00eda funcionar para el resto del mundo. Noticias, escritos, recomendaciones, an\u00e1lisis de productos o servicios, la comunicaci\u00f3n social o periodismo se aplica a cualquiera \u00e1mbito de la vida, en realidad todo vende, hasta el m\u00e1s peque\u00f1o escrito as\u00ed no te reporte ganancias si es le\u00eddo por alguien m\u00e1s ya est\u00e1 siendo consumido.<\/p>\n<h3>Turismo Web, blog sobre Marketing Tur\u00edstico<\/h3>\n<p>Uno de los claros puntos a tener en cuenta al momento de comunicar es la facilidad de palabra que tengas para llegar a tu sector de forma contundente, en \u00e9ste blog encontrar\u00e1s escritos con recomendaciones, datos importantes en una gran mayor\u00eda relacionado con el sector turismo de Ecuador y el Mundo. El importante movimiento del turismo internacional la llegada de turistas extranjeros y lo importante de \u00e9sto \u00faltimo para con el crecimiento de la econom\u00eda tur\u00edstica. La idea es esa!!<\/p>\n","protected":false},"excerpt":{"rendered":"<p>Soy Javier y vivo en Guayaquil, Ecuador, en realidad \u00e9ste era un blog abandonado \ud83d\ude00 en alg\u00fan momento me di cuenta de lo f\u00e1cil que se me hace plasmar en texto ideas nuevas o escritos ya existentes y transcribirlos a mis propias palabras, lo mejor es siempre escribir algo o explicarlo paso a paso de [&hellip;]<\/p>\n","protected":false},"author":9212,"featured_media":0,"parent":0,"menu_order":0,"comment_status":"closed","ping_status":"closed","template":"","meta":{"footnotes":""},"class_list":["post-204","page","type-page","status-publish","hentry"],"aioseo_notices":[],"_links":{"self":[{"href":"https:\/\/blog.espol.edu.ec\/turismoweb\/wp-json\/wp\/v2\/pages\/204","targetHints":{"allow":["GET"]}}],"collection":[{"href":"https:\/\/blog.espol.edu.ec\/turismoweb\/wp-json\/wp\/v2\/pages"}],"about":[{"href":"https:\/\/blog.espol.edu.ec\/turismoweb\/wp-json\/wp\/v2\/types\/page"}],"author":[{"embeddable":true,"href":"https:\/\/blog.espol.edu.ec\/turismoweb\/wp-json\/wp\/v2\/users\/9212"}],"replies":[{"embeddable":true,"href":"https:\/\/blog.espol.edu.ec\/turismoweb\/wp-json\/wp\/v2\/comments?post=204"}],"version-history":[{"count":1,"href":"https:\/\/blog.espol.edu.ec\/turismoweb\/wp-json\/wp\/v2\/pages\/204\/revisions"}],"predecessor-version":[{"id":206,"href":"https:\/\/blog.espol.edu.ec\/turismoweb\/wp-json\/wp\/v2\/pages\/204\/revisions\/206"}],"wp:attachment":[{"href":"https:\/\/blog.espol.edu.ec\/turismoweb\/wp-json\/wp\/v2\/media?parent=204"}],"curies":[{"name":"wp","href":"https:\/\/api.w.org\/{rel}","templated":true}]}}