{"id":209,"date":"2015-09-01T08:40:34","date_gmt":"2015-09-01T13:40:34","guid":{"rendered":"http:\/\/blog.espol.edu.ec\/turismoweb\/?page_id=209"},"modified":"2015-09-01T09:06:15","modified_gmt":"2015-09-01T14:06:15","slug":"contacto","status":"publish","type":"page","link":"https:\/\/blog.espol.edu.ec\/turismoweb\/contacto\/","title":{"rendered":"Contacto"},"content":{"rendered":"<p>Normalmente paso por el blog escribiendo alg\u00fan reporte o noticia relacionada con <strong>turismo, negocios, marketing<\/strong> turismo o temas relacionados al crecimiento o inclusi\u00f3n de una ciudad o puerto en la ruta de viajes o vacaciones de marcas tur\u00edsticas o l\u00edneas de cruceros. Para cualquier contacto env\u00edame un mensaje a contactoturismoweb@gmail.com o deja un comentario en cualquier post del blog, te responder\u00e9 a la brevedad posible. Y si no contesto es porque ando atareado \ud83d\ude00 pero de que contesto, contesto. Un Saludo a todos y \u00c9xitos.<\/p>\n<p>[contact-form-7 id=\"213\" title=\"Formulario de contacto 1\"]<\/p>\n","protected":false},"excerpt":{"rendered":"<p>Normalmente paso por el blog escribiendo alg\u00fan reporte o noticia relacionada con turismo, negocios, marketing turismo o temas relacionados al crecimiento o inclusi\u00f3n de una ciudad o puerto en la ruta de viajes o vacaciones de marcas tur\u00edsticas o l\u00edneas de cruceros. Para cualquier contacto env\u00edame un mensaje a contactoturismoweb@gmail.com o deja un comentario en [&hellip;]<\/p>\n","protected":false},"author":9212,"featured_media":0,"parent":0,"menu_order":0,"comment_status":"closed","ping_status":"closed","template":"","meta":{"footnotes":""},"class_list":["post-209","page","type-page","status-publish","hentry"],"aioseo_notices":[],"_links":{"self":[{"href":"https:\/\/blog.espol.edu.ec\/turismoweb\/wp-json\/wp\/v2\/pages\/209","targetHints":{"allow":["GET"]}}],"collection":[{"href":"https:\/\/blog.espol.edu.ec\/turismoweb\/wp-json\/wp\/v2\/pages"}],"about":[{"href":"https:\/\/blog.espol.edu.ec\/turismoweb\/wp-json\/wp\/v2\/types\/page"}],"author":[{"embeddable":true,"href":"https:\/\/blog.espol.edu.ec\/turismoweb\/wp-json\/wp\/v2\/users\/9212"}],"replies":[{"embeddable":true,"href":"https:\/\/blog.espol.edu.ec\/turismoweb\/wp-json\/wp\/v2\/comments?post=209"}],"version-history":[{"count":4,"href":"https:\/\/blog.espol.edu.ec\/turismoweb\/wp-json\/wp\/v2\/pages\/209\/revisions"}],"predecessor-version":[{"id":217,"href":"https:\/\/blog.espol.edu.ec\/turismoweb\/wp-json\/wp\/v2\/pages\/209\/revisions\/217"}],"wp:attachment":[{"href":"https:\/\/blog.espol.edu.ec\/turismoweb\/wp-json\/wp\/v2\/media?parent=209"}],"curies":[{"name":"wp","href":"https:\/\/api.w.org\/{rel}","templated":true}]}}