{"id":102,"date":"2011-01-16T23:37:48","date_gmt":"2011-01-16T23:37:48","guid":{"rendered":"http:\/\/blog.espol.edu.ec\/tuseguridad\/?page_id=102"},"modified":"2011-03-15T04:12:23","modified_gmt":"2011-03-15T04:12:23","slug":"prevencion","status":"publish","type":"page","link":"https:\/\/blog.espol.edu.ec\/tuseguridad\/que-hacer-en-caso-de\/prevencion\/","title":{"rendered":"Prevenci\u00f3n"},"content":{"rendered":"<h3><span style=\"color: #3366ff\"><span style=\"text-decoration: underline\">Antes:<\/span><\/span><\/h3>\n<ul>\n<li>Comunica a tu familia tu horario de clases o de trabajo y otras actividades.<\/li>\n<li>Camina atento, observando tu entorno (dentro y fuera del campus).<\/li>\n<li>No lleves contigo exceso de dinero, ni joyas.<\/li>\n<li>Es preferible que andes acompa\u00f1ado o en grupo.<\/li>\n<li>Al\u00e9jate de las calles oscuras y abandonadas.<\/li>\n<li>No entables conversaciones con extra\u00f1os.<\/li>\n<li>No aceptes comida, ni bebida de ning\u00fan desconocido.<\/li>\n<li>Denuncia a cualquier persona en actitud sospechosa (dentro y fuera del Campus).<\/li>\n<\/ul>\n<h3><span style=\"color: #3366ff\"><span style=\"text-decoration: underline\">Durante:<\/span><\/span><\/h3>\n<ul>\n<li>Mant\u00e9n la calma.<\/li>\n<li>No te resistas ante un delincuente armado.<\/li>\n<li>Entrega los objetos que te sean pedidos.<\/li>\n<li>No transmitas enojo o sentimiento de venganza.<\/li>\n<li>Nunca respondas a las agresiones\u00a0f\u00edsicas\u00a0contra t\u00ed o tus acompa\u00f1antes.<\/li>\n<li>Pierde tus objetos pero preserva tu vida.<\/li>\n<\/ul>\n<h3><span style=\"color: #3366ff\"><span style=\"text-decoration: underline\"><strong><span style=\"color: #3366ff\">Despu\u00e9s:<\/span><\/strong><\/span><\/span><\/h3>\n<ul>\n<li>Tranquilizate y busca a tu familia.<\/li>\n<li>Colabora con la policia para capturar a los delincuentes.<\/li>\n<\/ul>\n<form id=\"vozme_form_1fe76c705cd63f964737b4beb01310dc\" method=\"post\" name=\"vozme_form_1fe76c705cd63f964737b4beb01310dc\" target=\"1fe76c705cd63f964737b4beb01310dc\" action=\"http:\/\/vozme.com\/text2voice.php\"><input name=\"text\" type=\"hidden\" value=\"Prevenci\u00f3n. Antes:\n\nComunica a tu familia tu horario de clases o de trabajo y otras actividades.\nCamina atento, observando tu entorno (dentro y fuera del campus).\nNo lleves contigo exceso de dinero, ni joyas.\nEs preferible que andes acompa\u00f1ado o en grupo.\nAl\u00e9jate de las calles oscuras y abandonadas.\nNo entables conversaciones con extra\u00f1os.\nNo aceptes comida, ni bebida de ning\u00fan desconocido.\nDenuncia a cualquier persona en actitud sospechosa (dentro y fuera del Campus).\n\nDurante:\n\nMant\u00e9n la calma.\nNo te resistas ante un delincuente armado.\nEntrega los objetos que te sean pedidos.\nNo transmitas enojo o sentimiento de venganza.\nNunca respondas a las agresiones\u00a0f\u00edsicas\u00a0contra t\u00ed o tus acompa\u00f1antes.\nPierde tus objetos pero preserva tu vida.\n\nDespu\u00e9s:\n\nTranquilizate y busca a tu familia.\nColabora con la policia para capturar a los delincuentes.\n\n\" \/><input name=\"lang\" type=\"hidden\" value=\"es\" \/><input name=\"gn\" type=\"hidden\" value=\"ml\" \/><input type=\"hidden\" id=\"interface\" name=\"interface\" value=\"full\" \/>\n\t\t\t<div style=\"margin-left:40%;\">\n\t\t\t\n\t\t\t\t<input style=\"float:left;\" type=\"image\" width=\"32\" height=\"32\" src=\"http:\/\/blog.espol.edu.ec\/tuseguridad\/wp-content\/plugins\/vozme\/img\/paper_sound32x32.gif\" alt=\"Escucha este post\" onclick=\"window.open('', '1fe76c705cd63f964737b4beb01310dc', 'width=600,height=370,scrollbars=yes,location=yes,menubar=yes,resizable=yes,status=yes,toolbar=yes');\">\n\t\t\t\t<div style=\"margin-left:40px; text-align:left;\"><a style=\"font-size:12px;\" href=\"javascript:void(0);\" onclick=\"window.open('', '1fe76c705cd63f964737b4beb01310dc', 'width=600,height=370,scrollbars=yes,location=yes,menubar=yes,resizable=yes,status=yes,toolbar=yes'); document.getElementById('vozme_form_1fe76c705cd63f964737b4beb01310dc').submit();\">Escucha<br\/>este post<\/a><\/div>\n\t\t\t<\/div><\/form>","protected":false},"excerpt":{"rendered":"<p>Antes: Comunica a tu familia tu horario de clases o de trabajo y otras actividades. Camina atento, observando tu entorno (dentro y fuera del campus). No lleves contigo exceso de dinero, ni joyas. Es preferible que andes acompa\u00f1ado o en grupo. Al\u00e9jate de las calles oscuras y abandonadas. No entables conversaciones con extra\u00f1os. No aceptes [&hellip;]<\/p>\n","protected":false},"author":5137,"featured_media":0,"parent":178,"menu_order":3,"comment_status":"open","ping_status":"open","template":"","meta":{"footnotes":""},"class_list":["post-102","page","type-page","status-publish","hentry"],"_links":{"self":[{"href":"https:\/\/blog.espol.edu.ec\/tuseguridad\/wp-json\/wp\/v2\/pages\/102","targetHints":{"allow":["GET"]}}],"collection":[{"href":"https:\/\/blog.espol.edu.ec\/tuseguridad\/wp-json\/wp\/v2\/pages"}],"about":[{"href":"https:\/\/blog.espol.edu.ec\/tuseguridad\/wp-json\/wp\/v2\/types\/page"}],"author":[{"embeddable":true,"href":"https:\/\/blog.espol.edu.ec\/tuseguridad\/wp-json\/wp\/v2\/users\/5137"}],"replies":[{"embeddable":true,"href":"https:\/\/blog.espol.edu.ec\/tuseguridad\/wp-json\/wp\/v2\/comments?post=102"}],"version-history":[{"count":7,"href":"https:\/\/blog.espol.edu.ec\/tuseguridad\/wp-json\/wp\/v2\/pages\/102\/revisions"}],"predecessor-version":[{"id":146,"href":"https:\/\/blog.espol.edu.ec\/tuseguridad\/wp-json\/wp\/v2\/pages\/102\/revisions\/146"}],"up":[{"embeddable":true,"href":"https:\/\/blog.espol.edu.ec\/tuseguridad\/wp-json\/wp\/v2\/pages\/178"}],"wp:attachment":[{"href":"https:\/\/blog.espol.edu.ec\/tuseguridad\/wp-json\/wp\/v2\/media?parent=102"}],"curies":[{"name":"wp","href":"https:\/\/api.w.org\/{rel}","templated":true}]}}