{"id":135,"date":"2011-02-25T17:58:57","date_gmt":"2011-02-25T17:58:57","guid":{"rendered":"http:\/\/blog.espol.edu.ec\/tuseguridad\/?page_id=135"},"modified":"2011-03-04T16:24:30","modified_gmt":"2011-03-04T16:24:30","slug":"como-formar-delincuentes","status":"publish","type":"page","link":"https:\/\/blog.espol.edu.ec\/tuseguridad\/aportes-profesionales\/como-formar-delincuentes\/","title":{"rendered":"Como se forma un delincuente"},"content":{"rendered":"<p style=\"text-align: center\"><a href=\"http:\/\/blog.espol.edu.ec\/tuseguridad\/files\/2011\/02\/ladron.jpg\"><img loading=\"lazy\" decoding=\"async\" class=\"aligncenter size-full wp-image-138\" title=\"ladron\" src=\"http:\/\/blog.espol.edu.ec\/tuseguridad\/files\/2011\/02\/ladron.jpg\" alt=\"\" width=\"210\" height=\"216\" srcset=\"https:\/\/blog.espol.edu.ec\/tuseguridad\/files\/2011\/02\/ladron.jpg 300w, https:\/\/blog.espol.edu.ec\/tuseguridad\/files\/2011\/02\/ladron-292x300.jpg 292w\" sizes=\"auto, (max-width: 210px) 100vw, 210px\" \/><\/a><\/p>\n<p>La revista <strong>\"Autogesti\u00f3n\"<\/strong> public\u00f3 un dec\u00e1logo de <strong>\"Como hacer delincuentes\"<\/strong>, redactado por la polic\u00eda de Washington tras realizar estudios basados en su abundante experiencia en la delincuencia juvenil.<\/p>\n<p>1.- Comience desde la infancia dando a su hijo TODO lo que el pida. As\u00ed crecer\u00e1 convencido de que el mundo entero le pertenece.<br \/>\n2.- No le d\u00e9 ninguna Educaci\u00f3n Espiritual; espere a que alcance la mayor\u00eda de edad para que puede decidir libremente.<br \/>\n3.- Cuando diga \"palabrotas\" r\u00edaselas, esto le animar\u00e1 a hacer m\u00e1s cosas \"graciosas\".<br \/>\n4.- No le reprenda nunca, ni le diga est\u00e1 mal algo de lo que hace, podr\u00eda crearle complejo de culpabilidad.<br \/>\n5.- Recoja todo lo que \u00e9l deje tirado: libros, zapatos, ropa, juguetes... H\u00e1gaselo todo, as\u00ed se acostumbrar\u00e1 a cargar la responsabilidad sobre los dem\u00e1s.<br \/>\n6.- D\u00e9jele ver o leer todo cuanto caiga en sus manos. Cuide de que sus platos, cubiertos y vasos est\u00e9n esterilizados, pero deje que su mente se llene de Basura.<br \/>\n7.- Dispute y ri\u00f1a a menudo con su c\u00f3nyuge en presencia del ni\u00f1o. As\u00ed no se sorprender\u00e1 no le doler\u00e1 demasiado el d\u00eda que la familia quede destrozada para siempre.<br \/>\n8.- Dele todo el dinero que quiera gastar, no vaya a sospechar que para disponer de dinero es necesario trabajar.<br \/>\n9.- Satisfaga todos sus deseos, apetitos, comodidades y placeres. El sacrificio y la austeridad podr\u00eda producirle frustraciones.<\/p>\n<p>10.- P\u00f3ngase de su parte en cualquier conflicto que tenga con sus profesores, vecinos, etc... Piense que todos ellos tienen prejuicios contra su hijo y que de verdad quieren fastidiarle.<br \/>\n<em><br \/>\n<\/em><\/p>\n<h6><span style=\"text-decoration: underline\">Contribuci\u00f3n\u00a0de:<\/span><\/h6>\n<p><span style=\"font-family: 'Antigoni Light';color: #ff0000;font-size: x-small\"><strong><em> <\/em><\/strong><\/span><\/p>\n<h6><strong><em>Psic. Cecilia Torres Feraud<br \/>\n<\/em><\/strong><strong><em>Motivacion\u00a0-\u00a0Orientacion\u00a0-\u00a0Psicoterapia<\/em><\/strong><strong><em><br \/>\n<\/em><\/strong><strong><em>\"La Fe es\u00a0invisible - Cree lo\u00a0increible - Logra lo\u00a0imposible '<\/em><\/strong><strong><em><br \/>\n<\/em><\/strong><em>Telf.: 099313707 - 2382405 - 2191201<br \/>\n<\/em><em> Link:\u00a0 http\/\/<\/em><em><a href=\"http:\/\/torresferaud.daportfolio.com\/\" target=\"_blank\">torresferaud.daportfolio.com<\/a><\/em><\/h6>\n<p><strong><em> <\/em><\/strong><\/p>\n<form id=\"vozme_form_cc8f94531b0382d8910c236a533970f5\" method=\"post\" name=\"vozme_form_cc8f94531b0382d8910c236a533970f5\" target=\"cc8f94531b0382d8910c236a533970f5\" action=\"http:\/\/vozme.com\/text2voice.php\"><input name=\"text\" type=\"hidden\" value=\"Como se forma un delincuente. \nLa revista &quot;Autogesti\u00f3n&quot; public\u00f3 un dec\u00e1logo de &quot;Como hacer delincuentes&quot;, redactado por la polic\u00eda de Washington tras realizar estudios basados en su abundante experiencia en la delincuencia juvenil.\n1.- Comience desde la infancia dando a su hijo TODO lo que el pida. As\u00ed crecer\u00e1 convencido de que el mundo entero le pertenece.\n2.- No le d\u00e9 ninguna Educaci\u00f3n Espiritual; espere a que alcance la mayor\u00eda de edad para que puede decidir libremente.\n3.- Cuando diga &quot;palabrotas&quot; r\u00edaselas, esto le animar\u00e1 a hacer m\u00e1s cosas &quot;graciosas&quot;.\n4.- No le reprenda nunca, ni le diga est\u00e1 mal algo de lo que hace, podr\u00eda crearle complejo de culpabilidad.\n5.- Recoja todo lo que \u00e9l deje tirado: libros, zapatos, ropa, juguetes... H\u00e1gaselo todo, as\u00ed se acostumbrar\u00e1 a cargar la responsabilidad sobre los dem\u00e1s.\n6.- D\u00e9jele ver o leer todo cuanto caiga en sus manos. Cuide de que sus platos, cubiertos y vasos est\u00e9n esterilizados, pero deje que su mente se llene de Basura.\n7.- Dispute y ri\u00f1a a menudo con su c\u00f3nyuge en presencia del ni\u00f1o. As\u00ed no se sorprender\u00e1 no le doler\u00e1 demasiado el d\u00eda que la familia quede destrozada para siempre.\n8.- Dele todo el dinero que quiera gastar, no vaya a sospechar que para disponer de dinero es necesario trabajar.\n9.- Satisfaga todos sus deseos, apetitos, comodidades y placeres. El sacrificio y la austeridad podr\u00eda producirle frustraciones.\n10.- P\u00f3ngase de su parte en cualquier conflicto que tenga con sus profesores, vecinos, etc... Piense que todos ellos tienen prejuicios contra su hijo y que de verdad quieren fastidiarle.\n\n\nContribuci\u00f3n\u00a0de:\n \nPsic. Cecilia Torres Feraud\nMotivacion\u00a0-\u00a0Orientacion\u00a0-\u00a0Psicoterapia\n&quot;La Fe es\u00a0invisible - Cree lo\u00a0increible - Logra lo\u00a0imposible &quot;\nTelf.: 099313707 - 2382405 - 2191201\n Link:\u00a0 http\/\/torresferaud.daportfolio.com\n \n\" \/><input name=\"lang\" type=\"hidden\" value=\"es\" \/><input name=\"gn\" type=\"hidden\" value=\"ml\" \/><input type=\"hidden\" id=\"interface\" name=\"interface\" value=\"full\" \/>\n\t\t\t<div style=\"margin-left:40%;\">\n\t\t\t\n\t\t\t\t<input style=\"float:left;\" type=\"image\" width=\"32\" height=\"32\" src=\"http:\/\/blog.espol.edu.ec\/tuseguridad\/wp-content\/plugins\/vozme\/img\/paper_sound32x32.gif\" alt=\"Escucha este post\" onclick=\"window.open('', 'cc8f94531b0382d8910c236a533970f5', 'width=600,height=370,scrollbars=yes,location=yes,menubar=yes,resizable=yes,status=yes,toolbar=yes');\">\n\t\t\t\t<div style=\"margin-left:40px; text-align:left;\"><a style=\"font-size:12px;\" href=\"javascript:void(0);\" onclick=\"window.open('', 'cc8f94531b0382d8910c236a533970f5', 'width=600,height=370,scrollbars=yes,location=yes,menubar=yes,resizable=yes,status=yes,toolbar=yes'); document.getElementById('vozme_form_cc8f94531b0382d8910c236a533970f5').submit();\">Escucha<br\/>este post<\/a><\/div>\n\t\t\t<\/div><\/form>","protected":false},"excerpt":{"rendered":"<p>La revista \"Autogesti\u00f3n\" public\u00f3 un dec\u00e1logo de \"Como hacer delincuentes\", redactado por la polic\u00eda de Washington tras realizar estudios basados en su abundante experiencia en la delincuencia juvenil. 1.- Comience desde la infancia dando a su hijo TODO lo que el pida. As\u00ed crecer\u00e1 convencido de que el mundo entero le pertenece. 2.- No le [&hellip;]<\/p>\n","protected":false},"author":5137,"featured_media":0,"parent":195,"menu_order":2,"comment_status":"open","ping_status":"open","template":"","meta":{"footnotes":""},"class_list":["post-135","page","type-page","status-publish","hentry"],"_links":{"self":[{"href":"https:\/\/blog.espol.edu.ec\/tuseguridad\/wp-json\/wp\/v2\/pages\/135","targetHints":{"allow":["GET"]}}],"collection":[{"href":"https:\/\/blog.espol.edu.ec\/tuseguridad\/wp-json\/wp\/v2\/pages"}],"about":[{"href":"https:\/\/blog.espol.edu.ec\/tuseguridad\/wp-json\/wp\/v2\/types\/page"}],"author":[{"embeddable":true,"href":"https:\/\/blog.espol.edu.ec\/tuseguridad\/wp-json\/wp\/v2\/users\/5137"}],"replies":[{"embeddable":true,"href":"https:\/\/blog.espol.edu.ec\/tuseguridad\/wp-json\/wp\/v2\/comments?post=135"}],"version-history":[{"count":7,"href":"https:\/\/blog.espol.edu.ec\/tuseguridad\/wp-json\/wp\/v2\/pages\/135\/revisions"}],"predecessor-version":[{"id":229,"href":"https:\/\/blog.espol.edu.ec\/tuseguridad\/wp-json\/wp\/v2\/pages\/135\/revisions\/229"}],"up":[{"embeddable":true,"href":"https:\/\/blog.espol.edu.ec\/tuseguridad\/wp-json\/wp\/v2\/pages\/195"}],"wp:attachment":[{"href":"https:\/\/blog.espol.edu.ec\/tuseguridad\/wp-json\/wp\/v2\/media?parent=135"}],"curies":[{"name":"wp","href":"https:\/\/api.w.org\/{rel}","templated":true}]}}