{"id":149,"date":"2011-03-01T16:15:38","date_gmt":"2011-03-01T16:15:38","guid":{"rendered":"http:\/\/blog.espol.edu.ec\/tuseguridad\/?page_id=149"},"modified":"2011-03-06T06:31:58","modified_gmt":"2011-03-06T06:31:58","slug":"de-acoso-sexual","status":"publish","type":"page","link":"https:\/\/blog.espol.edu.ec\/tuseguridad\/que-hacer-en-caso-de\/de-acoso-sexual\/","title":{"rendered":"De acoso sexual"},"content":{"rendered":"<p><strong>\u00bfSabes lo que es el acoso sexual?<\/strong><strong> <\/strong><\/p>\n<p style=\"text-align: justify\">En la sociedad actual se ven diferentes tipos de abuso. Generalmente cuando se habla del <strong>abuso<\/strong> se piensa inmediatamente en las agresiones f\u00edsicas que podr\u00edan variar desde el abuso verbal hasta f\u00edsico.<\/p>\n<p style=\"text-align: justify\">Pero muchas veces estamos siendo v\u00edctimas de un <strong>acoso sexual sutilmente disimulado por el agresor\u2026<\/strong><\/p>\n<p style=\"text-align: justify\">Este tipo de <strong>acoso<\/strong> se da muy a menudo en los lugares de trabajo, donde la mujer muchas veces se calla para no perder su puesto, teme rechazar avances molestos e inc\u00f3modos por las consecuencias\u00a0 negativas que se puedan dar de parte de un jefe o de alguien con una jerarqu\u00eda m\u00e1s alta.<a href=\"http:\/\/blog.espol.edu.ec\/tuseguridad\/files\/2011\/03\/acoso-sexual.jpg\"><img loading=\"lazy\" decoding=\"async\" class=\"alignright size-full wp-image-272\" title=\"acoso sexual\" src=\"http:\/\/blog.espol.edu.ec\/tuseguridad\/files\/2011\/03\/acoso-sexual.jpg\" alt=\"\" width=\"200\" height=\"141\" \/><\/a><\/p>\n<p style=\"text-align: justify\">Se considera <strong>acoso sexual<\/strong> como una forma de discriminaci\u00f3n, que pueden empezar con leves agresiones o o detalles insignificantes pero que afectan la moral de la agredida. Algunos psic\u00f3logos y trabajadores sociales opinan que <strong>el acoso sexual recurrente <\/strong>puede tener efectos psicol\u00f3gicos en las v\u00edctimas similares a la <strong>violaci\u00f3n<\/strong>.<\/p>\n<p style=\"text-align: justify\">La opiniones en cuanto a c\u00f3mo se interprete el acoso sexual, puede variar y dependiendo de lo que cada uno defina como acoso puede llegar a confundirnos,\u00a0 se piensa en el acoso sexual solamente cuando hay tacto indeseado entre los miembros de un grupo de trabajo o amigos, aunque tambi\u00e9n es un abuso, un hostigamiento o acoso sexual, los comentarios de doble sentido o lascivos discusiones de superioridad de sexo.<\/p>\n<p style=\"text-align: justify\">Las <strong>bromas sexuales subidas de tono,<\/strong> son otra forma de acoso o abuso sexual que se puede dar tambi\u00e9n fuera del ambiente de trabajo y esto tambi\u00e9n se considera acoso sexual, aunque se le puede dar una interpretaci\u00f3n que perjudique al supuesto agresor y pueden hacerse acusaciones falsas y hasta agregarle supuestos que no existen. \u00a1Ojo con eso!<\/p>\n<p style=\"text-align: justify\">Un padre de familia, profesional, o persona p\u00fablica puede ser destruido socialmente si es acusado falsamente de presi\u00f3n, hostigamiento o acoso, el supuesto victimario se convierte en v\u00edctima y ambos puede encontrarse en una posici\u00f3n vulnerable y bastante molesta e intrigante, en vez de que la soluci\u00f3n pueda ser f\u00e1cil de encontrar.<\/p>\n<p style=\"text-align: justify\">Se han conocido casos en que el acosado se ve difamado y con su reputaci\u00f3n destruida, esto se da porque despu\u00e9s de un ataque agresivo la v\u00edctima se queja y el victimario se defiende, aduciendo que fue \u201cprovocado\u201d por la victima y se defiende diciendo que cualquier cosa que haya pasado fue de mutuo acuerdo. Eso complicar\u00eda el asunto.<\/p>\n<p style=\"text-align: justify\">Como mujeres <strong>debemos ser cuidadosas e intuitivas<\/strong> para reconocer cuando el trato o relaci\u00f3n laboral o familiar se est\u00e1 convirtiendo en acoso, este puede empezar con una conversaci\u00f3n o broma con matices de inocencia y convertirse m\u00e1s tarde en humillaciones y hasta amenazas para someter a su v\u00edctima principal, necesita ejercer alg\u00fan tipo de poder o intimidaci\u00f3n para dominar a su victima y obligarla a dar favores sexuales.<\/p>\n<p style=\"text-align: justify\">Hay muchas <strong>maneras para <\/strong><a href=\"http:\/\/blog.espol.edu.ec\/tuseguridad\/files\/2011\/03\/dvd9.jpg\"><img loading=\"lazy\" decoding=\"async\" class=\"alignleft size-medium wp-image-275\" title=\"dvd9\" src=\"http:\/\/blog.espol.edu.ec\/tuseguridad\/files\/2011\/03\/dvd9-300x224.jpg\" alt=\"\" width=\"300\" height=\"224\" srcset=\"https:\/\/blog.espol.edu.ec\/tuseguridad\/files\/2011\/03\/dvd9-300x224.jpg 300w, https:\/\/blog.espol.edu.ec\/tuseguridad\/files\/2011\/03\/dvd9.jpg 400w\" sizes=\"auto, (max-width: 300px) 100vw, 300px\" \/><\/a><strong>defendernos si estamos siendo acosadas<\/strong>, la primera podr\u00eda ser no\u00a0 dejarse intimidar o hablar<\/p>\n<p style=\"text-align: justify\">claramente cuando notamos las primeras se\u00f1ales, negar firmemente y serenamente cual<\/p>\n<p style=\"text-align: justify\">quier broma o tacto indeseado, alejarnos inmediatamente y de ser posible denunciar pronto cualquier conducta de acoso sexual, demostrar nuestro descontento, porque si se acepta y no se demuestra incomodidad el acoso deja de ser un crimen para convertirse en complicidad.<\/p>\n<p style=\"text-align: justify\">No debemos olvidar instruir a nuestros hijos en los hogares, recordarles que ning\u00fan familiar, maestro, amigo, empleador, o desconocido tiene derecho de tocar ciertas partes de su cuerpo, ense\u00f1arles que deben hablar inmediatamente, ense\u00f1arles que si alguien los amenaza, es s\u00f3lo porque son personas muy d\u00e9biles que necesitan someterlos por medio de mentiras y amenazas para mantener el poder y la intimidaci\u00f3n de sus v\u00edctimas.<\/p>\n<p style=\"text-align: justify\">Las situaciones var\u00edan por supuesto, pero no se puede negar ni ignorar que este fen\u00f3meno se puede dar en cualquier lugar, empresa o instituci\u00f3n<a title=\"\u00bfSabes lo que es el acoso sexual?\" href=\"http:\/\/www.todamujeresbella.com\/3712\/que-es-el-acoso-sexual\/\">,<\/a> debemos tener presente que siempre hay y habr\u00e1n personas inescrupulosas que aprovechan cualquier oportunidad para satisfacer su ego o sus instintos, no debemos tampoco olvidar que como en otras situaciones no saludables, \u00e9sta puede tener efectos secundarios, desde el poco rendimiento en el lugar de trabajo,\u00a0 escuela y hasta cambio en el estado an\u00edmico, se puede caer en depresi\u00f3n, incluso da\u00f1ar la relaci\u00f3n entre compa\u00f1eros de trabajo y miembros de la familia, haciendo el ambiente hostil y desagradable, por la negativa de establecer una relaci\u00f3n rom\u00e1ntica, que se puede convertir en obsesi\u00f3n enfermiza, capricho o acoso sexual, no se nos puede olvidar tampoco que aunque en un numero m\u00e1s bajo, los hombres tambi\u00e9n pueden estar expuestos a este fen\u00f3meno.<\/p>\n<p style=\"text-align: justify\">Tratemos de reconocer las se\u00f1ales tempranas de acoso sexual, no nos callemos por miedo, hagamos ejercer nuestros derechos personales, familiares y sociales\u2026 \u00a1Denunciemos las injusticias!<\/p>\n<p><code><a rel=\"bookmark\" href=\"http:\/\/www.todamujeresbella.com\/3712\/que-es-el-acoso-sexual\/\">\u00bfSabes lo que es el acoso sexual?<\/a>, es un articulo de <a title=\"Blog de mujeres, sitio de mujeres.\" href=\"http:\/\/www.todamujeresbella.com\">Toda Mujer es Bella<\/a>, con autoria de: amanecer Cautiva del Amor.<br \/>\nPublicado con permiso.<\/code><\/p>\n<form id=\"vozme_form_0e4a455a35ebdf3bc4ff8881065b9d0c\" method=\"post\" name=\"vozme_form_0e4a455a35ebdf3bc4ff8881065b9d0c\" target=\"0e4a455a35ebdf3bc4ff8881065b9d0c\" action=\"http:\/\/vozme.com\/text2voice.php\"><input name=\"text\" type=\"hidden\" value=\"De acoso sexual. \u00bfSabes lo que es el acoso sexual? \nEn la sociedad actual se ven diferentes tipos de abuso. Generalmente cuando se habla del abuso se piensa inmediatamente en las agresiones f\u00edsicas que podr\u00edan variar desde el abuso verbal hasta f\u00edsico.\nPero muchas veces estamos siendo v\u00edctimas de un acoso sexual sutilmente disimulado por el agresor\u2026\nEste tipo de acoso se da muy a menudo en los lugares de trabajo, donde la mujer muchas veces se calla para no perder su puesto, teme rechazar avances molestos e inc\u00f3modos por las consecuencias\u00a0 negativas que se puedan dar de parte de un jefe o de alguien con una jerarqu\u00eda m\u00e1s alta.\nSe considera acoso sexual como una forma de discriminaci\u00f3n, que pueden empezar con leves agresiones o o detalles insignificantes pero que afectan la moral de la agredida. Algunos psic\u00f3logos y trabajadores sociales opinan que el acoso sexual recurrente puede tener efectos psicol\u00f3gicos en las v\u00edctimas similares a la violaci\u00f3n.\nLa opiniones en cuanto a c\u00f3mo se interprete el acoso sexual, puede variar y dependiendo de lo que cada uno defina como acoso puede llegar a confundirnos,\u00a0 se piensa en el acoso sexual solamente cuando hay tacto indeseado entre los miembros de un grupo de trabajo o amigos, aunque tambi\u00e9n es un abuso, un hostigamiento o acoso sexual, los comentarios de doble sentido o lascivos discusiones de superioridad de sexo.\nLas bromas sexuales subidas de tono, son otra forma de acoso o abuso sexual que se puede dar tambi\u00e9n fuera del ambiente de trabajo y esto tambi\u00e9n se considera acoso sexual, aunque se le puede dar una interpretaci\u00f3n que perjudique al supuesto agresor y pueden hacerse acusaciones falsas y hasta agregarle supuestos que no existen. \u00a1Ojo con eso!\nUn padre de familia, profesional, o persona p\u00fablica puede ser destruido socialmente si es acusado falsamente de presi\u00f3n, hostigamiento o acoso, el supuesto victimario se convierte en v\u00edctima y ambos puede encontrarse en una posici\u00f3n vulnerable y bastante molesta e intrigante, en vez de que la soluci\u00f3n pueda ser f\u00e1cil de encontrar.\nSe han conocido casos en que el acosado se ve difamado y con su reputaci\u00f3n destruida, esto se da porque despu\u00e9s de un ataque agresivo la v\u00edctima se queja y el victimario se defiende, aduciendo que fue \u201cprovocado\u201d por la victima y se defiende diciendo que cualquier cosa que haya pasado fue de mutuo acuerdo. Eso complicar\u00eda el asunto.\nComo mujeres debemos ser cuidadosas e intuitivas para reconocer cuando el trato o relaci\u00f3n laboral o familiar se est\u00e1 convirtiendo en acoso, este puede empezar con una conversaci\u00f3n o broma con matices de inocencia y convertirse m\u00e1s tarde en humillaciones y hasta amenazas para someter a su v\u00edctima principal, necesita ejercer alg\u00fan tipo de poder o intimidaci\u00f3n para dominar a su victima y obligarla a dar favores sexuales.\nHay muchas maneras para defendernos si estamos siendo acosadas, la primera podr\u00eda ser no\u00a0 dejarse intimidar o hablar\nclaramente cuando notamos las primeras se\u00f1ales, negar firmemente y serenamente cual\nquier broma o tacto indeseado, alejarnos inmediatamente y de ser posible denunciar pronto cualquier conducta de acoso sexual, demostrar nuestro descontento, porque si se acepta y no se demuestra incomodidad el acoso deja de ser un crimen para convertirse en complicidad.\nNo debemos olvidar instruir a nuestros hijos en los hogares, recordarles que ning\u00fan familiar, maestro, amigo, empleador, o desconocido tiene derecho de tocar ciertas partes de su cuerpo, ense\u00f1arles que deben hablar inmediatamente, ense\u00f1arles que si alguien los amenaza, es s\u00f3lo porque son personas muy d\u00e9biles que necesitan someterlos por medio de mentiras y amenazas para mantener el poder y la intimidaci\u00f3n de sus v\u00edctimas.\nLas situaciones var\u00edan por supuesto, pero no se puede negar ni ignorar que este fen\u00f3meno se puede dar en cualquier lugar, empresa o instituci\u00f3n, debemos tener presente que siempre hay y habr\u00e1n personas inescrupulosas que aprovechan cualquier oportunidad para satisfacer su ego o sus instintos, no debemos tampoco olvidar que como en otras situaciones no saludables, \u00e9sta puede tener efectos secundarios, desde el poco rendimiento en el lugar de trabajo,\u00a0 escuela y hasta cambio en el estado an\u00edmico, se puede caer en depresi\u00f3n, incluso da\u00f1ar la relaci\u00f3n entre compa\u00f1eros de trabajo y miembros de la familia, haciendo el ambiente hostil y desagradable, por la negativa de establecer una relaci\u00f3n rom\u00e1ntica, que se puede convertir en obsesi\u00f3n enfermiza, capricho o acoso sexual, no se nos puede olvidar tampoco que aunque en un numero m\u00e1s bajo, los hombres tambi\u00e9n pueden estar expuestos a este fen\u00f3meno.\nTratemos de reconocer las se\u00f1ales tempranas de acoso sexual, no nos callemos por miedo, hagamos ejercer nuestros derechos personales, familiares y sociales\u2026 \u00a1Denunciemos las injusticias!\n\u00bfSabes lo que es el acoso sexual?, es un articulo de Toda Mujer es Bella, con autoria de: amanecer Cautiva del Amor.\nPublicado con permiso.\n\" \/><input name=\"lang\" type=\"hidden\" value=\"es\" \/><input name=\"gn\" type=\"hidden\" value=\"ml\" \/><input type=\"hidden\" id=\"interface\" name=\"interface\" value=\"full\" \/>\n\t\t\t<div style=\"margin-left:40%;\">\n\t\t\t\n\t\t\t\t<input style=\"float:left;\" type=\"image\" width=\"32\" height=\"32\" src=\"http:\/\/blog.espol.edu.ec\/tuseguridad\/wp-content\/plugins\/vozme\/img\/paper_sound32x32.gif\" alt=\"Escucha este post\" onclick=\"window.open('', '0e4a455a35ebdf3bc4ff8881065b9d0c', 'width=600,height=370,scrollbars=yes,location=yes,menubar=yes,resizable=yes,status=yes,toolbar=yes');\">\n\t\t\t\t<div style=\"margin-left:40px; text-align:left;\"><a style=\"font-size:12px;\" href=\"javascript:void(0);\" onclick=\"window.open('', '0e4a455a35ebdf3bc4ff8881065b9d0c', 'width=600,height=370,scrollbars=yes,location=yes,menubar=yes,resizable=yes,status=yes,toolbar=yes'); document.getElementById('vozme_form_0e4a455a35ebdf3bc4ff8881065b9d0c').submit();\">Escucha<br\/>este post<\/a><\/div>\n\t\t\t<\/div><\/form>","protected":false},"excerpt":{"rendered":"<p>\u00bfSabes lo que es el acoso sexual? En la sociedad actual se ven diferentes tipos de abuso. Generalmente cuando se habla del abuso se piensa inmediatamente en las agresiones f\u00edsicas que podr\u00edan variar desde el abuso verbal hasta f\u00edsico. Pero muchas veces estamos siendo v\u00edctimas de un acoso sexual sutilmente disimulado por el agresor\u2026 Este [&hellip;]<\/p>\n","protected":false},"author":5137,"featured_media":0,"parent":178,"menu_order":4,"comment_status":"open","ping_status":"open","template":"","meta":{"footnotes":""},"class_list":["post-149","page","type-page","status-publish","hentry"],"_links":{"self":[{"href":"https:\/\/blog.espol.edu.ec\/tuseguridad\/wp-json\/wp\/v2\/pages\/149","targetHints":{"allow":["GET"]}}],"collection":[{"href":"https:\/\/blog.espol.edu.ec\/tuseguridad\/wp-json\/wp\/v2\/pages"}],"about":[{"href":"https:\/\/blog.espol.edu.ec\/tuseguridad\/wp-json\/wp\/v2\/types\/page"}],"author":[{"embeddable":true,"href":"https:\/\/blog.espol.edu.ec\/tuseguridad\/wp-json\/wp\/v2\/users\/5137"}],"replies":[{"embeddable":true,"href":"https:\/\/blog.espol.edu.ec\/tuseguridad\/wp-json\/wp\/v2\/comments?post=149"}],"version-history":[{"count":9,"href":"https:\/\/blog.espol.edu.ec\/tuseguridad\/wp-json\/wp\/v2\/pages\/149\/revisions"}],"predecessor-version":[{"id":279,"href":"https:\/\/blog.espol.edu.ec\/tuseguridad\/wp-json\/wp\/v2\/pages\/149\/revisions\/279"}],"up":[{"embeddable":true,"href":"https:\/\/blog.espol.edu.ec\/tuseguridad\/wp-json\/wp\/v2\/pages\/178"}],"wp:attachment":[{"href":"https:\/\/blog.espol.edu.ec\/tuseguridad\/wp-json\/wp\/v2\/media?parent=149"}],"curies":[{"name":"wp","href":"https:\/\/api.w.org\/{rel}","templated":true}]}}