{"id":220,"date":"2011-03-04T15:58:40","date_gmt":"2011-03-04T15:58:40","guid":{"rendered":"http:\/\/blog.espol.edu.ec\/tuseguridad\/?page_id=220"},"modified":"2011-03-04T15:59:20","modified_gmt":"2011-03-04T15:59:20","slug":"para-poder-disfrutar","status":"publish","type":"page","link":"https:\/\/blog.espol.edu.ec\/tuseguridad\/tips-varios\/para-poder-disfrutar\/","title":{"rendered":"Para poder disfrutar!!!!"},"content":{"rendered":"<p style=\"text-align: center\"><strong><span style=\"color: #ff0000\">Precauciones para que los ladrones no lo sorprenda<\/span><\/strong><\/p>\n<p style=\"text-align: center\"><a href=\"http:\/\/www.expreso.ec\/ediciones\/2011\/03\/04\/guayaquil\/guayaquil\/precauciones-para-que-los-ladrones-no-lo-sorprendan\/\" target=\"_blank\">(Diario Expreso, 04.03.2011 pag.14)<\/a><\/p>\n<p style=\"text-align: left\"><a href=\"http:\/\/www.expreso.ec\/ediciones\/2011\/03\/04\/guayaquil\/guayaquil\/precauciones-para-que-los-ladrones-no-lo-sorprendan\/\" target=\"_blank\"><\/a>1. Colocar chapas y cerraduras de alta seguridad.<\/p>\n<p>2.Instalar cadenas de seguridad.<\/p>\n<p>3.Evitar dejar mensajes en la puerta que indiquen su ausencia.<\/p>\n<p>4.\u00a0Proteger con barras de hierro las ventanas de f\u00e1cil acceso, domos y tragaluces.<\/p>\n<p>5.Instalar sistemas el\u00e9ctronicos que prenden y apaga luces de los portales.<\/p>\n<p>6.No guardar grandes sumas de dinero en casa.<\/p>\n<p>7.Avisar a un vecino de confianza y a la unidad de polic\u00eda comunitaria m\u00e1s cercana a su casa que viajar\u00e1.<\/p>\n<p>8.Si advierte una actividad sospechosa cerca de su casa, avisar de inmediato a la polic\u00eda.<\/p>\n<p>9.Dejar a una persona de confianza encargada de alimentar a las mascotas, recojer el peri\u00f3dico y barrer las hojas caidas de los arboles.<\/p>\n<p>10.Si tiene empleados verificar sus referencias y conservar sus datos junto con una fotograf\u00eda.<\/p>\n<p>11.Si est\u00e1 por llegar a casa y nota que alguie lo sigue, prosiga su camino, as\u00ed evitar\u00e1 que el asaltante le ataque mientras busca la llave o intenta abrir la puerta.<\/p>\n<p>12.Coordinar con los vecinos para instalar un sistema de alarma vecinal.<\/p>\n<p>13.Si al llegar a casa encuentran la puerta forzada o abierta NO ENTRE , llame a la polic\u00eda.<\/p>\n<p>14.Evitar anunciar a las redes sociales que viajar\u00e1.<\/p>\n<p>15.Dejar un familiar encargado.<\/p>\n<p>16.Los\u00a0guardias\u00a0de ciudadelas privadas solicitar c\u00e9dula, licencia y carn\u00e9 de la empresa a quienes ingresen de visita o para hacer un trabajo.<\/p>\n<p>17.Llamar a la empresa a la empresa para confirmar que la persona de verdad trabaja donde dice (empresa el\u00e9ctrica,CNT,etc). Si duda llamar a la polic\u00eda.<\/p>\n<p>18.Los vecinos que se quedan hacer sonar pios cada cierto tiempo desde su hogar.<\/p>\n<p>19.Vecinos o familiares retirar papeles o botellas que ponen a\u00a0prop\u00f3sito\u00a0en las rejas para confirmar si hay alguien en casa.<\/p>\n<p>20.Instalar cerraduras antillaves maestras y alarmas.<\/p>\n<p><span style=\"color: #ff0000\"><strong>COMENTARIO PERSONAL.<\/strong><\/span><\/p>\n<p>Estimado lector, recuerde que as\u00ed como Ud. y todos los que leemos el diario expreso, los DELINCUENTES tambi\u00e9n tiene la oportunidad de hacerlo por lo que ya saben de antemano con lo que se van a encontrar.<\/p>\n<p>Una realidad triste, pero que no debe cambiar nuestros planes de disfrutar este carnaval, por lo que de manera adicional a todos los puntos indicado lo siguiente.<\/p>\n<p style=\"text-align: center\"><span style=\"color: #ff0000\"><strong>15.Dejar un familiar encargado.<\/strong><\/span><\/p>\n<p>Es la estrategia m\u00e1s\u00a0econ\u00f3mica m\u00e1s aconsejable,\u00a0todos tenemos un familiar que no viaja, todos tenemos un conocido de confianza que le agradar\u00e1 ganarse un extra.<\/p>\n<p>D\u00e9jele\u00a0la\u00a0refrigeradora\u00a0con lo indispensable y la lista de n\u00fameros telef\u00f3nicos de la unidad de polic\u00eda comunitaria m\u00e1s cercana.<\/p>\n<p style=\"text-align: center\"><strong><span style=\"color: #ff0000\">15.A.....ADICIONAL.<\/span><\/strong><\/p>\n<p>Lleve consigo \u00a0los\u00a0n\u00fameros de por lo menos tres vecinos (el de al frente y continuos laterales)\u00a0, el de la polic\u00eda\u00a0comunitaria, llamelos todos los\u00a0d\u00edas\u00a0y\u00a0p\u00eddales\u00a0por favor que le den una \"mirada\" a su casa.<\/p>\n<p>Que D\u00edos los bendiga y que disfruten SEGUROS estos carnavales.<\/p>\n<form id=\"vozme_form_fbc103fbcba5a83854563b377c2046e4\" method=\"post\" name=\"vozme_form_fbc103fbcba5a83854563b377c2046e4\" target=\"fbc103fbcba5a83854563b377c2046e4\" action=\"http:\/\/vozme.com\/text2voice.php\"><input name=\"text\" type=\"hidden\" value=\"Para poder disfrutar!!!!. Precauciones para que los ladrones no lo sorprenda\n(Diario Expreso, 04.03.2011 pag.14)\n1. Colocar chapas y cerraduras de alta seguridad.\n2.Instalar cadenas de seguridad.\n3.Evitar dejar mensajes en la puerta que indiquen su ausencia.\n4.\u00a0Proteger con barras de hierro las ventanas de f\u00e1cil acceso, domos y tragaluces.\n5.Instalar sistemas el\u00e9ctronicos que prenden y apaga luces de los portales.\n6.No guardar grandes sumas de dinero en casa.\n7.Avisar a un vecino de confianza y a la unidad de polic\u00eda comunitaria m\u00e1s cercana a su casa que viajar\u00e1.\n8.Si advierte una actividad sospechosa cerca de su casa, avisar de inmediato a la polic\u00eda.\n9.Dejar a una persona de confianza encargada de alimentar a las mascotas, recojer el peri\u00f3dico y barrer las hojas caidas de los arboles.\n10.Si tiene empleados verificar sus referencias y conservar sus datos junto con una fotograf\u00eda.\n11.Si est\u00e1 por llegar a casa y nota que alguie lo sigue, prosiga su camino, as\u00ed evitar\u00e1 que el asaltante le ataque mientras busca la llave o intenta abrir la puerta.\n12.Coordinar con los vecinos para instalar un sistema de alarma vecinal.\n13.Si al llegar a casa encuentran la puerta forzada o abierta NO ENTRE , llame a la polic\u00eda.\n14.Evitar anunciar a las redes sociales que viajar\u00e1.\n15.Dejar un familiar encargado.\n16.Los\u00a0guardias\u00a0de ciudadelas privadas solicitar c\u00e9dula, licencia y carn\u00e9 de la empresa a quienes ingresen de visita o para hacer un trabajo.\n17.Llamar a la empresa a la empresa para confirmar que la persona de verdad trabaja donde dice (empresa el\u00e9ctrica,CNT,etc). Si duda llamar a la polic\u00eda.\n18.Los vecinos que se quedan hacer sonar pios cada cierto tiempo desde su hogar.\n19.Vecinos o familiares retirar papeles o botellas que ponen a\u00a0prop\u00f3sito\u00a0en las rejas para confirmar si hay alguien en casa.\n20.Instalar cerraduras antillaves maestras y alarmas.\nCOMENTARIO PERSONAL.\nEstimado lector, recuerde que as\u00ed como Ud. y todos los que leemos el diario expreso, los DELINCUENTES tambi\u00e9n tiene la oportunidad de hacerlo por lo que ya saben de antemano con lo que se van a encontrar.\nUna realidad triste, pero que no debe cambiar nuestros planes de disfrutar este carnaval, por lo que de manera adicional a todos los puntos indicado lo siguiente.\n15.Dejar un familiar encargado.\nEs la estrategia m\u00e1s\u00a0econ\u00f3mica m\u00e1s aconsejable,\u00a0todos tenemos un familiar que no viaja, todos tenemos un conocido de confianza que le agradar\u00e1 ganarse un extra.\nD\u00e9jele\u00a0la\u00a0refrigeradora\u00a0con lo indispensable y la lista de n\u00fameros telef\u00f3nicos de la unidad de polic\u00eda comunitaria m\u00e1s cercana.\n15.A.....ADICIONAL.\nLleve consigo \u00a0los\u00a0n\u00fameros de por lo menos tres vecinos (el de al frente y continuos laterales)\u00a0, el de la polic\u00eda\u00a0comunitaria, llamelos todos los\u00a0d\u00edas\u00a0y\u00a0p\u00eddales\u00a0por favor que le den una &quot;mirada&quot; a su casa.\nQue D\u00edos los bendiga y que disfruten SEGUROS estos carnavales.\n\" \/><input name=\"lang\" type=\"hidden\" value=\"es\" \/><input name=\"gn\" type=\"hidden\" value=\"ml\" \/><input type=\"hidden\" id=\"interface\" name=\"interface\" value=\"full\" \/>\n\t\t\t<div style=\"margin-left:40%;\">\n\t\t\t\n\t\t\t\t<input style=\"float:left;\" type=\"image\" width=\"32\" height=\"32\" src=\"http:\/\/blog.espol.edu.ec\/tuseguridad\/wp-content\/plugins\/vozme\/img\/paper_sound32x32.gif\" alt=\"Escucha este post\" onclick=\"window.open('', 'fbc103fbcba5a83854563b377c2046e4', 'width=600,height=370,scrollbars=yes,location=yes,menubar=yes,resizable=yes,status=yes,toolbar=yes');\">\n\t\t\t\t<div style=\"margin-left:40px; text-align:left;\"><a style=\"font-size:12px;\" href=\"javascript:void(0);\" onclick=\"window.open('', 'fbc103fbcba5a83854563b377c2046e4', 'width=600,height=370,scrollbars=yes,location=yes,menubar=yes,resizable=yes,status=yes,toolbar=yes'); document.getElementById('vozme_form_fbc103fbcba5a83854563b377c2046e4').submit();\">Escucha<br\/>este post<\/a><\/div>\n\t\t\t<\/div><\/form>","protected":false},"excerpt":{"rendered":"<p>Precauciones para que los ladrones no lo sorprenda (Diario Expreso, 04.03.2011 pag.14) 1. Colocar chapas y cerraduras de alta seguridad. 2.Instalar cadenas de seguridad. 3.Evitar dejar mensajes en la puerta que indiquen su ausencia. 4.\u00a0Proteger con barras de hierro las ventanas de f\u00e1cil acceso, domos y tragaluces. 5.Instalar sistemas el\u00e9ctronicos que prenden y apaga luces [&hellip;]<\/p>\n","protected":false},"author":5137,"featured_media":0,"parent":210,"menu_order":0,"comment_status":"open","ping_status":"open","template":"","meta":{"footnotes":""},"class_list":["post-220","page","type-page","status-publish","hentry"],"_links":{"self":[{"href":"https:\/\/blog.espol.edu.ec\/tuseguridad\/wp-json\/wp\/v2\/pages\/220","targetHints":{"allow":["GET"]}}],"collection":[{"href":"https:\/\/blog.espol.edu.ec\/tuseguridad\/wp-json\/wp\/v2\/pages"}],"about":[{"href":"https:\/\/blog.espol.edu.ec\/tuseguridad\/wp-json\/wp\/v2\/types\/page"}],"author":[{"embeddable":true,"href":"https:\/\/blog.espol.edu.ec\/tuseguridad\/wp-json\/wp\/v2\/users\/5137"}],"replies":[{"embeddable":true,"href":"https:\/\/blog.espol.edu.ec\/tuseguridad\/wp-json\/wp\/v2\/comments?post=220"}],"version-history":[{"count":3,"href":"https:\/\/blog.espol.edu.ec\/tuseguridad\/wp-json\/wp\/v2\/pages\/220\/revisions"}],"predecessor-version":[{"id":223,"href":"https:\/\/blog.espol.edu.ec\/tuseguridad\/wp-json\/wp\/v2\/pages\/220\/revisions\/223"}],"up":[{"embeddable":true,"href":"https:\/\/blog.espol.edu.ec\/tuseguridad\/wp-json\/wp\/v2\/pages\/210"}],"wp:attachment":[{"href":"https:\/\/blog.espol.edu.ec\/tuseguridad\/wp-json\/wp\/v2\/media?parent=220"}],"curies":[{"name":"wp","href":"https:\/\/api.w.org\/{rel}","templated":true}]}}