{"id":224,"date":"2011-03-04T16:20:42","date_gmt":"2011-03-04T16:20:42","guid":{"rendered":"http:\/\/blog.espol.edu.ec\/tuseguridad\/?page_id=224"},"modified":"2011-03-04T16:38:31","modified_gmt":"2011-03-04T16:38:31","slug":"como-crear-una-buena-contrasena","status":"publish","type":"page","link":"https:\/\/blog.espol.edu.ec\/tuseguridad\/aportes-profesionales\/como-crear-una-buena-contrasena\/","title":{"rendered":"Como crear una buena contrase\u00f1a"},"content":{"rendered":"<p>Este art\u00edculo <a href=\"http:\/\/bberryblog.com\/tips\/como-crear-una-buena-contrasena\/\" target=\"_blank\">\"Como crear una buena contrase\u00f1a\"<\/a> se encuentra en una pagina de Black Berry, fue publicado el d\u00eda 18 de Febrero del 2011 por Alex Romano.<\/p>\n<h2 style=\"text-align: center\"><span style=\"color: #ff0000\"><span style=\"text-decoration: underline\"><br \/>\n<\/span><\/span><\/h2>\n<p>Pensar contrase\u00f1as es una tarea dif\u00edcil y a veces se nos ocurre la est\u00fapida idea de usar passwords como\u00a0<em>123456 <\/em>o\u00a0<em>QWERTY<\/em>. En realidad si tienes uno de esos dos eres una verg\u00fcenza de internet.<\/p>\n<p>Pero otras claves un poco m\u00e1s largas tambi\u00e9n pueden ser fr\u00e1giles. O as\u00ed por lo menos lo deja claro este cuadro, que revela cu\u00e1nto puede tomarle a alguien descifrar tu clave dependiendo de la complejidad que tiene.<\/p>\n<p><a href=\"http:\/\/bberryblog.com\/wp-content\/uploads\/2011\/02\/pass.jpg\"><img loading=\"lazy\" decoding=\"async\" title=\"pass\" src=\"http:\/\/bberryblog.com\/wp-content\/uploads\/2011\/02\/pass.jpg\" alt=\"\" width=\"550\" height=\"200\" \/><\/a><\/p>\n<p>Asi que ya sabes, no se la dejes tan facil a los que quieres adue\u00f1arse de tu informacion.<\/p>\n<p><strong><span style=\"text-decoration: underline\">Art\u00edculo Sugerido por:<\/span><\/strong><\/p>\n<p>Javier del Pezo.<\/p>\n<p>Twitter: <a href=\"http:\/\/twitter.com\/#!\/pavo0591\" target=\"_blank\">@pavo05<\/a>91<\/p>\n<form id=\"vozme_form_58e2e7b394201570f39a28c6ab5d8f79\" method=\"post\" name=\"vozme_form_58e2e7b394201570f39a28c6ab5d8f79\" target=\"58e2e7b394201570f39a28c6ab5d8f79\" action=\"http:\/\/vozme.com\/text2voice.php\"><input name=\"text\" type=\"hidden\" value=\"Como crear una buena contrase\u00f1a. Este art\u00edculo &quot;Como crear una buena contrase\u00f1a&quot; se encuentra en una pagina de Black Berry, fue publicado el d\u00eda 18 de Febrero del 2011 por Alex Romano.\n\n\nPensar contrase\u00f1as es una tarea dif\u00edcil y a veces se nos ocurre la est\u00fapida idea de usar passwords como\u00a0123456 o\u00a0QWERTY. En realidad si tienes uno de esos dos eres una verg\u00fcenza de internet.\nPero otras claves un poco m\u00e1s largas tambi\u00e9n pueden ser fr\u00e1giles. O as\u00ed por lo menos lo deja claro este cuadro, que revela cu\u00e1nto puede tomarle a alguien descifrar tu clave dependiendo de la complejidad que tiene.\n\nAsi que ya sabes, no se la dejes tan facil a los que quieres adue\u00f1arse de tu informacion.\nArt\u00edculo Sugerido por:\nJavier del Pezo.\nTwitter: @pavo0591\n\" \/><input name=\"lang\" type=\"hidden\" value=\"es\" \/><input name=\"gn\" type=\"hidden\" value=\"ml\" \/><input type=\"hidden\" id=\"interface\" name=\"interface\" value=\"full\" \/>\n\t\t\t<div style=\"margin-left:40%;\">\n\t\t\t\n\t\t\t\t<input style=\"float:left;\" type=\"image\" width=\"32\" height=\"32\" src=\"http:\/\/blog.espol.edu.ec\/tuseguridad\/wp-content\/plugins\/vozme\/img\/paper_sound32x32.gif\" alt=\"Escucha este post\" onclick=\"window.open('', '58e2e7b394201570f39a28c6ab5d8f79', 'width=600,height=370,scrollbars=yes,location=yes,menubar=yes,resizable=yes,status=yes,toolbar=yes');\">\n\t\t\t\t<div style=\"margin-left:40px; text-align:left;\"><a style=\"font-size:12px;\" href=\"javascript:void(0);\" onclick=\"window.open('', '58e2e7b394201570f39a28c6ab5d8f79', 'width=600,height=370,scrollbars=yes,location=yes,menubar=yes,resizable=yes,status=yes,toolbar=yes'); document.getElementById('vozme_form_58e2e7b394201570f39a28c6ab5d8f79').submit();\">Escucha<br\/>este post<\/a><\/div>\n\t\t\t<\/div><\/form>","protected":false},"excerpt":{"rendered":"<p>Este art\u00edculo \"Como crear una buena contrase\u00f1a\" se encuentra en una pagina de Black Berry, fue publicado el d\u00eda 18 de Febrero del 2011 por Alex Romano. Pensar contrase\u00f1as es una tarea dif\u00edcil y a veces se nos ocurre la est\u00fapida idea de usar passwords como\u00a0123456 o\u00a0QWERTY. En realidad si tienes uno de esos dos [&hellip;]<\/p>\n","protected":false},"author":5137,"featured_media":0,"parent":195,"menu_order":3,"comment_status":"open","ping_status":"open","template":"","meta":{"footnotes":""},"class_list":["post-224","page","type-page","status-publish","hentry"],"_links":{"self":[{"href":"https:\/\/blog.espol.edu.ec\/tuseguridad\/wp-json\/wp\/v2\/pages\/224","targetHints":{"allow":["GET"]}}],"collection":[{"href":"https:\/\/blog.espol.edu.ec\/tuseguridad\/wp-json\/wp\/v2\/pages"}],"about":[{"href":"https:\/\/blog.espol.edu.ec\/tuseguridad\/wp-json\/wp\/v2\/types\/page"}],"author":[{"embeddable":true,"href":"https:\/\/blog.espol.edu.ec\/tuseguridad\/wp-json\/wp\/v2\/users\/5137"}],"replies":[{"embeddable":true,"href":"https:\/\/blog.espol.edu.ec\/tuseguridad\/wp-json\/wp\/v2\/comments?post=224"}],"version-history":[{"count":6,"href":"https:\/\/blog.espol.edu.ec\/tuseguridad\/wp-json\/wp\/v2\/pages\/224\/revisions"}],"predecessor-version":[{"id":226,"href":"https:\/\/blog.espol.edu.ec\/tuseguridad\/wp-json\/wp\/v2\/pages\/224\/revisions\/226"}],"up":[{"embeddable":true,"href":"https:\/\/blog.espol.edu.ec\/tuseguridad\/wp-json\/wp\/v2\/pages\/195"}],"wp:attachment":[{"href":"https:\/\/blog.espol.edu.ec\/tuseguridad\/wp-json\/wp\/v2\/media?parent=224"}],"curies":[{"name":"wp","href":"https:\/\/api.w.org\/{rel}","templated":true}]}}