{"id":235,"date":"2011-03-04T16:50:51","date_gmt":"2011-03-04T16:50:51","guid":{"rendered":"http:\/\/blog.espol.edu.ec\/tuseguridad\/?page_id=235"},"modified":"2011-03-04T16:56:59","modified_gmt":"2011-03-04T16:56:59","slug":"%c2%bfque-piensa-un-nino-sobre-la-seguridad-de-guayaquil","status":"publish","type":"page","link":"https:\/\/blog.espol.edu.ec\/tuseguridad\/aportes-profesionales\/%c2%bfque-piensa-un-nino-sobre-la-seguridad-de-guayaquil\/","title":{"rendered":"\u00bfQu\u00e9 piensa un ni\u00f1o sobre la Seguridad de Guayaquil?"},"content":{"rendered":"<p><a href=\"http:\/\/blog.espol.edu.ec\/tuseguridad\/files\/2011\/03\/Bandera_de_Guayaquil-logo-2653C55E4D-seeklogo.com_.gif\"><img loading=\"lazy\" decoding=\"async\" class=\"alignright size-full wp-image-236\" title=\"Bandera_de_Guayaquil-logo-2653C55E4D-seeklogo.com\" src=\"http:\/\/blog.espol.edu.ec\/tuseguridad\/files\/2011\/03\/Bandera_de_Guayaquil-logo-2653C55E4D-seeklogo.com_.gif\" alt=\"\" width=\"160\" height=\"160\" srcset=\"https:\/\/blog.espol.edu.ec\/tuseguridad\/files\/2011\/03\/Bandera_de_Guayaquil-logo-2653C55E4D-seeklogo.com_.gif 200w, https:\/\/blog.espol.edu.ec\/tuseguridad\/files\/2011\/03\/Bandera_de_Guayaquil-logo-2653C55E4D-seeklogo.com_-150x150.gif 150w\" sizes=\"auto, (max-width: 160px) 100vw, 160px\" \/><\/a>\u00bfQu\u00e9 pudiera pensar un ni\u00f1o sobre la seguridad de Guayaquil?, alguien como yo pensar\u00eda que nuestra ciudad esta indefensa.<\/p>\n<p>Cada vez m\u00e1s quisiera ser un <strong>superh\u00e9roe<\/strong> y ayudar a la gente pobre, declarar la paz no solo en mi ciudad sino de todo el mundo.<\/p>\n<p>El tiempo transcurre y habr\u00e1 m\u00e1s crisis en la ciudad, pero yo tengo una esperanza que esto se va a resolver porque para todo hay una soluci\u00f3n pi\u00e9nsenlo bien y reflexionemos \u00bfHabr\u00e1 una soluci\u00f3n para Guayaquil?.<\/p>\n<p><strong><span style=\"text-decoration: underline\">Colaboraci\u00f3n de:<\/span><\/strong><\/p>\n<p>Fernando L\u00f3pez Alvarez<\/p>\n<p>Edad: 11 a\u00f1os<\/p>\n<p>Blog: <a href=\"http:\/\/purocriollo.wordpress.com\/\">http:\/\/purocriollo.wordpress.com\/<\/a><\/p>\n<p>Twitter: @jolteon02<\/p>\n<form id=\"vozme_form_766b61717f2113e93c2e134f01891c4d\" method=\"post\" name=\"vozme_form_766b61717f2113e93c2e134f01891c4d\" target=\"766b61717f2113e93c2e134f01891c4d\" action=\"http:\/\/vozme.com\/text2voice.php\"><input name=\"text\" type=\"hidden\" value=\"\u00bfQu\u00e9 piensa un ni\u00f1o sobre la Seguridad de Guayaquil?. \u00bfQu\u00e9 pudiera pensar un ni\u00f1o sobre la seguridad de Guayaquil?, alguien como yo pensar\u00eda que nuestra ciudad esta indefensa.\nCada vez m\u00e1s quisiera ser un superh\u00e9roe y ayudar a la gente pobre, declarar la paz no solo en mi ciudad sino de todo el mundo.\nEl tiempo transcurre y habr\u00e1 m\u00e1s crisis en la ciudad, pero yo tengo una esperanza que esto se va a resolver porque para todo hay una soluci\u00f3n pi\u00e9nsenlo bien y reflexionemos \u00bfHabr\u00e1 una soluci\u00f3n para Guayaquil?.\nColaboraci\u00f3n de:\nFernando L\u00f3pez Alvarez\nEdad: 11 a\u00f1os\nBlog: http:\/\/purocriollo.wordpress.com\/\nTwitter: @jolteon02\n\" \/><input name=\"lang\" type=\"hidden\" value=\"es\" \/><input name=\"gn\" type=\"hidden\" value=\"ml\" \/><input type=\"hidden\" id=\"interface\" name=\"interface\" value=\"full\" \/>\n\t\t\t<div style=\"margin-left:40%;\">\n\t\t\t\n\t\t\t\t<input style=\"float:left;\" type=\"image\" width=\"32\" height=\"32\" src=\"http:\/\/blog.espol.edu.ec\/tuseguridad\/wp-content\/plugins\/vozme\/img\/paper_sound32x32.gif\" alt=\"Escucha este post\" onclick=\"window.open('', '766b61717f2113e93c2e134f01891c4d', 'width=600,height=370,scrollbars=yes,location=yes,menubar=yes,resizable=yes,status=yes,toolbar=yes');\">\n\t\t\t\t<div style=\"margin-left:40px; text-align:left;\"><a style=\"font-size:12px;\" href=\"javascript:void(0);\" onclick=\"window.open('', '766b61717f2113e93c2e134f01891c4d', 'width=600,height=370,scrollbars=yes,location=yes,menubar=yes,resizable=yes,status=yes,toolbar=yes'); document.getElementById('vozme_form_766b61717f2113e93c2e134f01891c4d').submit();\">Escucha<br\/>este post<\/a><\/div>\n\t\t\t<\/div><\/form>","protected":false},"excerpt":{"rendered":"<p>\u00bfQu\u00e9 pudiera pensar un ni\u00f1o sobre la seguridad de Guayaquil?, alguien como yo pensar\u00eda que nuestra ciudad esta indefensa. Cada vez m\u00e1s quisiera ser un superh\u00e9roe y ayudar a la gente pobre, declarar la paz no solo en mi ciudad sino de todo el mundo. El tiempo transcurre y habr\u00e1 m\u00e1s crisis en la ciudad, [&hellip;]<\/p>\n","protected":false},"author":5137,"featured_media":0,"parent":195,"menu_order":4,"comment_status":"open","ping_status":"open","template":"","meta":{"footnotes":""},"class_list":["post-235","page","type-page","status-publish","hentry"],"_links":{"self":[{"href":"https:\/\/blog.espol.edu.ec\/tuseguridad\/wp-json\/wp\/v2\/pages\/235","targetHints":{"allow":["GET"]}}],"collection":[{"href":"https:\/\/blog.espol.edu.ec\/tuseguridad\/wp-json\/wp\/v2\/pages"}],"about":[{"href":"https:\/\/blog.espol.edu.ec\/tuseguridad\/wp-json\/wp\/v2\/types\/page"}],"author":[{"embeddable":true,"href":"https:\/\/blog.espol.edu.ec\/tuseguridad\/wp-json\/wp\/v2\/users\/5137"}],"replies":[{"embeddable":true,"href":"https:\/\/blog.espol.edu.ec\/tuseguridad\/wp-json\/wp\/v2\/comments?post=235"}],"version-history":[{"count":5,"href":"https:\/\/blog.espol.edu.ec\/tuseguridad\/wp-json\/wp\/v2\/pages\/235\/revisions"}],"predecessor-version":[{"id":238,"href":"https:\/\/blog.espol.edu.ec\/tuseguridad\/wp-json\/wp\/v2\/pages\/235\/revisions\/238"}],"up":[{"embeddable":true,"href":"https:\/\/blog.espol.edu.ec\/tuseguridad\/wp-json\/wp\/v2\/pages\/195"}],"wp:attachment":[{"href":"https:\/\/blog.espol.edu.ec\/tuseguridad\/wp-json\/wp\/v2\/media?parent=235"}],"curies":[{"name":"wp","href":"https:\/\/api.w.org\/{rel}","templated":true}]}}