{"id":301,"date":"2011-03-08T02:49:56","date_gmt":"2011-03-08T02:49:56","guid":{"rendered":"http:\/\/blog.espol.edu.ec\/tuseguridad\/?page_id=301"},"modified":"2011-03-08T03:31:31","modified_gmt":"2011-03-08T03:31:31","slug":"%e2%80%9carmas-efectivas%e2%80%9d-que-no-necesitan-de-permiso-alguno-para-ser-portadas","status":"publish","type":"page","link":"https:\/\/blog.espol.edu.ec\/tuseguridad\/tips-varios\/%e2%80%9carmas-efectivas%e2%80%9d-que-no-necesitan-de-permiso-alguno-para-ser-portadas\/","title":{"rendered":"\u201cArmas efectivas\u201d que no necesitan de  permiso alguno para ser portadas"},"content":{"rendered":"<ul>\n<li>Llaves<\/li>\n<\/ul>\n<ul>\n<li> Esferogr\u00e1fico<\/li>\n<\/ul>\n<ul>\n<li>Tarjetas pl\u00e1sticas(cortan rostro)<\/li>\n<\/ul>\n<ul>\n<li>Aereosoles (perfumes)<\/li>\n<\/ul>\n<ul>\n<li>Envases de pl\u00e1stico o vidrio<\/li>\n<\/ul>\n\n\t\t<style type=\"text\/css\">\n\t\t\t#gallery-2 {\n\t\t\t\tmargin: auto;\n\t\t\t}\n\t\t\t#gallery-2 .gallery-item {\n\t\t\t\tfloat: left;\n\t\t\t\tmargin-top: 10px;\n\t\t\t\ttext-align: center;\n\t\t\t\twidth: 50%;\n\t\t\t}\n\t\t\t#gallery-2 img {\n\t\t\t\tborder: 2px solid #cfcfcf;\n\t\t\t}\n\t\t\t#gallery-2 .gallery-caption {\n\t\t\t\tmargin-left: 0;\n\t\t\t}\n\t\t\t\/* see gallery_shortcode() in wp-includes\/media.php *\/\n\t\t<\/style>\n\t\t<div id='gallery-2' class='gallery galleryid-301 gallery-columns-2 gallery-size-thumbnail'><dl class='gallery-item'>\n\t\t\t<dt class='gallery-icon portrait'>\n\t\t\t\t<a href='https:\/\/blog.espol.edu.ec\/tuseguridad\/files\/2011\/03\/llaves.jpg'><img loading=\"lazy\" decoding=\"async\" width=\"150\" height=\"150\" src=\"https:\/\/blog.espol.edu.ec\/tuseguridad\/files\/2011\/03\/llaves-150x150.jpg\" class=\"attachment-thumbnail size-thumbnail\" alt=\"\" \/><\/a>\n\t\t\t<\/dt><\/dl><dl class='gallery-item'>\n\t\t\t<dt class='gallery-icon landscape'>\n\t\t\t\t<a href='https:\/\/blog.espol.edu.ec\/tuseguridad\/files\/2011\/03\/50292002_3.jpg'><img loading=\"lazy\" decoding=\"async\" width=\"150\" height=\"150\" src=\"https:\/\/blog.espol.edu.ec\/tuseguridad\/files\/2011\/03\/50292002_3.jpg\" class=\"attachment-thumbnail size-thumbnail\" alt=\"\" \/><\/a>\n\t\t\t<\/dt><\/dl><br style=\"clear: both\" \/><dl class='gallery-item'>\n\t\t\t<dt class='gallery-icon landscape'>\n\t\t\t\t<a href='https:\/\/blog.espol.edu.ec\/tuseguridad\/files\/2011\/03\/tarjetas-credito2.jpg'><img loading=\"lazy\" decoding=\"async\" width=\"150\" height=\"150\" src=\"https:\/\/blog.espol.edu.ec\/tuseguridad\/files\/2011\/03\/tarjetas-credito2-150x150.jpg\" class=\"attachment-thumbnail size-thumbnail\" alt=\"\" \/><\/a>\n\t\t\t<\/dt><\/dl><dl class='gallery-item'>\n\t\t\t<dt class='gallery-icon landscape'>\n\t\t\t\t<a href='https:\/\/blog.espol.edu.ec\/tuseguridad\/files\/2011\/03\/d51046_Set-de-Perfumes.jpg'><img loading=\"lazy\" decoding=\"async\" width=\"150\" height=\"150\" src=\"https:\/\/blog.espol.edu.ec\/tuseguridad\/files\/2011\/03\/d51046_Set-de-Perfumes-150x150.jpg\" class=\"attachment-thumbnail size-thumbnail\" alt=\"\" \/><\/a>\n\t\t\t<\/dt><\/dl><br style=\"clear: both\" \/><dl class='gallery-item'>\n\t\t\t<dt class='gallery-icon landscape'>\n\t\t\t\t<a href='https:\/\/blog.espol.edu.ec\/tuseguridad\/files\/2011\/03\/envases.jpg'><img loading=\"lazy\" decoding=\"async\" width=\"150\" height=\"150\" src=\"https:\/\/blog.espol.edu.ec\/tuseguridad\/files\/2011\/03\/envases-150x150.jpg\" class=\"attachment-thumbnail size-thumbnail\" alt=\"\" \/><\/a>\n\t\t\t<\/dt><\/dl>\n\t\t\t<br style='clear: both' \/>\n\t\t<\/div>\n\n<p><strong><em>Tomado de<\/em><\/strong><\/p>\n<p><strong><em>Manual de Seguridad Personal<\/em><\/strong><\/p>\n<p><strong><em>Alla Drake<\/em><\/strong><\/p>\n<form id=\"vozme_form_04cffc2ec3bce8f3bb7c2b270b183a4e\" method=\"post\" name=\"vozme_form_04cffc2ec3bce8f3bb7c2b270b183a4e\" target=\"04cffc2ec3bce8f3bb7c2b270b183a4e\" action=\"http:\/\/vozme.com\/text2voice.php\"><input name=\"text\" type=\"hidden\" value=\"\u201cArmas efectivas\u201d que no necesitan de  permiso alguno para ser portadas. \nLlaves\n\n\n Esferogr\u00e1fico\n\n\nTarjetas pl\u00e1sticas(cortan rostro)\n\n\nAereosoles (perfumes)\n\n\nEnvases de pl\u00e1stico o vidrio\n\n[gallery link=&quot;file&quot; columns=&quot;2&quot;]\nTomado de\nManual de Seguridad Personal\nAlla Drake\n\" \/><input name=\"lang\" type=\"hidden\" value=\"es\" \/><input name=\"gn\" type=\"hidden\" value=\"ml\" \/><input type=\"hidden\" id=\"interface\" name=\"interface\" value=\"full\" \/>\n\t\t\t<div style=\"margin-left:40%;\">\n\t\t\t\n\t\t\t\t<input style=\"float:left;\" type=\"image\" width=\"32\" height=\"32\" src=\"http:\/\/blog.espol.edu.ec\/tuseguridad\/wp-content\/plugins\/vozme\/img\/paper_sound32x32.gif\" alt=\"Escucha este post\" onclick=\"window.open('', '04cffc2ec3bce8f3bb7c2b270b183a4e', 'width=600,height=370,scrollbars=yes,location=yes,menubar=yes,resizable=yes,status=yes,toolbar=yes');\">\n\t\t\t\t<div style=\"margin-left:40px; text-align:left;\"><a style=\"font-size:12px;\" href=\"javascript:void(0);\" onclick=\"window.open('', '04cffc2ec3bce8f3bb7c2b270b183a4e', 'width=600,height=370,scrollbars=yes,location=yes,menubar=yes,resizable=yes,status=yes,toolbar=yes'); document.getElementById('vozme_form_04cffc2ec3bce8f3bb7c2b270b183a4e').submit();\">Escucha<br\/>este post<\/a><\/div>\n\t\t\t<\/div><\/form>","protected":false},"excerpt":{"rendered":"<p>Llaves Esferogr\u00e1fico Tarjetas pl\u00e1sticas(cortan rostro) Aereosoles (perfumes) Envases de pl\u00e1stico o vidrio Tomado de Manual de Seguridad Personal Alla Drake Escuchaeste post<\/p>\n","protected":false},"author":5137,"featured_media":0,"parent":210,"menu_order":5,"comment_status":"open","ping_status":"open","template":"","meta":{"footnotes":""},"class_list":["post-301","page","type-page","status-publish","hentry"],"_links":{"self":[{"href":"https:\/\/blog.espol.edu.ec\/tuseguridad\/wp-json\/wp\/v2\/pages\/301","targetHints":{"allow":["GET"]}}],"collection":[{"href":"https:\/\/blog.espol.edu.ec\/tuseguridad\/wp-json\/wp\/v2\/pages"}],"about":[{"href":"https:\/\/blog.espol.edu.ec\/tuseguridad\/wp-json\/wp\/v2\/types\/page"}],"author":[{"embeddable":true,"href":"https:\/\/blog.espol.edu.ec\/tuseguridad\/wp-json\/wp\/v2\/users\/5137"}],"replies":[{"embeddable":true,"href":"https:\/\/blog.espol.edu.ec\/tuseguridad\/wp-json\/wp\/v2\/comments?post=301"}],"version-history":[{"count":10,"href":"https:\/\/blog.espol.edu.ec\/tuseguridad\/wp-json\/wp\/v2\/pages\/301\/revisions"}],"predecessor-version":[{"id":317,"href":"https:\/\/blog.espol.edu.ec\/tuseguridad\/wp-json\/wp\/v2\/pages\/301\/revisions\/317"}],"up":[{"embeddable":true,"href":"https:\/\/blog.espol.edu.ec\/tuseguridad\/wp-json\/wp\/v2\/pages\/210"}],"wp:attachment":[{"href":"https:\/\/blog.espol.edu.ec\/tuseguridad\/wp-json\/wp\/v2\/media?parent=301"}],"curies":[{"name":"wp","href":"https:\/\/api.w.org\/{rel}","templated":true}]}}