{"id":340,"date":"2011-03-15T04:14:56","date_gmt":"2011-03-15T04:14:56","guid":{"rendered":"http:\/\/blog.espol.edu.ec\/tuseguridad\/?page_id=340"},"modified":"2011-03-16T04:46:29","modified_gmt":"2011-03-16T04:46:29","slug":"querer-denunciar","status":"publish","type":"page","link":"https:\/\/blog.espol.edu.ec\/tuseguridad\/que-hacer-en-caso-de\/querer-denunciar\/","title":{"rendered":"Querer denunciar"},"content":{"rendered":"<h3 style=\"text-align: center\"><span style=\"color: #ff0000\"><span style=\"text-decoration: underline\">\u00bfDonde puedo Denunciar?<\/span><\/span><\/h3>\n<p><span style=\"color: #ff0000\"><span style=\"text-decoration: underline\"><br \/>\n<\/span><\/span><\/p>\n<p>Muchas veces somos v\u00edctimas de asaltos, robos y violencia y no sabemos d\u00f3nde podemos acudir a poner la denuncia, a continuaci\u00f3n las respuestas a las m\u00e1s comunes preguntas de los ciudadanos con respecto a estos temas:<\/p>\n<p><strong><br \/>\n<\/strong><\/p>\n<p><strong>1.- Qu\u00e9 hacer en el caso de robo\u00a0 de un celular de 500 d\u00f3lares con o sin violencia? <\/strong><\/p>\n<ul>\n<li>Presentar la denuncia en la Fiscal\u00eda.<\/li>\n<\/ul>\n<p><strong>2.- \u00bfQu\u00e9 hacer en el caso de un robo de un \u00a0celular de 50 d\u00f3lares sin violencia?(sin da\u00f1o personal o corporal)?<\/strong><\/p>\n<ul>\n<li>Presentar la denuncia en la Comisar\u00eda (por ser contravenci\u00f3n, ya que el costo\u00a0 no llega a una remuneraci\u00f3n b\u00e1sica)<\/li>\n<\/ul>\n<p><strong>3.- \u00bfQu\u00e9 hacer en el caso de un robo de un celular de 50 d\u00f3lares con violencia?(con da\u00f1o personal o corporal)?.<\/strong><\/p>\n<ul>\n<li>Presentar la denuncia en la Fiscal\u00eda.<\/li>\n<\/ul>\n<p><strong>4.- \u00bfQu\u00e9 hacer en el caso de hurto de un celular \u00a0de 500 d\u00f3lares?<\/strong><\/p>\n<ul>\n<li>Presentar denuncia en la Fiscal\u00eda.<\/li>\n<\/ul>\n<p><strong>5.- \u00bfQu\u00e9 hacer en el caso de hurto de un \u00a0celular de 50 d\u00f3lares?<\/strong><\/p>\n<ul>\n<li>Presentar denuncia en la comisar\u00eda (por ser contravenci\u00f3n, ya que el costo\u00a0 no llega a una remuneraci\u00f3n b\u00e1sica).<\/li>\n<\/ul>\n<p><strong>6.- \u00bfQu\u00e9 hacer en caso de p\u00e9rdida, robo o hurto de documentos en general?<\/strong><\/p>\n<ul>\n<li>Presentar la denuncia en la Fiscal\u00eda.<\/li>\n<\/ul>\n<p style=\"text-align: center\"><a href=\"http:\/\/blog.espol.edu.ec\/tuseguridad\/files\/2011\/03\/robo1.jpg\" target=\"_blank\"><img loading=\"lazy\" decoding=\"async\" class=\"aligncenter size-full wp-image-365\" style=\"margin-top: 3px;margin-bottom: 3px;border: 3px solid black\" title=\"robo\" src=\"http:\/\/blog.espol.edu.ec\/tuseguridad\/files\/2011\/03\/robo1.jpg\" alt=\"\" width=\"557\" height=\"235\" srcset=\"https:\/\/blog.espol.edu.ec\/tuseguridad\/files\/2011\/03\/robo1.jpg 619w, https:\/\/blog.espol.edu.ec\/tuseguridad\/files\/2011\/03\/robo1-300x126.jpg 300w\" sizes=\"auto, (max-width: 557px) 100vw, 557px\" \/><\/a><\/p>\n<p style=\"text-align: center\">\n<p style=\"text-align: center\">\n<h3 style=\"text-align: center\"><span style=\"color: #ff0000\"><span style=\"text-decoration: underline\"><strong>Ante las agresiones<\/strong><\/span><\/span><\/h3>\n<p><span style=\"color: #ff0000\"><span style=\"text-decoration: underline\"><strong><br \/>\n<\/strong><\/span><\/span><\/p>\n<p><strong>1.- \u00bfQu\u00e9 hacer en el caso de agresi\u00f3n f\u00edsica con hospitalizaci\u00f3n superior a los tres d\u00edas.? <\/strong><\/p>\n<ul>\n<li>Presentar la denuncia en la Fiscal\u00eda.<\/li>\n<\/ul>\n<p><strong>2.- \u00bfQu\u00e9 hacer en el caso de agresi\u00f3n f\u00edsica con hospitalizaci\u00f3n hasta\u00a0 tres d\u00edas.? <\/strong><\/p>\n<ul>\n<li>Presentar la denuncia en la Comisar\u00eda.<\/li>\n<\/ul>\n<p><strong>3.- \u00bfQu\u00e9 hacer en el caso de agresi\u00f3n f\u00edsica por familiares, con hospitalizaci\u00f3n superior a los tres d\u00edas.? <\/strong><\/p>\n<ul>\n<li>Presentar la denuncia en la Fiscal\u00eda.<\/li>\n<\/ul>\n<p><strong>4.- \u00bfQu\u00e9 hacer en el caso de agresi\u00f3n f\u00edsica (golpes o heridas) producidas por un familiar , que produzca una\u00a0 incapacidad hasta\u00a0 los tres d\u00edas? <\/strong><\/p>\n<ul>\n<li>Presentar la denuncia en la Comisar\u00eda de la Mujer y la Familia.<\/li>\n<\/ul>\n<p><strong>5.- \u00bfQu\u00e9 hacer en el caso de agresi\u00f3n Psicol\u00f3gica,\u00a0 producidas por un familiar? .<\/strong><\/p>\n<p>Presentar\u00a0 la denuncia en la Comisar\u00eda.<\/p>\n<p style=\"text-align: center\"><a href=\"http:\/\/blog.espol.edu.ec\/tuseguridad\/files\/2011\/03\/violencia1.jpg\" target=\"_blank\"><img loading=\"lazy\" decoding=\"async\" class=\"aligncenter size-full wp-image-368\" style=\"margin-top: 3px;margin-bottom: 3px;border: 3px solid black\" title=\"violencia\" src=\"http:\/\/blog.espol.edu.ec\/tuseguridad\/files\/2011\/03\/violencia1.jpg\" alt=\"\" width=\"581\" height=\"318\" srcset=\"https:\/\/blog.espol.edu.ec\/tuseguridad\/files\/2011\/03\/violencia1.jpg 645w, https:\/\/blog.espol.edu.ec\/tuseguridad\/files\/2011\/03\/violencia1-300x164.jpg 300w\" sizes=\"auto, (max-width: 581px) 100vw, 581px\" \/><\/a><\/p>\n<p style=\"text-align: center\">\n<p><a href=\"http:\/\/blog.espol.edu.ec\/tuseguridad\/files\/2011\/03\/donde-denunciar1.jpg\"><img loading=\"lazy\" decoding=\"async\" class=\"aligncenter size-full wp-image-390\" title=\"donde denunciar\" src=\"http:\/\/blog.espol.edu.ec\/tuseguridad\/files\/2011\/03\/donde-denunciar1.jpg\" alt=\"\" width=\"599\" height=\"285\" srcset=\"https:\/\/blog.espol.edu.ec\/tuseguridad\/files\/2011\/03\/donde-denunciar1.jpg 599w, https:\/\/blog.espol.edu.ec\/tuseguridad\/files\/2011\/03\/donde-denunciar1-300x142.jpg 300w\" sizes=\"auto, (max-width: 599px) 100vw, 599px\" \/><\/a><\/p>\n<p>Tambi\u00e9n\u00a0puedes escucharlo:<\/p>\n<p style=\"text-align: center\"><object classid=\"clsid:d27cdb6e-ae6d-11cf-96b8-444553540000\" width=\"240\" height=\"133\"><param name=\"data\" value=\"http:\/\/www.ivoox.com\/playerivoox_ee_574016_1.html\" \/><param name=\"AllowScriptAccess\" value=\"always\" \/><param name=\"allowFullScreen\" value=\"true\" \/><param name=\"wmode\" value=\"transparent\" \/><param name=\"src\" value=\"http:\/\/www.ivoox.com\/playerivoox_ee_574016_1.html\" \/><param name=\"allowfullscreen\" value=\"true\" \/><embed id=\"player574016\" type=\"application\/x-shockwave-flash\" width=\"240\" height=\"133\" src=\"http:\/\/www.ivoox.com\/playerivoox_ee_574016_1.html\" allowfullscreen=\"true\" allowscriptaccess=\"always\"><\/embed><\/object><\/p>\n<form id=\"vozme_form_b4583c2f097416ee27ab23edd51a5867\" method=\"post\" name=\"vozme_form_b4583c2f097416ee27ab23edd51a5867\" target=\"b4583c2f097416ee27ab23edd51a5867\" action=\"http:\/\/vozme.com\/text2voice.php\"><input name=\"text\" type=\"hidden\" value=\"Querer denunciar. \u00bfDonde puedo Denunciar?\n\n\nMuchas veces somos v\u00edctimas de asaltos, robos y violencia y no sabemos d\u00f3nde podemos acudir a poner la denuncia, a continuaci\u00f3n las respuestas a las m\u00e1s comunes preguntas de los ciudadanos con respecto a estos temas:\n\n\n1.- Qu\u00e9 hacer en el caso de robo\u00a0 de un celular de 500 d\u00f3lares con o sin violencia? \n\nPresentar la denuncia en la Fiscal\u00eda.\n\n2.- \u00bfQu\u00e9 hacer en el caso de un robo de un \u00a0celular de 50 d\u00f3lares sin violencia?(sin da\u00f1o personal o corporal)?\n\nPresentar la denuncia en la Comisar\u00eda (por ser contravenci\u00f3n, ya que el costo\u00a0 no llega a una remuneraci\u00f3n b\u00e1sica)\n\n3.- \u00bfQu\u00e9 hacer en el caso de un robo de un celular de 50 d\u00f3lares con violencia?(con da\u00f1o personal o corporal)?.\n\nPresentar la denuncia en la Fiscal\u00eda.\n\n4.- \u00bfQu\u00e9 hacer en el caso de hurto de un celular \u00a0de 500 d\u00f3lares?\n\nPresentar denuncia en la Fiscal\u00eda.\n\n5.- \u00bfQu\u00e9 hacer en el caso de hurto de un \u00a0celular de 50 d\u00f3lares?\n\nPresentar denuncia en la comisar\u00eda (por ser contravenci\u00f3n, ya que el costo\u00a0 no llega a una remuneraci\u00f3n b\u00e1sica).\n\n6.- \u00bfQu\u00e9 hacer en caso de p\u00e9rdida, robo o hurto de documentos en general?\n\nPresentar la denuncia en la Fiscal\u00eda.\n\n\n\n\nAnte las agresiones\n\n\n1.- \u00bfQu\u00e9 hacer en el caso de agresi\u00f3n f\u00edsica con hospitalizaci\u00f3n superior a los tres d\u00edas.? \n\nPresentar la denuncia en la Fiscal\u00eda.\n\n2.- \u00bfQu\u00e9 hacer en el caso de agresi\u00f3n f\u00edsica con hospitalizaci\u00f3n hasta\u00a0 tres d\u00edas.? \n\nPresentar la denuncia en la Comisar\u00eda.\n\n3.- \u00bfQu\u00e9 hacer en el caso de agresi\u00f3n f\u00edsica por familiares, con hospitalizaci\u00f3n superior a los tres d\u00edas.? \n\nPresentar la denuncia en la Fiscal\u00eda.\n\n4.- \u00bfQu\u00e9 hacer en el caso de agresi\u00f3n f\u00edsica (golpes o heridas) producidas por un familiar , que produzca una\u00a0 incapacidad hasta\u00a0 los tres d\u00edas? \n\nPresentar la denuncia en la Comisar\u00eda de la Mujer y la Familia.\n\n5.- \u00bfQu\u00e9 hacer en el caso de agresi\u00f3n Psicol\u00f3gica,\u00a0 producidas por un familiar? .\nPresentar\u00a0 la denuncia en la Comisar\u00eda.\n\n\n\nTambi\u00e9n\u00a0puedes escucharlo:\n\n\" \/><input name=\"lang\" type=\"hidden\" value=\"es\" \/><input name=\"gn\" type=\"hidden\" value=\"ml\" \/><input type=\"hidden\" id=\"interface\" name=\"interface\" value=\"full\" \/>\n\t\t\t<div style=\"margin-left:40%;\">\n\t\t\t\n\t\t\t\t<input style=\"float:left;\" type=\"image\" width=\"32\" height=\"32\" src=\"http:\/\/blog.espol.edu.ec\/tuseguridad\/wp-content\/plugins\/vozme\/img\/paper_sound32x32.gif\" alt=\"Escucha este post\" onclick=\"window.open('', 'b4583c2f097416ee27ab23edd51a5867', 'width=600,height=370,scrollbars=yes,location=yes,menubar=yes,resizable=yes,status=yes,toolbar=yes');\">\n\t\t\t\t<div style=\"margin-left:40px; text-align:left;\"><a style=\"font-size:12px;\" href=\"javascript:void(0);\" onclick=\"window.open('', 'b4583c2f097416ee27ab23edd51a5867', 'width=600,height=370,scrollbars=yes,location=yes,menubar=yes,resizable=yes,status=yes,toolbar=yes'); document.getElementById('vozme_form_b4583c2f097416ee27ab23edd51a5867').submit();\">Escucha<br\/>este post<\/a><\/div>\n\t\t\t<\/div><\/form>","protected":false},"excerpt":{"rendered":"<p>\u00bfDonde puedo Denunciar? Muchas veces somos v\u00edctimas de asaltos, robos y violencia y no sabemos d\u00f3nde podemos acudir a poner la denuncia, a continuaci\u00f3n las respuestas a las m\u00e1s comunes preguntas de los ciudadanos con respecto a estos temas: 1.- Qu\u00e9 hacer en el caso de robo\u00a0 de un celular de 500 d\u00f3lares con o [&hellip;]<\/p>\n","protected":false},"author":5137,"featured_media":0,"parent":178,"menu_order":6,"comment_status":"open","ping_status":"open","template":"","meta":{"footnotes":""},"class_list":["post-340","page","type-page","status-publish","hentry"],"_links":{"self":[{"href":"https:\/\/blog.espol.edu.ec\/tuseguridad\/wp-json\/wp\/v2\/pages\/340","targetHints":{"allow":["GET"]}}],"collection":[{"href":"https:\/\/blog.espol.edu.ec\/tuseguridad\/wp-json\/wp\/v2\/pages"}],"about":[{"href":"https:\/\/blog.espol.edu.ec\/tuseguridad\/wp-json\/wp\/v2\/types\/page"}],"author":[{"embeddable":true,"href":"https:\/\/blog.espol.edu.ec\/tuseguridad\/wp-json\/wp\/v2\/users\/5137"}],"replies":[{"embeddable":true,"href":"https:\/\/blog.espol.edu.ec\/tuseguridad\/wp-json\/wp\/v2\/comments?post=340"}],"version-history":[{"count":11,"href":"https:\/\/blog.espol.edu.ec\/tuseguridad\/wp-json\/wp\/v2\/pages\/340\/revisions"}],"predecessor-version":[{"id":346,"href":"https:\/\/blog.espol.edu.ec\/tuseguridad\/wp-json\/wp\/v2\/pages\/340\/revisions\/346"}],"up":[{"embeddable":true,"href":"https:\/\/blog.espol.edu.ec\/tuseguridad\/wp-json\/wp\/v2\/pages\/178"}],"wp:attachment":[{"href":"https:\/\/blog.espol.edu.ec\/tuseguridad\/wp-json\/wp\/v2\/media?parent=340"}],"curies":[{"name":"wp","href":"https:\/\/api.w.org\/{rel}","templated":true}]}}