{"id":405,"date":"2011-03-25T17:13:21","date_gmt":"2011-03-25T17:13:21","guid":{"rendered":"http:\/\/blog.espol.edu.ec\/tuseguridad\/?page_id=405"},"modified":"2011-04-01T17:15:40","modified_gmt":"2011-04-01T17:15:40","slug":"en-tu-barrio-acude-a","status":"publish","type":"page","link":"https:\/\/blog.espol.edu.ec\/tuseguridad\/contactos-positivos-2\/en-tu-barrio-acude-a\/","title":{"rendered":"En tu barrio acude a:"},"content":{"rendered":"<p style=\"text-align: center\"><span style=\"color: #ff0000\"><span style=\"text-decoration: underline\"><strong>DISTRITO PASCUALES<\/strong><\/span><\/span><\/p>\n<ul>\n<li> <strong>PASCUALES:<\/strong> CAPIT\u00c1N PAREJA VEGA PERCY ALFREDO <span style=\"color: #0000ff\"><strong>#081711110<\/strong><\/span><\/li>\n<li><strong>MONTEBELLO: <\/strong>CAPIT\u00c1N CACERES VELOZ RODRIGO FABRICIO\u00a0<span style=\"color: #0000ff\"><strong>#081711111<\/strong><\/span><\/li>\n<li><strong>BASTI\u00d3N\u00a0POPULAR:<\/strong> CAPIT\u00c1N OCHOA RIVERO KLEBER OSWALDO\u00a0<span style=\"color: #0000ff\"><strong>#081711112<\/strong><\/span><\/li>\n<li><strong>ORQU\u00cdDEAS:<\/strong> CAPIT\u00c1N JURADO GARCIA FREDDY VICENTE\u00a0<span style=\"color: #0000ff\"><strong>#081711113<\/strong><\/span><\/li>\n<\/ul>\n<p style=\"text-align: center\"><strong><span style=\"color: #ff0000\"><span style=\"text-decoration: underline\">DISTRITO NUEVA PROSPERINA<\/span><\/span><\/strong><\/p>\n<ul>\n<li><strong>FLOR DE\u00a0BASTI\u00d3N:<\/strong> CAPIT\u00c1N PE\u00d1AFIEL CARLOS FEDERICO <span style=\"color: #0000ff\"><strong>#081711114<\/strong><\/span><\/li>\n<li><strong>FORTIN:<\/strong> CAPIT\u00c1N VARELA CORONEL HAMLET JHANON #<span style=\"color: #0000ff\"><strong>081711115<\/strong><\/span><\/li>\n<li><strong>NUEVA PROSPERINA:<\/strong> TENIENTE SANDOVAL DARIO <span style=\"color: #0000ff\"><strong>#081711116<\/strong><\/span><\/li>\n<\/ul>\n<p style=\"text-align: center\"><span style=\"color: #ff0000\"><strong><span style=\"text-decoration: underline\">DISTRITO NORTE<\/span><\/strong><\/span><\/p>\n<ul>\n<li><strong>MARTHA DE ROLDOS:<\/strong>CAPITAN CISNEROS RIGOBERTO FABRICIO #<span style=\"color: #0000ff\"><strong>081711117<\/strong><\/span><\/li>\n<li><strong>MAPASINGUE:<\/strong> CAPITAN RICAURTE NOVILLO EDUARDO JAVIER <span style=\"color: #0000ff\"><strong>#081711118<\/strong><\/span><\/li>\n<li><strong>LA FLORIDA:<\/strong> CAPITAN ARGOTI VINUEZA PABLO MARCELO <span style=\"color: #0000ff\"><strong>#081711119<\/strong><\/span><\/li>\n<li><strong>JUAN MONTALVO: <\/strong>CAPITAN ORMAZA VASQUEZ DIEGO ANDRES <span style=\"color: #0000ff\"><strong>#081710000<\/strong><\/span><\/li>\n<\/ul>\n<p style=\"text-align: center\"><span style=\"color: #ff0000\"><span style=\"text-decoration: underline\"><strong>DISTRITO SAUCES<\/strong><\/span><\/span><\/p>\n<ul>\n<li><strong>SAUCES:<\/strong> CAPIT\u00c1N CASTILLO ABARCA EDISON FERNANDO\t<strong><span style=\"color: #0000ff\">#081710001<\/span><\/strong><\/li>\n<li><strong>SAMANES:<\/strong> CAPIT\u00c1N LUNA VALENCIA JOAN ROBERTO <span style=\"color: #0000ff\"><strong>#081710002<\/strong><\/span><\/li>\n<li><strong>GUAYACANES:<\/strong> CAPIT\u00c1N VILLAVICENCIO SALAZAR GABRIEL PAUL\t<span style=\"color: #0000ff\"><strong>#081710003<\/strong><\/span><\/li>\n<li><strong>ALBORADA:<\/strong> CAPIT\u00c1N CARRERA OCAMPO CESAR ROBERTO <span style=\"color: #0000ff\"><strong>#081710004<\/strong><\/span><\/li>\n<\/ul>\n<p style=\"text-align: center\"><span style=\"color: #ff0000\"><strong><span style=\"text-decoration: underline\">DISTRITO CENTRO<\/span><\/strong><\/span><\/p>\n<ul>\n<li><strong>ATARAZANA:<\/strong> CAPIT\u00c1N RENGIFO DAVILA CHRISTIAN ESTEBAN <strong><span style=\"color: #0000ff\">#081710005<\/span><\/strong><\/li>\n<li><strong>KENNEDY:<\/strong> CAPIT\u00c1N PORTALANZA GARCES GALO ARHANE <strong><span style=\"color: #0000ff\">#081710006<\/span><\/strong><\/li>\n<li><strong>URDESA:<\/strong> CAPIT\u00c1N DE MORA SOLIS SANTIAGO JAVIER <strong><span style=\"color: #0000ff\">#081710007<\/span><\/strong><\/li>\n<li><strong>URBANOR:<\/strong> CAPIT\u00c1N SUAREZ MONTALUIZA SONIA PAOLA <span style=\"color: #0000ff\"><strong>#081710008<\/strong><\/span><\/li>\n<li><strong>BELLAVISTA:<\/strong> CAPIT\u00c1N CAZCO GARCIA JOSE LUIS <span style=\"color: #0000ff\"><strong>#081710009<\/strong><\/span><\/li>\n<li><strong>9 DE OCTUBRE:<\/strong> CAPIT\u00c1N MOLINA CARRILLO VICTOR ROBERTO <span style=\"color: #0000ff\"><strong>#081709990<\/strong><\/span><\/li>\n<li><strong>VICTORIA:<\/strong> CAPIT\u00c1N SALCEDO QUISPE ROCKY OLIVER <strong><span style=\"color: #0000ff\">#081709991<\/span><\/strong><\/li>\n<li><strong>GARAY:<\/strong> CAPIT\u00c1N NAVARRO MALDONADO JULIO CESAR <span style=\"color: #0000ff\"><strong>#081709992<\/strong><\/span><\/li>\n<li><strong>CHILE:<\/strong> CAPIT\u00c1N CALDERON IDROVO EMERSON ESTEED <span style=\"color: #0000ff\"><strong>#081709993<\/strong><\/span><\/li>\n<li><strong>ANTEPARA:<\/strong> CAPIT\u00c1N JIMENEZ PACHECO GERMAN PATRICIO <span style=\"color: #0000ff\"><strong>#081709994<\/strong><\/span><\/li>\n<\/ul>\n<p style=\"text-align: center\"><span style=\"color: #ff0000\"><span style=\"text-decoration: underline\"><strong>DISTRITO PORTETE<\/strong><\/span><\/span><\/p>\n<ul>\n<li><strong>PORTETE:<\/strong> CAPIT\u00c1N\u00a0ROBALINO TOBAR DORIS ALEXANDRA <strong><span style=\"color: #0000ff\">#081709995<\/span><\/strong><\/li>\n<li><strong>CUENCA:<\/strong> CAPIT\u00c1N\u00a0GUEVARA MARI\u00d1O AIDA ESPERANZA <span style=\"color: #0000ff\"><strong>#081709996<\/strong><\/span><\/li>\n<li><strong>CHALA:<\/strong> CAPIT\u00c1N\u00a0SUAREZ FLORES DARWIN ALEJANDRO <strong><span style=\"color: #0000ff\">#081709997<\/span><\/strong><\/li>\n<li><strong>SALINAS:<\/strong> CAPIT\u00c1N\u00a0RODRIGUEZ SAMANIEGO EDISON EDMUNDO <span style=\"color: #0000ff\"><strong>#081709998<\/strong><\/span><\/li>\n<li><strong>BATALLON DEL SUBURBIO:<\/strong> CAPIT\u00c1N\u00a0ERAZO MARCO VINICIO <span style=\"color: #0000ff\"><strong>#081709999<\/strong><\/span><\/li>\n<li><strong>SUBURBIO:<\/strong> CAPIT\u00c1N\u00a0ALBI\u00d1O DURAN WILLIAN REMIGIO <span style=\"color: #0000ff\"><strong>#081712220<\/strong><\/span><\/li>\n<li><strong>CRISTO DEL CONSUELO:<\/strong> CAPIT\u00c1N\u00a0CASTILLO PANTOJA WASHINGTON <span style=\"color: #0000ff\"><strong>#081712221<\/strong><\/span><\/li>\n<\/ul>\n<p style=\"text-align: center\"><strong><span style=\"color: #ff0000\"><span style=\"text-decoration: underline\">DISTRITO SUR<\/span><\/span><\/strong><\/p>\n<ul>\n<li><strong>7 LAGOS:<\/strong> CAPITAN MOLINA DELGADO IVAN ARTURO <strong><span style=\"color: #0000ff\">#081712222<\/span><\/strong><\/li>\n<li><strong>FLORESTA:<\/strong> CAPITAN ANDRADE VALDOSPINO ALVARO EFREN <span style=\"color: #0000ff\"><strong>#081712223<\/strong><\/span><\/li>\n<li><strong>UNION DE BANANEROS:<\/strong> CAPITAN PADILLA ARMAS NAPOLEON <span style=\"color: #0000ff\"><strong>#081712224<\/strong><\/span><\/li>\n<li><strong>GUASMO:<\/strong> CAPITAN SANTAMARIA ESPIN ALFREDO <span style=\"color: #0000ff\"><strong>#081712225<\/strong><\/span><\/li>\n<\/ul>\n<p style=\"text-align: center\"><span style=\"color: #ff0000\"><strong><span style=\"text-decoration: underline\">DISTRITO\u00a0ESTEROS<\/span><\/strong><\/span><\/p>\n<ul>\n<li><strong>CENTENARIO:<\/strong> CAPITAN CAMPA\u00d1A TORRES PATRICIO JAVIER <strong>#081712226<\/strong><\/li>\n<li><strong>MALVINAS:<\/strong> CAPITAN ORTEGA CERON ANDRES FERNANDO <strong>#081712227<\/strong><\/li>\n<li><strong>ESTEROS:<\/strong> CAPITAN CHAVEZ VALLEJO ARMANDO PATRICIO <strong>#081712228<\/strong><\/li>\n<li><strong>ISLA TRINITARIA:<\/strong> CAPITAN PAREDES CADENA LUIS ALFONSO <strong>#081712229<\/strong><\/li>\n<\/ul>\n<p style=\"text-align: left\">\n<div id=\"__ss_7389516\" style=\"width: 425px;text-align: center;padding-left: 60px\"><strong><a title=\"Zonas seguras\" href=\"http:\/\/www.slideshare.net\/egastudi\/zonas-seguras-7389516\">Zonas seguras<\/a><\/strong> <object classid=\"clsid:d27cdb6e-ae6d-11cf-96b8-444553540000\" width=\"425\" height=\"355\"><param name=\"src\" value=\"http:\/\/static.slidesharecdn.com\/swf\/ssplayer2.swf?doc=zonasseguras-110325130102-phpapp02&amp;stripped_title=zonas-seguras-7389516&amp;userName=egastudi\" \/><param name=\"allowfullscreen\" value=\"true\" \/><embed type=\"application\/x-shockwave-flash\" width=\"425\" height=\"355\" src=\"http:\/\/static.slidesharecdn.com\/swf\/ssplayer2.swf?doc=zonasseguras-110325130102-phpapp02&amp;stripped_title=zonas-seguras-7389516&amp;userName=egastudi\" allowfullscreen=\"true\"><\/embed><\/object><\/p>\n<div style=\"padding: 5px 0 12px\">View more <a href=\"http:\/\/www.slideshare.net\/\">presentations<\/a> from <a href=\"http:\/\/www.slideshare.net\/egastudi\">egastudi<\/a><\/div>\n<\/div>\n<form id=\"vozme_form_662826bd67f2e9ee20fc14ea2794421d\" method=\"post\" name=\"vozme_form_662826bd67f2e9ee20fc14ea2794421d\" target=\"662826bd67f2e9ee20fc14ea2794421d\" action=\"http:\/\/vozme.com\/text2voice.php\"><input name=\"text\" type=\"hidden\" value=\"En tu barrio acude a:. DISTRITO PASCUALES\n\n PASCUALES: CAPIT\u00c1N PAREJA VEGA PERCY ALFREDO #081711110\nMONTEBELLO: CAPIT\u00c1N CACERES VELOZ RODRIGO FABRICIO\u00a0#081711111\nBASTI\u00d3N\u00a0POPULAR: CAPIT\u00c1N OCHOA RIVERO KLEBER OSWALDO\u00a0#081711112\nORQU\u00cdDEAS: CAPIT\u00c1N JURADO GARCIA FREDDY VICENTE\u00a0#081711113\n\nDISTRITO NUEVA PROSPERINA\n\nFLOR DE\u00a0BASTI\u00d3N: CAPIT\u00c1N PE\u00d1AFIEL CARLOS FEDERICO #081711114\nFORTIN: CAPIT\u00c1N VARELA CORONEL HAMLET JHANON #081711115\nNUEVA PROSPERINA: TENIENTE SANDOVAL DARIO #081711116\n\nDISTRITO NORTE\n\nMARTHA DE ROLDOS:CAPITAN CISNEROS RIGOBERTO FABRICIO #081711117\nMAPASINGUE: CAPITAN RICAURTE NOVILLO EDUARDO JAVIER #081711118\nLA FLORIDA: CAPITAN ARGOTI VINUEZA PABLO MARCELO #081711119\nJUAN MONTALVO: CAPITAN ORMAZA VASQUEZ DIEGO ANDRES #081710000\n\nDISTRITO SAUCES\n\nSAUCES: CAPIT\u00c1N CASTILLO ABARCA EDISON FERNANDO\t#081710001\nSAMANES: CAPIT\u00c1N LUNA VALENCIA JOAN ROBERTO #081710002\nGUAYACANES: CAPIT\u00c1N VILLAVICENCIO SALAZAR GABRIEL PAUL\t#081710003\nALBORADA: CAPIT\u00c1N CARRERA OCAMPO CESAR ROBERTO #081710004\n\nDISTRITO CENTRO\n\nATARAZANA: CAPIT\u00c1N RENGIFO DAVILA CHRISTIAN ESTEBAN #081710005\nKENNEDY: CAPIT\u00c1N PORTALANZA GARCES GALO ARHANE #081710006\nURDESA: CAPIT\u00c1N DE MORA SOLIS SANTIAGO JAVIER #081710007\nURBANOR: CAPIT\u00c1N SUAREZ MONTALUIZA SONIA PAOLA #081710008\nBELLAVISTA: CAPIT\u00c1N CAZCO GARCIA JOSE LUIS #081710009\n9 DE OCTUBRE: CAPIT\u00c1N MOLINA CARRILLO VICTOR ROBERTO #081709990\nVICTORIA: CAPIT\u00c1N SALCEDO QUISPE ROCKY OLIVER #081709991\nGARAY: CAPIT\u00c1N NAVARRO MALDONADO JULIO CESAR #081709992\nCHILE: CAPIT\u00c1N CALDERON IDROVO EMERSON ESTEED #081709993\nANTEPARA: CAPIT\u00c1N JIMENEZ PACHECO GERMAN PATRICIO #081709994\n\nDISTRITO PORTETE\n\nPORTETE: CAPIT\u00c1N\u00a0ROBALINO TOBAR DORIS ALEXANDRA #081709995\nCUENCA: CAPIT\u00c1N\u00a0GUEVARA MARI\u00d1O AIDA ESPERANZA #081709996\nCHALA: CAPIT\u00c1N\u00a0SUAREZ FLORES DARWIN ALEJANDRO #081709997\nSALINAS: CAPIT\u00c1N\u00a0RODRIGUEZ SAMANIEGO EDISON EDMUNDO #081709998\nBATALLON DEL SUBURBIO: CAPIT\u00c1N\u00a0ERAZO MARCO VINICIO #081709999\nSUBURBIO: CAPIT\u00c1N\u00a0ALBI\u00d1O DURAN WILLIAN REMIGIO #081712220\nCRISTO DEL CONSUELO: CAPIT\u00c1N\u00a0CASTILLO PANTOJA WASHINGTON #081712221\n\nDISTRITO SUR\n\n7 LAGOS: CAPITAN MOLINA DELGADO IVAN ARTURO #081712222\nFLORESTA: CAPITAN ANDRADE VALDOSPINO ALVARO EFREN #081712223\nUNION DE BANANEROS: CAPITAN PADILLA ARMAS NAPOLEON #081712224\nGUASMO: CAPITAN SANTAMARIA ESPIN ALFREDO #081712225\n\nDISTRITO\u00a0ESTEROS\n\nCENTENARIO: CAPITAN CAMPA\u00d1A TORRES PATRICIO JAVIER #081712226\nMALVINAS: CAPITAN ORTEGA CERON ANDRES FERNANDO #081712227\nESTEROS: CAPITAN CHAVEZ VALLEJO ARMANDO PATRICIO #081712228\nISLA TRINITARIA: CAPITAN PAREDES CADENA LUIS ALFONSO #081712229\n\n\nZonas seguras \nView more presentations from egastudi\n\n\" \/><input name=\"lang\" type=\"hidden\" value=\"es\" \/><input name=\"gn\" type=\"hidden\" value=\"ml\" \/><input type=\"hidden\" id=\"interface\" name=\"interface\" value=\"full\" \/>\n\t\t\t<div style=\"margin-left:40%;\">\n\t\t\t\n\t\t\t\t<input style=\"float:left;\" type=\"image\" width=\"32\" height=\"32\" src=\"http:\/\/blog.espol.edu.ec\/tuseguridad\/wp-content\/plugins\/vozme\/img\/paper_sound32x32.gif\" alt=\"Escucha este post\" onclick=\"window.open('', '662826bd67f2e9ee20fc14ea2794421d', 'width=600,height=370,scrollbars=yes,location=yes,menubar=yes,resizable=yes,status=yes,toolbar=yes');\">\n\t\t\t\t<div style=\"margin-left:40px; text-align:left;\"><a style=\"font-size:12px;\" href=\"javascript:void(0);\" onclick=\"window.open('', '662826bd67f2e9ee20fc14ea2794421d', 'width=600,height=370,scrollbars=yes,location=yes,menubar=yes,resizable=yes,status=yes,toolbar=yes'); document.getElementById('vozme_form_662826bd67f2e9ee20fc14ea2794421d').submit();\">Escucha<br\/>este post<\/a><\/div>\n\t\t\t<\/div><\/form>","protected":false},"excerpt":{"rendered":"<p>DISTRITO PASCUALES PASCUALES: CAPIT\u00c1N PAREJA VEGA PERCY ALFREDO #081711110 MONTEBELLO: CAPIT\u00c1N CACERES VELOZ RODRIGO FABRICIO\u00a0#081711111 BASTI\u00d3N\u00a0POPULAR: CAPIT\u00c1N OCHOA RIVERO KLEBER OSWALDO\u00a0#081711112 ORQU\u00cdDEAS: CAPIT\u00c1N JURADO GARCIA FREDDY VICENTE\u00a0#081711113 DISTRITO NUEVA PROSPERINA FLOR DE\u00a0BASTI\u00d3N: CAPIT\u00c1N PE\u00d1AFIEL CARLOS FEDERICO #081711114 FORTIN: CAPIT\u00c1N VARELA CORONEL HAMLET JHANON #081711115 NUEVA PROSPERINA: TENIENTE SANDOVAL DARIO #081711116 DISTRITO NORTE MARTHA DE ROLDOS:CAPITAN [&hellip;]<\/p>\n","protected":false},"author":5137,"featured_media":0,"parent":437,"menu_order":5,"comment_status":"open","ping_status":"open","template":"","meta":{"footnotes":""},"class_list":["post-405","page","type-page","status-publish","hentry"],"_links":{"self":[{"href":"https:\/\/blog.espol.edu.ec\/tuseguridad\/wp-json\/wp\/v2\/pages\/405","targetHints":{"allow":["GET"]}}],"collection":[{"href":"https:\/\/blog.espol.edu.ec\/tuseguridad\/wp-json\/wp\/v2\/pages"}],"about":[{"href":"https:\/\/blog.espol.edu.ec\/tuseguridad\/wp-json\/wp\/v2\/types\/page"}],"author":[{"embeddable":true,"href":"https:\/\/blog.espol.edu.ec\/tuseguridad\/wp-json\/wp\/v2\/users\/5137"}],"replies":[{"embeddable":true,"href":"https:\/\/blog.espol.edu.ec\/tuseguridad\/wp-json\/wp\/v2\/comments?post=405"}],"version-history":[{"count":16,"href":"https:\/\/blog.espol.edu.ec\/tuseguridad\/wp-json\/wp\/v2\/pages\/405\/revisions"}],"predecessor-version":[{"id":447,"href":"https:\/\/blog.espol.edu.ec\/tuseguridad\/wp-json\/wp\/v2\/pages\/405\/revisions\/447"}],"up":[{"embeddable":true,"href":"https:\/\/blog.espol.edu.ec\/tuseguridad\/wp-json\/wp\/v2\/pages\/437"}],"wp:attachment":[{"href":"https:\/\/blog.espol.edu.ec\/tuseguridad\/wp-json\/wp\/v2\/media?parent=405"}],"curies":[{"name":"wp","href":"https:\/\/api.w.org\/{rel}","templated":true}]}}