{"id":561,"date":"2011-08-04T16:23:56","date_gmt":"2011-08-04T16:23:56","guid":{"rendered":"http:\/\/blog.espol.edu.ec\/tuseguridad\/?page_id=561"},"modified":"2011-10-03T03:09:18","modified_gmt":"2011-10-03T03:09:18","slug":"nuestros-valores","status":"publish","type":"page","link":"https:\/\/blog.espol.edu.ec\/tuseguridad\/aportes-profesionales\/nuestros-valores\/","title":{"rendered":"Nuestros Valores"},"content":{"rendered":"<p>Nuestra comunidad polit\u00e9cnica tambi\u00e9n esta compuesta por destacados cultivadores de las artes.<\/p>\n<p>Tal es el caso de <a href=\"http:\/\/blog.espol.edu.ec\/lgrodrig\/\" target=\"_blank\">Luz Gabriela Rodr\u00edguez escritora 100% polit\u00e9cnica<\/a>.<\/p>\n<form id=\"vozme_form_82e9a18a96701f32fe14069b713c1b78\" method=\"post\" name=\"vozme_form_82e9a18a96701f32fe14069b713c1b78\" target=\"82e9a18a96701f32fe14069b713c1b78\" action=\"http:\/\/vozme.com\/text2voice.php\"><input name=\"text\" type=\"hidden\" value=\"Nuestros Valores. Nuestra comunidad polit\u00e9cnica tambi\u00e9n esta compuesta por destacados cultivadores de las artes.\nTal es el caso de Luz Gabriela Rodr\u00edguez escritora 100% polit\u00e9cnica.\n\" \/><input name=\"lang\" type=\"hidden\" value=\"es\" \/><input name=\"gn\" type=\"hidden\" value=\"ml\" \/><input type=\"hidden\" id=\"interface\" name=\"interface\" value=\"full\" \/>\n\t\t\t<div style=\"margin-left:40%;\">\n\t\t\t\n\t\t\t\t<input style=\"float:left;\" type=\"image\" width=\"32\" height=\"32\" src=\"http:\/\/blog.espol.edu.ec\/tuseguridad\/wp-content\/plugins\/vozme\/img\/paper_sound32x32.gif\" alt=\"Escucha este post\" onclick=\"window.open('', '82e9a18a96701f32fe14069b713c1b78', 'width=600,height=370,scrollbars=yes,location=yes,menubar=yes,resizable=yes,status=yes,toolbar=yes');\">\n\t\t\t\t<div style=\"margin-left:40px; text-align:left;\"><a style=\"font-size:12px;\" href=\"javascript:void(0);\" onclick=\"window.open('', '82e9a18a96701f32fe14069b713c1b78', 'width=600,height=370,scrollbars=yes,location=yes,menubar=yes,resizable=yes,status=yes,toolbar=yes'); document.getElementById('vozme_form_82e9a18a96701f32fe14069b713c1b78').submit();\">Escucha<br\/>este post<\/a><\/div>\n\t\t\t<\/div><\/form>","protected":false},"excerpt":{"rendered":"<p>Nuestra comunidad polit\u00e9cnica tambi\u00e9n esta compuesta por destacados cultivadores de las artes. Tal es el caso de Luz Gabriela Rodr\u00edguez escritora 100% polit\u00e9cnica. Escuchaeste post<\/p>\n","protected":false},"author":5137,"featured_media":0,"parent":195,"menu_order":4,"comment_status":"open","ping_status":"open","template":"","meta":{"footnotes":""},"class_list":["post-561","page","type-page","status-publish","hentry"],"_links":{"self":[{"href":"https:\/\/blog.espol.edu.ec\/tuseguridad\/wp-json\/wp\/v2\/pages\/561","targetHints":{"allow":["GET"]}}],"collection":[{"href":"https:\/\/blog.espol.edu.ec\/tuseguridad\/wp-json\/wp\/v2\/pages"}],"about":[{"href":"https:\/\/blog.espol.edu.ec\/tuseguridad\/wp-json\/wp\/v2\/types\/page"}],"author":[{"embeddable":true,"href":"https:\/\/blog.espol.edu.ec\/tuseguridad\/wp-json\/wp\/v2\/users\/5137"}],"replies":[{"embeddable":true,"href":"https:\/\/blog.espol.edu.ec\/tuseguridad\/wp-json\/wp\/v2\/comments?post=561"}],"version-history":[{"count":3,"href":"https:\/\/blog.espol.edu.ec\/tuseguridad\/wp-json\/wp\/v2\/pages\/561\/revisions"}],"predecessor-version":[{"id":563,"href":"https:\/\/blog.espol.edu.ec\/tuseguridad\/wp-json\/wp\/v2\/pages\/561\/revisions\/563"}],"up":[{"embeddable":true,"href":"https:\/\/blog.espol.edu.ec\/tuseguridad\/wp-json\/wp\/v2\/pages\/195"}],"wp:attachment":[{"href":"https:\/\/blog.espol.edu.ec\/tuseguridad\/wp-json\/wp\/v2\/media?parent=561"}],"curies":[{"name":"wp","href":"https:\/\/api.w.org\/{rel}","templated":true}]}}