{"id":591,"date":"2011-09-01T17:28:54","date_gmt":"2011-09-01T17:28:54","guid":{"rendered":"http:\/\/blog.espol.edu.ec\/tuseguridad\/?page_id=591"},"modified":"2011-09-01T17:31:03","modified_gmt":"2011-09-01T17:31:03","slug":"medicina-preventiva-deportiva-y-rehabilitacion-funcional","status":"publish","type":"page","link":"https:\/\/blog.espol.edu.ec\/tuseguridad\/profesionales-amigos\/medicina-preventiva-deportiva-y-rehabilitacion-funcional\/","title":{"rendered":"Medicina Preventiva Deportiva y Rehabilitaci\u00f3n Funcional"},"content":{"rendered":"<p><span style=\"color: #000000\"><strong>Dr. Fredy E. J\u00e1come MoySam<\/strong><\/span><\/p>\n<p>Direcci\u00f3n: Luis Vernaza #211 y Esmeraldas. Primer Piso Ofic. 4<\/p>\n<p>Tel\u00e9fono: (5934) 2399255<\/p>\n<p>Trato preferencial con credencial polit\u00e9cnica.<\/p>\n<form id=\"vozme_form_d5e4d2b09fdcbfe317de19f771a2f610\" method=\"post\" name=\"vozme_form_d5e4d2b09fdcbfe317de19f771a2f610\" target=\"d5e4d2b09fdcbfe317de19f771a2f610\" action=\"http:\/\/vozme.com\/text2voice.php\"><input name=\"text\" type=\"hidden\" value=\"Medicina Preventiva Deportiva y Rehabilitaci\u00f3n Funcional. Dr. Fredy E. J\u00e1come MoySam\nDirecci\u00f3n: Luis Vernaza #211 y Esmeraldas. Primer Piso Ofic. 4\nTel\u00e9fono: (5934) 2399255\nTrato preferencial con credencial polit\u00e9cnica.\n\" \/><input name=\"lang\" type=\"hidden\" value=\"es\" \/><input name=\"gn\" type=\"hidden\" value=\"ml\" \/><input type=\"hidden\" id=\"interface\" name=\"interface\" value=\"full\" \/>\n\t\t\t<div style=\"margin-left:40%;\">\n\t\t\t\n\t\t\t\t<input style=\"float:left;\" type=\"image\" width=\"32\" height=\"32\" src=\"http:\/\/blog.espol.edu.ec\/tuseguridad\/wp-content\/plugins\/vozme\/img\/paper_sound32x32.gif\" alt=\"Escucha este post\" onclick=\"window.open('', 'd5e4d2b09fdcbfe317de19f771a2f610', 'width=600,height=370,scrollbars=yes,location=yes,menubar=yes,resizable=yes,status=yes,toolbar=yes');\">\n\t\t\t\t<div style=\"margin-left:40px; text-align:left;\"><a style=\"font-size:12px;\" href=\"javascript:void(0);\" onclick=\"window.open('', 'd5e4d2b09fdcbfe317de19f771a2f610', 'width=600,height=370,scrollbars=yes,location=yes,menubar=yes,resizable=yes,status=yes,toolbar=yes'); document.getElementById('vozme_form_d5e4d2b09fdcbfe317de19f771a2f610').submit();\">Escucha<br\/>este post<\/a><\/div>\n\t\t\t<\/div><\/form>","protected":false},"excerpt":{"rendered":"<p>Dr. Fredy E. J\u00e1come MoySam Direcci\u00f3n: Luis Vernaza #211 y Esmeraldas. Primer Piso Ofic. 4 Tel\u00e9fono: (5934) 2399255 Trato preferencial con credencial polit\u00e9cnica. Escuchaeste post<\/p>\n","protected":false},"author":866,"featured_media":0,"parent":587,"menu_order":1,"comment_status":"open","ping_status":"open","template":"","meta":{"footnotes":""},"class_list":["post-591","page","type-page","status-publish","hentry"],"_links":{"self":[{"href":"https:\/\/blog.espol.edu.ec\/tuseguridad\/wp-json\/wp\/v2\/pages\/591","targetHints":{"allow":["GET"]}}],"collection":[{"href":"https:\/\/blog.espol.edu.ec\/tuseguridad\/wp-json\/wp\/v2\/pages"}],"about":[{"href":"https:\/\/blog.espol.edu.ec\/tuseguridad\/wp-json\/wp\/v2\/types\/page"}],"author":[{"embeddable":true,"href":"https:\/\/blog.espol.edu.ec\/tuseguridad\/wp-json\/wp\/v2\/users\/866"}],"replies":[{"embeddable":true,"href":"https:\/\/blog.espol.edu.ec\/tuseguridad\/wp-json\/wp\/v2\/comments?post=591"}],"version-history":[{"count":5,"href":"https:\/\/blog.espol.edu.ec\/tuseguridad\/wp-json\/wp\/v2\/pages\/591\/revisions"}],"predecessor-version":[{"id":595,"href":"https:\/\/blog.espol.edu.ec\/tuseguridad\/wp-json\/wp\/v2\/pages\/591\/revisions\/595"}],"up":[{"embeddable":true,"href":"https:\/\/blog.espol.edu.ec\/tuseguridad\/wp-json\/wp\/v2\/pages\/587"}],"wp:attachment":[{"href":"https:\/\/blog.espol.edu.ec\/tuseguridad\/wp-json\/wp\/v2\/media?parent=591"}],"curies":[{"name":"wp","href":"https:\/\/api.w.org\/{rel}","templated":true}]}}