{"id":84,"date":"2011-01-16T23:06:51","date_gmt":"2011-01-16T23:06:51","guid":{"rendered":"http:\/\/blog.espol.edu.ec\/tuseguridad\/?page_id=84"},"modified":"2011-03-04T04:11:10","modified_gmt":"2011-03-04T04:11:10","slug":"hacer-en-caso-de-terremoto","status":"publish","type":"page","link":"https:\/\/blog.espol.edu.ec\/tuseguridad\/que-hacer-en-caso-de\/hacer-en-caso-de-terremoto\/","title":{"rendered":"Temblor"},"content":{"rendered":"<h3><strong><span style=\"color: #3366ff\"><span style=\"text-decoration: underline\">Antes:<\/span><\/span><\/strong><\/h3>\n<p><span style=\"color: #0000ff\"><span style=\"color: #000000\">1.- Ten preparados a la mano siempre:<\/span><\/span><\/p>\n<p><span style=\"color: #0000ff\"><span style=\"color: #000000\"><a href=\"http:\/\/blog.espol.edu.ec\/tuseguridad\/files\/2011\/01\/1.gif\"><img loading=\"lazy\" decoding=\"async\" class=\"size-full wp-image-85 alignleft\" style=\"margin-top: 2px;margin-bottom: 2px;border: 2px solid black\" title=\"1\" src=\"http:\/\/blog.espol.edu.ec\/tuseguridad\/files\/2011\/01\/1.gif\" alt=\"\" width=\"94\" height=\"117\" \/><\/a><\/span><\/span><\/p>\n<ul>\n<li>-Tel\u00e9fonos\u00a0de emergencia.<\/li>\n<li>-Un botiqu\u00edn de primeros auxilios.<\/li>\n<li>-Una l\u00e1mpara<\/li>\n<li>-Pilas<\/li>\n<li>-Un radio Port\u00e1til<\/li>\n<li>-Un extintor<\/li>\n<\/ul>\n<p><span style=\"color: #0000ff\"><span style=\"color: #000000\">2.- Conoce en d\u00f3nde est\u00e1n y c\u00f3mo desconectar la corriente \u00a0el\u00e9ctrica, el gas y el agua.<\/span><\/span><\/p>\n<p><span style=\"color: #000000\"><a href=\"http:\/\/blog.espol.edu.ec\/tuseguridad\/files\/2011\/01\/2.gif\"><img loading=\"lazy\" decoding=\"async\" class=\"size-full wp-image-86 alignright\" title=\"2\" src=\"http:\/\/blog.espol.edu.ec\/tuseguridad\/files\/2011\/01\/2.gif\" alt=\"\" width=\"98\" height=\"105\" \/><\/a>3.- Asegura firmemente los objetos que pueden opocasionar d\u00f1os al desprenderse como cuadros, espejos, l\u00e1paras, etc\u00e9trera.<\/span><\/p>\n<p><span style=\"color: #0000ff\"><span style=\"color: #000000\"> <\/span><\/span><\/p>\n<p>4.- Haz un plan de actuaci\u00f3n con tu familia, asignado tareas especificas a cada uno. \u00a0Hablen del tema para \u00a0que todos tengan conocimiento y puedan afrontarlo con calma.<\/p>\n<h3><strong><span style=\"color: #3366ff\"><span style=\"text-decoration: underline\">Durante:<\/span><\/span><\/strong><\/h3>\n<h4><span style=\"color: #0000ff\"><span style=\"color: #000000\"><span style=\"color: #000000\"><a href=\"http:\/\/blog.espol.edu.ec\/tuseguridad\/files\/2011\/01\/4.gif\"><img loading=\"lazy\" decoding=\"async\" class=\"alignleft size-full wp-image-88\" title=\"4\" src=\"http:\/\/blog.espol.edu.ec\/tuseguridad\/files\/2011\/01\/4.gif\" alt=\"\" width=\"92\" height=\"81\" \/><\/a><\/p>\n<p><span style=\"font-weight: normal\"><span style=\"color: #0000ff\"><span style=\"color: #000000\"><span style=\"color: #000000\">1.- Man<\/span><\/span><\/span>t\u00e9n una actitud serena, t\u00fa estas en una situaci\u00f3n de emergencia.<\/span><\/p>\n<p><\/span><\/span><\/span><\/h4>\n<p>2.- Nunca salgas del edificio si encuentras un lugar seguro para permanecer; las salidas y escaleras pueden estar congestionadas<\/p>\n<p><span style=\"color: #0000ff\"><span style=\"color: #000000\"><span style=\"color: #000000\">3.-Resguardate bajo estructuras que te protejan de objetos que puedan<a href=\"http:\/\/blog.espol.edu.ec\/tuseguridad\/files\/2011\/01\/6.gif\"><img loading=\"lazy\" decoding=\"async\" class=\"alignright size-full wp-image-90\" title=\"6\" src=\"http:\/\/blog.espol.edu.ec\/tuseguridad\/files\/2011\/01\/6.gif\" alt=\"\" width=\"94\" height=\"94\" \/><\/a>golearte como bajo una mesa, cama etc\u00e9tera.<\/span><\/span><\/span><\/p>\n<p>4.- Apaga todo fuego y no enciendas\u00a0ning\u00fan\u00a0tipo de llama.<\/p>\n<h3><span style=\"color: #3366ff\"><span style=\"text-decoration: underline\"><span style=\"color: #3366ff\"><span style=\"color: #3366ff\">Despu\u00e9s:<\/span><\/span><\/span><\/span><\/h3>\n<p><span style=\"color: #0000ff\"><span style=\"color: #000000\"><a href=\"http:\/\/blog.espol.edu.ec\/tuseguridad\/files\/2011\/01\/8.gif\"><img loading=\"lazy\" decoding=\"async\" class=\"alignleft size-full wp-image-92\" title=\"8\" src=\"http:\/\/blog.espol.edu.ec\/tuseguridad\/files\/2011\/01\/8.gif\" alt=\"\" width=\"98\" height=\"73\" \/><\/a>1.- Comprueba que no est\u00e9s herido. \u00a0No muevas a los heridos a menos de peligro inminente.<\/span><\/span><\/p>\n<p><span style=\"color: #0000ff\"><span style=\"color: #000000\">2.- En tu lugar de trabajo:<\/span><\/span><\/p>\n<ul>\n<li><strong>-<\/strong> No corras<\/li>\n<li>- No Grites<\/li>\n<li>-No empujes<\/li>\n<li>-Sal de forma ordenada<\/li>\n<li>-Sigue las instrucciones de los brigadistas.<\/li>\n<\/ul>\n<p><span style=\"color: #0000ff\"><span style=\"color: #000000\"><a href=\"http:\/\/blog.espol.edu.ec\/tuseguridad\/files\/2011\/01\/10.gif\"><img loading=\"lazy\" decoding=\"async\" class=\"alignleft size-full wp-image-94\" title=\"10\" src=\"http:\/\/blog.espol.edu.ec\/tuseguridad\/files\/2011\/01\/10.gif\" alt=\"\" width=\"117\" height=\"89\" \/><\/a>3.- Colocate en los lugares de resguardo y espera las indicaciones de los brigadistas.<\/span><\/span><\/p>\n<form id=\"vozme_form_254bf67d533c7bbb6441564a8fb16682\" method=\"post\" name=\"vozme_form_254bf67d533c7bbb6441564a8fb16682\" target=\"254bf67d533c7bbb6441564a8fb16682\" action=\"http:\/\/vozme.com\/text2voice.php\"><input name=\"text\" type=\"hidden\" value=\"Temblor. Antes:\n1.- Ten preparados a la mano siempre:\n\n\n-Tel\u00e9fonos\u00a0de emergencia.\n-Un botiqu\u00edn de primeros auxilios.\n-Una l\u00e1mpara\n-Pilas\n-Un radio Port\u00e1til\n-Un extintor\n\n2.- Conoce en d\u00f3nde est\u00e1n y c\u00f3mo desconectar la corriente \u00a0el\u00e9ctrica, el gas y el agua.\n3.- Asegura firmemente los objetos que pueden opocasionar d\u00f1os al desprenderse como cuadros, espejos, l\u00e1paras, etc\u00e9trera.\n \n4.- Haz un plan de actuaci\u00f3n con tu familia, asignado tareas especificas a cada uno. \u00a0Hablen del tema para \u00a0que todos tengan conocimiento y puedan afrontarlo con calma.\nDurante:\n\n1.- Mant\u00e9n una actitud serena, t\u00fa estas en una situaci\u00f3n de emergencia.\n\n2.- Nunca salgas del edificio si encuentras un lugar seguro para permanecer; las salidas y escaleras pueden estar congestionadas\n3.-Resguardate bajo estructuras que te protejan de objetos que puedangolearte como bajo una mesa, cama etc\u00e9tera.\n4.- Apaga todo fuego y no enciendas\u00a0ning\u00fan\u00a0tipo de llama.\nDespu\u00e9s:\n1.- Comprueba que no est\u00e9s herido. \u00a0No muevas a los heridos a menos de peligro inminente.\n2.- En tu lugar de trabajo:\n\n- No corras\n- No Grites\n-No empujes\n-Sal de forma ordenada\n-Sigue las instrucciones de los brigadistas.\n\n3.- Colocate en los lugares de resguardo y espera las indicaciones de los brigadistas.\n\" \/><input name=\"lang\" type=\"hidden\" value=\"es\" \/><input name=\"gn\" type=\"hidden\" value=\"ml\" \/><input type=\"hidden\" id=\"interface\" name=\"interface\" value=\"full\" \/>\n\t\t\t<div style=\"margin-left:40%;\">\n\t\t\t\n\t\t\t\t<input style=\"float:left;\" type=\"image\" width=\"32\" height=\"32\" src=\"http:\/\/blog.espol.edu.ec\/tuseguridad\/wp-content\/plugins\/vozme\/img\/paper_sound32x32.gif\" alt=\"Escucha este post\" onclick=\"window.open('', '254bf67d533c7bbb6441564a8fb16682', 'width=600,height=370,scrollbars=yes,location=yes,menubar=yes,resizable=yes,status=yes,toolbar=yes');\">\n\t\t\t\t<div style=\"margin-left:40px; text-align:left;\"><a style=\"font-size:12px;\" href=\"javascript:void(0);\" onclick=\"window.open('', '254bf67d533c7bbb6441564a8fb16682', 'width=600,height=370,scrollbars=yes,location=yes,menubar=yes,resizable=yes,status=yes,toolbar=yes'); document.getElementById('vozme_form_254bf67d533c7bbb6441564a8fb16682').submit();\">Escucha<br\/>este post<\/a><\/div>\n\t\t\t<\/div><\/form>","protected":false},"excerpt":{"rendered":"<p>Antes: 1.- Ten preparados a la mano siempre: -Tel\u00e9fonos\u00a0de emergencia. -Un botiqu\u00edn de primeros auxilios. -Una l\u00e1mpara -Pilas -Un radio Port\u00e1til -Un extintor 2.- Conoce en d\u00f3nde est\u00e1n y c\u00f3mo desconectar la corriente \u00a0el\u00e9ctrica, el gas y el agua. 3.- Asegura firmemente los objetos que pueden opocasionar d\u00f1os al desprenderse como cuadros, espejos, l\u00e1paras, etc\u00e9trera. [&hellip;]<\/p>\n","protected":false},"author":5137,"featured_media":0,"parent":178,"menu_order":2,"comment_status":"open","ping_status":"open","template":"","meta":{"footnotes":""},"class_list":["post-84","page","type-page","status-publish","hentry"],"_links":{"self":[{"href":"https:\/\/blog.espol.edu.ec\/tuseguridad\/wp-json\/wp\/v2\/pages\/84","targetHints":{"allow":["GET"]}}],"collection":[{"href":"https:\/\/blog.espol.edu.ec\/tuseguridad\/wp-json\/wp\/v2\/pages"}],"about":[{"href":"https:\/\/blog.espol.edu.ec\/tuseguridad\/wp-json\/wp\/v2\/types\/page"}],"author":[{"embeddable":true,"href":"https:\/\/blog.espol.edu.ec\/tuseguridad\/wp-json\/wp\/v2\/users\/5137"}],"replies":[{"embeddable":true,"href":"https:\/\/blog.espol.edu.ec\/tuseguridad\/wp-json\/wp\/v2\/comments?post=84"}],"version-history":[{"count":16,"href":"https:\/\/blog.espol.edu.ec\/tuseguridad\/wp-json\/wp\/v2\/pages\/84\/revisions"}],"predecessor-version":[{"id":180,"href":"https:\/\/blog.espol.edu.ec\/tuseguridad\/wp-json\/wp\/v2\/pages\/84\/revisions\/180"}],"up":[{"embeddable":true,"href":"https:\/\/blog.espol.edu.ec\/tuseguridad\/wp-json\/wp\/v2\/pages\/178"}],"wp:attachment":[{"href":"https:\/\/blog.espol.edu.ec\/tuseguridad\/wp-json\/wp\/v2\/media?parent=84"}],"curies":[{"name":"wp","href":"https:\/\/api.w.org\/{rel}","templated":true}]}}