{"id":109,"date":"2015-11-21T04:26:49","date_gmt":"2015-11-21T04:26:49","guid":{"rendered":"http:\/\/blog.espol.edu.ec\/tvillama\/?page_id=109"},"modified":"2015-11-22T02:48:48","modified_gmt":"2015-11-22T02:48:48","slug":"elfo-nocturno","status":"publish","type":"page","link":"https:\/\/blog.espol.edu.ec\/tvillama\/razas-alianza\/razas-alianza-2\/elfo-nocturno\/","title":{"rendered":"Elfo Nocturno"},"content":{"rendered":"<p style=\"text-align: justify\"><a href=\"http:\/\/blog.espol.edu.ec\/tvillama\/files\/2015\/11\/Night_Elf.jpg\"><img loading=\"lazy\" decoding=\"async\" class=\"alignnone wp-image-110\" src=\"http:\/\/blog.espol.edu.ec\/tvillama\/files\/2015\/11\/Night_Elf-300x235.jpg\" alt=\"Night_Elf\" width=\"399\" height=\"313\" srcset=\"https:\/\/blog.espol.edu.ec\/tvillama\/files\/2015\/11\/Night_Elf-300x235.jpg 300w, https:\/\/blog.espol.edu.ec\/tvillama\/files\/2015\/11\/Night_Elf-1024x804.jpg 1024w, https:\/\/blog.espol.edu.ec\/tvillama\/files\/2015\/11\/Night_Elf.jpg 1274w\" sizes=\"auto, (max-width: 399px) 100vw, 399px\" \/><\/a><\/p>\n<p style=\"text-align: justify\">Los ancestrales y recluidos elfos de la noche han jugado un papel muy importante en el destino de Azeroth a lo largo de la historia. Hace m\u00e1s de diez mil a\u00f1os, durante La Guerra de los Ancestros, estos h\u00e9roes ayudaron a rechazar la primera invasi\u00f3n de la demon\u00edaca Legi\u00f3n Ardiente. Cuando lo que quedaba esparcido por Azeroth de la Legi\u00f3n se uni\u00f3 con los viles s\u00e1tiros siglos despu\u00e9s, los elfos de la noche volvieron a alzarse para enfrentarse a la amenaza. La consiguiente Guerra del S\u00e1tiro supuso grandes p\u00e9rdidas para los elfos de la noche, pero finalmente derrotaron a las tropas que se hab\u00edan dispuesto sembrar el caos en su mundo.<\/p>\n<h2 style=\"text-align: justify\"><span style=\"color: #2D5EF1\">Caracter\u00edsticas<br \/>\n<\/span><\/h2>\n<p>&nbsp;<\/p>\n<p style=\"text-align: justify\"><span style=\"color: #2D5EF1\">Fusi\u00f3n de las Sombras<\/span><br \/>\nEscabullirse entre las sombras y esperar el momento adecuado para atacar es la segunda naturaleza de los elusivos elfos de la noche.<\/p>\n<p style=\"text-align: justify\"><span style=\"color: #2D5EF1\">Esp\u00edritu de fuego fatuo<\/span><br \/>\nLos elfos de la noche ca\u00eddos asumen la forma de esp\u00edritus de fuego fatuo que se mueven por el mundo de los esp\u00edritus mucho m\u00e1s deprisa que los esp\u00edritus normales.<\/p>\n<p style=\"text-align: justify\"><span style=\"color: #2D5EF1\">Resistencia a la Naturaleza<\/span><br \/>\nLos elfos de la noche tienen una resistencia natural a la magia de Naturaleza.<\/p>\n<p style=\"text-align: justify\"><span style=\"color: #2D5EF1\">Presura<\/span><br \/>\nLos \u00e1giles elfos de la noche tienen una ligera posibilidad de evitar por completo ser alcanzados por ataques cuerpo a cuerpo y a distancia.<\/p>\n<p style=\"text-align: justify\"><span style=\"color: #2D5EF1\">Toque de Elune<\/span><br \/>\nLos elfos de la noche tienen una armon\u00eda especial con los ciclos del sol y de la luna y disfrutan de beneficios \u00fanicos de d\u00eda y de noche.<\/p>\n","protected":false},"excerpt":{"rendered":"<p>Los ancestrales y recluidos elfos de la noche han jugado un papel muy importante en el destino de Azeroth a lo largo de la historia. Hace m\u00e1s de diez mil a\u00f1os, durante La Guerra de los Ancestros, estos h\u00e9roes ayudaron a rechazar la primera invasi\u00f3n de la demon\u00edaca Legi\u00f3n Ardiente. Cuando lo que quedaba esparcido [&hellip;]<\/p>\n","protected":false},"author":10111,"featured_media":0,"parent":77,"menu_order":0,"comment_status":"open","ping_status":"closed","template":"","meta":{"footnotes":""},"class_list":["post-109","page","type-page","status-publish","hentry"],"_links":{"self":[{"href":"https:\/\/blog.espol.edu.ec\/tvillama\/wp-json\/wp\/v2\/pages\/109","targetHints":{"allow":["GET"]}}],"collection":[{"href":"https:\/\/blog.espol.edu.ec\/tvillama\/wp-json\/wp\/v2\/pages"}],"about":[{"href":"https:\/\/blog.espol.edu.ec\/tvillama\/wp-json\/wp\/v2\/types\/page"}],"author":[{"embeddable":true,"href":"https:\/\/blog.espol.edu.ec\/tvillama\/wp-json\/wp\/v2\/users\/10111"}],"replies":[{"embeddable":true,"href":"https:\/\/blog.espol.edu.ec\/tvillama\/wp-json\/wp\/v2\/comments?post=109"}],"version-history":[{"count":12,"href":"https:\/\/blog.espol.edu.ec\/tvillama\/wp-json\/wp\/v2\/pages\/109\/revisions"}],"predecessor-version":[{"id":323,"href":"https:\/\/blog.espol.edu.ec\/tvillama\/wp-json\/wp\/v2\/pages\/109\/revisions\/323"}],"up":[{"embeddable":true,"href":"https:\/\/blog.espol.edu.ec\/tvillama\/wp-json\/wp\/v2\/pages\/77"}],"wp:attachment":[{"href":"https:\/\/blog.espol.edu.ec\/tvillama\/wp-json\/wp\/v2\/media?parent=109"}],"curies":[{"name":"wp","href":"https:\/\/api.w.org\/{rel}","templated":true}]}}